{"id":1314,"date":"2019-04-04T08:33:25","date_gmt":"2019-04-04T08:33:25","guid":{"rendered":"http:\/\/185.44.157.231\/?page_id=1314"},"modified":"2019-04-27T09:35:12","modified_gmt":"2019-04-27T09:35:12","slug":"kontaktformular-kunde","status":"publish","type":"page","link":"https:\/\/www.prismalife.com\/en\/kontaktformular-kunde\/","title":{"rendered":"Kontaktformular Kunde"},"content":{"rendered":"<div class=\"fusion-fullwidth fullwidth-box fusion-builder-row-1 nonhundred-percent-fullwidth non-hundred-percent-height-scrolling\" style=\"--awb-border-radius-top-left:0px;--awb-border-radius-top-right:0px;--awb-border-radius-bottom-right:0px;--awb-border-radius-bottom-left:0px;--awb-flex-wrap:wrap;\" ><div class=\"fusion-builder-row fusion-row\"><div class=\"fusion-layout-column fusion_builder_column fusion-builder-column-0 fusion_builder_column_1_2 1_2 fusion-one-half fusion-column-first\" style=\"--awb-bg-size:cover;width:50%;width:calc(50% - ( ( 4% ) * 0.5 ) );margin-right: 4%;\"><div class=\"fusion-column-wrapper fusion-flex-column-wrapper-legacy\"><div class=\"fusion-clearfix\"><\/div><\/div><\/div><div class=\"fusion-layout-column fusion_builder_column fusion-builder-column-1 fusion_builder_column_1_2 1_2 fusion-one-half fusion-column-last\" style=\"--awb-bg-size:cover;width:50%;width:calc(50% - ( ( 4% ) * 0.5 ) );\"><div class=\"fusion-column-wrapper fusion-flex-column-wrapper-legacy\"><div class=\"fusion-text fusion-text-1\">\n<div class=\"wpcf7 no-js\" id=\"wpcf7-f8-o1\" lang=\"de-DE\" dir=\"ltr\" data-wpcf7-id=\"8\">\n<div class=\"screen-reader-response\"><p role=\"status\" aria-live=\"polite\" aria-atomic=\"true\"><\/p> <ul><\/ul><\/div>\n<form action=\"\/en\/wp-json\/wp\/v2\/pages\/1314#wpcf7-f8-o1\" method=\"post\" class=\"wpcf7-form init\" aria-label=\"Kontaktformular\" novalidate=\"novalidate\" data-status=\"init\">\n<fieldset class=\"hidden-fields-container\"><input type=\"hidden\" name=\"_wpcf7\" value=\"8\" \/><input type=\"hidden\" name=\"_wpcf7_version\" value=\"6.1.4\" \/><input type=\"hidden\" name=\"_wpcf7_locale\" value=\"de_DE\" \/><input type=\"hidden\" name=\"_wpcf7_unit_tag\" value=\"wpcf7-f8-o1\" \/><input type=\"hidden\" name=\"_wpcf7_container_post\" value=\"0\" \/><input type=\"hidden\" name=\"_wpcf7_posted_data_hash\" value=\"\" \/><input type=\"hidden\" name=\"_wpcf7cf_hidden_group_fields\" value=\"[]\" \/><input type=\"hidden\" name=\"_wpcf7cf_hidden_groups\" value=\"[]\" \/><input type=\"hidden\" name=\"_wpcf7cf_visible_groups\" value=\"[]\" \/><input type=\"hidden\" name=\"_wpcf7cf_repeaters\" value=\"[]\" \/><input type=\"hidden\" name=\"_wpcf7cf_steps\" value=\"{}\" \/><input type=\"hidden\" name=\"_wpcf7cf_options\" value=\"{&quot;form_id&quot;:8,&quot;conditions&quot;:[{&quot;then_field&quot;:&quot;callback-selectedK&quot;,&quot;and_rules&quot;:[{&quot;if_field&quot;:&quot;wayK&quot;,&quot;operator&quot;:&quot;equals&quot;,&quot;if_value&quot;:&quot;Anruf&quot;}]},{&quot;then_field&quot;:&quot;email-selectedK&quot;,&quot;and_rules&quot;:[{&quot;if_field&quot;:&quot;wayK&quot;,&quot;operator&quot;:&quot;equals&quot;,&quot;if_value&quot;:&quot;E-Mail&quot;}]},{&quot;then_field&quot;:&quot;customer-selected&quot;,&quot;and_rules&quot;:[{&quot;if_field&quot;:&quot;Customer&quot;,&quot;operator&quot;:&quot;equals&quot;,&quot;if_value&quot;:&quot;Ja&quot;}]},{&quot;then_field&quot;:&quot;callback-selectedK2&quot;,&quot;and_rules&quot;:[{&quot;if_field&quot;:&quot;wayK&quot;,&quot;operator&quot;:&quot;equals&quot;,&quot;if_value&quot;:&quot;Anruf&quot;}]}],&quot;settings&quot;:{&quot;animation&quot;:&quot;yes&quot;,&quot;animation_intime&quot;:200,&quot;animation_outtime&quot;:200,&quot;conditions_ui&quot;:&quot;normal&quot;,&quot;notice_dismissed&quot;:false,&quot;notice_dismissed_rollback-cf7-5.3.2&quot;:true,&quot;notice_dismissed_rollback-cf7-5.5.6&quot;:true,&quot;notice_dismissed_rollback-cf7-5.6&quot;:true,&quot;notice_dismissed_rollback-cf7-5.8.6&quot;:true,&quot;notice_dismissed_update-cf7-5.9.3&quot;:true,&quot;notice_dismissed_rollback-cf7-5.9.4&quot;:true,&quot;notice_dismissed_rollback-cf7-5.9.5&quot;:true}}\" \/>\n<\/fieldset>\n<p><b>Wie m\u00f6chten Sie kontaktiert werden?<\/b>\n<\/p>\n<p><span class=\"wpcf7-form-control-wrap\" data-name=\"wayK\"><span class=\"wpcf7-form-control wpcf7-radio\"><span class=\"wpcf7-list-item first\"><input type=\"radio\" name=\"wayK\" value=\"E-Mail\" checked=\"checked\" \/><span class=\"wpcf7-list-item-label\">E-Mail<\/span><\/span><span class=\"wpcf7-list-item last\"><input type=\"radio\" name=\"wayK\" value=\"Anruf\" \/><span class=\"wpcf7-list-item-label\">Anruf<\/span><\/span><\/span><\/span>\n<\/p>\n<div class=\"clearfix\">\n\t<div class=\"left\" style=\"width:50%; padding-right:1px\">\n\t\t<p>Sind Sie bereits bei uns versichert?\n\t\t<\/p>\n\t\t<p><span class=\"wpcf7-form-control-wrap\" data-name=\"Customer\"><span class=\"wpcf7-form-control wpcf7-radio\"><span class=\"wpcf7-list-item first\"><input type=\"radio\" name=\"Customer\" value=\"Ja\" checked=\"checked\" \/><span class=\"wpcf7-list-item-label\">Ja<\/span><\/span><span class=\"wpcf7-list-item last\"><input type=\"radio\" name=\"Customer\" value=\"Nein\" \/><span class=\"wpcf7-list-item-label\">Nein<\/span><\/span><\/span><\/span>\n\t\t<\/p>\n\t<\/div>\n\t<div class=\"right\"  style=\"width:50%;min-width:50%;height:60px;\">\n\t\t<div data-id=\"customer-selected\" data-orig_data_id=\"customer-selected\"  class=\"\" data-class=\"wpcf7cf_group\">\n\t\t\t<p><br \/>\nVertragsnummer (optional)\n\t\t\t<\/p>\n\t\t\t<p><span class=\"wpcf7-form-control-wrap\" data-name=\"your-contractno\"><input size=\"40\" maxlength=\"400\" class=\"wpcf7-form-control wpcf7-text\" aria-invalid=\"false\" value=\"\" type=\"text\" name=\"your-contractno\" \/><\/span>\n\t\t\t<\/p>\n\t\t<\/div>\n\t<\/div>\n<\/div>\n<p>Vorname, Nachname*\n<\/p>\n<p><span class=\"wpcf7-form-control-wrap\" data-name=\"your-name\"><input size=\"40\" maxlength=\"400\" class=\"wpcf7-form-control wpcf7-text wpcf7-validates-as-required\" aria-required=\"true\" aria-invalid=\"false\" value=\"\" type=\"text\" name=\"your-name\" \/><\/span>\n<\/p>\n<div data-id=\"callback-selectedK\" data-orig_data_id=\"callback-selectedK\"  class=\"\" data-class=\"wpcf7cf_group\">\n\t<div class=\"clearfix\">\n\t\t<div class=\"left\" style=\"width:50%; padding-right:1px\">\n\t\t\t<p>Telefonnummer*\n\t\t\t<\/p>\n\t\t\t<p><span class=\"wpcf7-form-control-wrap\" data-name=\"phone\"><input size=\"40\" maxlength=\"400\" class=\"wpcf7-form-control wpcf7-tel wpcf7-validates-as-required wpcf7-text wpcf7-validates-as-tel\" aria-required=\"true\" aria-invalid=\"false\" value=\"\" type=\"tel\" name=\"phone\" \/><\/span>\n\t\t\t<\/p>\n\t\t<\/div>\n\t\t<div class=\"right\"  style=\"width:50%;padding:1px;\">\n\t\t\t<p><br \/>\nTermin*\n\t\t\t<\/p>\n\t\t\t<p><span class=\"wpcf7-form-control-wrap\" data-name=\"calltime\"><input class=\"wpcf7-form-control wpcf7-date wpcf7-validates-as-required wpcf7-validates-as-date\" aria-required=\"true\" aria-invalid=\"false\" value=\"\" type=\"date\" name=\"calltime\" \/><\/span>\n\t\t\t<\/p>\n\t\t\t<p><br \/>\n<span class=\"wpcf7-form-control-wrap\" data-name=\"calltimedetail\"><select class=\"wpcf7-form-control wpcf7-select\" id=\"calltimedetail\" aria-invalid=\"false\" name=\"calltimedetail\"><option value=\"\">&#8211; Bitte ausw\u00e4hlen &#8211;<\/option><\/select><\/span>\n\t\t\t<\/p>\n\t\t\t<div id=\"CallbackInfo\" style=\"font-weight:bold;\">\n\t\t\t\t<p>*N\u00e4chstm\u00f6glicher R\u00fcckruf:<br \/>\naktueller Werktag zwischen 08:00 - 09:00\n\t\t\t\t<\/p>\n\t\t\t<\/div>\n\t\t<\/div>\n\t<\/div>\n<\/div>\n<p><br \/>\nIhre E-Mail-Adresse*\n<\/p>\n<p><span class=\"wpcf7-form-control-wrap\" data-name=\"your-email\"><input size=\"40\" maxlength=\"400\" class=\"wpcf7-form-control wpcf7-email wpcf7-validates-as-required wpcf7-text wpcf7-validates-as-email\" aria-required=\"true\" aria-invalid=\"false\" value=\"\" type=\"email\" name=\"your-email\" \/><\/span>\n<\/p>\n<p><br \/>\nBetreff*\n<\/p>\n<p><span class=\"wpcf7-form-control-wrap\" data-name=\"your-subject\"><input size=\"40\" maxlength=\"400\" class=\"wpcf7-form-control wpcf7-text wpcf7-validates-as-required\" aria-required=\"true\" aria-invalid=\"false\" value=\"\" type=\"text\" name=\"your-subject\" \/><\/span>\n<\/p>\n<p><br \/>\nIhre Nachricht\n<\/p>\n<div style=\"font-size:12px;font-family:Source Sans Pro Light\">\n\t<p>Bitte beachten Sie, dass \u00fcber das Kontaktformular keine Willenserkl\u00e4rungen (z.B. zu Vertrags\u00e4nderungen) abgegeben werden k\u00f6nnen. Hier ben\u00f6tigen wir ein von Ihnen unterschriebenes Dokument oder eine Nachricht von Ihrer best\u00e4tigten E-Mail-Adresse.\n\t<\/p>\n<\/div>\n<p><span class=\"wpcf7-form-control-wrap\" data-name=\"your-message\"><textarea cols=\"40\" rows=\"10\" maxlength=\"2000\" class=\"wpcf7-form-control wpcf7-textarea\" aria-invalid=\"false\" name=\"your-message\"><\/textarea><\/span>\n<\/p>\n<p><span class=\"wpcf7-form-control-wrap\" data-name=\"Datenschutz\"><span class=\"wpcf7-form-control wpcf7-checkbox wpcf7-validates-as-required\"><span class=\"wpcf7-list-item first last\"><input type=\"checkbox\" name=\"Datenschutz[]\" value=\"Datenschutz*\" \/><span class=\"wpcf7-list-item-label\">Datenschutz*<\/span><\/span><\/span><\/span><br \/>\nIch habe die <a href=\"https:\/\/www.prismalife.com\/datenschutz\/\"  target=\"_blank\" rel=\"noopener\"> Datenschutzhinweise zum Umgang mit Ihren Daten bei Kontaktaufnahme<\/a> mit uns zur Kenntnis genommen. Meine angegebenen Daten werden zum Zweck der Erstellung und Bearbeitung meiner Anfrage von der PrismaLife AG gespeichert.\n<\/p>\n<p>Alle mit einem Sternchen * gekennzeichneten Felder sind Pflichtfelder und m\u00fcssen ausgef\u00fcllt werden, um die Anfrage bearbeiten zu k\u00f6nnen.\n<\/p>\n<div data-id=\"callback-selectedK2\" data-orig_data_id=\"callback-selectedK2\"  class=\"\" data-class=\"wpcf7cf_group\">\n\t<p>Bitte \u00fcberpr\u00fcfen Sie noch einmal Ihre Eingaben. Wenn alles in Ordnung ist, dann klicken Sie bitte auf \"R\u00dcCKRUF ANFORDERN\".\n\t<\/p>\n\t<p><input class=\"wpcf7-form-control wpcf7-submit has-spinner\" type=\"submit\" value=\"R\u00fcckruf anfordern\" \/>\n\t<\/p>\n<\/div>\n<div data-id=\"email-selectedK\" data-orig_data_id=\"email-selectedK\"  class=\"\" data-class=\"wpcf7cf_group\">\n\t<p>Bitte \u00fcberpr\u00fcfen Sie noch einmal Ihre Eingaben. Wenn alles in Ordnung ist, dann klicken Sie bitte auf \"SENDEN\".\n\t<\/p>\n\t<p><input class=\"wpcf7-form-control wpcf7-submit has-spinner\" type=\"submit\" value=\"Senden\" \/>\n\t<\/p>\n<\/div><input type='hidden' class='wpcf7-pum' value='{\"closepopup\":false,\"closedelay\":0,\"openpopup\":false,\"openpopup_id\":0}' \/><div class=\"fusion-alert alert custom alert-custom fusion-alert-center wpcf7-response-output fusion-alert-capitalize awb-alert-native-link-color alert-dismissable awb-alert-close-boxed\" style=\"--awb-border-size:1px;--awb-border-top-left-radius:0px;--awb-border-top-right-radius:0px;--awb-border-bottom-left-radius:0px;--awb-border-bottom-right-radius:0px;\" role=\"alert\"><div class=\"fusion-alert-content-wrapper\"><span class=\"fusion-alert-content\"><\/span><\/div><button type=\"button\" class=\"close toggle-alert\" data-dismiss=\"alert\" aria-label=\"Close\">&times;<\/button><\/div>\n<\/form>\n<\/div>\n\n<\/div><div class=\"fusion-clearfix\"><\/div><\/div><\/div><\/div><\/div>","protected":false},"excerpt":{"rendered":"","protected":false},"author":1,"featured_media":0,"parent":0,"menu_order":0,"comment_status":"closed","ping_status":"closed","template":"","meta":{"footnotes":""},"class_list":["post-1314","page","type-page","status-publish","hentry"],"_links":{"self":[{"href":"https:\/\/www.prismalife.com\/en\/wp-json\/wp\/v2\/pages\/1314","targetHints":{"allow":["GET"]}}],"collection":[{"href":"https:\/\/www.prismalife.com\/en\/wp-json\/wp\/v2\/pages"}],"about":[{"href":"https:\/\/www.prismalife.com\/en\/wp-json\/wp\/v2\/types\/page"}],"author":[{"embeddable":true,"href":"https:\/\/www.prismalife.com\/en\/wp-json\/wp\/v2\/users\/1"}],"replies":[{"embeddable":true,"href":"https:\/\/www.prismalife.com\/en\/wp-json\/wp\/v2\/comments?post=1314"}],"version-history":[{"count":1,"href":"https:\/\/www.prismalife.com\/en\/wp-json\/wp\/v2\/pages\/1314\/revisions"}],"predecessor-version":[{"id":10426,"href":"https:\/\/www.prismalife.com\/en\/wp-json\/wp\/v2\/pages\/1314\/revisions\/10426"}],"wp:attachment":[{"href":"https:\/\/www.prismalife.com\/en\/wp-json\/wp\/v2\/media?parent=1314"}],"curies":[{"name":"wp","href":"https:\/\/api.w.org\/{rel}","templated":true}]}}