{"id":17169,"date":"2021-10-11T09:30:14","date_gmt":"2021-10-11T07:30:14","guid":{"rendered":"https:\/\/www.prismalife.com\/?page_id=17169"},"modified":"2021-10-11T09:53:54","modified_gmt":"2021-10-11T07:53:54","slug":"news_n","status":"publish","type":"page","link":"https:\/\/www.prismalife.com\/en\/news_n\/","title":{"rendered":"News_n"},"content":{"rendered":"<p><div class=\"fusion-fullwidth fullwidth-box fusion-builder-row-1 fusion-flex-container nonhundred-percent-fullwidth non-hundred-percent-height-scrolling\" style=\"--awb-border-radius-top-left:0px;--awb-border-radius-top-right:0px;--awb-border-radius-bottom-right:0px;--awb-border-radius-bottom-left:0px;--awb-flex-wrap:wrap;\" ><div class=\"fusion-builder-row fusion-row fusion-flex-align-items-flex-start fusion-flex-content-wrap\" style=\"max-width:1508px;margin-left: calc(-4% \/ 2 );margin-right: calc(-4% \/ 2 );\"><div class=\"fusion-layout-column fusion_builder_column fusion-builder-column-0 fusion_builder_column_1_1 1_1 fusion-flex-column\" style=\"--awb-bg-size:cover;--awb-width-large:100%;--awb-margin-top-large:0px;--awb-spacing-right-large:1.92%;--awb-margin-bottom-large:20px;--awb-spacing-left-large:1.92%;--awb-width-medium:100%;--awb-order-medium:0;--awb-spacing-right-medium:1.92%;--awb-spacing-left-medium:1.92%;--awb-width-small:100%;--awb-order-small:0;--awb-spacing-right-small:1.92%;--awb-spacing-left-small:1.92%;\"><div class=\"fusion-column-wrapper fusion-column-has-shadow fusion-flex-justify-content-flex-start fusion-content-layout-column\"><div class=\"fusion-title title fusion-title-1 fusion-sep-none fusion-title-text fusion-title-size-one\"><h1 class=\"fusion-title-heading title-heading-left fusion-responsive-typography-calculated\" style=\"margin:0;--fontSize:48.75;line-height:1.2;\">Aktuelle Meldungen<\/h1><\/div><\/div><\/div><\/div><\/div><div class=\"fusion-fullwidth fullwidth-box fusion-builder-row-2 fusion-flex-container nonhundred-percent-fullwidth non-hundred-percent-height-scrolling\" style=\"--awb-border-radius-top-left:0px;--awb-border-radius-top-right:0px;--awb-border-radius-bottom-right:0px;--awb-border-radius-bottom-left:0px;--awb-flex-wrap:wrap;\" ><div class=\"fusion-builder-row fusion-row fusion-flex-align-items-stretch fusion-flex-content-wrap\" style=\"max-width:1508px;margin-left: calc(-4% \/ 2 );margin-right: calc(-4% \/ 2 );\"><div class=\"fusion-layout-column fusion_builder_column fusion-builder-column-1 fusion_builder_column_1_2 1_2 fusion-flex-column fusion-flex-align-self-stretch\" style=\"--awb-padding-bottom:30px;--awb-bg-color:#ebf6f1;--awb-bg-color-hover:#ebf6f1;--awb-bg-size:cover;--awb-width-large:50%;--awb-margin-top-large:0px;--awb-spacing-right-large:3.84%;--awb-margin-bottom-large:10px;--awb-spacing-left-large:3.84%;--awb-width-medium:100%;--awb-order-medium:0;--awb-spacing-right-medium:1.92%;--awb-spacing-left-medium:1.92%;--awb-width-small:100%;--awb-order-small:0;--awb-spacing-right-small:1.92%;--awb-spacing-left-small:1.92%;\"><div class=\"fusion-column-wrapper fusion-column-has-shadow fusion-flex-justify-content-flex-start fusion-content-layout-column\"><div class=\"fusion-image-element \" style=\"--awb-margin-top:0px;--awb-margin-right:0px;--awb-margin-bottom:0px;--awb-margin-left:0px;--awb-caption-title-font-family:var(--h2_typography-font-family);--awb-caption-title-font-weight:var(--h2_typography-font-weight);--awb-caption-title-font-style:var(--h2_typography-font-style);--awb-caption-title-size:var(--h2_typography-font-size);--awb-caption-title-transform:var(--h2_typography-text-transform);--awb-caption-title-line-height:var(--h2_typography-line-height);--awb-caption-title-letter-spacing:var(--h2_typography-letter-spacing);\"><span class=\" fusion-imageframe imageframe-none imageframe-1 hover-type-none\"><img decoding=\"async\" width=\"1000\" height=\"358\" title=\"270921_Newsentry_Marktkommentar_neue CI\" src=\"https:\/\/www.prismalife.com\/wp-content\/uploads\/2021\/10\/270921_Newsentry_Marktkommentar_neue-CI.jpg\" data-orig-src=\"https:\/\/www.prismalife.com\/wp-content\/uploads\/2021\/10\/270921_Newsentry_Marktkommentar_neue-CI.jpg\" alt class=\"lazyload img-responsive wp-image-17196\" srcset=\"data:image\/svg+xml,%3Csvg%20xmlns%3D%27http%3A%2F%2Fwww.w3.org%2F2000%2Fsvg%27%20width%3D%271000%27%20height%3D%27358%27%20viewBox%3D%270%200%201000%20358%27%3E%3Crect%20width%3D%271000%27%20height%3D%27358%27%20fill-opacity%3D%220%22%2F%3E%3C%2Fsvg%3E\" data-srcset=\"https:\/\/www.prismalife.com\/wp-content\/uploads\/2021\/10\/270921_Newsentry_Marktkommentar_neue-CI-200x72.jpg 200w, https:\/\/www.prismalife.com\/wp-content\/uploads\/2021\/10\/270921_Newsentry_Marktkommentar_neue-CI-400x143.jpg 400w, https:\/\/www.prismalife.com\/wp-content\/uploads\/2021\/10\/270921_Newsentry_Marktkommentar_neue-CI-600x215.jpg 600w, https:\/\/www.prismalife.com\/wp-content\/uploads\/2021\/10\/270921_Newsentry_Marktkommentar_neue-CI-800x286.jpg 800w, https:\/\/www.prismalife.com\/wp-content\/uploads\/2021\/10\/270921_Newsentry_Marktkommentar_neue-CI.jpg 1000w\" data-sizes=\"auto\" data-orig-sizes=\"(max-width: 1024px) 100vw, (max-width: 640px) 100vw, 800px\" \/><\/span><\/div><div class=\"fusion-text fusion-text-1\"><p style=\"text-align: left;\">27.09.2021<\/p>\n<\/div><div class=\"fusion-title title fusion-title-2 fusion-sep-none fusion-title-text fusion-title-size-six\" style=\"--awb-margin-top:15px;--awb-margin-right:15px;--awb-margin-left:15px;\"><h6 class=\"fusion-title-heading title-heading-left fusion-responsive-typography-calculated\" style=\"margin:0;--fontSize:33.375;line-height:1.2;\">Das Potential von Liechtenstein<\/h6><\/div><div class=\"fusion-text fusion-text-2\" style=\"--awb-margin-right:15px;--awb-margin-left:15px;\"><p>Der Standort Liechtenstein hat mit seinem gro\u00dfen Finanzplatz im internationalen Kontext viele Vorteile: eine hohe wirtschaftliche Stabilit\u00e4t, den Schweizer Franken als W\u00e4hrung und eine ausgepr\u00e4gte Cross-Border-Kompetenz. Deswegen sind Kooperationen ausl\u00e4ndischer Anbieter mit lokalen liechtensteinischen Versicherungsanbietern oft ein internationales Sprungbrett.<\/p>\n<\/div><div class=\"fusion-text fusion-text-3 fusion-text-no-margin stick-bottom\" style=\"--awb-margin-top:15px;--awb-margin-right:15px;--awb-margin-left:15px;\"><p><a class=\"textlink-teaser-weiss\" href=\"https:\/\/www.prismalife.com\/wp-content\/uploads\/2021\/09\/210927_Marktkommentar_PrismaLife_Liechtenstein_International.pdf\"><img decoding=\"async\" class=\"lazyload text-link-pfeil1\" title=\"News-Weiter\" src=\"data:image\/svg+xml,%3Csvg%20xmlns%3D%27http%3A%2F%2Fwww.w3.org%2F2000%2Fsvg%27%20width%3D%2768%27%20height%3D%2718%27%20viewBox%3D%270%200%2068%2018%27%3E%3Crect%20width%3D%2768%27%20height%3D%2718%27%20fill-opacity%3D%220%22%2F%3E%3C%2Fsvg%3E\" data-orig-src=\"https:\/\/www.prismalife.com\/wp-content\/uploads\/2019\/04\/arrow_link@2x.png\" alt=\"link\" \/>Lesen Sie mehr<\/a><\/p>\n<\/div><\/div><\/div><div class=\"fusion-layout-column fusion_builder_column fusion-builder-column-2 fusion_builder_column_1_2 1_2 fusion-flex-column fusion-flex-align-self-stretch\" style=\"--awb-padding-bottom:30px;--awb-bg-color:#ebf6f1;--awb-bg-color-hover:#ebf6f1;--awb-bg-size:cover;--awb-width-large:50%;--awb-margin-top-large:0px;--awb-spacing-right-large:3.84%;--awb-margin-bottom-large:10px;--awb-spacing-left-large:3.84%;--awb-width-medium:100%;--awb-order-medium:0;--awb-spacing-right-medium:1.92%;--awb-spacing-left-medium:1.92%;--awb-width-small:100%;--awb-order-small:0;--awb-spacing-right-small:1.92%;--awb-spacing-left-small:1.92%;\"><div class=\"fusion-column-wrapper fusion-column-has-shadow fusion-flex-justify-content-flex-start fusion-content-layout-column\"><div class=\"fusion-image-element \" style=\"--awb-caption-title-font-family:var(--h2_typography-font-family);--awb-caption-title-font-weight:var(--h2_typography-font-weight);--awb-caption-title-font-style:var(--h2_typography-font-style);--awb-caption-title-size:var(--h2_typography-font-size);--awb-caption-title-transform:var(--h2_typography-text-transform);--awb-caption-title-line-height:var(--h2_typography-line-height);--awb-caption-title-letter-spacing:var(--h2_typography-letter-spacing);\"><span class=\" fusion-imageframe imageframe-none imageframe-2 hover-type-none\"><img decoding=\"async\" width=\"1000\" height=\"358\" title=\"190821_Newsentry_HOBE_neue CI\" src=\"https:\/\/www.prismalife.com\/wp-content\/uploads\/2021\/10\/190821_Newsentry_HOBE_neue-CI.jpg\" data-orig-src=\"https:\/\/www.prismalife.com\/wp-content\/uploads\/2021\/10\/190821_Newsentry_HOBE_neue-CI.jpg\" alt class=\"lazyload img-responsive wp-image-17189\" srcset=\"data:image\/svg+xml,%3Csvg%20xmlns%3D%27http%3A%2F%2Fwww.w3.org%2F2000%2Fsvg%27%20width%3D%271000%27%20height%3D%27358%27%20viewBox%3D%270%200%201000%20358%27%3E%3Crect%20width%3D%271000%27%20height%3D%27358%27%20fill-opacity%3D%220%22%2F%3E%3C%2Fsvg%3E\" data-srcset=\"https:\/\/www.prismalife.com\/wp-content\/uploads\/2021\/10\/190821_Newsentry_HOBE_neue-CI-200x72.jpg 200w, https:\/\/www.prismalife.com\/wp-content\/uploads\/2021\/10\/190821_Newsentry_HOBE_neue-CI-400x143.jpg 400w, https:\/\/www.prismalife.com\/wp-content\/uploads\/2021\/10\/190821_Newsentry_HOBE_neue-CI-600x215.jpg 600w, https:\/\/www.prismalife.com\/wp-content\/uploads\/2021\/10\/190821_Newsentry_HOBE_neue-CI-800x286.jpg 800w, https:\/\/www.prismalife.com\/wp-content\/uploads\/2021\/10\/190821_Newsentry_HOBE_neue-CI.jpg 1000w\" data-sizes=\"auto\" data-orig-sizes=\"(max-width: 1024px) 100vw, (max-width: 640px) 100vw, 800px\" \/><\/span><\/div><div class=\"fusion-title title fusion-title-3 fusion-sep-none fusion-title-text fusion-title-size-six\" style=\"--awb-margin-top:15px;--awb-margin-right:15px;--awb-margin-left:15px;\"><h6 class=\"fusion-title-heading title-heading-left fusion-responsive-typography-calculated\" style=\"margin:0;--fontSize:33.375;line-height:1.2;\">Halbjahresergebnis 2021<\/h6><\/div><div class=\"fusion-text fusion-text-4\" style=\"--awb-margin-right:15px;--awb-margin-left:15px;\"><p>Die PrismaLife AG verzeichnet ein positives Gesch\u00e4ftsergebnis f\u00fcr das erste Halbjahr 2021. Mit rund 3 Mio. Euro Ergebnis erreicht der liechtensteinische Vorsorgespezialist ein gutes Resultat. Auch das wachsende Neugesch\u00e4ft von rund f\u00fcnf Prozent tr\u00e4gt dazu bei.<\/p>\n<\/div><\/div><\/div><\/div><\/div><div class=\"fusion-fullwidth fullwidth-box fusion-builder-row-3 fusion-flex-container nonhundred-percent-fullwidth non-hundred-percent-height-scrolling\" style=\"--awb-border-radius-top-left:0px;--awb-border-radius-top-right:0px;--awb-border-radius-bottom-right:0px;--awb-border-radius-bottom-left:0px;--awb-flex-wrap:wrap;\" ><div class=\"fusion-builder-row fusion-row fusion-flex-align-items-stretch fusion-flex-content-wrap\" style=\"max-width:1508px;margin-left: calc(-4% \/ 2 );margin-right: calc(-4% \/ 2 );\"><div class=\"fusion-layout-column fusion_builder_column fusion-builder-column-3 fusion_builder_column_1_2 1_2 fusion-flex-column fusion-flex-align-self-stretch\" style=\"--awb-padding-bottom:30px;--awb-bg-color:#ebf6f1;--awb-bg-color-hover:#ebf6f1;--awb-bg-size:cover;--awb-width-large:50%;--awb-margin-top-large:0px;--awb-spacing-right-large:3.84%;--awb-margin-bottom-large:10px;--awb-spacing-left-large:3.84%;--awb-width-medium:100%;--awb-order-medium:0;--awb-spacing-right-medium:1.92%;--awb-spacing-left-medium:1.92%;--awb-width-small:100%;--awb-order-small:0;--awb-spacing-right-small:1.92%;--awb-spacing-left-small:1.92%;\"><div class=\"fusion-column-wrapper fusion-column-has-shadow fusion-flex-justify-content-flex-start fusion-content-layout-column\"><div class=\"fusion-image-element \" style=\"--awb-caption-title-font-family:var(--h2_typography-font-family);--awb-caption-title-font-weight:var(--h2_typography-font-weight);--awb-caption-title-font-style:var(--h2_typography-font-style);--awb-caption-title-size:var(--h2_typography-font-size);--awb-caption-title-transform:var(--h2_typography-text-transform);--awb-caption-title-line-height:var(--h2_typography-line-height);--awb-caption-title-letter-spacing:var(--h2_typography-letter-spacing);\"><span class=\" fusion-imageframe imageframe-none imageframe-3 hover-type-none\"><img decoding=\"async\" width=\"1000\" height=\"358\" title=\"170821_Newsentry_Sportkasten_neue CI\" src=\"https:\/\/www.prismalife.com\/wp-content\/uploads\/2021\/10\/170821_Newsentry_Sportkasten_neue-CI.jpg\" data-orig-src=\"https:\/\/www.prismalife.com\/wp-content\/uploads\/2021\/10\/170821_Newsentry_Sportkasten_neue-CI.jpg\" alt class=\"lazyload img-responsive wp-image-17184\" srcset=\"data:image\/svg+xml,%3Csvg%20xmlns%3D%27http%3A%2F%2Fwww.w3.org%2F2000%2Fsvg%27%20width%3D%271000%27%20height%3D%27358%27%20viewBox%3D%270%200%201000%20358%27%3E%3Crect%20width%3D%271000%27%20height%3D%27358%27%20fill-opacity%3D%220%22%2F%3E%3C%2Fsvg%3E\" data-srcset=\"https:\/\/www.prismalife.com\/wp-content\/uploads\/2021\/10\/170821_Newsentry_Sportkasten_neue-CI-200x72.jpg 200w, https:\/\/www.prismalife.com\/wp-content\/uploads\/2021\/10\/170821_Newsentry_Sportkasten_neue-CI-400x143.jpg 400w, https:\/\/www.prismalife.com\/wp-content\/uploads\/2021\/10\/170821_Newsentry_Sportkasten_neue-CI-600x215.jpg 600w, https:\/\/www.prismalife.com\/wp-content\/uploads\/2021\/10\/170821_Newsentry_Sportkasten_neue-CI-800x286.jpg 800w, https:\/\/www.prismalife.com\/wp-content\/uploads\/2021\/10\/170821_Newsentry_Sportkasten_neue-CI.jpg 1000w\" data-sizes=\"auto\" data-orig-sizes=\"(max-width: 1024px) 100vw, (max-width: 640px) 100vw, 800px\" \/><\/span><\/div><div class=\"fusion-title title fusion-title-4 fusion-sep-none fusion-title-text fusion-title-size-six\" style=\"--awb-margin-top:15px;--awb-margin-right:15px;--awb-margin-left:15px;\"><h6 class=\"fusion-title-heading title-heading-left fusion-responsive-typography-calculated\" style=\"margin:0;--fontSize:33.375;line-height:1.2;\">PrismaLife ist Sponsor des Sportkastens<\/h6><\/div><div class=\"fusion-text fusion-text-5\" style=\"--awb-margin-right:15px;--awb-margin-left:15px;\"><p>Am 13. August fand in Triesenberg die Er\u00f6ffnung des Outdoor-Trainingsturms f\u00fcr Jung und Alt statt. Dieses innovative Freizeitangebot bietet jedem die M\u00f6glichkeit, sich kostenlos fit zu halten. Durch verschiedene, modulare Aufs\u00e4tze k\u00f6nnen \u00dcbungen f\u00fcr verschiedenste Leistungsniveaus erstellt werden. Der Sportkasten ist Teil des ProBono Projektes des Instituts f\u00fcr Architektur und Raumentwicklung der Universit\u00e4t Liechtenstein.<\/p>\n<\/div><div class=\"fusion-text fusion-text-6 fusion-text-no-margin stick-bottom\" style=\"--awb-margin-top:15px;--awb-margin-right:15px;--awb-margin-left:15px;\"><p><a class=\"textlink-teaser-weiss\" href=\"https:\/\/sportkasten.jimdosite.com\/\"><img decoding=\"async\" class=\"lazyload text-link-pfeil1\" title=\"News-Weiter\" src=\"data:image\/svg+xml,%3Csvg%20xmlns%3D%27http%3A%2F%2Fwww.w3.org%2F2000%2Fsvg%27%20width%3D%2768%27%20height%3D%2718%27%20viewBox%3D%270%200%2068%2018%27%3E%3Crect%20width%3D%2768%27%20height%3D%2718%27%20fill-opacity%3D%220%22%2F%3E%3C%2Fsvg%3E\" data-orig-src=\"https:\/\/www.prismalife.com\/wp-content\/uploads\/2019\/04\/arrow_link@2x.png\" alt=\"link\" \/>Lesen Sie mehr<\/a><\/p>\n<\/div><\/div><\/div><div class=\"fusion-layout-column fusion_builder_column fusion-builder-column-4 fusion_builder_column_1_2 1_2 fusion-flex-column fusion-flex-align-self-stretch\" style=\"--awb-padding-bottom:30px;--awb-bg-color:#ebf6f1;--awb-bg-color-hover:#ebf6f1;--awb-bg-size:cover;--awb-width-large:50%;--awb-margin-top-large:0px;--awb-spacing-right-large:3.84%;--awb-margin-bottom-large:10px;--awb-spacing-left-large:3.84%;--awb-width-medium:100%;--awb-order-medium:0;--awb-spacing-right-medium:1.92%;--awb-spacing-left-medium:1.92%;--awb-width-small:100%;--awb-order-small:0;--awb-spacing-right-small:1.92%;--awb-spacing-left-small:1.92%;\"><div class=\"fusion-column-wrapper fusion-column-has-shadow fusion-flex-justify-content-flex-start fusion-content-layout-column\"><div class=\"fusion-image-element \" style=\"--awb-caption-title-font-family:var(--h2_typography-font-family);--awb-caption-title-font-weight:var(--h2_typography-font-weight);--awb-caption-title-font-style:var(--h2_typography-font-style);--awb-caption-title-size:var(--h2_typography-font-size);--awb-caption-title-transform:var(--h2_typography-text-transform);--awb-caption-title-line-height:var(--h2_typography-line-height);--awb-caption-title-letter-spacing:var(--h2_typography-letter-spacing);\"><span class=\" fusion-imageframe imageframe-none imageframe-4 hover-type-none\"><img decoding=\"async\" width=\"1000\" height=\"358\" title=\"150721_Newsentry_Nachhaltigkeitsbericht_neue CI\" src=\"https:\/\/www.prismalife.com\/wp-content\/uploads\/2021\/10\/150721_Newsentry_Nachhaltigkeitsbericht_neue-CI.jpg\" data-orig-src=\"https:\/\/www.prismalife.com\/wp-content\/uploads\/2021\/10\/150721_Newsentry_Nachhaltigkeitsbericht_neue-CI.jpg\" alt class=\"lazyload img-responsive wp-image-17179\" srcset=\"data:image\/svg+xml,%3Csvg%20xmlns%3D%27http%3A%2F%2Fwww.w3.org%2F2000%2Fsvg%27%20width%3D%271000%27%20height%3D%27358%27%20viewBox%3D%270%200%201000%20358%27%3E%3Crect%20width%3D%271000%27%20height%3D%27358%27%20fill-opacity%3D%220%22%2F%3E%3C%2Fsvg%3E\" data-srcset=\"https:\/\/www.prismalife.com\/wp-content\/uploads\/2021\/10\/150721_Newsentry_Nachhaltigkeitsbericht_neue-CI-200x72.jpg 200w, https:\/\/www.prismalife.com\/wp-content\/uploads\/2021\/10\/150721_Newsentry_Nachhaltigkeitsbericht_neue-CI-400x143.jpg 400w, https:\/\/www.prismalife.com\/wp-content\/uploads\/2021\/10\/150721_Newsentry_Nachhaltigkeitsbericht_neue-CI-600x215.jpg 600w, https:\/\/www.prismalife.com\/wp-content\/uploads\/2021\/10\/150721_Newsentry_Nachhaltigkeitsbericht_neue-CI-800x286.jpg 800w, https:\/\/www.prismalife.com\/wp-content\/uploads\/2021\/10\/150721_Newsentry_Nachhaltigkeitsbericht_neue-CI.jpg 1000w\" data-sizes=\"auto\" data-orig-sizes=\"(max-width: 1024px) 100vw, (max-width: 640px) 100vw, 800px\" \/><\/span><\/div><div class=\"fusion-title title fusion-title-5 fusion-sep-none fusion-title-text fusion-title-size-six\" style=\"--awb-margin-top:15px;--awb-margin-right:15px;--awb-margin-left:15px;\"><h6 class=\"fusion-title-heading title-heading-left fusion-responsive-typography-calculated\" style=\"margin:0;--fontSize:33.375;line-height:1.2;\">Nachhaltigkeitsbericht 2020<\/h6><\/div><div class=\"fusion-text fusion-text-7\" style=\"--awb-margin-right:15px;--awb-margin-left:15px;\"><p>Die PrismaLife AG hat f\u00fcr das Jahr 2020 ihren zweiten Nachhaltigkeitsbericht vorgelegt. Durch CO2-Reduzierungen im operativen Betrieb und vor allem eine konsequent nachhaltige Ausrichtung der Kapitalanlage konnte das Unternehmen ihre CO2-Emissionen im Vergleich zum Vorjahr um \u00fcber 30 Prozent verringern.<\/p>\n<\/div><div class=\"fusion-text fusion-text-8 fusion-text-no-margin stick-bottom\" style=\"--awb-margin-top:15px;--awb-margin-right:15px;--awb-margin-left:15px;\"><p><a class=\"textlink-teaser-weiss\" href=\"https:\/\/www.prismalife.com\/wp-content\/uploads\/2021\/07\/210630_ESG-Bericht-2020.pdf\"><img decoding=\"async\" class=\"lazyload text-link-pfeil1\" title=\"News-Weiter\" src=\"data:image\/svg+xml,%3Csvg%20xmlns%3D%27http%3A%2F%2Fwww.w3.org%2F2000%2Fsvg%27%20width%3D%2768%27%20height%3D%2718%27%20viewBox%3D%270%200%2068%2018%27%3E%3Crect%20width%3D%2768%27%20height%3D%2718%27%20fill-opacity%3D%220%22%2F%3E%3C%2Fsvg%3E\" data-orig-src=\"https:\/\/www.prismalife.com\/wp-content\/uploads\/2019\/04\/arrow_link@2x.png\" alt=\"link\" \/>Lesen Sie mehr<\/a><\/p>\n<\/div><\/div><\/div><\/div><\/div><div class=\"fusion-fullwidth fullwidth-box fusion-builder-row-4 fusion-flex-container nonhundred-percent-fullwidth non-hundred-percent-height-scrolling\" style=\"--awb-border-radius-top-left:0px;--awb-border-radius-top-right:0px;--awb-border-radius-bottom-right:0px;--awb-border-radius-bottom-left:0px;--awb-flex-wrap:wrap;\" ><div class=\"fusion-builder-row fusion-row fusion-flex-align-items-flex-start fusion-flex-content-wrap\" style=\"max-width:1508px;margin-left: calc(-4% \/ 2 );margin-right: calc(-4% \/ 2 );\"><div class=\"fusion-layout-column fusion_builder_column fusion-builder-column-5 fusion_builder_column_1_1 1_1 fusion-flex-column\" style=\"--awb-bg-size:cover;--awb-width-large:100%;--awb-margin-top-large:0px;--awb-spacing-right-large:1.92%;--awb-margin-bottom-large:10px;--awb-spacing-left-large:1.92%;--awb-width-medium:100%;--awb-order-medium:0;--awb-spacing-right-medium:1.92%;--awb-spacing-left-medium:1.92%;--awb-width-small:100%;--awb-order-small:0;--awb-spacing-right-small:1.92%;--awb-spacing-left-small:1.92%;\"><div class=\"fusion-column-wrapper fusion-column-has-shadow fusion-flex-justify-content-flex-start fusion-content-layout-column\"><div class=\"accordian fusion-accordian\" style=\"--awb-border-size:0px;--awb-icon-size:32px;--awb-content-font-size:1.25em;--awb-icon-alignment:right;--awb-hover-color:#ffffff;--awb-border-color:#ffffff;--awb-background-color:#ffffff;--awb-divider-color:#e0dede;--awb-divider-hover-color:#e0dede;--awb-icon-color:#008c84;--awb-title-color:#008c84;--awb-content-color:#020202;--awb-icon-box-color:#ffffff;--awb-toggle-hover-accent-color:#e5f3f2;--awb-title-font-family:&quot;Source Sans Pro&quot;;--awb-title-font-weight:700;--awb-title-font-style:normal;--awb-title-font-size:0.8em;--awb-content-font-family:&quot;Source Serif Pro&quot;;--awb-content-font-style:normal;--awb-content-font-weight:300;\"><div class=\"panel-group fusion-toggle-icon-right fusion-toggle-icon-boxed\" id=\"accordion-17169-1\"><div class=\"fusion-panel panel-default panel-8f8f74b270b33c152 fusion-toggle-no-divider\"><div class=\"panel-heading\"><h4 class=\"panel-title toggle\" id=\"toggle_8f8f74b270b33c152\"><a aria-expanded=\"false\" aria-controls=\"8f8f74b270b33c152\" role=\"button\" data-toggle=\"collapse\" data-parent=\"#accordion-17169-1\" data-target=\"#8f8f74b270b33c152\" href=\"#8f8f74b270b33c152\"><span class=\"fusion-toggle-icon-wrapper\" aria-hidden=\"true\"><i class=\"fa-fusion-box active-icon awb-icon-minus\" aria-hidden=\"true\"><\/i><i class=\"fa-fusion-box inactive-icon awb-icon-plus\" aria-hidden=\"true\"><\/i><\/span><span class=\"fusion-toggle-heading\">Archive<\/span><\/a><\/h4><\/div><div id=\"8f8f74b270b33c152\" class=\"panel-collapse collapse \" aria-labelledby=\"toggle_8f8f74b270b33c152\"><div class=\"panel-body toggle-content fusion-clearfix\">\n<p><a href=\"https:\/\/www.prismalife.com\/news\/\">Archive<\/a><\/p>\n<\/div><\/div><\/div><\/div><\/div><\/div><\/div><\/div><\/div><\/p>","protected":false},"excerpt":{"rendered":"","protected":false},"author":7,"featured_media":0,"parent":0,"menu_order":0,"comment_status":"closed","ping_status":"closed","template":"100-width.php","meta":{"footnotes":""},"class_list":["post-17169","page","type-page","status-publish","hentry"],"_links":{"self":[{"href":"https:\/\/www.prismalife.com\/en\/wp-json\/wp\/v2\/pages\/17169","targetHints":{"allow":["GET"]}}],"collection":[{"href":"https:\/\/www.prismalife.com\/en\/wp-json\/wp\/v2\/pages"}],"about":[{"href":"https:\/\/www.prismalife.com\/en\/wp-json\/wp\/v2\/types\/page"}],"author":[{"embeddable":true,"href":"https:\/\/www.prismalife.com\/en\/wp-json\/wp\/v2\/users\/7"}],"replies":[{"embeddable":true,"href":"https:\/\/www.prismalife.com\/en\/wp-json\/wp\/v2\/comments?post=17169"}],"version-history":[{"count":5,"href":"https:\/\/www.prismalife.com\/en\/wp-json\/wp\/v2\/pages\/17169\/revisions"}],"predecessor-version":[{"id":17199,"href":"https:\/\/www.prismalife.com\/en\/wp-json\/wp\/v2\/pages\/17169\/revisions\/17199"}],"wp:attachment":[{"href":"https:\/\/www.prismalife.com\/en\/wp-json\/wp\/v2\/media?parent=17169"}],"curies":[{"name":"wp","href":"https:\/\/api.w.org\/{rel}","templated":true}]}}