{"id":22246,"date":"2023-01-25T20:05:08","date_gmt":"2023-01-25T19:05:08","guid":{"rendered":"https:\/\/www.prismalife.com\/?page_id=22246"},"modified":"2023-01-25T20:05:08","modified_gmt":"2023-01-25T19:05:08","slug":"lyxorcommodities200123","status":"publish","type":"page","link":"https:\/\/www.prismalife.com\/en\/lyxorcommodities200123\/","title":{"rendered":"LyxorCommodities200123"},"content":{"rendered":"<p><div class=\"fusion-fullwidth fullwidth-box fusion-builder-row-1 nonhundred-percent-fullwidth non-hundred-percent-height-scrolling\" style=\"--awb-border-radius-top-left:0px;--awb-border-radius-top-right:0px;--awb-border-radius-bottom-right:0px;--awb-border-radius-bottom-left:0px;--awb-padding-right:10px;--awb-padding-left:10px;--awb-flex-wrap:wrap;\" ><div class=\"fusion-builder-row fusion-row\"><div class=\"fusion-layout-column fusion_builder_column fusion-builder-column-0 fusion_builder_column_2_3 2_3 fusion-two-third fusion-column-first padding-content-datenschutz\" style=\"--awb-bg-size:cover;width:65.3333%; margin-right: 4%;\"><div class=\"fusion-column-wrapper fusion-column-has-shadow fusion-flex-column-wrapper-legacy\"><div class=\"fusion-text fusion-text-1\"><p>20.01.2023<\/p>\n<\/div><div class=\"fusion-text fusion-text-2\"><h1>Aufl\u00f6sung des Fonds Lyxor Commodities Refinitiv\/CoreCommodity CRB Ex-Energy TR UCITS ETF &#8211; Acc-EUR<\/h1>\n<\/div><div class=\"fusion-clearfix\"><\/div><\/div><\/div><div class=\"fusion-layout-column fusion_builder_column fusion-builder-column-1 fusion_builder_column_2_3 2_3 fusion-two-third fusion-column-first padding-content-datenschutz\" style=\"--awb-bg-size:cover;width:66.666666666667%;width:calc(66.666666666667% - ( ( 4% ) * 0.66666666666667 ) );margin-right: 4%;\"><div class=\"fusion-column-wrapper fusion-flex-column-wrapper-legacy\"><div class=\"fusion-text fusion-text-3\"><table>\n<tbody>\n<tr>\n<td style=\"vertical-align: text-top; padding-right: 16px;\" width=\"30px\"><img class=\"lazyload\" decoding=\"async\" src=\"data:image\/svg+xml,%3Csvg%20xmlns%3D%27http%3A%2F%2Fwww.w3.org%2F2000%2Fsvg%27%20width%3D%27100%27%20height%3D%2730%27%20viewBox%3D%270%200%20100%2030%27%3E%3Crect%20width%3D%27100%27%20height%3D%2730%27%20fill-opacity%3D%220%22%2F%3E%3C%2Fsvg%3E\" data-orig-src=\"https:\/\/www.prismalife.com\/wp-content\/uploads\/2019\/03\/pfeil-content.png\" alt=\"\" width=\"100%\" height=\"30\" \/><\/td>\n<td>Die Verwaltungsgesellschaft des Fonds <a href=\"https:\/\/www.prismalife.com\/wp-content\/uploads\/2023\/01\/KID_LU1829218582.pdf\" target=\"_blank\" rel=\"noopener noreferrer\">\u00abLyxor Commodities Refinitiv\/CoreCommodity CRB Ex-Energy TR UCITS ETF &#8211; Acc-EUR\u00bb<\/a> (WKN LYX0Z1 \/ ISIN LU1829218582) hat entschieden diesen per 20.01.2023 mit dem Fonds <a href=\"https:\/\/www.prismalife.com\/wp-content\/uploads\/2023\/01\/KID_LU1829218749.pdf\" target=\"_blank\" rel=\"noopener noreferrer\">\u00abLyxor Commodities Refinitiv\/CoreCommodity CRB TR UCITS ETF &#8211; Acc-EUR\u00bb<\/a> (WKN LYX0Z2 \/ ISIN LU1829218749) zu verschmelzen. Die Verschmelzung wurde von Amundi Asset Management S.A.S. im Rahmen der laufenden \u00dcberpr\u00fcfung der Wettbewerbsf\u00e4higkeit des Produktsortiments und der Bewertung des Kundeninteresses beschlossen.<\/p>\n<p>Gleichzeitig mit der Verschmelzung der beiden Fonds wird der \u00fcbernehmende Fonds \u00abLyxor Commodities Refinitiv\/CoreCommodity CRB TR UCITS ETF &#8211; Acc-EUR\u00bb umbenannt in \u00abAmundi Bloomberg Equal-weight Commodity ex-Agriculture UCITS ETF Acc EUR\u00bb. Zudem wird sein Referenzindex ge\u00e4ndert.<\/p>\n<p>Detaillierte Informationen zur Fondsaufl\u00f6sung und eine \u00dcbersicht \u00fcber die wichtigsten Unterschiede und Gemeinsamkeiten der beiden Fonds finden Sie im <a href=\"https:\/\/www.prismalife.com\/wp-content\/uploads\/2023\/01\/Verschmelzung_Anschreiben_Lyxor.pdf\" target=\"_blank\" rel=\"noopener noreferrer\">Schreiben der Amundi Asset Management S.A.S.<\/a><\/p>\n<p>F\u00fcr bereits in den Fonds \u00abLyxor Commodities Refinitiv\/CoreCommodity CRB Ex-Energy TR UCITS ETF &#8211; Acc-EUR\u00bb investierte Kunden hat unser Verantwortlicher Aktuar im Einklang mit den vertraglichen Grundlagen entschieden die Anlagestrategie anzupassen und das Fondsverm\u00f6gen im Fonds \u00abLyxor Commodities Refinitiv\/CoreCommodity CRB Ex-Energy TR UCITS ETF &#8211; Acc-EUR\u00bb in den Fonds \u00abAmundi Bloomberg Equal-weight Commodity ex-Agriculture UCITS ETF Acc EUR\u00bb umzuschichten.<\/p>\n<p>Wichtig f\u00fcr betroffene Kunden:<\/p>\n<ul>\n<li style=\"color:#020202;\">Beide Fonds verfolgen \u00e4hnliche Anlageziele und haben ein vergleichbares Risikoprofil.<\/li>\n<li style=\"color:#020202;\">Diese Anpassung ist f\u00fcr Kunden selbstverst\u00e4ndlich kostenlos.<\/li>\n<li style=\"color:#020202;\">Kunden brauchen nichts zu unternehmen, wir nehmen alle erforderlichen Anpassungen vor.<\/li>\n<li style=\"color:#020202;\">Kunden k\u00f6nnen jederzeit ihre Fondsauswahl \u00e4ndern. Hierf\u00fcr ist das entsprechende Formular im Kundenportal zu verwenden.<\/li>\n<\/ul>\n<\/td>\n<\/tr>\n<\/tbody>\n<\/table>\n<\/div><div class=\"fusion-clearfix\"><\/div><\/div><\/div><div class=\"fusion-layout-column fusion_builder_column fusion-builder-column-2 fusion_builder_column_1_3 1_3 fusion-one-third fusion-column-last\" style=\"--awb-padding-top:10px;--awb-padding-right:10px;--awb-padding-bottom:10px;--awb-padding-left:10px;--awb-bg-size:cover;--awb-border-color:#008c84;--awb-border-top:0;--awb-border-right:0;--awb-border-bottom:0;--awb-border-left:0;--awb-border-style:solid;width:33.333333333333%;width:calc(33.333333333333% - ( ( 4% ) * 0.33333333333333 ) );\"><div class=\"fusion-column-wrapper fusion-column-has-shadow fusion-flex-column-wrapper-legacy\"><div class=\"fusion-image-element in-legacy-container\" style=\"--awb-caption-title-font-family:var(--h2_typography-font-family);--awb-caption-title-font-weight:var(--h2_typography-font-weight);--awb-caption-title-font-style:var(--h2_typography-font-style);--awb-caption-title-size:var(--h2_typography-font-size);--awb-caption-title-transform:var(--h2_typography-text-transform);--awb-caption-title-line-height:var(--h2_typography-line-height);--awb-caption-title-letter-spacing:var(--h2_typography-letter-spacing);\"><span class=\" fusion-imageframe imageframe-none imageframe-1 hover-type-none\"><img decoding=\"async\" width=\"4063\" height=\"1807\" title=\"Amundi\" src=\"https:\/\/www.prismalife.com\/wp-content\/uploads\/2020\/08\/Amundi.png\" data-orig-src=\"https:\/\/www.prismalife.com\/wp-content\/uploads\/2020\/08\/Amundi.png\" alt class=\"lazyload img-responsive wp-image-9776\" srcset=\"data:image\/svg+xml,%3Csvg%20xmlns%3D%27http%3A%2F%2Fwww.w3.org%2F2000%2Fsvg%27%20width%3D%274063%27%20height%3D%271807%27%20viewBox%3D%270%200%204063%201807%27%3E%3Crect%20width%3D%274063%27%20height%3D%271807%27%20fill-opacity%3D%220%22%2F%3E%3C%2Fsvg%3E\" data-srcset=\"https:\/\/www.prismalife.com\/wp-content\/uploads\/2020\/08\/Amundi-200x89.png 200w, https:\/\/www.prismalife.com\/wp-content\/uploads\/2020\/08\/Amundi-400x178.png 400w, https:\/\/www.prismalife.com\/wp-content\/uploads\/2020\/08\/Amundi-600x267.png 600w, https:\/\/www.prismalife.com\/wp-content\/uploads\/2020\/08\/Amundi-800x356.png 800w, https:\/\/www.prismalife.com\/wp-content\/uploads\/2020\/08\/Amundi-1200x534.png 1200w, https:\/\/www.prismalife.com\/wp-content\/uploads\/2020\/08\/Amundi.png 4063w\" data-sizes=\"auto\" data-orig-sizes=\"(max-width: 800px) 100vw, 600px\" \/><\/span><\/div><div class=\"fusion-clearfix\"><\/div><\/div><\/div><\/div><\/div><div class=\"fusion-fullwidth fullwidth-box fusion-builder-row-2 nonhundred-percent-fullwidth non-hundred-percent-height-scrolling\" style=\"--awb-border-radius-top-left:0px;--awb-border-radius-top-right:0px;--awb-border-radius-bottom-right:0px;--awb-border-radius-bottom-left:0px;--awb-margin-bottom:50px;--awb-background-color:rgba(0,140,132,0.1);--awb-flex-wrap:wrap;\" ><div class=\"fusion-builder-row fusion-row\"><div class=\"fusion-layout-column fusion_builder_column fusion-builder-column-3 fusion_builder_column_1_1 1_1 fusion-one-full fusion-column-first fusion-column-last padding-content-datenschutz\" style=\"--awb-padding-top:40px;--awb-bg-size:cover;\"><div class=\"fusion-column-wrapper fusion-flex-column-wrapper-legacy\"><div class=\"accordian fusion-accordian\" style=\"--awb-border-size:0px;--awb-icon-size:30px;--awb-content-font-size:1.25em;--awb-icon-alignment:right;--awb-hover-color:#ffffff;--awb-border-color:#ffffff;--awb-background-color:#ffffff;--awb-divider-color:#e0dede;--awb-divider-hover-color:#e0dede;--awb-icon-color:rgba(0,140,132,0);--awb-title-color:#008c84;--awb-content-color:#020202;--awb-icon-box-color:#ffffff;--awb-toggle-hover-accent-color:#008c84;--awb-title-font-family:&quot;Source Sans Pro&quot;;--awb-title-font-weight:700;--awb-title-font-style:normal;--awb-title-font-size:0.8em;--awb-content-font-family:&quot;Source Serif Pro&quot;;--awb-content-font-style:normal;--awb-content-font-weight:300;\"><div class=\"panel-group fusion-toggle-icon-right fusion-toggle-icon-unboxed\" id=\"accordion-22246-1\"><div class=\"fusion-panel panel-default panel-69b6f71b71368d573 fusion-toggle-no-divider\" style=\"--awb-title-color:#008c84;--awb-content-color:#020202;\"><div class=\"panel-heading\"><h4 class=\"panel-title toggle\" id=\"toggle_69b6f71b71368d573\"><a aria-expanded=\"false\" aria-controls=\"69b6f71b71368d573\" role=\"button\" data-toggle=\"collapse\" data-parent=\"#accordion-22246-1\" data-target=\"#69b6f71b71368d573\" href=\"#69b6f71b71368d573\"><span class=\"fusion-toggle-icon-wrapper\" aria-hidden=\"true\"><i class=\"fa-fusion-box active-icon awb-icon-minus\" aria-hidden=\"true\"><\/i><i class=\"fa-fusion-box inactive-icon awb-icon-plus\" aria-hidden=\"true\"><\/i><\/span><span class=\"fusion-toggle-heading\">Download Dokumente<\/span><\/a><\/h4><\/div><div id=\"69b6f71b71368d573\" class=\"panel-collapse collapse \" aria-labelledby=\"toggle_69b6f71b71368d573\"><div class=\"panel-body toggle-content fusion-clearfix\"><a href=\"https:\/\/www.prismalife.com\/wp-content\/uploads\/2023\/01\/Verschmelzung_Anschreiben_Lyxor.pdf\" target=\"_blank\" rel=\"noopener noreferrer\"><img decoding=\"async\" class=\"lazyload text-link-pfeil1\" src=\"data:image\/svg+xml,%3Csvg%20xmlns%3D%27http%3A%2F%2Fwww.w3.org%2F2000%2Fsvg%27%20width%3D%2758%27%20height%3D%2715%27%20viewBox%3D%270%200%2058%2015%27%3E%3Crect%20width%3D%2758%27%20height%3D%2715%27%20fill-opacity%3D%220%22%2F%3E%3C%2Fsvg%3E\" data-orig-src=\"https:\/\/www.prismalife.com\/wp-content\/uploads\/2019\/04\/arrow_link@2x.png\" alt=\"\" width=\"58\" height=\"15\" \/> Mitteilung an die Anteilseigner: Lyxor Commodities Refinitiv\/CoreCommodity CRB EX-Energy TR UCITS ETF (PDF)<\/a><br \/>\n<a href=\"https:\/\/www.prismalife.com\/wp-content\/uploads\/2023\/01\/KID_LU1829218582.pdf\" target=\"_blank\" rel=\"noopener noreferrer\"><img decoding=\"async\" class=\"lazyload text-link-pfeil1\" src=\"data:image\/svg+xml,%3Csvg%20xmlns%3D%27http%3A%2F%2Fwww.w3.org%2F2000%2Fsvg%27%20width%3D%2758%27%20height%3D%2715%27%20viewBox%3D%270%200%2058%2015%27%3E%3Crect%20width%3D%2758%27%20height%3D%2715%27%20fill-opacity%3D%220%22%2F%3E%3C%2Fsvg%3E\" data-orig-src=\"https:\/\/www.prismalife.com\/wp-content\/uploads\/2019\/04\/arrow_link@2x.png\" alt=\"\" width=\"58\" height=\"15\" \/> Basisinformationsblatt Lyxor Commodities Refinitiv\/CoreCommodity CRB Ex-Energy TR UCITS ETF &#8211; Acc-EUR (PDF)<\/a><br \/>\n<a href=\"https:\/\/www.prismalife.com\/wp-content\/uploads\/2023\/01\/KID_LU1829218749.pdf\" target=\"_blank\" rel=\"noopener noreferrer\"><img decoding=\"async\" class=\"lazyload text-link-pfeil1\" src=\"data:image\/svg+xml,%3Csvg%20xmlns%3D%27http%3A%2F%2Fwww.w3.org%2F2000%2Fsvg%27%20width%3D%2758%27%20height%3D%2715%27%20viewBox%3D%270%200%2058%2015%27%3E%3Crect%20width%3D%2758%27%20height%3D%2715%27%20fill-opacity%3D%220%22%2F%3E%3C%2Fsvg%3E\" data-orig-src=\"https:\/\/www.prismalife.com\/wp-content\/uploads\/2019\/04\/arrow_link@2x.png\" alt=\"\" width=\"58\" height=\"15\" \/> Basisinformationsblatt Amundi Bloomberg Equal-weight Commodity ex-Agriculture UCITS ETF Acc EUR (PDF)<\/a><\/div><\/div><\/div><\/div><\/div><div class=\"fusion-clearfix\"><\/div><\/div><\/div><\/div><\/div><\/p>","protected":false},"excerpt":{"rendered":"","protected":false},"author":3,"featured_media":0,"parent":0,"menu_order":0,"comment_status":"closed","ping_status":"closed","template":"100-width.php","meta":{"footnotes":""},"class_list":["post-22246","page","type-page","status-publish","hentry"],"_links":{"self":[{"href":"https:\/\/www.prismalife.com\/en\/wp-json\/wp\/v2\/pages\/22246","targetHints":{"allow":["GET"]}}],"collection":[{"href":"https:\/\/www.prismalife.com\/en\/wp-json\/wp\/v2\/pages"}],"about":[{"href":"https:\/\/www.prismalife.com\/en\/wp-json\/wp\/v2\/types\/page"}],"author":[{"embeddable":true,"href":"https:\/\/www.prismalife.com\/en\/wp-json\/wp\/v2\/users\/3"}],"replies":[{"embeddable":true,"href":"https:\/\/www.prismalife.com\/en\/wp-json\/wp\/v2\/comments?post=22246"}],"version-history":[{"count":3,"href":"https:\/\/www.prismalife.com\/en\/wp-json\/wp\/v2\/pages\/22246\/revisions"}],"predecessor-version":[{"id":22264,"href":"https:\/\/www.prismalife.com\/en\/wp-json\/wp\/v2\/pages\/22246\/revisions\/22264"}],"wp:attachment":[{"href":"https:\/\/www.prismalife.com\/en\/wp-json\/wp\/v2\/media?parent=22246"}],"curies":[{"name":"wp","href":"https:\/\/api.w.org\/{rel}","templated":true}]}}