{"id":22655,"date":"2023-02-16T07:46:03","date_gmt":"2023-02-16T06:46:03","guid":{"rendered":"https:\/\/www.prismalife.com\/?page_id=22655"},"modified":"2025-10-10T22:54:42","modified_gmt":"2025-10-10T20:54:42","slug":"prisma-direktversicherung-bertrandt","status":"publish","type":"page","link":"https:\/\/www.prismalife.com\/en\/germany\/prisma-direktversicherung-bertrandt\/","title":{"rendered":"Prisma Direktversicherung Bertrandt"},"content":{"rendered":"<p><div class=\"fusion-fullwidth fullwidth-box fusion-builder-row-1 has-pattern-background has-mask-background header-mobile HideMyContent nonhundred-percent-fullwidth non-hundred-percent-height-scrolling\" style=\"--awb-border-radius-top-left:0px;--awb-border-radius-top-right:0px;--awb-border-radius-bottom-right:0px;--awb-border-radius-bottom-left:0px;--awb-flex-wrap:wrap;\" ><div class=\"fusion-builder-row fusion-row\"><div class=\"fusion-layout-column fusion_builder_column fusion-builder-column-0 fusion_builder_column_1_2 1_2 fusion-one-half fusion-column-first\" style=\"--awb-bg-blend:overlay;--awb-bg-size:cover;--awb-margin-bottom:30px;width:50%;width:calc(50% - ( ( 4% ) * 0.5 ) );margin-right: 4%;\"><div class=\"fusion-column-wrapper fusion-flex-column-wrapper-legacy\"><div class=\"fusion-title title fusion-title-1 fusion-sep-none fusion-title-text fusion-title-size-one\"><h1 class=\"fusion-title-heading title-heading-left fusion-responsive-typography-calculated\" style=\"margin:0;--fontSize:48.75;line-height:1.2;\"><strong>Prisma Direktversicherung Bertrandt<\/strong><\/h1><\/div><div class=\"fusion-image-element fusion-image-align-center in-legacy-container\" style=\"text-align:center;--awb-caption-title-font-family:var(--h2_typography-font-family);--awb-caption-title-font-weight:var(--h2_typography-font-weight);--awb-caption-title-font-style:var(--h2_typography-font-style);--awb-caption-title-size:var(--h2_typography-font-size);--awb-caption-title-transform:var(--h2_typography-text-transform);--awb-caption-title-line-height:var(--h2_typography-line-height);--awb-caption-title-letter-spacing:var(--h2_typography-letter-spacing);\"><div class=\"imageframe-align-center\"><span class=\" fusion-imageframe imageframe-none imageframe-1 hover-type-none\"><img decoding=\"async\" width=\"900\" height=\"600\" title=\"FlexInvest_Seite_900x600\" src=\"https:\/\/www.prismalife.com\/wp-content\/uploads\/2019\/04\/FlexInvest_Seite_900x600.jpg\" data-orig-src=\"https:\/\/www.prismalife.com\/wp-content\/uploads\/2019\/04\/FlexInvest_Seite_900x600.jpg\" alt class=\"lazyload img-responsive wp-image-6239\" srcset=\"data:image\/svg+xml,%3Csvg%20xmlns%3D%27http%3A%2F%2Fwww.w3.org%2F2000%2Fsvg%27%20width%3D%27900%27%20height%3D%27600%27%20viewBox%3D%270%200%20900%20600%27%3E%3Crect%20width%3D%27900%27%20height%3D%27600%27%20fill-opacity%3D%220%22%2F%3E%3C%2Fsvg%3E\" data-srcset=\"https:\/\/www.prismalife.com\/wp-content\/uploads\/2019\/04\/FlexInvest_Seite_900x600-200x133.jpg 200w, https:\/\/www.prismalife.com\/wp-content\/uploads\/2019\/04\/FlexInvest_Seite_900x600-400x267.jpg 400w, https:\/\/www.prismalife.com\/wp-content\/uploads\/2019\/04\/FlexInvest_Seite_900x600-600x400.jpg 600w, https:\/\/www.prismalife.com\/wp-content\/uploads\/2019\/04\/FlexInvest_Seite_900x600-800x533.jpg 800w, https:\/\/www.prismalife.com\/wp-content\/uploads\/2019\/04\/FlexInvest_Seite_900x600.jpg 900w\" data-sizes=\"auto\" data-orig-sizes=\"(max-width: 800px) 100vw, 800px\" \/><\/span><\/div><\/div><div class=\"fusion-clearfix\"><\/div><\/div><\/div><div class=\"fusion-layout-column fusion_builder_column fusion-builder-column-1 fusion_builder_column_1_2 1_2 fusion-one-half fusion-column-last\" style=\"--awb-bg-blend:overlay;--awb-bg-size:cover;width:50%;width:calc(50% - ( ( 4% ) * 0.5 ) );\"><div class=\"fusion-column-wrapper fusion-flex-column-wrapper-legacy\"><div class=\"fusion-text fusion-text-1\"><div id=\"flex-content\">\n<div class=\"img-content\"><img decoding=\"async\" class=\"lazyload pfeil\" src=\"data:image\/svg+xml,%3Csvg%20xmlns%3D%27http%3A%2F%2Fwww.w3.org%2F2000%2Fsvg%27%20width%3D%2714%27%20height%3D%2728%27%20viewBox%3D%270%200%2014%2028%27%3E%3Crect%20width%3D%2714%27%20height%3D%2728%27%20fill-opacity%3D%220%22%2F%3E%3C%2Fsvg%3E\" data-orig-src=\"https:\/\/www.prismalife.com\/wp-content\/uploads\/2019\/03\/pfeil-content.png\" alt=\"\" \/><\/div>\n<div class=\"text-content\">\n<p>Blicken Sie entspannt in Ihre finanzielle Zukunft. Prisma FlexInvest (DE) ist eine fondsgebundene Rentenversicherung f\u00fcr Ihre private Vorsorge. Sie passt sich Ihren individuellen Lebensumst\u00e4nden an und bietet Ihnen maximale Flexibilit\u00e4t in jeder Lebensphase. Profitieren Sie jetzt von den vielf\u00e4ltigen Anlagem\u00f6glichkeiten und sichern Sie Ihre Rente.<br \/>\nEinzahlungen sind als Einmalbeitrag oder als laufende Beitragszahlungen m\u00f6glich. Dar\u00fcber hinaus k\u00f6nnen Sie dynamische Anpassungen vereinbaren.<br \/>\nZusammen mit Ihrem Berater w\u00e4hlen Sie die zu Ihnen passenden Beitr\u00e4ge. Ihr Berater berechnet mit unserer Software Ihren pers\u00f6nlichen Versicherungsverlauf.<\/p>\n<\/div>\n<\/div>\n<\/div><div class=\"fusion-clearfix\"><\/div><\/div><\/div><\/div><\/div><div class=\"fusion-fullwidth fullwidth-box fusion-builder-row-2 header-desktop nonhundred-percent-fullwidth non-hundred-percent-height-scrolling\" style=\"--awb-border-radius-top-left:0px;--awb-border-radius-top-right:0px;--awb-border-radius-bottom-right:0px;--awb-border-radius-bottom-left:0px;--awb-flex-wrap:wrap;\" ><div class=\"fusion-builder-row fusion-row\"><div class=\"fusion-layout-column fusion_builder_column fusion-builder-column-2 fusion_builder_column_1_2 1_2 fusion-one-half fusion-column-first\" style=\"--awb-bg-blend:overlay;--awb-bg-size:cover;width:50%;width:calc(50% - ( ( 4% ) * 0.5 ) );margin-right: 4%;\"><div class=\"fusion-column-wrapper fusion-flex-column-wrapper-legacy\"><div class=\"fusion-title title fusion-title-2 fusion-sep-none fusion-title-text fusion-title-size-one\"><h1 class=\"fusion-title-heading title-heading-left fusion-responsive-typography-calculated\" style=\"margin:0;--fontSize:48.75;line-height:1.2;\"><strong>Prisma Direktversicherung Bertrandt<\/strong><\/h1><\/div><div class=\"fusion-title title fusion-title-3 fusion-sep-none fusion-title-text fusion-title-size-two\"><h2 class=\"fusion-title-heading title-heading-left fusion-responsive-typography-calculated\" style=\"margin:0;--fontSize:41.25;line-height:1.2;\">Sustainability-related disclosure<\/h2><\/div><div class=\"fusion-clearfix\"><\/div><\/div><\/div><div class=\"fusion-layout-column fusion_builder_column fusion-builder-column-3 fusion_builder_column_1_2 1_2 fusion-one-half fusion-column-last\" style=\"--awb-bg-blend:overlay;--awb-bg-size:cover;width:50%;width:calc(50% - ( ( 4% ) * 0.5 ) );\"><div class=\"fusion-column-wrapper fusion-flex-column-wrapper-legacy\"><div class=\"fusion-image-element fusion-image-align-center in-legacy-container\" style=\"text-align:center;--awb-caption-title-font-family:var(--h2_typography-font-family);--awb-caption-title-font-weight:var(--h2_typography-font-weight);--awb-caption-title-font-style:var(--h2_typography-font-style);--awb-caption-title-size:var(--h2_typography-font-size);--awb-caption-title-transform:var(--h2_typography-text-transform);--awb-caption-title-line-height:var(--h2_typography-line-height);--awb-caption-title-letter-spacing:var(--h2_typography-letter-spacing);\"><div class=\"imageframe-align-center\"><span class=\" fusion-imageframe imageframe-none imageframe-2 hover-type-none\"><img decoding=\"async\" width=\"900\" height=\"600\" title=\"Direktversicherung_Seite_900x600\" src=\"https:\/\/www.prismalife.com\/wp-content\/uploads\/2019\/04\/Direktversicherung_Seite_900x600.jpg\" data-orig-src=\"https:\/\/www.prismalife.com\/wp-content\/uploads\/2019\/04\/Direktversicherung_Seite_900x600.jpg\" alt class=\"lazyload img-responsive wp-image-6237\" srcset=\"data:image\/svg+xml,%3Csvg%20xmlns%3D%27http%3A%2F%2Fwww.w3.org%2F2000%2Fsvg%27%20width%3D%27900%27%20height%3D%27600%27%20viewBox%3D%270%200%20900%20600%27%3E%3Crect%20width%3D%27900%27%20height%3D%27600%27%20fill-opacity%3D%220%22%2F%3E%3C%2Fsvg%3E\" data-srcset=\"https:\/\/www.prismalife.com\/wp-content\/uploads\/2019\/04\/Direktversicherung_Seite_900x600-200x133.jpg 200w, https:\/\/www.prismalife.com\/wp-content\/uploads\/2019\/04\/Direktversicherung_Seite_900x600-400x267.jpg 400w, https:\/\/www.prismalife.com\/wp-content\/uploads\/2019\/04\/Direktversicherung_Seite_900x600-600x400.jpg 600w, https:\/\/www.prismalife.com\/wp-content\/uploads\/2019\/04\/Direktversicherung_Seite_900x600-800x533.jpg 800w, https:\/\/www.prismalife.com\/wp-content\/uploads\/2019\/04\/Direktversicherung_Seite_900x600.jpg 900w\" data-sizes=\"auto\" data-orig-sizes=\"(max-width: 800px) 100vw, 800px\" \/><\/span><\/div><\/div><div class=\"fusion-clearfix\"><\/div><\/div><\/div><\/div><\/div><div class=\"fusion-fullwidth fullwidth-box fusion-builder-row-3 nonhundred-percent-fullwidth non-hundred-percent-height-scrolling\" style=\"--awb-border-radius-top-left:0px;--awb-border-radius-top-right:0px;--awb-border-radius-bottom-right:0px;--awb-border-radius-bottom-left:0px;--awb-margin-top:40px;--awb-flex-wrap:wrap;\" ><div class=\"fusion-builder-row fusion-row\"><div class=\"fusion-layout-column fusion_builder_column fusion-builder-column-4 fusion_builder_column_1_1 1_1 fusion-one-full fusion-column-first fusion-column-last\" style=\"--awb-bg-blend:overlay;--awb-bg-size:cover;\"><div class=\"fusion-column-wrapper fusion-flex-column-wrapper-legacy\"><div class=\"fusion-title title fusion-title-4 fusion-sep-none fusion-title-text fusion-title-size-five\"><h5 class=\"fusion-title-heading title-heading-left fusion-responsive-typography-calculated\" style=\"margin:0;--fontSize:33.375;line-height:1.2;\">1. Summary<\/h5><\/div><div class=\"fusion-text fusion-text-2\"><p>Ecological or social features are advertised with this product, as sustainable investment options can be selected in the savings phase. In the pension phase, the protection assets of PrismaLife AG are also advertised with ecological and social features (<a href=\"https:\/\/www.prismalife.com\/en\/sustainability-related-disclosures\">link Sustainability-related disclosure on the security and special assets<\/a>). Detailed information on the ecological or social features of the selectable funds and on the protection assets can be accessed via the download links in the fund information.<\/p>\n<\/div><div class=\"fusion-title title fusion-title-5 fusion-sep-none fusion-title-text fusion-title-size-five\"><h5 class=\"fusion-title-heading title-heading-left fusion-responsive-typography-calculated\" style=\"margin:0;--fontSize:33.375;line-height:1.2;\">2. No sustainable investment objective<\/h5><\/div><div class=\"fusion-text fusion-text-3\"><p>This financial product advertises environmental or social features, but does not aim at sustainable investments.<\/p>\n<\/div><div class=\"fusion-title title fusion-title-6 fusion-sep-none fusion-title-text fusion-title-size-five\"><h5 class=\"fusion-title-heading title-heading-left fusion-responsive-typography-calculated\" style=\"margin:0;--fontSize:33.375;line-height:1.2;\">3. Environmental or social characteristics of the financial product<\/h5><\/div><div class=\"fusion-text fusion-text-4\"><p>This product offers a varying share in the free fund investment during the accumulation phase depending on your chosen guarantee level. Our range of funds includes funds that aim for sustainable investments (EU SFDR Art. 9), funds that promote environmental or social features (EU SFDR Art. 8) and funds that do not pursue an explicit sustainability strategy. The current selection can be found in the document &#8220;Fund Information&#8221;.<br \/>\nFor the portion of your investment that cannot be freely selected and during the pension phase, the funds are invested in PrismaLife&#8217;s protection assets. The protection assets promote ecological or social features. Details on this can be found on our homepage in the sustainability-related disclosures on the protection and special assets of PrismaLife AG (<a href=\"https:\/\/www.prismalife.com\/en\/sustainability-related-disclosures\">Link<\/a>).<br \/>\nDetailed information on the environmental or social characteristics of the eligible funds can be found for funds pursuant to Art. 8 and 9 EU SFDR in the pre-contractual ESG information prepared by the respective capital management companies. For all other funds, you will find information on dealing with sustainability risks in the fund prospectuses. Both documents can be accessed via download links in the <a href=\"https:\/\/www.prismalife.com\/en\/funds\/funds-n\/\">fund information<\/a>.<\/p>\n<\/div><div class=\"fusion-title title fusion-title-7 fusion-sep-none fusion-title-text fusion-title-size-five\"><h5 class=\"fusion-title-heading title-heading-left fusion-responsive-typography-calculated\" style=\"margin:0;--fontSize:33.375;line-height:1.2;\">4. Investment strategy<\/h5><\/div><div class=\"fusion-text fusion-text-5\"><p>You are free to determine part of your investment strategy during the savings phase by choosing the funds that suit you from our range of funds. You can choose from investment funds that pursue sustainable investment strategies and those that do not include sustainability aspects in their investment strategy.<br \/>\nExamples of criteria that funds may include in their investment decision are the following topics:<\/p>\n<ul>\n<li>Environmental: conservation of wildlife, protection of natural resources, the atmosphere and coastal waters, mitigation of land degradation and climate change, avoidance of encroachment on ecosystems and loss of biodiversity<\/li>\n<li>Social: universal human rights, prohibition of child labour and forced labour, mandatory non-discrimination, health and safety at work, fair working conditions and adequate pay<\/li>\n<li>Good corporate governance: corporate principles of the International Corporate Governance Network, anti-corruption principles<\/li>\n<\/ul>\n<\/div><div class=\"fusion-title title fusion-title-8 fusion-sep-none fusion-title-text fusion-title-size-five\"><h5 class=\"fusion-title-heading title-heading-left fusion-responsive-typography-calculated\" style=\"margin:0;--fontSize:33.375;line-height:1.2;\">5. Allocation of investments<\/h5><\/div><div class=\"fusion-text fusion-text-6\"><p>The allocation of investments depends on your fund selection.<\/p>\n<\/div><div class=\"fusion-title title fusion-title-9 fusion-sep-none fusion-title-text fusion-title-size-five\"><h5 class=\"fusion-title-heading title-heading-left fusion-responsive-typography-calculated\" style=\"margin:0;--fontSize:33.375;line-height:1.2;\">6. Monitoring of environmental or social characteristics<\/h5><\/div><div class=\"fusion-text fusion-text-7\"><p>We continuously monitor the quality of our fund range, including reviewing aspects of sustainability. For this purpose, we use external data providers (currently Morningstar and MSCI ESG Research).<\/p>\n<\/div><div class=\"fusion-title title fusion-title-10 fusion-sep-none fusion-title-text fusion-title-size-five\"><h5 class=\"fusion-title-heading title-heading-left fusion-responsive-typography-calculated\" style=\"margin:0;--fontSize:33.375;line-height:1.2;\">7. Methods for environmental or social characteristics<\/h5><\/div><div class=\"fusion-text fusion-text-8\"><p>The information on the sustainability of the funds published by the capital management companies (KVGs) within the framework of the European ESG Template (EET) is checked for plausibility by our specialists. In the event of findings, we establish a dialogue with the responsible KVGs. In addition, we regularly compare the information from the EET with the assessments of external data providers and make all necessary information available to our clients.<\/p>\n<\/div><div class=\"fusion-title title fusion-title-11 fusion-sep-none fusion-title-text fusion-title-size-five\"><h5 class=\"fusion-title-heading title-heading-left fusion-responsive-typography-calculated\" style=\"margin:0;--fontSize:33.375;line-height:1.2;\">8. Data sources and processing<\/h5><\/div><div class=\"fusion-text fusion-text-9\"><p>PrismaLife obtains data from recognised external data providers specialising in fund data and sustainability analyses (currently Morningstar and MSCI ESG Research). The fund data is integrated into our systems and can thus be made available to customers on a regularly updated basis.<\/p>\n<\/div><div class=\"fusion-title title fusion-title-12 fusion-sep-none fusion-title-text fusion-title-size-five\"><h5 class=\"fusion-title-heading title-heading-left fusion-responsive-typography-calculated\" style=\"margin:0;--fontSize:33.375;line-height:1.2;\">9. Limitation regarding methods and data<\/h5><\/div><div class=\"fusion-text fusion-text-10\"><p>Due to the update intervals in our systems, it is possible that data may not correspond to the daily updated status. Daily updated data can be obtained via the Prisma FundFinder on our homepage.<\/p>\n<\/div><div class=\"fusion-title title fusion-title-13 fusion-sep-none fusion-title-text fusion-title-size-five\"><h5 class=\"fusion-title-heading title-heading-left fusion-responsive-typography-calculated\" style=\"margin:0;--fontSize:33.375;line-height:1.2;\">10. Due diligence obligations<\/h5><\/div><div class=\"fusion-text fusion-text-11\"><p>PrismaLife takes into account the most significant adverse effects of investment decisions on sustainability factors in the areas of the environment, social affairs and employment, respect for human rights and the fight against corruption and bribery in order to maintain due diligence in the investments of the security assets. Special consideration is given to greenhouse gas emissions in the area of the environment and to violations of UNGC principles and involvement in controversial weapons in the area of social affairs and employment. These topics are anchored in the defined exclusion criteria and are regularly monitored.<br \/>\nThis ensures that investments are not made in companies and\/or financial instruments with particularly high adverse impacts on sustainability factors. If an increase in adverse impacts is identified in existing investments, it is examined whether the affected positions can be reduced.<\/p>\n<\/div><div class=\"fusion-title title fusion-title-14 fusion-sep-none fusion-title-text fusion-title-size-five\"><h5 class=\"fusion-title-heading title-heading-left fusion-responsive-typography-calculated\" style=\"margin:0;--fontSize:33.375;line-height:1.2;\">11. Participation policy<\/h5><\/div><div class=\"fusion-text fusion-text-12\"><p>PrismaLife currently does not hold any direct equity investments and can therefore not actively exercise any voting rights in the sense of an ESG commitment. In addition, in view of the comparatively small cover pool, PrismaLife has hardly any opportunities to influence ESG aspects by actively exercising voting rights.<\/p>\n<\/div><div class=\"fusion-clearfix\"><\/div><\/div><\/div><\/div><\/div><div class=\"fusion-fullwidth fullwidth-box fusion-builder-row-4 has-pattern-background has-mask-background hideMyContent nonhundred-percent-fullwidth non-hundred-percent-height-scrolling\" style=\"--awb-border-radius-top-left:0px;--awb-border-radius-top-right:0px;--awb-border-radius-bottom-right:0px;--awb-border-radius-bottom-left:0px;--awb-margin-top:40px;--awb-flex-wrap:wrap;\" ><div class=\"fusion-builder-row fusion-row\"><div class=\"fusion-layout-column fusion_builder_column fusion-builder-column-5 fusion_builder_column_1_1 1_1 fusion-one-full fusion-column-first fusion-column-last\" style=\"--awb-bg-blend:overlay;--awb-bg-size:cover;\"><div class=\"fusion-column-wrapper fusion-flex-column-wrapper-legacy\"><div class=\"fusion-text fusion-text-13\"><h3 style=\"text-align: center;\">Weitere Informationen<\/h3>\n<\/div><div class=\"fusion-clearfix\"><\/div><\/div><\/div><\/div><\/div><div class=\"fusion-fullwidth fullwidth-box fusion-builder-row-5 has-pattern-background has-mask-background hideMyContent nonhundred-percent-fullwidth non-hundred-percent-height-scrolling fusion-equal-height-columns\" style=\"--awb-border-radius-top-left:0px;--awb-border-radius-top-right:0px;--awb-border-radius-bottom-right:0px;--awb-border-radius-bottom-left:0px;--awb-margin-bottom:50px;--awb-flex-wrap:wrap;\" ><div class=\"fusion-builder-row fusion-row\"><div class=\"fusion-layout-column fusion_builder_column fusion-builder-column-6 fusion_builder_column_1_2 1_2 fusion-one-half fusion-column-first\" style=\"--awb-padding-top:20px;--awb-padding-right:15px;--awb-padding-bottom:15px;--awb-padding-left:15px;--awb-bg-color:rgba(231,230,230,0.8);--awb-bg-color-hover:rgba(231,230,230,0.8);--awb-bg-blend:overlay;--awb-bg-size:cover;width:50%;width:calc(50% - ( ( 4% ) * 0.5 ) );margin-right: 4%;\"><div class=\"fusion-column-wrapper fusion-flex-column-wrapper-legacy\"><div class=\"fusion-text fusion-text-14\"><h4>Fondsinformationen<\/h4>\n<p style=\"padding-bottom: 50px;\">In unserer breit gef\u00e4cherten Fondspalette stehen Ihnen mehr als 100 Fonds zur Auswahl. Darunter ETFs, Aktienfonds, Rentenfonds, Geldmarktfonds, Themenfonds, Umwelt- und Nachhaltigkeitsfonds, Regionenfonds und verm\u00f6gensverwaltende Mischfonds.<\/p>\n<div class=\"teaser-pfeil-box\">\n<p style=\"color: #fff;\"><img decoding=\"async\" class=\"lazyload text-link-pfeil1\" src=\"data:image\/svg+xml,%3Csvg%20xmlns%3D%27http%3A%2F%2Fwww.w3.org%2F2000%2Fsvg%27%20width%3D%2758%27%20height%3D%2715%27%20viewBox%3D%270%200%2058%2015%27%3E%3Crect%20width%3D%2758%27%20height%3D%2715%27%20fill-opacity%3D%220%22%2F%3E%3C%2Fsvg%3E\" data-orig-src=\"https:\/\/www.prismalife.com\/wp-content\/uploads\/2019\/04\/arrow_link@2x.png\" alt=\"\" width=\"58\" height=\"15\" \/><a class=\"textlink-teaser-weiss\" href=\"https:\/\/www.prismalife.com\/fonds\/\">Fondsinformationen<\/a><\/p>\n<\/div>\n<\/div><div class=\"fusion-clearfix\"><\/div><\/div><\/div><div class=\"fusion-layout-column fusion_builder_column fusion-builder-column-7 fusion_builder_column_1_2 1_2 fusion-one-half fusion-column-last\" style=\"--awb-padding-top:20px;--awb-padding-right:15px;--awb-padding-bottom:0px;--awb-padding-left:15px;--awb-bg-color:rgba(0,140,132,0.1);--awb-bg-color-hover:rgba(0,140,132,0.1);--awb-bg-blend:overlay;--awb-bg-size:cover;width:50%;width:calc(50% - ( ( 4% ) * 0.5 ) );\"><div class=\"fusion-column-wrapper fusion-flex-column-wrapper-legacy\"><div class=\"fusion-text fusion-text-15\"><h6>Ben\u00f6tigen Sie Hilfe?<\/h6>\n<p>Bei der Suche eines Beraters in Ihrer N\u00e4he helfen wir Ihnen gerne.<\/p>\n<\/div><div class=\"fusion-aligncenter\"><a class=\"fusion-button button-flat button-xlarge button-custom fusion-button-default button-1 fusion-button-default-span fusion-button-default-type kontakt-button\" style=\"--button_accent_color:#008c84;--button_border_color:#008c84;--button_accent_hover_color:#008c84;--button_border_hover_color:#008c84;--button_border_width-top:1px;--button_border_width-right:1px;--button_border_width-bottom:1px;--button_border_width-left:1px;--button_gradient_top_color:#ffffff;--button_gradient_bottom_color:#ffffff;--button_gradient_top_color_hover:#ffffff;--button_gradient_bottom_color_hover:#ffffff;\" target=\"_self\" href=\"https:\/\/www.prismalife.com\/kontakt\/\"><span class=\"fusion-button-text awb-button__text awb-button__text--default\">Kontaktieren Sie uns<\/span><\/a><\/div><div class=\"fusion-clearfix\"><\/div><\/div><\/div><\/div><\/div><\/p>","protected":false},"excerpt":{"rendered":"","protected":false},"author":7,"featured_media":0,"parent":11619,"menu_order":0,"comment_status":"closed","ping_status":"closed","template":"100-width.php","meta":{"footnotes":""},"class_list":["post-22655","page","type-page","status-publish","hentry"],"_links":{"self":[{"href":"https:\/\/www.prismalife.com\/en\/wp-json\/wp\/v2\/pages\/22655","targetHints":{"allow":["GET"]}}],"collection":[{"href":"https:\/\/www.prismalife.com\/en\/wp-json\/wp\/v2\/pages"}],"about":[{"href":"https:\/\/www.prismalife.com\/en\/wp-json\/wp\/v2\/types\/page"}],"author":[{"embeddable":true,"href":"https:\/\/www.prismalife.com\/en\/wp-json\/wp\/v2\/users\/7"}],"replies":[{"embeddable":true,"href":"https:\/\/www.prismalife.com\/en\/wp-json\/wp\/v2\/comments?post=22655"}],"version-history":[{"count":4,"href":"https:\/\/www.prismalife.com\/en\/wp-json\/wp\/v2\/pages\/22655\/revisions"}],"predecessor-version":[{"id":27628,"href":"https:\/\/www.prismalife.com\/en\/wp-json\/wp\/v2\/pages\/22655\/revisions\/27628"}],"up":[{"embeddable":true,"href":"https:\/\/www.prismalife.com\/en\/wp-json\/wp\/v2\/pages\/11619"}],"wp:attachment":[{"href":"https:\/\/www.prismalife.com\/en\/wp-json\/wp\/v2\/media?parent=22655"}],"curies":[{"name":"wp","href":"https:\/\/api.w.org\/{rel}","templated":true}]}}