{"id":5597,"date":"2019-08-19T13:52:06","date_gmt":"2019-08-19T11:52:06","guid":{"rendered":"https:\/\/www.prismalife.com\/?page_id=5597"},"modified":"2021-06-08T11:34:57","modified_gmt":"2021-06-08T09:34:57","slug":"seminar-special","status":"publish","type":"page","link":"https:\/\/www.prismalife.com\/en\/seminar-special\/","title":{"rendered":"Seminar-Spezial"},"content":{"rendered":"<p><div class=\"fusion-fullwidth fullwidth-box fusion-builder-row-1 nonhundred-percent-fullwidth non-hundred-percent-height-scrolling\" style=\"--awb-border-radius-top-left:0px;--awb-border-radius-top-right:0px;--awb-border-radius-bottom-right:0px;--awb-border-radius-bottom-left:0px;--awb-flex-wrap:wrap;\" ><div class=\"fusion-builder-row fusion-row\"><div class=\"fusion-layout-column fusion_builder_column fusion-builder-column-0 fusion_builder_column_1_2 1_2 fusion-one-half fusion-column-first\" style=\"--awb-bg-size:cover;width:50%;width:calc(50% - ( ( 4% ) * 0.5 ) );margin-right: 4%;\"><div class=\"fusion-column-wrapper fusion-flex-column-wrapper-legacy\"><div class=\"fusion-text fusion-text-1\"><h1>Informationen zum Seminar<\/h1>\n<\/div><div class=\"fusion-text fusion-text-2\"><div id=\"flex-content\">\n<div class=\"img-content\"><img decoding=\"async\" class=\"lazyload pfeil\" src=\"data:image\/svg+xml,%3Csvg%20xmlns%3D%27http%3A%2F%2Fwww.w3.org%2F2000%2Fsvg%27%20width%3D%2714%27%20height%3D%2728%27%20viewBox%3D%270%200%2014%2028%27%3E%3Crect%20width%3D%2714%27%20height%3D%2728%27%20fill-opacity%3D%220%22%2F%3E%3C%2Fsvg%3E\" data-orig-src=\"https:\/\/www.prismalife.com\/wp-content\/uploads\/2019\/03\/pfeil-content.png\" alt=\"\" \/><\/div>\n<div class=\"text-content\">\n<div style=\"clear: both;\">\n<p>Sehr geehrte Damen und Herren<\/p>\n<p>Vielen Dank f\u00fcr Ihr Interesse an unseren Seminaren. Falls nicht schon geschehen, bitten wir Sie, sich mittels nebenstehenden Formulars zu registrieren. Sie erhalten dann eine E-Mail mit der Anmeldebest\u00e4tigung zum gew\u00e4hlten Seminar und einem PDF mit genaueren Infos und dem Link zur Teilnahme.<\/p>\n<\/div>\n<\/div>\n<\/div>\n<\/div><div class=\"fusion-clearfix\"><\/div><\/div><\/div><div class=\"fusion-layout-column fusion_builder_column fusion-builder-column-1 fusion_builder_column_1_2 1_2 fusion-one-half fusion-column-last\" style=\"--awb-padding-top:20px;--awb-padding-right:20px;--awb-padding-bottom:20px;--awb-padding-left:20px;--awb-bg-size:cover;width:50%;width:calc(50% - ( ( 4% ) * 0.5 ) );\"><div class=\"fusion-column-wrapper fusion-flex-column-wrapper-legacy\"><div class=\"fusion-text fusion-text-3\"><h1><\/h1>\n<\/div><div class=\"fusion-text fusion-text-4\"><p style=\"background: rgba(156,155,155,0.2); padding: 1em;\">F\u00fcr dieses Seminar schreiben wir Ihnen Weiterbildungszeiten entsprechend den gesetzlichen Vorgaben gut. Sofern Sie ein Konto bei der Brancheninitiative \u00abgut beraten\u00bb haben, bitten wir Sie, uns Ihre \u00abgut beraten\u00bb-ID mitzuteilen. Ihre Bildungszeiten werden dann auf Ihrem Weiterbildungskonto automatisch gutgeschrieben.<\/p>\n<\/div><div class=\"fusion-clearfix\"><\/div><\/div><\/div><\/div><\/div><div class=\"fusion-fullwidth fullwidth-box fusion-builder-row-2 nonhundred-percent-fullwidth non-hundred-percent-height-scrolling\" style=\"--awb-border-radius-top-left:0px;--awb-border-radius-top-right:0px;--awb-border-radius-bottom-right:0px;--awb-border-radius-bottom-left:0px;--awb-padding-top:30px;--awb-padding-bottom:30px;--awb-margin-top:50px;--awb-margin-bottom:50px;--awb-background-color:rgba(0,140,132,0.1);--awb-flex-wrap:wrap;\" ><div class=\"fusion-builder-row fusion-row\"><div class=\"fusion-layout-column fusion_builder_column fusion-builder-column-2 fusion_builder_column_1_2 1_2 fusion-one-half fusion-column-first\" style=\"--awb-padding-left:20px;--awb-bg-size:cover;width:50%;width:calc(50% - ( ( 4% ) * 0.5 ) );margin-right: 4%;\"><div class=\"fusion-column-wrapper fusion-flex-column-wrapper-legacy\"><div class=\"fusion-text fusion-text-5\"><h5>Aktuell bieten wir Ihnen folgende Seminare an:<\/h5>\n<\/div><div class=\"fusion-text fusion-text-6\"><p>Bitte beachten Sie, dass wir bei Angabe Ihrer \u00abgut beraten\u00bb-ID Ihre personenbezogenen Daten (Namen, E-Mail-Adresse, \u00abgut beraten\u00bb-ID) an \u00abgut beraten\u00bb zur Gutschrift Ihrer Weiterbildungszeiten \u00fcbermitteln werden. Sollten Sie uns keine \u00abgut beraten\u00bb-ID mitteilen, werden wir keine Daten an \u00abgut beraten\u00bb weitergeben. Sofern Sie unseren Service nicht \/ nicht mehr w\u00fcnschen, geben Sie uns bitte per E-Mail Bescheid.<\/p>\n<\/div><div class=\"fusion-clearfix\"><\/div><\/div><\/div><div class=\"fusion-layout-column fusion_builder_column fusion-builder-column-3 fusion_builder_column_1_2 1_2 fusion-one-half fusion-column-last\" style=\"--awb-bg-size:cover;width:50%;width:calc(50% - ( ( 4% ) * 0.5 ) );\"><div class=\"fusion-column-wrapper fusion-flex-column-wrapper-legacy\"><div class=\"accordian fusion-accordian\" style=\"--awb-border-size:0px;--awb-icon-size:32px;--awb-content-font-size:1.25em;--awb-icon-alignment:right;--awb-hover-color:#ffffff;--awb-border-color:#ffffff;--awb-background-color:#ffffff;--awb-divider-color:#e0dede;--awb-divider-hover-color:#e0dede;--awb-icon-color:#008c84;--awb-title-color:#008c84;--awb-content-color:#020202;--awb-icon-box-color:#ffffff;--awb-toggle-hover-accent-color:#008c84;--awb-title-font-family:&quot;Source Sans Pro&quot;;--awb-title-font-weight:700;--awb-title-font-style:normal;--awb-title-font-size:0.8em;--awb-content-font-family:&quot;Source Serif Pro&quot;;--awb-content-font-style:normal;--awb-content-font-weight:300;\"><div class=\"panel-group fusion-toggle-icon-right fusion-toggle-icon-unboxed\" id=\"accordion-5597-1\"><div class=\"fusion-panel panel-default panel-00b4e3dd63aff7bc0 fusion-toggle-no-divider\"><div class=\"panel-heading\"><h4 class=\"panel-title toggle\" id=\"toggle_00b4e3dd63aff7bc0\"><a aria-expanded=\"false\" aria-controls=\"00b4e3dd63aff7bc0\" role=\"button\" data-toggle=\"collapse\" data-parent=\"#accordion-5597-1\" data-target=\"#00b4e3dd63aff7bc0\" href=\"#00b4e3dd63aff7bc0\"><span class=\"fusion-toggle-icon-wrapper\" aria-hidden=\"true\"><i class=\"fa-fusion-box active-icon awb-icon-minus\" aria-hidden=\"true\"><\/i><i class=\"fa-fusion-box inactive-icon awb-icon-plus\" aria-hidden=\"true\"><\/i><\/span><span class=\"fusion-toggle-heading\">16.06.2021 Produktneuerungen Prisma FlexInvest <\/span><\/a><\/h4><\/div><div id=\"00b4e3dd63aff7bc0\" class=\"panel-collapse collapse \" aria-labelledby=\"toggle_00b4e3dd63aff7bc0\"><div class=\"panel-body toggle-content fusion-clearfix\">\n<p style=\"font-weight: bold;\">Zielgruppe:<\/p>\n<p>Unabh\u00e4ngige Versicherungsvermittler mit Schwerpunkt Altersvorsorge f\u00fcr Privatkunden und Unternehmen<\/p>\n<p style=\"font-weight: bold;\">Lernziele:<\/p>\n<p>Produktneuerungen Prisma FlexInvest<br \/>\nBesonderheiten und Vorteile des Standortes Liechtenstein, insb. bei aktuellen Marktgegebenheiten<br \/>\nAnlagem\u00f6glichkeiten und R\u00fcckverg\u00fctung der Kick-Backs als Treuebonus<br \/>\nMaximale Flexibili\u00e4t und M\u00f6glichkeiten<\/p>\n<p style=\"font-weight: bold;\">Inhalt:<\/p>\n<p>Marktumfeld<br \/>\nAuszahlungsplan und Umschichtungsmanagement<br \/>\nKostenreduzierung und Treuebonus<br \/>\nCross-Border-Option<br \/>\nAntragsunterlagen<br \/>\nStandortvorteil Liechtenstein<br \/>\nM\u00f6glichkeiten der Flexibilit\u00e4t<\/p>\n<p><strong>Methoden:<\/strong><\/p>\n<p>Virtuelles Seminar \/ Seminar<\/p>\n<p style=\"font-weight: bold;\">Dauer:<\/p>\n<p>45 Min.<\/p>\n<p style=\"font-weight: bold;\">Weiterbildungszeiten:<\/p>\n<p>F\u00fcr die Teilnahme werden Ihnen 45 Minuten bei der Brancheninitiative \u00abgut beraten\u00bb gutgeschrieben<\/p>\n<p style=\"font-weight: bold;\">Seminartermin:<\/p>\n<p>Mittwoch, 16.06.2021, 10.00 Uhr<\/p>\n<\/div><\/div><\/div><div class=\"fusion-panel panel-default panel-a1d3695327c244175 fusion-toggle-no-divider\"><div class=\"panel-heading\"><h4 class=\"panel-title toggle\" id=\"toggle_a1d3695327c244175\"><a aria-expanded=\"false\" aria-controls=\"a1d3695327c244175\" role=\"button\" data-toggle=\"collapse\" data-parent=\"#accordion-5597-1\" data-target=\"#a1d3695327c244175\" href=\"#a1d3695327c244175\"><span class=\"fusion-toggle-icon-wrapper\" aria-hidden=\"true\"><i class=\"fa-fusion-box active-icon awb-icon-minus\" aria-hidden=\"true\"><\/i><i class=\"fa-fusion-box inactive-icon awb-icon-plus\" aria-hidden=\"true\"><\/i><\/span><span class=\"fusion-toggle-heading\">24.06.2021 Produktneuerungen Prisma FlexInvest <\/span><\/a><\/h4><\/div><div id=\"a1d3695327c244175\" class=\"panel-collapse collapse \" aria-labelledby=\"toggle_a1d3695327c244175\"><div class=\"panel-body toggle-content fusion-clearfix\">\n<p>Zielgruppe:<\/p>\n<p>Unabh\u00e4ngige Versicherungsvermittler mit Schwerpunkt Altersvorsorge f\u00fcr Privatkunden und Unternehmen<\/p>\n<p>Lernziele:<\/p>\n<p>Produktneuerungen Prisma FlexInvest<br \/>\nBesonderheiten und Vorteile des Standortes Liechtenstein, insb. bei aktuellen Marktgegebenheiten<br \/>\nAnlagem\u00f6glichkeiten und R\u00fcckverg\u00fctung der Kick-Backs als Treuebonus<br \/>\nMaximale Flexibili\u00e4t und M\u00f6glichkeiten<\/p>\n<p>Inhalt:<\/p>\n<p>Marktumfeld<br \/>\nAuszahlungsplan und Umschichtungsmanagement<br \/>\nKostenreduzierung und Treuebonus<br \/>\nCross-Border-Option<br \/>\nAntragsunterlagen<br \/>\nStandortvorteil Liechtenstein<br \/>\nM\u00f6glichkeiten der Flexibilit\u00e4t<\/p>\n<p><strong>Methoden:<\/strong><\/p>\n<p>Virtuelles Seminar \/ Seminar<\/p>\n<p>Dauer:<\/p>\n<p>45 Min.<\/p>\n<p>Weiterbildungszeiten:<\/p>\n<p>F\u00fcr die Teilnahme werden Ihnen 45 Minuten bei der Brancheninitiative \u00abgut beraten\u00bb gutgeschrieben<\/p>\n<p>Seminartermin:<\/p>\n<p>Mittwoch, 24.06.2021, 10.00 Uhr<\/p>\n<\/div><\/div><\/div><\/div><\/div><div class=\"fusion-clearfix\"><\/div><\/div><\/div><\/div><\/div><div class=\"fusion-fullwidth fullwidth-box fusion-builder-row-3 nonhundred-percent-fullwidth non-hundred-percent-height-scrolling\" style=\"--awb-border-radius-top-left:0px;--awb-border-radius-top-right:0px;--awb-border-radius-bottom-right:0px;--awb-border-radius-bottom-left:0px;--awb-flex-wrap:wrap;\" ><div class=\"fusion-builder-row fusion-row\"><div class=\"fusion-layout-column fusion_builder_column fusion-builder-column-4 fusion_builder_column_1_2 1_2 fusion-one-half fusion-column-first\" style=\"--awb-bg-size:cover;width:50%;width:calc(50% - ( ( 4% ) * 0.5 ) );margin-right: 4%;\"><div class=\"fusion-column-wrapper fusion-flex-column-wrapper-legacy\">\n<div class=\"wpcf7 no-js\" id=\"wpcf7-f5599-o1\" lang=\"de-DE\" dir=\"ltr\" data-wpcf7-id=\"5599\">\n<div class=\"screen-reader-response\"><p role=\"status\" aria-live=\"polite\" aria-atomic=\"true\"><\/p> <ul><\/ul><\/div>\n<form action=\"\/en\/wp-json\/wp\/v2\/pages\/5597#wpcf7-f5599-o1\" method=\"post\" class=\"wpcf7-form init\" aria-label=\"Kontaktformular\" novalidate=\"novalidate\" data-status=\"init\">\n<fieldset class=\"hidden-fields-container\"><input type=\"hidden\" name=\"_wpcf7\" value=\"5599\" \/><input type=\"hidden\" name=\"_wpcf7_version\" value=\"6.1.4\" \/><input type=\"hidden\" name=\"_wpcf7_locale\" value=\"de_DE\" \/><input type=\"hidden\" name=\"_wpcf7_unit_tag\" value=\"wpcf7-f5599-o1\" \/><input type=\"hidden\" name=\"_wpcf7_container_post\" value=\"0\" \/><input type=\"hidden\" name=\"_wpcf7_posted_data_hash\" value=\"\" \/><input type=\"hidden\" name=\"_wpcf7cf_hidden_group_fields\" value=\"[]\" \/><input type=\"hidden\" name=\"_wpcf7cf_hidden_groups\" value=\"[]\" \/><input type=\"hidden\" name=\"_wpcf7cf_visible_groups\" value=\"[]\" \/><input type=\"hidden\" name=\"_wpcf7cf_repeaters\" value=\"[]\" \/><input type=\"hidden\" name=\"_wpcf7cf_steps\" value=\"{}\" \/><input type=\"hidden\" name=\"_wpcf7cf_options\" value=\"{&quot;form_id&quot;:5599,&quot;conditions&quot;:[],&quot;settings&quot;:{&quot;animation&quot;:&quot;yes&quot;,&quot;animation_intime&quot;:200,&quot;animation_outtime&quot;:200,&quot;conditions_ui&quot;:&quot;normal&quot;,&quot;notice_dismissed&quot;:false,&quot;notice_dismissed_rollback-cf7-5.3.2&quot;:true,&quot;notice_dismissed_rollback-cf7-5.5.6&quot;:true,&quot;notice_dismissed_rollback-cf7-5.6&quot;:true,&quot;notice_dismissed_rollback-cf7-5.8.6&quot;:true,&quot;notice_dismissed_update-cf7-5.9.3&quot;:true,&quot;notice_dismissed_rollback-cf7-5.9.4&quot;:true,&quot;notice_dismissed_rollback-cf7-5.9.5&quot;:true}}\" \/>\n<\/fieldset>\n<p><span class=\"wpcf7-form-control-wrap\" data-name=\"Seminar1\"><span class=\"wpcf7-form-control wpcf7-checkbox\" id=\"seminar1\"><span class=\"wpcf7-list-item first last\"><input type=\"checkbox\" name=\"Seminar1[]\" value=\"16.06.2021 Produktneuerung Prisma FlexInvest\" \/><span class=\"wpcf7-list-item-label\">16.06.2021 Produktneuerung Prisma FlexInvest<\/span><\/span><\/span><\/span>\n<\/p>\n<p><span class=\"wpcf7-form-control-wrap\" data-name=\"Seminar1\"><span class=\"wpcf7-form-control wpcf7-checkbox\" id=\"seminar2\"><span class=\"wpcf7-list-item first last\"><input type=\"checkbox\" name=\"Seminar1[]\" value=\"24.06.2021 Produktneuerung Prisma FlexInvest\" \/><span class=\"wpcf7-list-item-label\">24.06.2021 Produktneuerung Prisma FlexInvest<\/span><\/span><\/span><\/span>\n<\/p>\n<p><label> Vorname*<br \/>\n<span class=\"wpcf7-form-control-wrap\" data-name=\"your-firstname\"><input size=\"40\" maxlength=\"400\" class=\"wpcf7-form-control wpcf7-text wpcf7-validates-as-required\" aria-required=\"true\" aria-invalid=\"false\" value=\"\" type=\"text\" name=\"your-firstname\" \/><\/span> <\/label>\n<\/p>\n<p><label> Nachname*<br \/>\n<span class=\"wpcf7-form-control-wrap\" data-name=\"your-lastname\"><input size=\"40\" maxlength=\"400\" class=\"wpcf7-form-control wpcf7-text wpcf7-validates-as-required\" aria-required=\"true\" aria-invalid=\"false\" value=\"\" type=\"text\" name=\"your-lastname\" \/><\/span> <\/label>\n<\/p>\n<p><label> E-Mail-Adresse*<br \/>\n<span class=\"wpcf7-form-control-wrap\" data-name=\"your-email\"><input size=\"40\" maxlength=\"400\" class=\"wpcf7-form-control wpcf7-email wpcf7-validates-as-required wpcf7-text wpcf7-validates-as-email\" aria-required=\"true\" aria-invalid=\"false\" value=\"\" type=\"email\" name=\"your-email\" \/><\/span> <\/label>\n<\/p>\n<p><label> \u00abgut beraten\u00bb - ID<br \/>\n<span class=\"wpcf7-form-control-wrap\" data-name=\"your-subject\"><input size=\"40\" maxlength=\"400\" class=\"wpcf7-form-control wpcf7-text\" aria-invalid=\"false\" value=\"\" type=\"text\" name=\"your-subject\" \/><\/span> <\/label>\n<\/p>\n<p><label> Ihre Nachricht<br \/>\n<span class=\"wpcf7-form-control-wrap\" data-name=\"your-message\"><textarea cols=\"40\" rows=\"10\" maxlength=\"2000\" class=\"wpcf7-form-control wpcf7-textarea\" aria-invalid=\"false\" name=\"your-message\"><\/textarea><\/span> <\/label>\n<\/p>\n<p><span id=\"wpcf7-69d0b976f11f9-wrapper\" class=\"wpcf7-form-control-wrap ht-489-wrap\" style=\"display:none !important; visibility:hidden !important;\"><label for=\"wpcf7-69d0b976f11f9-field\" class=\"hp-message\">Bitte lasse dieses Feld leer.<\/label><input id=\"wpcf7-69d0b976f11f9-field\"  class=\"wpcf7-form-control wpcf7-text\" type=\"text\" name=\"ht-489\" value=\"\" size=\"40\" tabindex=\"-1\" autocomplete=\"new-password\" \/><\/span>\n<\/p>\n<p><span class=\"wpcf7-form-control-wrap\" data-name=\"Datenschutz\"><span class=\"wpcf7-form-control wpcf7-checkbox wpcf7-validates-as-required\"><span class=\"wpcf7-list-item first last\"><input type=\"checkbox\" name=\"Datenschutz[]\" value=\"Datenschutz*\" \/><span class=\"wpcf7-list-item-label\">Datenschutz*<\/span><\/span><\/span><\/span><br \/>\nIch habe die <a href=\"https:\/\/www.prismalife.com\/datenschutz\/\"  target=\"_blank\" rel=\"noopener\">\u00abDatenschutzhinweise zum Umgang mit Ihren Daten bei Kontaktaufnahme mit uns\u00bb<\/a> zur Kenntnis genommen. Meine angegebenen Daten werden zum Zweck der Erstellung und Bearbeitung meiner Anfrage von der PrismaLife AG gespeichert.\n<\/p>\n<p>* Pflichtfelder\n<\/p>\n<p>Bitte \u00fcberpr\u00fcfen Sie noch einmal Ihre Eingaben. Wenn alles in Ordnung ist, dann klicken Sie bitte auf \"SENDEN\".\n<\/p>\n<p><input class=\"wpcf7-form-control wpcf7-submit has-spinner\" type=\"submit\" value=\"Senden\" \/>\n<\/p><input type='hidden' class='wpcf7-pum' value='{\"closepopup\":false,\"closedelay\":0,\"openpopup\":false,\"openpopup_id\":0}' \/><div class=\"fusion-alert alert custom alert-custom fusion-alert-center wpcf7-response-output fusion-alert-capitalize awb-alert-native-link-color alert-dismissable awb-alert-close-boxed\" style=\"--awb-border-size:1px;--awb-border-top-left-radius:0px;--awb-border-top-right-radius:0px;--awb-border-bottom-left-radius:0px;--awb-border-bottom-right-radius:0px;\" role=\"alert\"><div class=\"fusion-alert-content-wrapper\"><span class=\"fusion-alert-content\"><\/span><\/div><button type=\"button\" class=\"close toggle-alert\" data-dismiss=\"alert\" aria-label=\"Close\">&times;<\/button><\/div>\n<\/form>\n<\/div>\n<div class=\"fusion-clearfix\"><\/div><\/div><\/div><div class=\"fusion-layout-column fusion_builder_column fusion-builder-column-5 fusion_builder_column_1_2 1_2 fusion-one-half fusion-column-last\" style=\"--awb-bg-size:cover;width:50%;width:calc(50% - ( ( 4% ) * 0.5 ) );\"><div class=\"fusion-column-wrapper fusion-flex-column-wrapper-legacy\"><div class=\"fusion-image-element fusion-image-align-center in-legacy-container\" style=\"text-align:center;--awb-caption-title-font-family:var(--h2_typography-font-family);--awb-caption-title-font-weight:var(--h2_typography-font-weight);--awb-caption-title-font-style:var(--h2_typography-font-style);--awb-caption-title-size:var(--h2_typography-font-size);--awb-caption-title-transform:var(--h2_typography-text-transform);--awb-caption-title-line-height:var(--h2_typography-line-height);--awb-caption-title-letter-spacing:var(--h2_typography-letter-spacing);\"><div class=\"imageframe-align-center\"><span class=\" fusion-imageframe imageframe-none imageframe-1 hover-type-none\"><img decoding=\"async\" width=\"200\" height=\"240\" title=\"gut-beraten\" src=\"https:\/\/www.prismalife.com\/wp-content\/uploads\/2019\/04\/gut-beraten.png\" data-orig-src=\"https:\/\/www.prismalife.com\/wp-content\/uploads\/2019\/04\/gut-beraten-200x240.png\" alt class=\"lazyload img-responsive wp-image-6145\" srcset=\"data:image\/svg+xml,%3Csvg%20xmlns%3D%27http%3A%2F%2Fwww.w3.org%2F2000%2Fsvg%27%20width%3D%27363%27%20height%3D%27436%27%20viewBox%3D%270%200%20363%20436%27%3E%3Crect%20width%3D%27363%27%20height%3D%27436%27%20fill-opacity%3D%220%22%2F%3E%3C%2Fsvg%3E\" data-srcset=\"https:\/\/www.prismalife.com\/wp-content\/uploads\/2019\/04\/gut-beraten-200x240.png 200w, https:\/\/www.prismalife.com\/wp-content\/uploads\/2019\/04\/gut-beraten.png 363w\" data-sizes=\"auto\" data-orig-sizes=\"(max-width: 800px) 100vw, 200px\" \/><\/span><\/div><\/div><div class=\"fusion-clearfix\"><\/div><\/div><\/div><\/div><\/div><\/p>","protected":false},"excerpt":{"rendered":"","protected":false},"author":1,"featured_media":0,"parent":0,"menu_order":0,"comment_status":"closed","ping_status":"closed","template":"100-width.php","meta":{"footnotes":""},"class_list":["post-5597","page","type-page","status-publish","hentry"],"_links":{"self":[{"href":"https:\/\/www.prismalife.com\/en\/wp-json\/wp\/v2\/pages\/5597","targetHints":{"allow":["GET"]}}],"collection":[{"href":"https:\/\/www.prismalife.com\/en\/wp-json\/wp\/v2\/pages"}],"about":[{"href":"https:\/\/www.prismalife.com\/en\/wp-json\/wp\/v2\/types\/page"}],"author":[{"embeddable":true,"href":"https:\/\/www.prismalife.com\/en\/wp-json\/wp\/v2\/users\/1"}],"replies":[{"embeddable":true,"href":"https:\/\/www.prismalife.com\/en\/wp-json\/wp\/v2\/comments?post=5597"}],"version-history":[{"count":11,"href":"https:\/\/www.prismalife.com\/en\/wp-json\/wp\/v2\/pages\/5597\/revisions"}],"predecessor-version":[{"id":13932,"href":"https:\/\/www.prismalife.com\/en\/wp-json\/wp\/v2\/pages\/5597\/revisions\/13932"}],"wp:attachment":[{"href":"https:\/\/www.prismalife.com\/en\/wp-json\/wp\/v2\/media?parent=5597"}],"curies":[{"name":"wp","href":"https:\/\/api.w.org\/{rel}","templated":true}]}}