{"id":1140,"date":"2019-04-03T09:16:01","date_gmt":"2019-04-03T09:16:01","guid":{"rendered":"http:\/\/185.44.157.231\/?page_id=1140"},"modified":"2020-02-28T09:46:29","modified_gmt":"2020-02-28T08:46:29","slug":"prisma-flexinvest-at","status":"publish","type":"page","link":"https:\/\/www.prismalife.com\/fr\/prisma-flexinvest-at\/","title":{"rendered":"Prisma FlexInvest (AT)"},"content":{"rendered":"<p><div class=\"fusion-fullwidth fullwidth-box fusion-builder-row-1 flexinvest_at_box1_mobile nonhundred-percent-fullwidth non-hundred-percent-height-scrolling\" style=\"--awb-border-radius-top-left:0px;--awb-border-radius-top-right:0px;--awb-border-radius-bottom-right:0px;--awb-border-radius-bottom-left:0px;--awb-padding-bottom:30px;--awb-flex-wrap:wrap;\" ><div class=\"fusion-builder-row fusion-row\"><div class=\"fusion-layout-column fusion_builder_column fusion-builder-column-0 fusion_builder_column_1_2 1_2 fusion-one-half fusion-column-first\" style=\"--awb-bg-size:cover;width:50%;width:calc(50% - ( ( 4% ) * 0.5 ) );margin-right: 4%;\"><div class=\"fusion-column-wrapper fusion-flex-column-wrapper-legacy\"><div class=\"fusion-text fusion-text-1\"><h1>Prisma FlexInvest (AT)<\/h1>\n<\/div><div class=\"fusion-image-element fusion-image-align-center in-legacy-container\" style=\"text-align:center;--awb-caption-title-font-family:var(--h2_typography-font-family);--awb-caption-title-font-weight:var(--h2_typography-font-weight);--awb-caption-title-font-style:var(--h2_typography-font-style);--awb-caption-title-size:var(--h2_typography-font-size);--awb-caption-title-transform:var(--h2_typography-text-transform);--awb-caption-title-line-height:var(--h2_typography-line-height);--awb-caption-title-letter-spacing:var(--h2_typography-letter-spacing);\"><div class=\"imageframe-align-center\"><span class=\" fusion-imageframe imageframe-none imageframe-1 hover-type-none\"><img decoding=\"async\" width=\"900\" height=\"600\" title=\"FlexInvest_Seite_900x600\" src=\"https:\/\/www.prismalife.com\/wp-content\/uploads\/2019\/04\/FlexInvest_Seite_900x600.jpg\" data-orig-src=\"https:\/\/www.prismalife.com\/wp-content\/uploads\/2019\/04\/FlexInvest_Seite_900x600.jpg\" alt class=\"lazyload img-responsive wp-image-2778\" srcset=\"data:image\/svg+xml,%3Csvg%20xmlns%3D%27http%3A%2F%2Fwww.w3.org%2F2000%2Fsvg%27%20width%3D%27900%27%20height%3D%27600%27%20viewBox%3D%270%200%20900%20600%27%3E%3Crect%20width%3D%27900%27%20height%3D%27600%27%20fill-opacity%3D%220%22%2F%3E%3C%2Fsvg%3E\" data-srcset=\"https:\/\/www.prismalife.com\/wp-content\/uploads\/2019\/04\/FlexInvest_Seite_900x600-200x133.jpg 200w, https:\/\/www.prismalife.com\/wp-content\/uploads\/2019\/04\/FlexInvest_Seite_900x600-400x267.jpg 400w, https:\/\/www.prismalife.com\/wp-content\/uploads\/2019\/04\/FlexInvest_Seite_900x600-600x400.jpg 600w, https:\/\/www.prismalife.com\/wp-content\/uploads\/2019\/04\/FlexInvest_Seite_900x600-800x533.jpg 800w, https:\/\/www.prismalife.com\/wp-content\/uploads\/2019\/04\/FlexInvest_Seite_900x600.jpg 900w\" data-sizes=\"auto\" data-orig-sizes=\"(max-width: 800px) 100vw, 800px\" \/><\/span><\/div><\/div><div class=\"fusion-clearfix\"><\/div><\/div><\/div><div class=\"fusion-layout-column fusion_builder_column fusion-builder-column-1 fusion_builder_column_1_2 1_2 fusion-one-half fusion-column-last\" style=\"--awb-bg-size:cover;width:50%;width:calc(50% - ( ( 4% ) * 0.5 ) );\"><div class=\"fusion-column-wrapper fusion-flex-column-wrapper-legacy\"><div class=\"fusion-text fusion-text-2 ukasse-box1-text\"><div id=\"flex-content\">\n<div class=\"img-content\"><img decoding=\"async\" class=\"lazyload pfeil\" src=\"data:image\/svg+xml,%3Csvg%20xmlns%3D%27http%3A%2F%2Fwww.w3.org%2F2000%2Fsvg%27%20width%3D%2714%27%20height%3D%2728%27%20viewBox%3D%270%200%2014%2028%27%3E%3Crect%20width%3D%2714%27%20height%3D%2728%27%20fill-opacity%3D%220%22%2F%3E%3C%2Fsvg%3E\" data-orig-src=\"https:\/\/www.prismalife.com\/wp-content\/uploads\/2019\/03\/pfeil-content.png\" alt=\"\" \/><\/div>\n<div class=\"text-content\">\n<div style=\"clear: both;\">\n<p>Entspannt in Ihre finanzielle Zukunft blicken. Prisma FlexInvest ist eine fondsgebundene Rentenversicherung f\u00fcr Ihre private Vorsorge. Sie passt sich Ihren individuellen Lebensumst\u00e4nden an und bietet Ihnen maximale Flexibilit\u00e4t in jeder Lebensphase. Profitieren Sie jetzt von den vielf\u00e4ltigen Anlagem\u00f6glichkeiten und sichern Sie Ihre Rente.<\/p>\n<p>Einzahlungen sind als Einmalbeitrag oder als laufende Beitragszahlungen m\u00f6glich. Dar\u00fcber hinaus k\u00f6nnen dynamische Anpassungen vereinbart werden.<br \/>\nZusammen mit Ihrem Berater w\u00e4hlen Sie die zu Ihnen passenden Beitr\u00e4ge. Ihr Berater berechnet mit unserer Software Ihren pers\u00f6nlichen Versicherungsverlauf.<\/p>\n<\/div>\n<\/div>\n<\/div>\n<\/div><div class=\"fusion-clearfix\"><\/div><\/div><\/div><\/div><\/div><div class=\"fusion-fullwidth fullwidth-box fusion-builder-row-2 flexinvest_at_box1 nonhundred-percent-fullwidth non-hundred-percent-height-scrolling\" style=\"--awb-border-radius-top-left:0px;--awb-border-radius-top-right:0px;--awb-border-radius-bottom-right:0px;--awb-border-radius-bottom-left:0px;--awb-padding-bottom:30px;--awb-margin-top:0px;--awb-margin-bottom:50px;--awb-flex-wrap:wrap;\" ><div class=\"fusion-builder-row fusion-row\"><div class=\"fusion-layout-column fusion_builder_column fusion-builder-column-2 fusion_builder_column_1_2 1_2 fusion-one-half fusion-column-first\" style=\"--awb-bg-size:cover;width:50%;width:calc(50% - ( ( 4% ) * 0.5 ) );margin-right: 4%;\"><div class=\"fusion-column-wrapper fusion-flex-column-wrapper-legacy\"><div class=\"fusion-text fusion-text-3\"><h1>Prisma FlexInvest (AT)<\/h1>\n<\/div><div class=\"fusion-text fusion-text-4\"><div id=\"flex-content\">\n<div class=\"img-content\"><img decoding=\"async\" class=\"lazyload pfeil\" src=\"data:image\/svg+xml,%3Csvg%20xmlns%3D%27http%3A%2F%2Fwww.w3.org%2F2000%2Fsvg%27%20width%3D%2714%27%20height%3D%2728%27%20viewBox%3D%270%200%2014%2028%27%3E%3Crect%20width%3D%2714%27%20height%3D%2728%27%20fill-opacity%3D%220%22%2F%3E%3C%2Fsvg%3E\" data-orig-src=\"https:\/\/www.prismalife.com\/wp-content\/uploads\/2019\/03\/pfeil-content.png\" alt=\"\" \/><\/div>\n<div class=\"text-content\">\n<div style=\"clear: both;\">\n<p>Entspannt in Ihre finanzielle Zukunft blicken. Prisma FlexInvest ist eine fondsgebundene Rentenversicherung f\u00fcr Ihre private Vorsorge. Sie passt sich Ihren individuellen Lebensumst\u00e4nden an und bietet Ihnen maximale Flexibilit\u00e4t in jeder Lebensphase. Profitieren Sie jetzt von den vielf\u00e4ltigen Anlagem\u00f6glichkeiten und sichern Sie Ihre Rente.<\/p>\n<p>Einzahlungen sind als Einmalbeitrag oder als laufende Beitragszahlungen m\u00f6glich. Dar\u00fcber hinaus k\u00f6nnen dynamische Anpassungen vereinbart werden.<br \/>\nZusammen mit Ihrem Berater w\u00e4hlen Sie die zu Ihnen passenden Beitr\u00e4ge. Ihr Berater berechnet mit unserer Software Ihren pers\u00f6nlichen Versicherungsverlauf.<\/p>\n<\/div>\n<\/div>\n<\/div>\n<\/div><div class=\"fusion-clearfix\"><\/div><\/div><\/div><div class=\"fusion-layout-column fusion_builder_column fusion-builder-column-3 fusion_builder_column_1_2 1_2 fusion-one-half fusion-column-last\" style=\"--awb-bg-size:cover;width:50%;width:calc(50% - ( ( 4% ) * 0.5 ) );\"><div class=\"fusion-column-wrapper fusion-flex-column-wrapper-legacy\"><div class=\"fusion-image-element fusion-image-align-center in-legacy-container\" style=\"text-align:center;--awb-caption-title-font-family:var(--h2_typography-font-family);--awb-caption-title-font-weight:var(--h2_typography-font-weight);--awb-caption-title-font-style:var(--h2_typography-font-style);--awb-caption-title-size:var(--h2_typography-font-size);--awb-caption-title-transform:var(--h2_typography-text-transform);--awb-caption-title-line-height:var(--h2_typography-line-height);--awb-caption-title-letter-spacing:var(--h2_typography-letter-spacing);\"><div class=\"imageframe-align-center\"><span class=\" fusion-imageframe imageframe-none imageframe-2 hover-type-none\"><img decoding=\"async\" width=\"900\" height=\"600\" title=\"FlexInvest_Seite_900x600\" src=\"https:\/\/www.prismalife.com\/wp-content\/uploads\/2019\/04\/FlexInvest_Seite_900x600.jpg\" data-orig-src=\"https:\/\/www.prismalife.com\/wp-content\/uploads\/2019\/04\/FlexInvest_Seite_900x600.jpg\" alt class=\"lazyload img-responsive wp-image-2778\" srcset=\"data:image\/svg+xml,%3Csvg%20xmlns%3D%27http%3A%2F%2Fwww.w3.org%2F2000%2Fsvg%27%20width%3D%27900%27%20height%3D%27600%27%20viewBox%3D%270%200%20900%20600%27%3E%3Crect%20width%3D%27900%27%20height%3D%27600%27%20fill-opacity%3D%220%22%2F%3E%3C%2Fsvg%3E\" data-srcset=\"https:\/\/www.prismalife.com\/wp-content\/uploads\/2019\/04\/FlexInvest_Seite_900x600-200x133.jpg 200w, https:\/\/www.prismalife.com\/wp-content\/uploads\/2019\/04\/FlexInvest_Seite_900x600-400x267.jpg 400w, https:\/\/www.prismalife.com\/wp-content\/uploads\/2019\/04\/FlexInvest_Seite_900x600-600x400.jpg 600w, https:\/\/www.prismalife.com\/wp-content\/uploads\/2019\/04\/FlexInvest_Seite_900x600-800x533.jpg 800w, https:\/\/www.prismalife.com\/wp-content\/uploads\/2019\/04\/FlexInvest_Seite_900x600.jpg 900w\" data-sizes=\"auto\" data-orig-sizes=\"(max-width: 800px) 100vw, 800px\" \/><\/span><\/div><\/div><div class=\"fusion-clearfix\"><\/div><\/div><\/div><\/div><\/div><div class=\"fusion-fullwidth fullwidth-box fusion-builder-row-3 nonhundred-percent-fullwidth non-hundred-percent-height-scrolling\" style=\"--awb-border-radius-top-left:0px;--awb-border-radius-top-right:0px;--awb-border-radius-bottom-right:0px;--awb-border-radius-bottom-left:0px;--awb-background-color:rgba(0,140,132,0.1);--awb-flex-wrap:wrap;\" ><div class=\"fusion-builder-row fusion-row\"><div class=\"fusion-layout-column fusion_builder_column fusion-builder-column-4 fusion_builder_column_1_6 1_6 fusion-one-sixth fusion-column-first\" style=\"--awb-bg-size:cover;width:16.666666666667%;width:calc(16.666666666667% - ( ( 4% + 4% ) * 0.16666666666667 ) );margin-right: 4%;\"><div class=\"fusion-column-wrapper fusion-flex-column-wrapper-legacy\"><div class=\"fusion-clearfix\"><\/div><\/div><\/div><div class=\"fusion-layout-column fusion_builder_column fusion-builder-column-5 fusion_builder_column_2_3 2_3 fusion-two-third\" style=\"--awb-padding-top:50px;--awb-padding-bottom:50px;--awb-bg-size:cover;width:66.666666666667%;width:calc(66.666666666667% - ( ( 4% + 4% ) * 0.66666666666667 ) );margin-right: 4%;\"><div class=\"fusion-column-wrapper fusion-flex-column-wrapper-legacy\"><div class=\"fusion-text fusion-text-5\"><h4>Ihre Vorteile:<\/h4>\n<ul>\n<li><span class=\"li-text\">Die gesamte Bandbreite der Anlagem\u00f6glichkeiten: Fonds, Verm\u00f6gensverwaltungen, ETFs<\/span><\/li>\n<li><span class=\"li-text\">Ausgezeichnete Investmentfonds renommierter Fondsgesellschaften<\/span><\/li>\n<li><span class=\"li-text\">Neu: Auswahl nachhaltiger Investments nach ESG-Kriterien<\/span><\/li>\n<li><span class=\"li-text\">Optionale Wertsicherungskonzepte Managed for Life und Ablaufmanagement<\/span><\/li>\n<li><span class=\"li-text\">Exklusives Umschichtungsmanagement<\/span><\/li>\n<li><span class=\"li-text\">Absicherung im Todesfall bis 200\u00a0% der Beitragssumme<\/span><\/li>\n<li><span class=\"li-text\">Zusatzbaustein Beitragsbefreiung bei Berufsunf\u00e4higkeit m\u00f6glich<\/span><\/li>\n<li><span class=\"li-text\">Zuzahlungen oder Entnahmen auch w\u00e4hrend der Laufzeit m\u00f6glich<\/span><\/li>\n<li><span class=\"li-text\">Bei Ablauf Kapitalauszahlung, lebenslange Rente oder Teilverrentung w\u00e4hlbar<\/span><\/li>\n<li><span class=\"li-text\">Als Nettotarif bei Honorarberatern oder als klassischer Bruttotarif erh\u00e4ltlich<\/span><\/li>\n<\/ul>\n<\/div><div class=\"fusion-clearfix\"><\/div><\/div><\/div><div class=\"fusion-layout-column fusion_builder_column fusion-builder-column-6 fusion_builder_column_1_6 1_6 fusion-one-sixth fusion-column-last\" style=\"--awb-bg-size:cover;width:16.666666666667%;width:calc(16.666666666667% - ( ( 4% + 4% ) * 0.16666666666667 ) );\"><div class=\"fusion-column-wrapper fusion-flex-column-wrapper-legacy\"><div class=\"fusion-clearfix\"><\/div><\/div><\/div><\/div><\/div><div class=\"fusion-fullwidth fullwidth-box fusion-builder-row-4 nonhundred-percent-fullwidth non-hundred-percent-height-scrolling\" style=\"--awb-border-radius-top-left:0px;--awb-border-radius-top-right:0px;--awb-border-radius-bottom-right:0px;--awb-border-radius-bottom-left:0px;--awb-margin-top:50px;--awb-flex-wrap:wrap;\" ><div class=\"fusion-builder-row fusion-row\"><div class=\"fusion-layout-column fusion_builder_column fusion-builder-column-7 fusion_builder_column_1_1 1_1 fusion-one-full fusion-column-first fusion-column-last\" style=\"--awb-bg-size:cover;\"><div class=\"fusion-column-wrapper fusion-flex-column-wrapper-legacy\"><div class=\"fusion-text fusion-text-6\"><h3 style=\"text-align: center;\">Weitere Produkte und Informationen<\/h3>\n<\/div><div class=\"fusion-clearfix\"><\/div><\/div><\/div><\/div><\/div><div class=\"fusion-fullwidth fullwidth-box fusion-builder-row-5 teaser nonhundred-percent-fullwidth non-hundred-percent-height-scrolling fusion-equal-height-columns\" style=\"--awb-border-radius-top-left:0px;--awb-border-radius-top-right:0px;--awb-border-radius-bottom-right:0px;--awb-border-radius-bottom-left:0px;--awb-margin-top:20px;--awb-margin-bottom:50px;--awb-flex-wrap:wrap;\" ><div class=\"fusion-builder-row fusion-row\"><div class=\"fusion-layout-column fusion_builder_column fusion-builder-column-8 fusion_builder_column_1_4 1_4 fusion-one-fourth fusion-column-first\" style=\"--awb-bg-size:cover;width:25%;width:calc(25% - ( ( 4% + 4% + 4% ) * 0.25 ) );margin-right: 4%;\"><div class=\"fusion-column-wrapper fusion-flex-column-wrapper-legacy\"><div class=\"fusion-clearfix\"><\/div><\/div><\/div><div class=\"fusion-layout-column fusion_builder_column fusion-builder-column-9 fusion_builder_column_1_4 1_4 fusion-one-fourth\" style=\"--awb-padding-top:20px;--awb-padding-right:15px;--awb-padding-bottom:15px;--awb-padding-left:15px;--awb-bg-color:rgba(231,230,230,0.8);--awb-bg-color-hover:rgba(231,230,230,0.8);--awb-bg-size:cover;width:25%;width:calc(25% - ( ( 4% + 4% + 4% ) * 0.25 ) );margin-right: 4%;\"><div class=\"fusion-column-wrapper fusion-flex-column-wrapper-legacy\"><div class=\"fusion-text fusion-text-7\"><h4>Fondsinformationen<\/h4>\n<p style=\"padding-bottom: 50px;\">In unserer breit gef\u00e4cherten Fondspalette stehen Ihnen mehr als 100 Fonds zur Auswahl. Darunter ETFs, Aktienfonds, Rentenfonds, Geldmarktfonds, Themenfonds, Umwelt- und Nachhaltigkeitsfonds, Regionenfonds und verm\u00f6gensverwaltende Mischfonds.<\/p>\n<div class=\"teaser-pfeil-box\">\n<p style=\"color: #fff;\"><img decoding=\"async\" class=\"lazyload text-link-pfeil1\" src=\"data:image\/svg+xml,%3Csvg%20xmlns%3D%27http%3A%2F%2Fwww.w3.org%2F2000%2Fsvg%27%20width%3D%2758%27%20height%3D%2715%27%20viewBox%3D%270%200%2058%2015%27%3E%3Crect%20width%3D%2758%27%20height%3D%2715%27%20fill-opacity%3D%220%22%2F%3E%3C%2Fsvg%3E\" data-orig-src=\"https:\/\/www.prismalife.com\/wp-content\/uploads\/2019\/04\/arrow_link@2x.png\" alt=\"\" width=\"58\" height=\"15\" \/><a class=\"textlink-teaser-weiss\" href=\"https:\/\/www.prismalife.com\/fondsinformationen\/\">Fondsinformationen<\/a><\/p>\n<\/div>\n<\/div><div class=\"fusion-clearfix\"><\/div><\/div><\/div><div class=\"fusion-layout-column fusion_builder_column fusion-builder-column-10 fusion_builder_column_1_4 1_4 fusion-one-fourth\" style=\"--awb-padding-top:20px;--awb-padding-right:15px;--awb-padding-bottom:15px;--awb-padding-left:15px;--awb-bg-color:rgba(0,140,132,0.1);--awb-bg-color-hover:rgba(0,140,132,0.1);--awb-bg-size:cover;--awb-border-color:#008c84;--awb-border-style:solid;width:25%;width:calc(25% - ( ( 4% + 4% + 4% ) * 0.25 ) );margin-right: 4%;\"><div class=\"fusion-column-wrapper fusion-flex-column-wrapper-legacy\"><div class=\"fusion-text fusion-text-8\"><h6>Ben\u00f6tigen Sie Hilfe?<\/h6>\n<p>Bei der Suche eines Beraters in Ihrer N\u00e4he helfen wir Ihnen gerne.<\/p>\n<\/div><div class=\"fusion-aligncenter\"><a class=\"fusion-button button-flat fusion-button-default-size button-custom fusion-button-default button-1 fusion-button-default-span fusion-button-default-type kontakt-button\" style=\"--button_accent_color:#008c84;--button_border_color:#008c84;--button_accent_hover_color:#008c84;--button_border_hover_color:#008c84;--button_border_width-top:1px;--button_border_width-right:1px;--button_border_width-bottom:1px;--button_border_width-left:1px;--button_gradient_top_color:#ffffff;--button_gradient_bottom_color:#ffffff;--button_gradient_top_color_hover:#ffffff;--button_gradient_bottom_color_hover:#ffffff;\" target=\"_self\" href=\"https:\/\/www.prismalife.com\/kontakt\/\"><span class=\"fusion-button-text awb-button__text awb-button__text--default\">Kontaktieren Sie uns<\/span><\/a><\/div><div class=\"fusion-clearfix\"><\/div><\/div><\/div><div class=\"fusion-layout-column fusion_builder_column fusion-builder-column-11 fusion_builder_column_1_4 1_4 fusion-one-fourth fusion-column-last\" style=\"--awb-bg-size:cover;width:25%;width:calc(25% - ( ( 4% + 4% + 4% ) * 0.25 ) );\"><div class=\"fusion-column-wrapper fusion-flex-column-wrapper-legacy\"><div class=\"fusion-clearfix\"><\/div><\/div><\/div><\/div><\/div><\/p>","protected":false},"excerpt":{"rendered":"","protected":false},"author":1,"featured_media":0,"parent":0,"menu_order":0,"comment_status":"closed","ping_status":"closed","template":"100-width.php","meta":{"footnotes":""},"class_list":["post-1140","page","type-page","status-publish","hentry"],"_links":{"self":[{"href":"https:\/\/www.prismalife.com\/fr\/wp-json\/wp\/v2\/pages\/1140","targetHints":{"allow":["GET"]}}],"collection":[{"href":"https:\/\/www.prismalife.com\/fr\/wp-json\/wp\/v2\/pages"}],"about":[{"href":"https:\/\/www.prismalife.com\/fr\/wp-json\/wp\/v2\/types\/page"}],"author":[{"embeddable":true,"href":"https:\/\/www.prismalife.com\/fr\/wp-json\/wp\/v2\/users\/1"}],"replies":[{"embeddable":true,"href":"https:\/\/www.prismalife.com\/fr\/wp-json\/wp\/v2\/comments?post=1140"}],"version-history":[{"count":2,"href":"https:\/\/www.prismalife.com\/fr\/wp-json\/wp\/v2\/pages\/1140\/revisions"}],"predecessor-version":[{"id":10437,"href":"https:\/\/www.prismalife.com\/fr\/wp-json\/wp\/v2\/pages\/1140\/revisions\/10437"}],"wp:attachment":[{"href":"https:\/\/www.prismalife.com\/fr\/wp-json\/wp\/v2\/media?parent=1140"}],"curies":[{"name":"wp","href":"https:\/\/api.w.org\/{rel}","templated":true}]}}