{"id":13492,"date":"2021-05-12T13:42:25","date_gmt":"2021-05-12T11:42:25","guid":{"rendered":"https:\/\/www.prismalife.com\/?page_id=13492"},"modified":"2021-05-12T13:42:25","modified_gmt":"2021-05-12T11:42:25","slug":"insigncookies","status":"publish","type":"page","link":"https:\/\/www.prismalife.com\/fr\/insigncookies\/","title":{"rendered":"inSign Cookies"},"content":{"rendered":"<p><div class=\"fusion-fullwidth fullwidth-box fusion-builder-row-1 nonhundred-percent-fullwidth non-hundred-percent-height-scrolling\" style=\"--awb-border-radius-top-left:0px;--awb-border-radius-top-right:0px;--awb-border-radius-bottom-right:0px;--awb-border-radius-bottom-left:0px;--awb-flex-wrap:wrap;\" ><div class=\"fusion-builder-row fusion-row\"><div class=\"fusion-layout-column fusion_builder_column fusion-builder-column-0 fusion_builder_column_1_1 1_1 fusion-one-full fusion-column-first fusion-column-last\" style=\"--awb-bg-size:cover;\"><div class=\"fusion-column-wrapper fusion-flex-column-wrapper-legacy\"><div class=\"fusion-text fusion-text-1\"><p class=\"datenschutz-subheadliner\">Hinweis zur Cookie-Verarbeitung zur Nutzung der inSign-Software<\/p>\n<\/div><div class=\"fusion-clearfix\"><\/div><\/div><\/div><\/div><\/div><div class=\"fusion-fullwidth fullwidth-box fusion-builder-row-2 nonhundred-percent-fullwidth non-hundred-percent-height-scrolling\" style=\"--awb-border-radius-top-left:0px;--awb-border-radius-top-right:0px;--awb-border-radius-bottom-right:0px;--awb-border-radius-bottom-left:0px;--awb-flex-wrap:wrap;\" ><div class=\"fusion-builder-row fusion-row\"><div class=\"fusion-layout-column fusion_builder_column fusion-builder-column-1 fusion_builder_column_1_1 1_1 fusion-one-full fusion-column-first fusion-column-last\" style=\"--awb-bg-size:cover;\"><div class=\"fusion-column-wrapper fusion-flex-column-wrapper-legacy\"><div class=\"fusion-text fusion-text-2\"><p class=\"datenschutz-subheadliner\">1. Allgemeine Informationen zu Cookies<\/p>\n<p>Cookies sind Textdateien, die im Zwischenspeicher Ihres Internetbrowsers (z. B. Internet Explorer oder Firefox) abgelegt werden, wenn Sie Webseiten besuchen. Cookies speichern keine personenbezogenen Daten. Wir verwenden sie nur f\u00fcr statistische Auswertungen, um den Erfolg unseres Internetauftritts zu kontrollieren. Die Auswertung erfolgt anonym.<\/p>\n<p>Sie k\u00f6nnen Ihren Browser so einstellen, dass Sie \u00fcber das Setzen von Cookies informiert werden und Cookies nur im Einzelfall erlauben, die Annahme von Cookies f\u00fcr bestimmte F\u00e4lle oder generell ausschliessen sowie das automatische L\u00f6schen der Cookies beim Schliessen des Browsers aktivieren. Bei der Deaktivierung von Cookies kann die Funktionalit\u00e4t dieser Webseite eingeschr\u00e4nkt sein.<\/p>\n<p>Weitere Informationen hierzu finden Sie \u00fcber die Hilfe-Funktion des Internetbrowsers, den Sie auf Ihrem Rechner f\u00fcr den Zugang zum Internet verwenden.<\/p>\n<p>Wir haben Verst\u00e4ndnis daf\u00fcr, dass Sie als Internet-Benutzer Vorbehalte gegen\u00fcber Cookies haben k\u00f6nnten.<\/p>\n<p>Vorsorglich m\u00f6chten wir Sie \u00fcber einige Irrt\u00fcmer informieren:<\/p>\n<ul>\n<li>Cookies k\u00f6nnen keine Viren \u00fcbertragen<\/li>\n<li>Cookies k\u00f6nnen keinen Schaden an Ihrem Rechner verursachen<\/li>\n<li>Cookies k\u00f6nnen keine E-Mail-Adressen auslesen<\/li>\n<li>Cookies k\u00f6nnen Ihre History-Datei nicht \u00fcbertragen<\/li>\n<li>Cookies k\u00f6nnen keine unbemerkten E-Mails versenden<\/li>\n<li>Cookies k\u00f6nnen Ihnen nicht die gesamte Festplatte vollschreiben oder l\u00f6schen<\/li>\n<\/ul>\n<\/div><div class=\"fusion-clearfix\"><\/div><\/div><\/div><\/div><\/div><div class=\"fusion-fullwidth fullwidth-box fusion-builder-row-3 nonhundred-percent-fullwidth non-hundred-percent-height-scrolling\" style=\"--awb-border-radius-top-left:0px;--awb-border-radius-top-right:0px;--awb-border-radius-bottom-right:0px;--awb-border-radius-bottom-left:0px;--awb-flex-wrap:wrap;\" ><div class=\"fusion-builder-row fusion-row\"><div class=\"fusion-layout-column fusion_builder_column fusion-builder-column-2 fusion_builder_column_1_1 1_1 fusion-one-full fusion-column-first fusion-column-last\" style=\"--awb-bg-size:cover;\"><div class=\"fusion-column-wrapper fusion-flex-column-wrapper-legacy\"><div class=\"fusion-text fusion-text-3\"><p class=\"datenschutz-subheadliner\">2. Cookie-Nutzung auf der PrismaLife-Webseite zur Abgabe einer elektronischen Unterschrift<\/p>\n<p>Beim Besuch der Webseite zur Abgabe einer elektronischen Unterschrift werden sogenannte \u201eCookies\u201c auf Ihrem Ger\u00e4t gespeichert, in denen wir als Anbieter dieser Webseite f\u00fcr uns relevante Daten abspeichern, um z. B. das Surfen auf der Webseite zur Abgabe einer elektronischen Unterschrift zu erleichtern.<\/p>\n<p>Es gibt grunds\u00e4tzlich zwei verschiedene Arten von Cookies:<\/p>\n<ul>\n<li>Session Cookies speichern Informationen, die w\u00e4hrend Ihrer aktuellen Browser-Sitzung verwendet werden. Sobald Sie den Browser schliessen, werden diese Cookies automatisch gel\u00f6scht.<\/li>\n<li>Persistent Cookies speichern Informationen zwischen mehreren Besuchen der Webseite zur Abgabe einer elektronischen Unterschrift, so dass Sie bei einem weiteren Besuch als wiederkehrender Nutzer erkannt werden. Das hat f\u00fcr Sie den Vorteil, dass Ihr Ger\u00e4t beim wiederholten Besuch einer verschl\u00fcsselten Seite nicht erneut angemeldet werden muss. Diese Cookies bleiben auf Ihrem Endger\u00e4t gespeichert bis Sie diese l\u00f6schen.<\/li>\n<\/ul>\n<p>Zudem m\u00f6chten wir Sie entsprechend den einschl\u00e4gigen Vorgaben der DSGVO \u00fcber die Verarbeitung Ihrer Daten im Rahmen der Cookie-Nutzung nachfolgend informieren:<\/p>\n<\/div><div class=\"fusion-text fusion-text-4\"><p class=\"datenschutz-subheadliner-second\">a) Generell erforderliche Cookies (Session Cookies)<\/p>\n<p>Generell erforderliche Cookies (Session Cookies) verwenden wir f\u00fcr die allgemeine Nutzung der Webseite zur Abgabe einer elektronischen Unterschrift. So werden bestimmte ausgef\u00fchrte Aktionen von Ihnen gespeichert. Diese Cookies sind notwendig f\u00fcr eine funktionsf\u00e4hige Navigation auf der Webseite zur Abgabe einer elektronischen Unterschrift. Ihnen als Nutzer wird damit der Besuch auf der Webseite zur Abgabe einer elektronischen Unterschrift erleichtert, da Sie bequem verschiedene Bereiche auf der Seite optimal nutzen k\u00f6nnen. Teilweise ist die Nutzung dieser Cookies f\u00fcr die Funktionalit\u00e4t der Webseite zur Abgabe einer elektronischen Unterschrift erforderlich, d. h. bei Deaktivierung k\u00f6nnen einzelne Funktionen nicht verwendet werden.<\/p>\n<p>Die Verarbeitung erfolgt im Regelfall auf Grund unserer berechtigten Interessen gem\u00e4ss Art. 6 Abs. 1 Buchstabe f) DSGVO. Unser berechtigtes Interesse besteht darin, eine Webseite mit entsprechenden Funktionalit\u00e4ten zur Abgabe einer elektronischen Unterschrift zu betreiben.<\/p>\n<p>Soweit Sie die inSign-Software zur Abgabe einer elektronischen Unterschrift nutzen, um\u00a0 einen Vertrag abzuschliessen bzw. einen bestehenden Vertrag zu verwalten oder zu k\u00fcndigen, ist abweichend hiervon Rechtsgrundlage f\u00fcr die Verarbeitung Ihrer Daten Art. 6 Abs. 1 Buchstabe b) DSGVO (Anbahnung bzw. Durchf\u00fchrung eines Vertrages).<\/p>\n<p>Sobald Sie den Browser schlie\u00dfen, werden diese Cookies automatisch gel\u00f6scht.<\/p>\n<\/div><div class=\"fusion-text fusion-text-5\"><p class=\"datenschutz-subheadliner-second\">b) Funktionsbezogene Cookies (Persistent Cookies)<\/p>\n<p>Funktionsbezogene Cookies (Persistent Cookies) erm\u00f6glichen es uns, die Webseite zur Abgabe einer elektronischen Unetrschrift auf Ihre pers\u00f6nlichen Pr\u00e4ferenzen auszurichten, indem wir Ihre get\u00e4tigten Eingaben und Auswahlen speichern. Diese Einstellungen sind nur f\u00fcr den Besuch dieser Webseite g\u00fcltig und k\u00f6nnen von anderen Internetpr\u00e4senzen nicht verwendet werden. Dies dient dazu, eine vollst\u00e4ndige Nutzung der Webseite zur Abgabe einer elektronsichen Unterschrift und eine bessere Ausrichtung auf Ihre pers\u00f6nlichen Pr\u00e4ferenzen zu erm\u00f6glichen.<\/p>\n<p>Die Verarbeitung erfolgt auf Grund unserer berechtigten Interessen gem\u00e4ss Art. 6 Abs. 1 Buchstabe f) DSGVO. Unser berechtigtes Interesse besteht darin, zur Verbesserung Ihres Nutzererlebnisses entsprechende Techniken einzusetzen. Sollten Sie dies nicht w\u00fcnschen, k\u00f6nnen Sie Ihren Browser so einrichten, dass Sie \u00fcber das Setzen von Cookies informiert werden und diese im Einzelfall erlauben k\u00f6nnen. Bitte beachten Sie, dass eine Deaktivierung eine Einschr\u00e4nkung der Funktionalit\u00e4t auf unserer Webseite bewirken kann.<\/p>\n<\/div><div class=\"fusion-clearfix\"><\/div><\/div><\/div><\/div><\/div><div class=\"fusion-fullwidth fullwidth-box fusion-builder-row-4 nonhundred-percent-fullwidth non-hundred-percent-height-scrolling\" style=\"--awb-border-radius-top-left:0px;--awb-border-radius-top-right:0px;--awb-border-radius-bottom-right:0px;--awb-border-radius-bottom-left:0px;--awb-flex-wrap:wrap;\" ><div class=\"fusion-builder-row fusion-row\"><div class=\"fusion-layout-column fusion_builder_column fusion-builder-column-3 fusion_builder_column_1_1 1_1 fusion-one-full fusion-column-first fusion-column-last\" style=\"--awb-bg-size:cover;\"><div class=\"fusion-column-wrapper fusion-flex-column-wrapper-legacy\"><div class=\"fusion-text fusion-text-6\"><p class=\"datenschutz-subheadliner\">3. \u00dcbersicht der verwendeten Cookies auf unserer Webseite<\/p>\n<\/div>\n<div class=\"table-1\">\n<table width=\"100%\">\n<thead>\n<tr>\n<th align=\"left\">Name<\/th>\n<th align=\"left\">Speicherdauer<\/th>\n<th align=\"left\">Zweck der Verarbeitung<\/th>\n<th align=\"left\">Art des Cookies<\/th>\n<\/tr>\n<\/thead>\n<tbody>\n<tr>\n<td align=\"left\">CookieInfoScript<\/td>\n<td align=\"left\">keine Ablaufzeit<\/td>\n<td align=\"left\">speichert die Information, ob der Cookie-Hinweis bereits von Ihnen best\u00e4tigt wurde oder nicht<\/td>\n<td align=\"left\">Persistent Cookie<\/td>\n<\/tr>\n<tr>\n<td align=\"left\">INSIGN_JWT<\/td>\n<td align=\"left\">bis Beendigung des Vorgangs<\/td>\n<td align=\"left\">speichert interne Daten f\u00fcr die Durchf\u00fchrung des Vorgangs zur Abgabe einer elektronsichen Unterschrift<\/td>\n<td align=\"left\">Session Cookie<\/td>\n<\/tr>\n<tr>\n<td align=\"left\">JSESSIONID<\/td>\n<td align=\"left\">bis Beendigung des Vorgangs<\/td>\n<td align=\"left\">speichert die Session-ID des aktuellen Vorganges zur Abgabe einer elektronischen Unterschrift<\/td>\n<td align=\"left\">Session Cookie<\/td>\n<\/tr>\n<\/tbody>\n<\/table>\n<\/div>\n<div class=\"fusion-clearfix\"><\/div><\/div><\/div><\/div><\/div><\/p>","protected":false},"excerpt":{"rendered":"","protected":false},"author":3,"featured_media":0,"parent":0,"menu_order":0,"comment_status":"closed","ping_status":"closed","template":"","meta":{"footnotes":""},"class_list":["post-13492","page","type-page","status-publish","hentry"],"_links":{"self":[{"href":"https:\/\/www.prismalife.com\/fr\/wp-json\/wp\/v2\/pages\/13492","targetHints":{"allow":["GET"]}}],"collection":[{"href":"https:\/\/www.prismalife.com\/fr\/wp-json\/wp\/v2\/pages"}],"about":[{"href":"https:\/\/www.prismalife.com\/fr\/wp-json\/wp\/v2\/types\/page"}],"author":[{"embeddable":true,"href":"https:\/\/www.prismalife.com\/fr\/wp-json\/wp\/v2\/users\/3"}],"replies":[{"embeddable":true,"href":"https:\/\/www.prismalife.com\/fr\/wp-json\/wp\/v2\/comments?post=13492"}],"version-history":[{"count":1,"href":"https:\/\/www.prismalife.com\/fr\/wp-json\/wp\/v2\/pages\/13492\/revisions"}],"predecessor-version":[{"id":13493,"href":"https:\/\/www.prismalife.com\/fr\/wp-json\/wp\/v2\/pages\/13492\/revisions\/13493"}],"wp:attachment":[{"href":"https:\/\/www.prismalife.com\/fr\/wp-json\/wp\/v2\/media?parent=13492"}],"curies":[{"name":"wp","href":"https:\/\/api.w.org\/{rel}","templated":true}]}}