{"id":17231,"date":"2021-10-15T16:22:19","date_gmt":"2021-10-15T14:22:19","guid":{"rendered":"https:\/\/www.prismalife.com\/?page_id=17231"},"modified":"2026-01-22T12:38:13","modified_gmt":"2026-01-22T11:38:13","slug":"protection-des-donnees","status":"publish","type":"page","link":"https:\/\/www.prismalife.com\/fr\/protection-des-donnees\/","title":{"rendered":"Protection des donn\u00e9es"},"content":{"rendered":"<p><div class=\"fusion-fullwidth fullwidth-box fusion-builder-row-1 nonhundred-percent-fullwidth non-hundred-percent-height-scrolling\" style=\"--awb-border-radius-top-left:0px;--awb-border-radius-top-right:0px;--awb-border-radius-bottom-right:0px;--awb-border-radius-bottom-left:0px;--awb-padding-right:10px;--awb-padding-left:10px;--awb-flex-wrap:wrap;\" ><div class=\"fusion-builder-row fusion-row\"><div class=\"fusion-layout-column fusion_builder_column fusion-builder-column-0 fusion_builder_column_1_1 1_1 fusion-one-full fusion-column-first fusion-column-last padding-content-datenschutz\" style=\"--awb-bg-size:cover;\"><div class=\"fusion-column-wrapper fusion-flex-column-wrapper-legacy\"><div class=\"fusion-text fusion-text-1\"><h1>Protection des donn\u00e9es chez PrismaLife<\/h1>\n<\/div><div class=\"fusion-text fusion-text-2\"><h5>R\u00e8glement g\u00e9n\u00e9ral sur la protection des donn\u00e9es de l&rsquo;UE<\/h5>\n<\/div><div class=\"fusion-text fusion-text-3\"><p>Le r\u00e8glement g\u00e9n\u00e9ral sur la protection des donn\u00e9es (RGPD), entr\u00e9 en vigueur le 25 mai 2018, est un r\u00e8glement qui harmonise au sein de l\u2019Union europ\u00e9enne les r\u00e8gles pour les entreprises priv\u00e9es et les organismes publics traitant des donn\u00e9es personnelles. Il vise d&rsquo;une part \u00e0 assurer la protection des donn\u00e9es personnelles dans son ensemble et d&rsquo;autre part \u00e0 assurer la libre circulation des donn\u00e9es.<\/p>\n<p>Les nouvelles r\u00e8gles du R\u00e8glement g\u00e9n\u00e9ral sur la protection des donn\u00e9es pr\u00e9voient notamment un haut niveau de transparence dans le traitement des donn\u00e9es et des droits \u00e9tendus pour les personnes concern\u00e9es.<br \/>\nNous consid\u00e9rons la protection des donn\u00e9es personnelles et de la vie priv\u00e9e comme une t\u00e2che primordiale de notre travail afin d&rsquo;assurer votre confiance et de vous placer au centre de nos activit\u00e9s. C&rsquo;est pourquoi nous avons commenc\u00e9 tr\u00e8s t\u00f4t \u00e0 adapter nos proc\u00e9dures, processus et syst\u00e8mes commerciaux aux nouvelles exigences du R\u00e8glement g\u00e9n\u00e9ral sur la protection des donn\u00e9es.<\/p>\n<p>Notre organisation en mati\u00e8re de protection des donn\u00e9es est con\u00e7ue de mani\u00e8re \u00e0 ce que l&rsquo;utilisation de vos donn\u00e9es soit conforme \u00e0 toutes les exigences l\u00e9gales en mati\u00e8re de protection des donn\u00e9es et qu&rsquo;une attention particuli\u00e8re soit accord\u00e9e aux principes de transparence, de n\u00e9cessit\u00e9 des donn\u00e9es trait\u00e9es, et de minimisation des donn\u00e9es, conform\u00e9ment au r\u00e8glement g\u00e9n\u00e9ral sur la protection des donn\u00e9es. De plus amples informations concernant le traitement de vos donn\u00e9es personnelles sont disponibles dans les documents ci-dessous.<\/p>\n<\/div><div class=\"fusion-clearfix\"><\/div><\/div><\/div><\/div><\/div><div class=\"fusion-fullwidth fullwidth-box fusion-builder-row-2 nonhundred-percent-fullwidth non-hundred-percent-height-scrolling\" style=\"--awb-border-radius-top-left:0px;--awb-border-radius-top-right:0px;--awb-border-radius-bottom-right:0px;--awb-border-radius-bottom-left:0px;--awb-margin-bottom:50px;--awb-background-color:rgba(0,140,132,0.1);--awb-flex-wrap:wrap;\" ><div class=\"fusion-builder-row fusion-row\"><div class=\"fusion-layout-column fusion_builder_column fusion-builder-column-1 fusion_builder_column_1_1 1_1 fusion-one-full fusion-column-first fusion-column-last padding-content-datenschutz\" style=\"--awb-padding-top:40px;--awb-bg-size:cover;\"><div class=\"fusion-column-wrapper fusion-flex-column-wrapper-legacy\"><div class=\"accordian fusion-accordian\" style=\"--awb-border-size:0px;--awb-icon-size:30px;--awb-content-font-size:1.25em;--awb-icon-alignment:right;--awb-hover-color:#ffffff;--awb-border-color:#ffffff;--awb-background-color:#ffffff;--awb-divider-color:#e0dede;--awb-divider-hover-color:#e0dede;--awb-icon-color:rgba(0,140,132,0);--awb-title-color:#008c84;--awb-content-color:#020202;--awb-icon-box-color:#ffffff;--awb-toggle-hover-accent-color:#008c84;--awb-title-font-family:&quot;Source Sans Pro&quot;;--awb-title-font-weight:700;--awb-title-font-style:normal;--awb-title-font-size:0.8em;--awb-content-font-family:&quot;Source Serif Pro&quot;;--awb-content-font-style:normal;--awb-content-font-weight:300;\"><div class=\"panel-group fusion-toggle-icon-right fusion-toggle-icon-unboxed\" id=\"accordion-17231-1\"><div class=\"fusion-panel panel-default panel-cfa46142eeb9dd087 fusion-toggle-no-divider\" style=\"--awb-title-color:#008c84;--awb-content-color:#020202;\"><div class=\"panel-heading\"><h4 class=\"panel-title toggle\" id=\"toggle_cfa46142eeb9dd087\"><a aria-expanded=\"false\" aria-controls=\"cfa46142eeb9dd087\" role=\"button\" data-toggle=\"collapse\" data-parent=\"#accordion-17231-1\" data-target=\"#cfa46142eeb9dd087\" href=\"#cfa46142eeb9dd087\"><span class=\"fusion-toggle-icon-wrapper\" aria-hidden=\"true\"><i class=\"fa-fusion-box active-icon awb-icon-minus\" aria-hidden=\"true\"><\/i><i class=\"fa-fusion-box inactive-icon awb-icon-plus\" aria-hidden=\"true\"><\/i><\/span><span class=\"fusion-toggle-heading\">Protection des donn\u00e9es : informations sur le traitement de vos donn\u00e9es lorsque vous nous contactez<\/span><\/a><\/h4><\/div><div id=\"cfa46142eeb9dd087\" class=\"panel-collapse collapse \" aria-labelledby=\"toggle_cfa46142eeb9dd087\"><div class=\"panel-body toggle-content fusion-clearfix\">\n<p style=\"color: #008c84;\"><a class=\"textlink-teaser-vorteile\" title=\"Kontaktaufnahme\" href=\"https:\/\/www.prismalife.com\/wp-content\/uploads\/2026\/01\/260101_LC_Informations_sur_la_protection_des_donnees_concernant_le_traitement_de_vos_donnees_lorsque_vous_nous-_fr_Final.pdf\" target=\"_blank\" rel=\"noopener noreferrer\">T\u00c9L\u00c9CHARGER LE PDF <img decoding=\"async\" class=\"lazyload text-link-pfeil\" src=\"data:image\/gif;base64,R0lGODlhAQABAAAAACH5BAEKAAEALAAAAAABAAEAAAICTAEAOw==\" data-orig-src=\"https:\/\/www.prismalife.com\/wp-content\/uploads\/2019\/04\/download@3x.svg\" alt=\"download\"><\/a><\/p>\n<\/div><\/div><\/div><div class=\"fusion-panel panel-default panel-6534a1aa7339f1384 fusion-toggle-no-divider\" style=\"--awb-title-color:#008c84;--awb-content-color:#020202;\"><div class=\"panel-heading\"><h4 class=\"panel-title toggle\" id=\"toggle_6534a1aa7339f1384\"><a aria-expanded=\"false\" aria-controls=\"6534a1aa7339f1384\" role=\"button\" data-toggle=\"collapse\" data-parent=\"#accordion-17231-1\" data-target=\"#6534a1aa7339f1384\" href=\"#6534a1aa7339f1384\"><span class=\"fusion-toggle-icon-wrapper\" aria-hidden=\"true\"><i class=\"fa-fusion-box active-icon awb-icon-minus\" aria-hidden=\"true\"><\/i><i class=\"fa-fusion-box inactive-icon awb-icon-plus\" aria-hidden=\"true\"><\/i><\/span><span class=\"fusion-toggle-heading\">Protection des donn\u00e9es : informations pour la visite de notre site web<\/span><\/a><\/h4><\/div><div id=\"6534a1aa7339f1384\" class=\"panel-collapse collapse \" aria-labelledby=\"toggle_6534a1aa7339f1384\"><div class=\"panel-body toggle-content fusion-clearfix\">\n<p style=\"color: #008c84;\"><a class=\"textlink-teaser-vorteile\" title=\"Besuch\" href=\"https:\/\/www.prismalife.com\/wp-content\/uploads\/2026\/01\/260101_LC_Informations_sur_la_protection_des_donnees_lors_de_la_visite_de_nos_sites_internet_fr_Final.pdf\" target=\"_blank\" rel=\"noopener noreferrer\">T\u00c9L\u00c9CHARGER LE PDF <img decoding=\"async\" class=\"lazyload text-link-pfeil\" src=\"data:image\/gif;base64,R0lGODlhAQABAAAAACH5BAEKAAEALAAAAAABAAEAAAICTAEAOw==\" data-orig-src=\"https:\/\/www.prismalife.com\/wp-content\/uploads\/2019\/04\/download@3x.svg\" alt=\"download\"><\/a><\/p>\n<\/div><\/div><\/div><div class=\"fusion-panel panel-default panel-fb6a2ccff88cf2054 fusion-toggle-no-divider\" style=\"--awb-title-color:#008c84;--awb-content-color:#020202;\"><div class=\"panel-heading\"><h4 class=\"panel-title toggle\" id=\"toggle_fb6a2ccff88cf2054\"><a aria-expanded=\"false\" aria-controls=\"fb6a2ccff88cf2054\" role=\"button\" data-toggle=\"collapse\" data-parent=\"#accordion-17231-1\" data-target=\"#fb6a2ccff88cf2054\" href=\"#fb6a2ccff88cf2054\"><span class=\"fusion-toggle-icon-wrapper\" aria-hidden=\"true\"><i class=\"fa-fusion-box active-icon awb-icon-minus\" aria-hidden=\"true\"><\/i><i class=\"fa-fusion-box inactive-icon awb-icon-plus\" aria-hidden=\"true\"><\/i><\/span><span class=\"fusion-toggle-heading\">Protection des donn\u00e9es : informations pour les polices d'assurance<\/span><\/a><\/h4><\/div><div id=\"fb6a2ccff88cf2054\" class=\"panel-collapse collapse \" aria-labelledby=\"toggle_fb6a2ccff88cf2054\"><div class=\"panel-body toggle-content fusion-clearfix\">\n<p style=\"color: #008c84;\"><span data-mce-type=\"bookmark\" style=\"display: inline-block; width: 0px; overflow: hidden; line-height: 0;\" class=\"\">\ufeff<\/span><a class=\"textlink-teaser-vorteile\" title=\"Versicherungsvertr\u00e4ge\" href=\"https:\/\/www.prismalife.com\/wp-content\/uploads\/2026\/01\/260101_LC_Informations_sur_la_protection_des_donnees_pour_les_contrats_dassurance_fr_Final.pdf\" target=\"_blank\" rel=\"noopener noreferrer\">T\u00c9L\u00c9CHARGER LE PDF <img decoding=\"async\" class=\"lazyload text-link-pfeil\" src=\"data:image\/gif;base64,R0lGODlhAQABAAAAACH5BAEKAAEALAAAAAABAAEAAAICTAEAOw==\" data-orig-src=\"https:\/\/www.prismalife.com\/wp-content\/uploads\/2019\/04\/download@3x.svg\" alt=\"download\"><\/a><\/p>\n<\/div><\/div><\/div><div class=\"fusion-panel panel-default panel-541b298e2cd8577e7 fusion-toggle-no-divider\" style=\"--awb-title-color:#008c84;--awb-content-color:#020202;\"><div class=\"panel-heading\"><h4 class=\"panel-title toggle\" id=\"toggle_541b298e2cd8577e7\"><a aria-expanded=\"false\" aria-controls=\"541b298e2cd8577e7\" role=\"button\" data-toggle=\"collapse\" data-parent=\"#accordion-17231-1\" data-target=\"#541b298e2cd8577e7\" href=\"#541b298e2cd8577e7\"><span class=\"fusion-toggle-icon-wrapper\" aria-hidden=\"true\"><i class=\"fa-fusion-box active-icon awb-icon-minus\" aria-hidden=\"true\"><\/i><i class=\"fa-fusion-box inactive-icon awb-icon-plus\" aria-hidden=\"true\"><\/i><\/span><span class=\"fusion-toggle-heading\">Protection des donn\u00e9es : informations pour l'envoi de la newsletter<\/span><\/a><\/h4><\/div><div id=\"541b298e2cd8577e7\" class=\"panel-collapse collapse \" aria-labelledby=\"toggle_541b298e2cd8577e7\"><div class=\"panel-body toggle-content fusion-clearfix\">\n<p style=\"color: #008c84;\"><span data-mce-type=\"bookmark\" style=\"display: inline-block; width: 0px; overflow: hidden; line-height: 0;\" class=\"\">\ufeff<\/span><a class=\"textlink-teaser-vorteile\" title=\"Versand\" href=\"https:\/\/www.prismalife.com\/wp-content\/uploads\/2026\/01\/260101_LC_Informations_sur_la_protection_des_donnees_pour_lenvoi_de_la_newsletter_fr_Final.pdf\" target=\"_blank\" rel=\"noopener noreferrer\">T\u00c9L\u00c9CHARGER LE PDF <img decoding=\"async\" class=\"lazyload text-link-pfeil\" src=\"data:image\/gif;base64,R0lGODlhAQABAAAAACH5BAEKAAEALAAAAAABAAEAAAICTAEAOw==\" data-orig-src=\"https:\/\/www.prismalife.com\/wp-content\/uploads\/2019\/04\/download@3x.svg\" alt=\"download\"><\/a><\/p>\n<\/div><\/div><\/div><div class=\"fusion-panel panel-default panel-8715ba47652e098ec fusion-toggle-no-divider\" style=\"--awb-title-color:#008c84;--awb-content-color:#020202;\"><div class=\"panel-heading\"><h4 class=\"panel-title toggle\" id=\"toggle_8715ba47652e098ec\"><a aria-expanded=\"false\" aria-controls=\"8715ba47652e098ec\" role=\"button\" data-toggle=\"collapse\" data-parent=\"#accordion-17231-1\" data-target=\"#8715ba47652e098ec\" href=\"#8715ba47652e098ec\"><span class=\"fusion-toggle-icon-wrapper\" aria-hidden=\"true\"><i class=\"fa-fusion-box active-icon awb-icon-minus\" aria-hidden=\"true\"><\/i><i class=\"fa-fusion-box inactive-icon awb-icon-plus\" aria-hidden=\"true\"><\/i><\/span><span class=\"fusion-toggle-heading\">Protection des donn\u00e9es : informations pour les courtiers<\/span><\/a><\/h4><\/div><div id=\"8715ba47652e098ec\" class=\"panel-collapse collapse \" aria-labelledby=\"toggle_8715ba47652e098ec\"><div class=\"panel-body toggle-content fusion-clearfix\">\n<p style=\"color: #008c84;\"><span data-mce-type=\"bookmark\" style=\"display: inline-block; width: 0px; overflow: hidden; line-height: 0;\" class=\"\">\ufeff<\/span><a class=\"textlink-teaser-vorteile\" title=\"Vermittler\" href=\"https:\/\/www.prismalife.com\/wp-content\/uploads\/2026\/01\/260101_LC_Informations_sur_la_protection_des_donnees_a_destination_des_intermediaires_fr_Final.pdf\" target=\"_blank\" rel=\"noopener noreferrer\">T\u00c9L\u00c9CHARGER LE PDF <img decoding=\"async\" class=\"lazyload text-link-pfeil\" src=\"data:image\/gif;base64,R0lGODlhAQABAAAAACH5BAEKAAEALAAAAAABAAEAAAICTAEAOw==\" data-orig-src=\"https:\/\/www.prismalife.com\/wp-content\/uploads\/2019\/04\/download@3x.svg\" alt=\"download\"><\/a><\/p>\n<\/div><\/div><\/div><div class=\"fusion-panel panel-default panel-79ff60c1f006ab9ce fusion-toggle-no-divider\" style=\"--awb-title-color:#008c84;--awb-content-color:#020202;\"><div class=\"panel-heading\"><h4 class=\"panel-title toggle\" id=\"toggle_79ff60c1f006ab9ce\"><a aria-expanded=\"false\" aria-controls=\"79ff60c1f006ab9ce\" role=\"button\" data-toggle=\"collapse\" data-parent=\"#accordion-17231-1\" data-target=\"#79ff60c1f006ab9ce\" href=\"#79ff60c1f006ab9ce\"><span class=\"fusion-toggle-icon-wrapper\" aria-hidden=\"true\"><i class=\"fa-fusion-box active-icon awb-icon-minus\" aria-hidden=\"true\"><\/i><i class=\"fa-fusion-box inactive-icon awb-icon-plus\" aria-hidden=\"true\"><\/i><\/span><span class=\"fusion-toggle-heading\">Protection des donn\u00e9es : informations pour les tiers<\/span><\/a><\/h4><\/div><div id=\"79ff60c1f006ab9ce\" class=\"panel-collapse collapse \" aria-labelledby=\"toggle_79ff60c1f006ab9ce\"><div class=\"panel-body toggle-content fusion-clearfix\">\n<p style=\"color: #008c84;\"><a class=\"textlink-teaser-vorteile\" title=\"Dritte\" href=\"https:\/\/www.prismalife.com\/wp-content\/uploads\/2026\/01\/260101_LC_Informations_sur_la_protection_des_donnees_a_destination_des_tiers_fr_Final.pdf\" target=\"_blank\" rel=\"noopener noreferrer\">T\u00c9L\u00c9CHARGER LE PDF <img decoding=\"async\" class=\"lazyload text-link-pfeil\" src=\"data:image\/gif;base64,R0lGODlhAQABAAAAACH5BAEKAAEALAAAAAABAAEAAAICTAEAOw==\" data-orig-src=\"https:\/\/www.prismalife.com\/wp-content\/uploads\/2019\/04\/download@3x.svg\" alt=\"download\"><\/a><\/p>\n<\/div><\/div><\/div><div class=\"fusion-panel panel-default panel-8bea6c9ee02a0df2f fusion-toggle-no-divider\" style=\"--awb-title-color:#008c84;--awb-content-color:#020202;\"><div class=\"panel-heading\"><h4 class=\"panel-title toggle\" id=\"toggle_8bea6c9ee02a0df2f\"><a aria-expanded=\"false\" aria-controls=\"8bea6c9ee02a0df2f\" role=\"button\" data-toggle=\"collapse\" data-parent=\"#accordion-17231-1\" data-target=\"#8bea6c9ee02a0df2f\" href=\"#8bea6c9ee02a0df2f\"><span class=\"fusion-toggle-icon-wrapper\" aria-hidden=\"true\"><i class=\"fa-fusion-box active-icon awb-icon-minus\" aria-hidden=\"true\"><\/i><i class=\"fa-fusion-box inactive-icon awb-icon-plus\" aria-hidden=\"true\"><\/i><\/span><span class=\"fusion-toggle-heading\">Protection des donn\u00e9es et conditions de participation aux jeux-concours<\/span><\/a><\/h4><\/div><div id=\"8bea6c9ee02a0df2f\" class=\"panel-collapse collapse \" aria-labelledby=\"toggle_8bea6c9ee02a0df2f\"><div class=\"panel-body toggle-content fusion-clearfix\">\n<p style=\"color: #008c84;\"><a class=\"textlink-teaser-vorteile\" title=\"Dritte\" href=\"https:\/\/www.prismalife.com\/wp-content\/uploads\/2026\/01\/260101_LC_Conditions_de_participation_et_informations_sur_la_protection_des_donnees_pour_les_jeux_concours_de_PrismaLife-AG_fr_Final.pdf\" target=\"_blank\" rel=\"noopener noreferrer\">T\u00c9L\u00c9CHARGER LE PDF <img decoding=\"async\" class=\"lazyload text-link-pfeil\" src=\"data:image\/gif;base64,R0lGODlhAQABAAAAACH5BAEKAAEALAAAAAABAAEAAAICTAEAOw==\" data-orig-src=\"https:\/\/www.prismalife.com\/wp-content\/uploads\/2019\/04\/download@3x.svg\" alt=\"download\"><\/a><\/p>\n<\/div><\/div><\/div><div class=\"fusion-panel panel-default panel-c57147f250d066e8a fusion-toggle-no-divider\" style=\"--awb-title-color:#008c84;--awb-content-color:#020202;\"><div class=\"panel-heading\"><h4 class=\"panel-title toggle\" id=\"toggle_c57147f250d066e8a\"><a aria-expanded=\"false\" aria-controls=\"c57147f250d066e8a\" role=\"button\" data-toggle=\"collapse\" data-parent=\"#accordion-17231-1\" data-target=\"#c57147f250d066e8a\" href=\"#c57147f250d066e8a\"><span class=\"fusion-toggle-icon-wrapper\" aria-hidden=\"true\"><i class=\"fa-fusion-box active-icon awb-icon-minus\" aria-hidden=\"true\"><\/i><i class=\"fa-fusion-box inactive-icon awb-icon-plus\" aria-hidden=\"true\"><\/i><\/span><span class=\"fusion-toggle-heading\">Aper\u00e7u des fournisseurs de services<\/span><\/a><\/h4><\/div><div id=\"c57147f250d066e8a\" class=\"panel-collapse collapse \" aria-labelledby=\"toggle_c57147f250d066e8a\"><div class=\"panel-body toggle-content fusion-clearfix\">\n<p style=\"color: #008c84;\"><span data-mce-type=\"bookmark\" style=\"display: inline-block; width: 0px; overflow: hidden; line-height: 0;\" class=\"\">\ufeff<\/span><a class=\"textlink-teaser-vorteile\" title=\"Dienstleisterliste\" href=\"https:\/\/www.prismalife.com\/wp-content\/uploads\/2026\/01\/260101_PrismaLife-AG_Prestataires-de-services_2025_fr_Final.pdf\" target=\"_blank\" rel=\"noopener noreferrer\">T\u00c9L\u00c9CHARGER LE PDF <img decoding=\"async\" class=\"lazyload text-link-pfeil\" src=\"data:image\/gif;base64,R0lGODlhAQABAAAAACH5BAEKAAEALAAAAAABAAEAAAICTAEAOw==\" data-orig-src=\"https:\/\/www.prismalife.com\/wp-content\/uploads\/2019\/04\/download@3x.svg\" alt=\"download\"><\/a><\/p>\n<\/div><\/div><\/div><\/div><\/div><div class=\"fusion-clearfix\"><\/div><\/div><\/div><\/div><\/div><\/p>","protected":false},"excerpt":{"rendered":"","protected":false},"author":7,"featured_media":0,"parent":0,"menu_order":0,"comment_status":"closed","ping_status":"closed","template":"100-width.php","meta":{"footnotes":""},"class_list":["post-17231","page","type-page","status-publish","hentry"],"_links":{"self":[{"href":"https:\/\/www.prismalife.com\/fr\/wp-json\/wp\/v2\/pages\/17231","targetHints":{"allow":["GET"]}}],"collection":[{"href":"https:\/\/www.prismalife.com\/fr\/wp-json\/wp\/v2\/pages"}],"about":[{"href":"https:\/\/www.prismalife.com\/fr\/wp-json\/wp\/v2\/types\/page"}],"author":[{"embeddable":true,"href":"https:\/\/www.prismalife.com\/fr\/wp-json\/wp\/v2\/users\/7"}],"replies":[{"embeddable":true,"href":"https:\/\/www.prismalife.com\/fr\/wp-json\/wp\/v2\/comments?post=17231"}],"version-history":[{"count":6,"href":"https:\/\/www.prismalife.com\/fr\/wp-json\/wp\/v2\/pages\/17231\/revisions"}],"predecessor-version":[{"id":28547,"href":"https:\/\/www.prismalife.com\/fr\/wp-json\/wp\/v2\/pages\/17231\/revisions\/28547"}],"wp:attachment":[{"href":"https:\/\/www.prismalife.com\/fr\/wp-json\/wp\/v2\/media?parent=17231"}],"curies":[{"name":"wp","href":"https:\/\/api.w.org\/{rel}","templated":true}]}}