{"id":17857,"date":"2022-01-04T17:39:35","date_gmt":"2022-01-04T16:39:35","guid":{"rendered":"https:\/\/www.prismalife.com\/?page_id=17857"},"modified":"2022-01-04T17:39:35","modified_gmt":"2022-01-04T16:39:35","slug":"svatvantis271221","status":"publish","type":"page","link":"https:\/\/www.prismalife.com\/fr\/svatvantis271221\/","title":{"rendered":"SVAtvantis271221"},"content":{"rendered":"<p><div class=\"fusion-fullwidth fullwidth-box fusion-builder-row-1 nonhundred-percent-fullwidth non-hundred-percent-height-scrolling\" style=\"--awb-border-radius-top-left:0px;--awb-border-radius-top-right:0px;--awb-border-radius-bottom-right:0px;--awb-border-radius-bottom-left:0px;--awb-padding-right:10px;--awb-padding-left:10px;--awb-flex-wrap:wrap;\" ><div class=\"fusion-builder-row fusion-row\"><div class=\"fusion-layout-column fusion_builder_column fusion-builder-column-0 fusion_builder_column_2_3 2_3 fusion-two-third fusion-column-first padding-content-datenschutz\" style=\"--awb-bg-size:cover;width:65.3333%; margin-right: 4%;\"><div class=\"fusion-column-wrapper fusion-column-has-shadow fusion-flex-column-wrapper-legacy\"><div class=\"fusion-text fusion-text-1\" style=\"--awb-text-transform:none;\"><p>27.12.2021<\/p>\n<\/div><div class=\"fusion-text fusion-text-2\" style=\"--awb-text-transform:none;\"><h1>Aufl\u00f6sung der Sonderverm\u00f6gen Atvantis<\/h1>\n<\/div><div class=\"fusion-clearfix\"><\/div><\/div><\/div><div class=\"fusion-layout-column fusion_builder_column fusion-builder-column-1 fusion_builder_column_2_3 2_3 fusion-two-third fusion-column-first padding-content-datenschutz\" style=\"--awb-bg-size:cover;width:66.666666666667%;width:calc(66.666666666667% - ( ( 4% ) * 0.66666666666667 ) );margin-right: 4%;\"><div class=\"fusion-column-wrapper fusion-flex-column-wrapper-legacy\"><div class=\"fusion-text fusion-text-3\" style=\"--awb-text-transform:none;\"><table>\n<tbody>\n<tr>\n<td style=\"vertical-align: text-top; padding-right: 16px;\" width=\"30px\"><img class=\"lazyload\" decoding=\"async\" src=\"data:image\/svg+xml,%3Csvg%20xmlns%3D%27http%3A%2F%2Fwww.w3.org%2F2000%2Fsvg%27%20width%3D%27100%27%20height%3D%2730%27%20viewBox%3D%270%200%20100%2030%27%3E%3Crect%20width%3D%27100%27%20height%3D%2730%27%20fill-opacity%3D%220%22%2F%3E%3C%2Fsvg%3E\" data-orig-src=\"https:\/\/www.prismalife.com\/wp-content\/uploads\/2019\/03\/pfeil-content.png\" alt=\"\" width=\"100%\" height=\"30\" \/><\/td>\n<td>\n<p>Die <a href=\"https:\/\/www.prismalife.com\/wp-content\/uploads\/2022\/01\/Factsheet_ATV001.pdf\">Sonderverm\u00f6gen Atvantis Fixed Income Diversified<\/a> (PrismaLife ID ATV001) und <a href=\"https:\/\/www.prismalife.com\/wp-content\/uploads\/2022\/01\/Factsheet_ATV002.pdf\">Global Diversified<\/a> (PrismaLife ID ATV002) wurden im Jahr 2011 vom Handel ausgesetzt. Seit Mitte 2012 l\u00f6st die Kapitalverwaltungsgesellschaft die beiden Sonderverm\u00f6gen auf. Da die von den Sonderverm\u00f6gen gehaltenen Wertpapiere illiquide waren, wurde angek\u00fcndigt, dass die Liquidation etwas Zeit in Anspruch nehmen wird. In den folgenden Jahren wurden regelm\u00e4ssig Teilliquidationserl\u00f6se an die Anleger ausbezahlt. Die letzte Aussch\u00fcttung erfolgte im Januar 2019. Die verbliebenen Wertpapiere konnten seither nicht liquidiert werden. Mit weiteren Liquidationserl\u00f6sen kann nicht mehr gerechnet werden. Dar\u00fcber hinaus ist eine effiziente Verwaltung dieses Fonds durch die PrismaLife ist nicht mehr m\u00f6glich, weil das Gesamtinvestment unserer Kunden in diesem Fonds f\u00fcr einen Zeitraum von mehr als 6 Monaten ununterbrochen weniger als 100&rsquo;000 Euro betrug. Im Sinne der Kunden hat unser Verantwortlicher Aktuar daher entschieden, den Gegenwert der nicht liquidierbaren Wertpapiere nun trotzdem auszuzahlen und die Sonderverm\u00f6gen Atvantis endg\u00fcltig aufzul\u00f6sen. Diesen letzten Liquidationserl\u00f6s investieren wir per 27. Dezember 2021 in den Fonds <a href=\"https:\/\/www.prismalife.com\/wp-content\/uploads\/2022\/01\/KIID_LU0424370004.pdf\">Man AHL Trend Alternative<\/a> (WKN A0RNJ6 \/ ISIN LU0424370004).<\/p>\n<p><strong>Wichtig f\u00fcr betroffene Kunden:<\/strong><\/p>\n<ul style=\"color: #000000;\">\n<li style=\"color: #000000;\">Beide Fonds verfolgen \u00e4hnliche Anlageziele und haben ein vergleichbares Risikoprofil.<\/li>\n<li style=\"color: #000000;\">Diese Anpassung ist f\u00fcr Kunden selbstverst\u00e4ndlich kostenlos.<\/li>\n<li style=\"color: #000000;\">Kunden brauchen nichts zu unternehmen, wir nehmen alle erforderlichen Anpassungen vor.<\/li>\n<li style=\"color: #000000;\">Kunden k\u00f6nnen jederzeit ihre Fondsauswahl \u00e4ndern. Hierf\u00fcr ist das entsprechende Formular im Kundenportal zu verwenden.<\/li>\n<\/ul>\n<\/td>\n<\/tr>\n<\/tbody>\n<\/table>\n<\/div><div class=\"fusion-clearfix\"><\/div><\/div><\/div><div class=\"fusion-layout-column fusion_builder_column fusion-builder-column-2 fusion_builder_column_1_3 1_3 fusion-one-third fusion-column-last\" style=\"--awb-padding-top:10px;--awb-padding-right:10px;--awb-padding-bottom:10px;--awb-padding-left:10px;--awb-bg-size:cover;--awb-border-color:#008c84;--awb-border-top:0;--awb-border-right:0;--awb-border-bottom:0;--awb-border-left:0;--awb-border-style:solid;width:33.333333333333%;width:calc(33.333333333333% - ( ( 4% ) * 0.33333333333333 ) );\"><div class=\"fusion-column-wrapper fusion-column-has-shadow fusion-flex-column-wrapper-legacy\"><div class=\"fusion-clearfix\"><\/div><\/div><\/div><\/div><\/div><div class=\"fusion-fullwidth fullwidth-box fusion-builder-row-2 nonhundred-percent-fullwidth non-hundred-percent-height-scrolling\" style=\"--awb-border-radius-top-left:0px;--awb-border-radius-top-right:0px;--awb-border-radius-bottom-right:0px;--awb-border-radius-bottom-left:0px;--awb-margin-bottom:50px;--awb-background-color:rgba(0,140,132,0.1);--awb-flex-wrap:wrap;\" ><div class=\"fusion-builder-row fusion-row\"><div class=\"fusion-layout-column fusion_builder_column fusion-builder-column-3 fusion_builder_column_1_1 1_1 fusion-one-full fusion-column-first fusion-column-last padding-content-datenschutz\" style=\"--awb-padding-top:40px;--awb-bg-size:cover;\"><div class=\"fusion-column-wrapper fusion-flex-column-wrapper-legacy\"><div class=\"accordian fusion-accordian\" style=\"--awb-border-size:0px;--awb-icon-size:30px;--awb-content-font-size:1.25em;--awb-icon-alignment:right;--awb-hover-color:#ffffff;--awb-border-color:#ffffff;--awb-background-color:#ffffff;--awb-divider-color:#e0dede;--awb-divider-hover-color:#e0dede;--awb-icon-color:rgba(0,140,132,0);--awb-title-color:#008c84;--awb-content-color:#020202;--awb-icon-box-color:#ffffff;--awb-toggle-hover-accent-color:#008c84;--awb-title-font-family:&quot;Source Sans Pro&quot;;--awb-title-font-weight:700;--awb-title-font-style:normal;--awb-title-font-size:0.8em;--awb-content-font-family:&quot;Source Serif Pro&quot;;--awb-content-font-style:normal;--awb-content-font-weight:300;\"><div class=\"panel-group fusion-toggle-icon-right fusion-toggle-icon-unboxed\" id=\"accordion-17857-1\"><div class=\"fusion-panel panel-default panel-78611cd4fa31cfce6 fusion-toggle-no-divider\"><div class=\"panel-heading\"><h4 class=\"panel-title toggle\" id=\"toggle_78611cd4fa31cfce6\"><a aria-expanded=\"false\" aria-controls=\"78611cd4fa31cfce6\" role=\"button\" data-toggle=\"collapse\" data-parent=\"#accordion-17857-1\" data-target=\"#78611cd4fa31cfce6\" href=\"#78611cd4fa31cfce6\"><span class=\"fusion-toggle-icon-wrapper\" aria-hidden=\"true\"><i class=\"fa-fusion-box active-icon awb-icon-minus\" aria-hidden=\"true\"><\/i><i class=\"fa-fusion-box inactive-icon awb-icon-plus\" aria-hidden=\"true\"><\/i><\/span><span class=\"fusion-toggle-heading\">Download Dokumente<\/span><\/a><\/h4><\/div><div id=\"78611cd4fa31cfce6\" class=\"panel-collapse collapse \" aria-labelledby=\"toggle_78611cd4fa31cfce6\"><div class=\"panel-body toggle-content fusion-clearfix\"><a href=\"https:\/\/www.prismalife.com\/wp-content\/uploads\/2022\/01\/Factsheet_ATV001.pdf\" target=\"_blank\" rel=\"noopener noreferrer\"><img decoding=\"async\" class=\"lazyload text-link-pfeil1\" src=\"data:image\/svg+xml,%3Csvg%20xmlns%3D%27http%3A%2F%2Fwww.w3.org%2F2000%2Fsvg%27%20width%3D%2758%27%20height%3D%2715%27%20viewBox%3D%270%200%2058%2015%27%3E%3Crect%20width%3D%2758%27%20height%3D%2715%27%20fill-opacity%3D%220%22%2F%3E%3C%2Fsvg%3E\" data-orig-src=\"https:\/\/www.prismalife.com\/wp-content\/uploads\/2019\/04\/arrow_link@2x.png\" alt=\"\" width=\"58\" height=\"15\" \/> Factsheet Sonderverm\u00f6gen Atvantis Fixed Income Diversified (PDF)<\/a><br \/>\n<a href=\"https:\/\/www.prismalife.com\/wp-content\/uploads\/2022\/01\/Factsheet_ATV002.pdf\" target=\"_blank\" rel=\"noopener noreferrer\"><img decoding=\"async\" class=\"lazyload text-link-pfeil1\" src=\"data:image\/svg+xml,%3Csvg%20xmlns%3D%27http%3A%2F%2Fwww.w3.org%2F2000%2Fsvg%27%20width%3D%2758%27%20height%3D%2715%27%20viewBox%3D%270%200%2058%2015%27%3E%3Crect%20width%3D%2758%27%20height%3D%2715%27%20fill-opacity%3D%220%22%2F%3E%3C%2Fsvg%3E\" data-orig-src=\"https:\/\/www.prismalife.com\/wp-content\/uploads\/2019\/04\/arrow_link@2x.png\" alt=\"\" width=\"58\" height=\"15\" \/> Factsheet Sonderverm\u00f6gen Atvantis Global Diversified (PDF)<\/a><br \/>\n<a href=\"https:\/\/www.prismalife.com\/wp-content\/uploads\/2022\/01\/KIID_LU0424370004.pdf\" target=\"_blank\" rel=\"noopener noreferrer\"><img decoding=\"async\" class=\"lazyload text-link-pfeil1\" src=\"data:image\/svg+xml,%3Csvg%20xmlns%3D%27http%3A%2F%2Fwww.w3.org%2F2000%2Fsvg%27%20width%3D%2758%27%20height%3D%2715%27%20viewBox%3D%270%200%2058%2015%27%3E%3Crect%20width%3D%2758%27%20height%3D%2715%27%20fill-opacity%3D%220%22%2F%3E%3C%2Fsvg%3E\" data-orig-src=\"https:\/\/www.prismalife.com\/wp-content\/uploads\/2019\/04\/arrow_link@2x.png\" alt=\"\" width=\"58\" height=\"15\" \/> Wesentliche Anlegerinformationen Man AHL Trend Alternative (PDF)<\/a><\/div><\/div><\/div><\/div><\/div><div class=\"fusion-clearfix\"><\/div><\/div><\/div><\/div><\/div><\/p>","protected":false},"excerpt":{"rendered":"","protected":false},"author":7,"featured_media":0,"parent":0,"menu_order":0,"comment_status":"closed","ping_status":"closed","template":"100-width.php","meta":{"footnotes":""},"class_list":["post-17857","page","type-page","status-publish","hentry"],"_links":{"self":[{"href":"https:\/\/www.prismalife.com\/fr\/wp-json\/wp\/v2\/pages\/17857","targetHints":{"allow":["GET"]}}],"collection":[{"href":"https:\/\/www.prismalife.com\/fr\/wp-json\/wp\/v2\/pages"}],"about":[{"href":"https:\/\/www.prismalife.com\/fr\/wp-json\/wp\/v2\/types\/page"}],"author":[{"embeddable":true,"href":"https:\/\/www.prismalife.com\/fr\/wp-json\/wp\/v2\/users\/7"}],"replies":[{"embeddable":true,"href":"https:\/\/www.prismalife.com\/fr\/wp-json\/wp\/v2\/comments?post=17857"}],"version-history":[{"count":1,"href":"https:\/\/www.prismalife.com\/fr\/wp-json\/wp\/v2\/pages\/17857\/revisions"}],"predecessor-version":[{"id":17873,"href":"https:\/\/www.prismalife.com\/fr\/wp-json\/wp\/v2\/pages\/17857\/revisions\/17873"}],"wp:attachment":[{"href":"https:\/\/www.prismalife.com\/fr\/wp-json\/wp\/v2\/media?parent=17857"}],"curies":[{"name":"wp","href":"https:\/\/api.w.org\/{rel}","templated":true}]}}