{"id":19476,"date":"2022-05-12T14:08:25","date_gmt":"2022-05-12T12:08:25","guid":{"rendered":"https:\/\/www.prismalife.com\/?page_id=19476"},"modified":"2025-10-06T10:27:57","modified_gmt":"2025-10-06T08:27:57","slug":"investissements-durables","status":"publish","type":"page","link":"https:\/\/www.prismalife.com\/fr\/investissements-durables\/","title":{"rendered":"Investissements durables"},"content":{"rendered":"<p><div class=\"fusion-fullwidth fullwidth-box fusion-builder-row-1 nonhundred-percent-fullwidth non-hundred-percent-height-scrolling\" style=\"--awb-border-radius-top-left:0px;--awb-border-radius-top-right:0px;--awb-border-radius-bottom-right:0px;--awb-border-radius-bottom-left:0px;--awb-margin-bottom:30px;--awb-flex-wrap:wrap;\" ><div class=\"fusion-builder-row fusion-row\"><div class=\"fusion-layout-column fusion_builder_column fusion-builder-column-0 fusion_builder_column_1_1 1_1 fusion-one-full fusion-column-first fusion-column-last\" style=\"--awb-bg-size:cover;\"><div class=\"fusion-column-wrapper fusion-flex-column-wrapper-legacy\"><div class=\"fusion-builder-row fusion-builder-row-inner fusion-row\"><div class=\"fusion-layout-column fusion_builder_column_inner fusion-builder-nested-column-0 fusion_builder_column_inner_2_3 2_3 fusion-two-third fusion-column-first\" style=\"--awb-bg-size:cover;width:66.666666666667%;width:calc(66.666666666667% - ( ( 4% ) * 0.66666666666667 ) );margin-right: 4%;\"><div class=\"fusion-column-wrapper fusion-column-has-shadow fusion-flex-column-wrapper-legacy\"><div class=\"fusion-text fusion-text-1\"><h1>Accumulation durable des actifs et investissement en capital<\/h1>\n<\/div><div class=\"fusion-text fusion-text-2\"><div>\n<p>PrismaLife consid\u00e8re sa gamme de produits pour la protection contre les risques et, en particulier, la pr\u00e9voyance et la constitution de patrimoine de ses clients comme un concept durable en soi. En effet, son objectif est de garantir la qualit\u00e9 et le niveau de vie de ses clients \u00e0 long terme. En outre, PrismaLife s&rsquo;est fix\u00e9 pour objectif de rendre sa politique de produits encore plus durable.<\/p>\n<p>L&rsquo;un des principaux leviers est l&rsquo;investissement en capital, \u00e0 la fois sous la forme d&rsquo;investissements dans les fonds li\u00e9s aux contrats des clients et dans le cadre de l&rsquo;investissement propre de PrismaLife pour la r\u00e9serve de couverture, qui sert \u00e0 garantir les garanties pour les clients. Alors que les premiers sont s\u00e9lectionn\u00e9s individuellement par le client, les seconds sont soumis aux d\u00e9cisions d&rsquo;investissement de PrismaLife. Dans les deux cas, les effets de la durabilit\u00e9 peuvent \u00eatre obtenus par des crit\u00e8res ou des d\u00e9cisions d&rsquo;investissement appropri\u00e9s.<\/p>\n<\/div>\n<\/div><div class=\"fusion-clearfix\"><\/div><\/div><\/div><div class=\"fusion-layout-column fusion_builder_column_inner fusion-builder-nested-column-1 fusion_builder_column_inner_1_3 1_3 fusion-one-third fusion-column-last\" style=\"--awb-bg-size:cover;width:33.333333333333%;width:calc(33.333333333333% - ( ( 4% ) * 0.33333333333333 ) );\"><div class=\"fusion-column-wrapper fusion-column-has-shadow fusion-flex-column-wrapper-legacy\"><div class=\"fusion-image-element in-legacy-container\" style=\"--awb-caption-title-font-family:var(--h2_typography-font-family);--awb-caption-title-font-weight:var(--h2_typography-font-weight);--awb-caption-title-font-style:var(--h2_typography-font-style);--awb-caption-title-size:var(--h2_typography-font-size);--awb-caption-title-transform:var(--h2_typography-text-transform);--awb-caption-title-line-height:var(--h2_typography-line-height);--awb-caption-title-letter-spacing:var(--h2_typography-letter-spacing);\"><span class=\" fusion-imageframe imageframe-none imageframe-1 hover-type-none\"><img decoding=\"async\" width=\"667\" height=\"1000\" title=\"Teaser_Footer_links\" src=\"https:\/\/www.prismalife.com\/wp-content\/uploads\/2019\/04\/Teaser_Footer_links-1.jpg\" data-orig-src=\"https:\/\/www.prismalife.com\/wp-content\/uploads\/2019\/04\/Teaser_Footer_links-1.jpg\" alt class=\"lazyload img-responsive wp-image-2861\" srcset=\"data:image\/svg+xml,%3Csvg%20xmlns%3D%27http%3A%2F%2Fwww.w3.org%2F2000%2Fsvg%27%20width%3D%27667%27%20height%3D%271000%27%20viewBox%3D%270%200%20667%201000%27%3E%3Crect%20width%3D%27667%27%20height%3D%271000%27%20fill-opacity%3D%220%22%2F%3E%3C%2Fsvg%3E\" data-srcset=\"https:\/\/www.prismalife.com\/wp-content\/uploads\/2019\/04\/Teaser_Footer_links-1-200x300.jpg 200w, https:\/\/www.prismalife.com\/wp-content\/uploads\/2019\/04\/Teaser_Footer_links-1-400x600.jpg 400w, https:\/\/www.prismalife.com\/wp-content\/uploads\/2019\/04\/Teaser_Footer_links-1-600x900.jpg 600w, https:\/\/www.prismalife.com\/wp-content\/uploads\/2019\/04\/Teaser_Footer_links-1.jpg 667w\" data-sizes=\"auto\" data-orig-sizes=\"(max-width: 800px) 100vw, 600px\" \/><\/span><\/div><div class=\"fusion-clearfix\"><\/div><\/div><\/div><\/div><div class=\"fusion-clearfix\"><\/div><\/div><\/div><\/div><\/div><div class=\"fusion-fullwidth fullwidth-box fusion-builder-row-2 nachhaltigkeit-box3 nonhundred-percent-fullwidth non-hundred-percent-height-scrolling\" style=\"--awb-border-radius-top-left:0px;--awb-border-radius-top-right:0px;--awb-border-radius-bottom-right:0px;--awb-border-radius-bottom-left:0px;--awb-padding-top:30px;--awb-padding-bottom:30px;--awb-margin-top:50px;--awb-margin-bottom:50px;--awb-background-color:rgba(0,140,132,0.1);--awb-flex-wrap:wrap;\" ><div class=\"fusion-builder-row fusion-row\"><div class=\"fusion-layout-column fusion_builder_column fusion-builder-column-1 fusion_builder_column_1_1 1_1 fusion-one-full fusion-column-first fusion-column-last\" style=\"--awb-bg-size:cover;\"><div class=\"fusion-column-wrapper fusion-column-has-shadow fusion-flex-column-wrapper-legacy\"><div class=\"fusion-text fusion-text-3\"><h2>Nous alignons notre investissement en capital sur les crit\u00e8res ESG<\/h2>\n<\/div><div class=\"fusion-clearfix\"><\/div><\/div><\/div><div class=\"fusion-layout-column fusion_builder_column fusion-builder-column-2 fusion_builder_column_1_1 1_1 fusion-one-full fusion-column-first fusion-column-last\" style=\"--awb-bg-size:cover;\"><div class=\"fusion-column-wrapper fusion-flex-column-wrapper-legacy\"><div class=\"fusion-text fusion-text-4\"><p>L&rsquo;un des principaux leviers de la gestion durable r\u00e9side dans nos investissements en capital. Les crit\u00e8res ESG pour la s\u00e9lection des investissements compl\u00e8tent les crit\u00e8res classiques de s\u00e9curit\u00e9, de rendement et de liquidit\u00e9. Par exemple, le th\u00e8me de l&rsquo;investissement socialement responsable est pris en compte pour une analyse de durabilit\u00e9 dans l&rsquo;investissement en capital. Les crit\u00e8res sont fond\u00e9s sur les Principes des Nations Unies pour l&rsquo;Investissement Responsible (PRI). En outre, des facteurs tels que l&rsquo;intensit\u00e9 des \u00e9missions de CO2 sont pris en compte dans les d\u00e9cisions d&rsquo;investissement. En 2020, 56 % des \u00e9missions de CO2 ont \u00e9t\u00e9 \u00e9conomis\u00e9es par rapport \u00e0 un portefeuille traditionnel sans crit\u00e8res d&rsquo;investissement correspondants.<\/p>\n<\/div><div class=\"fusion-clearfix\"><\/div><\/div><\/div><\/div><\/div><div class=\"fusion-fullwidth fullwidth-box fusion-builder-row-3 nachhaltigkeit-box3 nonhundred-percent-fullwidth non-hundred-percent-height-scrolling\" style=\"--awb-border-radius-top-left:0px;--awb-border-radius-top-right:0px;--awb-border-radius-bottom-right:0px;--awb-border-radius-bottom-left:0px;--awb-padding-top:30px;--awb-padding-bottom:30px;--awb-margin-top:50px;--awb-margin-bottom:50px;--awb-background-color:rgba(0,140,132,0.1);--awb-flex-wrap:wrap;\" ><div class=\"fusion-builder-row fusion-row\"><div class=\"fusion-layout-column fusion_builder_column fusion-builder-column-3 fusion_builder_column_2_3 2_3 fusion-two-third fusion-column-first\" style=\"--awb-bg-size:cover;width:66.666666666667%;width:calc(66.666666666667% - ( ( 4% ) * 0.66666666666667 ) );margin-right: 4%;\"><div class=\"fusion-column-wrapper fusion-flex-column-wrapper-legacy\"><div class=\"fusion-text fusion-text-5\"><h2>Chaque client participe \u00e0 la prise de d\u00e9cision<\/h2>\n<\/div><div class=\"fusion-text fusion-text-6\"><p>Les produits de retraite et de risque et les solutions de fonds associ\u00e9es constituent le c\u0153ur du mod\u00e8le commercial de PrismaLife. Le risque et la provision sont en soi orient\u00e9s vers des objectifs \u00e0 long terme et durables. Par cons\u00e9quent, tous les groupes de parties prenantes et l&rsquo;entreprise accordent une grande importance \u00e0 ces facteurs.<\/p>\n<p>Pour les assur\u00e9s, il existe de nombreuses possibilit\u00e9s d&rsquo;optimiser leur empreinte CO2 personnelle. En effet, les polices d&rsquo;assurance-vie en unit\u00e9s de compte de PrismaLife AG offrent \u00e9galement aux clients une gamme compl\u00e8te de fonds durables pour leurs investissements individuels &#8211; en plus des investissements de la r\u00e9serve actuarielle optimis\u00e9s selon les crit\u00e8res ESG. De cette mani\u00e8re, les \u00e9pargnants peuvent atteindre deux objectifs en m\u00eame temps : se constituer une pension personnelle et soutenir des objectifs de durabilit\u00e9 avec leurs actifs.<\/p>\n<p>Fin 2020, les fonds durables \u00e9taient inclus dans environ 6 400 portefeuilles de clients, avec un volume investi de plus de 28 millions d&rsquo;euros. PrismaLife attire l&rsquo;attention sur son offre de fonds durables par une politique de communication active envers les clients et les partenaires commerciaux. PrismaLife continuera \u00e0 d\u00e9velopper cette activit\u00e9 \u00e0 l&rsquo;avenir.<\/p>\n<\/div><div class=\"fusion-clearfix\"><\/div><\/div><\/div><div class=\"fusion-layout-column fusion_builder_column fusion-builder-column-4 fusion_builder_column_1_3 1_3 fusion-one-third fusion-column-last\" style=\"--awb-bg-size:cover;width:33.333333333333%;width:calc(33.333333333333% - ( ( 4% ) * 0.33333333333333 ) );\"><div class=\"fusion-column-wrapper fusion-flex-column-wrapper-legacy\"><div class=\"fusion-image-element in-legacy-container\" style=\"--awb-caption-title-font-family:var(--h2_typography-font-family);--awb-caption-title-font-weight:var(--h2_typography-font-weight);--awb-caption-title-font-style:var(--h2_typography-font-style);--awb-caption-title-size:var(--h2_typography-font-size);--awb-caption-title-transform:var(--h2_typography-text-transform);--awb-caption-title-line-height:var(--h2_typography-line-height);--awb-caption-title-letter-spacing:var(--h2_typography-letter-spacing);\"><span class=\" fusion-imageframe imageframe-none imageframe-2 hover-type-none\"><img decoding=\"async\" width=\"464\" height=\"696\" title=\"ESG_klein\" src=\"https:\/\/www.prismalife.com\/wp-content\/uploads\/2020\/08\/ESG_klein.jpg\" data-orig-src=\"https:\/\/www.prismalife.com\/wp-content\/uploads\/2020\/08\/ESG_klein.jpg\" alt class=\"lazyload img-responsive wp-image-9714\" srcset=\"data:image\/svg+xml,%3Csvg%20xmlns%3D%27http%3A%2F%2Fwww.w3.org%2F2000%2Fsvg%27%20width%3D%27464%27%20height%3D%27696%27%20viewBox%3D%270%200%20464%20696%27%3E%3Crect%20width%3D%27464%27%20height%3D%27696%27%20fill-opacity%3D%220%22%2F%3E%3C%2Fsvg%3E\" data-srcset=\"https:\/\/www.prismalife.com\/wp-content\/uploads\/2020\/08\/ESG_klein-200x300.jpg 200w, https:\/\/www.prismalife.com\/wp-content\/uploads\/2020\/08\/ESG_klein-400x600.jpg 400w, https:\/\/www.prismalife.com\/wp-content\/uploads\/2020\/08\/ESG_klein.jpg 464w\" data-sizes=\"auto\" data-orig-sizes=\"(max-width: 800px) 100vw, 464px\" \/><\/span><\/div><div class=\"fusion-clearfix\"><\/div><\/div><\/div><\/div><\/div><div class=\"fusion-fullwidth fullwidth-box fusion-builder-row-4 nachhaltigkeit-box4 nonhundred-percent-fullwidth non-hundred-percent-height-scrolling fusion-equal-height-columns\" style=\"--awb-border-radius-top-left:0px;--awb-border-radius-top-right:0px;--awb-border-radius-bottom-right:0px;--awb-border-radius-bottom-left:0px;--awb-flex-wrap:wrap;\" ><div class=\"fusion-builder-row fusion-row\"><div class=\"fusion-layout-column fusion_builder_column fusion-builder-column-5 fusion_builder_column_1_2 1_2 fusion-one-half fusion-column-first fusion-column-inner-bg-wrapper\" style=\"--awb-padding-top:15px;--awb-padding-right:15px;--awb-padding-bottom:15px;--awb-padding-left:15px;--awb-inner-bg-color:#e5f3f2;--awb-inner-bg-color-hover:#e5f3f2;--awb-inner-bg-size:cover;width:50%;width:calc(50% - ( ( 4% ) * 0.5 ) );margin-right: 4%;\"><span class=\"fusion-column-inner-bg hover-type-none\"><a class=\"fusion-column-anchor\" href=\"https:\/\/www.prismalife.com\/fr\/strategie-de-durabilite\/\"><span class=\"fusion-column-inner-bg-image\"><\/span><\/a><\/span><div class=\"fusion-column-wrapper fusion-column-has-shadow fusion-flex-column-wrapper-legacy\"><div class=\"fusion-text fusion-text-7\"><h6>Strat\u00e9gie de durabilit\u00e9<\/h6>\n<\/div><div class=\"fusion-text fusion-text-8\"><p>L&rsquo;accent sur la durabilit\u00e9 est un pilier essentiel de PrismaLife &#8211; plus d&rsquo;informations sur la \u00ab Strat\u00e9gie de durabilit\u00e9 \u00bb<\/p>\n<\/div><div class=\"fusion-clearfix\"><\/div><\/div><\/div><div class=\"fusion-layout-column fusion_builder_column fusion-builder-column-6 fusion_builder_column_1_2 1_2 fusion-one-half fusion-column-last fusion-column-inner-bg-wrapper\" style=\"--awb-padding-top:15px;--awb-padding-right:15px;--awb-padding-bottom:15px;--awb-padding-left:15px;--awb-inner-bg-size:cover;--awb-border-color:#008c84;--awb-border-top:2px;--awb-border-right:2px;--awb-border-bottom:2px;--awb-border-left:2px;--awb-border-style:solid;width:50%;width:calc(50% - ( ( 4% ) * 0.5 ) );\"><span class=\"fusion-column-inner-bg hover-type-none\"><a class=\"fusion-column-anchor\" href=\"https:\/\/www.prismalife.com\/fr\/esg\/\"><span class=\"fusion-column-inner-bg-image\"><\/span><\/a><\/span><div class=\"fusion-column-wrapper fusion-column-has-shadow fusion-flex-column-wrapper-legacy\"><div class=\"fusion-text fusion-text-9\"><h6>ESG chez PrismaLife<\/h6>\n<\/div><div class=\"fusion-text fusion-text-10\"><p>Notre responsabilit\u00e9 d&rsquo;entreprise couvre de nombreux domaines \u00ab Environnement, Social, Gouvernance \u00bb &#8211; plus d&rsquo;informations sur \u00ab ESG at PrismaLife \u00bb<\/p>\n<\/div><div class=\"fusion-clearfix\"><\/div><\/div><\/div><\/div><\/div><\/p>","protected":false},"excerpt":{"rendered":"","protected":false},"author":7,"featured_media":0,"parent":0,"menu_order":0,"comment_status":"closed","ping_status":"closed","template":"100-width.php","meta":{"footnotes":""},"class_list":["post-19476","page","type-page","status-publish","hentry"],"_links":{"self":[{"href":"https:\/\/www.prismalife.com\/fr\/wp-json\/wp\/v2\/pages\/19476","targetHints":{"allow":["GET"]}}],"collection":[{"href":"https:\/\/www.prismalife.com\/fr\/wp-json\/wp\/v2\/pages"}],"about":[{"href":"https:\/\/www.prismalife.com\/fr\/wp-json\/wp\/v2\/types\/page"}],"author":[{"embeddable":true,"href":"https:\/\/www.prismalife.com\/fr\/wp-json\/wp\/v2\/users\/7"}],"replies":[{"embeddable":true,"href":"https:\/\/www.prismalife.com\/fr\/wp-json\/wp\/v2\/comments?post=19476"}],"version-history":[{"count":7,"href":"https:\/\/www.prismalife.com\/fr\/wp-json\/wp\/v2\/pages\/19476\/revisions"}],"predecessor-version":[{"id":27031,"href":"https:\/\/www.prismalife.com\/fr\/wp-json\/wp\/v2\/pages\/19476\/revisions\/27031"}],"wp:attachment":[{"href":"https:\/\/www.prismalife.com\/fr\/wp-json\/wp\/v2\/media?parent=19476"}],"curies":[{"name":"wp","href":"https:\/\/api.w.org\/{rel}","templated":true}]}}