{"id":19524,"date":"2022-05-12T16:01:58","date_gmt":"2022-05-12T14:01:58","guid":{"rendered":"https:\/\/www.prismalife.com\/?page_id=19524"},"modified":"2022-10-25T16:16:02","modified_gmt":"2022-10-25T14:16:02","slug":"carrieres","status":"publish","type":"page","link":"https:\/\/www.prismalife.com\/fr\/carrieres\/","title":{"rendered":"Carri\u00e8res"},"content":{"rendered":"<p><div class=\"fusion-fullwidth fullwidth-box fusion-builder-row-1 nonhundred-percent-fullwidth non-hundred-percent-height-scrolling\" style=\"--awb-border-radius-top-left:0px;--awb-border-radius-top-right:0px;--awb-border-radius-bottom-right:0px;--awb-border-radius-bottom-left:0px;--awb-margin-bottom:5px;--awb-flex-wrap:wrap;\" ><div class=\"fusion-builder-row fusion-row\"><div class=\"fusion-layout-column fusion_builder_column fusion-builder-column-0 fusion_builder_column_1_6 1_6 fusion-one-sixth fusion-column-first karriere-head-left\" style=\"--awb-bg-size:cover;width:16.666666666667%;width:calc(16.666666666667% - ( ( 4% + 4% ) * 0.16666666666667 ) );margin-right: 4%;\"><div class=\"fusion-column-wrapper fusion-flex-column-wrapper-legacy\"><div class=\"fusion-clearfix\"><\/div><\/div><\/div><div class=\"fusion-layout-column fusion_builder_column fusion-builder-column-1 fusion_builder_column_2_3 2_3 fusion-two-third karriere-head-center\" style=\"--awb-bg-size:cover;width:66.666666666667%;width:calc(66.666666666667% - ( ( 4% + 4% ) * 0.66666666666667 ) );margin-right: 4%;\"><div class=\"fusion-column-wrapper fusion-flex-column-wrapper-legacy\"><div class=\"fusion-text fusion-text-1\"><h1 style=\"text-align: center;\">PrismaLife AG comme employeur<\/h1>\n<\/div><div class=\"fusion-text fusion-text-2\"><p style=\"text-align: center;\">Si vous \u00eates une personne motiv\u00e9e qui souhaite contribuer de mani\u00e8re cr\u00e9ative \u00e0 une compagnie d&rsquo;assurance-vie en plein essor, vous \u00eates au bon endroit. En faisant preuve d&rsquo;initiative et d&rsquo;un haut niveau d&rsquo;ind\u00e9pendance, vous pourrez y apporter votre exp\u00e9rience professionnelle et avoir une influence significative.<\/p>\n<p style=\"text-align: center;\">Vous pouvez vous attendre \u00e0 un \u00e9ventail de t\u00e2ches passionnantes et vari\u00e9es au sein d&rsquo;une \u00e9quipe professionnelle compos\u00e9e d&#8217;employ\u00e9s d\u00e9vou\u00e9s et hautement qualifi\u00e9s. Pour y parvenir, nous maintenons une approche de gestion bas\u00e9e sur les valeurs qui place les personnes au centre. L&rsquo;\u00e9quipe de PrismaLife travaille ensemble, consciemment et avec esprit.<\/p>\n<p style=\"text-align: center;\">PrismaLife est le sp\u00e9cialiste de la retraite et de l&rsquo;assurance au Liechtenstein, ax\u00e9 sur le service et innovant, pour une accumulation durable du patrimoine. En tant qu&rsquo;assureur-vie leader au Liechtenstein, nous proposons des produits d&rsquo;assurance en unit\u00e9s de compte qui s&rsquo;adaptent \u00e0 votre budget personnel, tout en b\u00e9n\u00e9ficiant des avantages de la situation g\u00e9ographique qu&rsquo;offre le Liechtenstein en tant que centre financier moderne au c\u0153ur de l&rsquo;Europe.<\/p>\n<\/div><div class=\"fusion-clearfix\"><\/div><\/div><\/div><div class=\"fusion-layout-column fusion_builder_column fusion-builder-column-2 fusion_builder_column_1_6 1_6 fusion-one-sixth fusion-column-last karriere-head-right\" style=\"--awb-bg-size:cover;width:16.666666666667%;width:calc(16.666666666667% - ( ( 4% + 4% ) * 0.16666666666667 ) );\"><div class=\"fusion-column-wrapper fusion-flex-column-wrapper-legacy\"><div class=\"fusion-clearfix\"><\/div><\/div><\/div><\/div><\/div><div class=\"fusion-fullwidth fullwidth-box fusion-builder-row-2 karriere-box2 nonhundred-percent-fullwidth non-hundred-percent-height-scrolling\" style=\"--awb-border-radius-top-left:0px;--awb-border-radius-top-right:0px;--awb-border-radius-bottom-right:0px;--awb-border-radius-bottom-left:0px;--awb-margin-bottom:50px;--awb-flex-wrap:wrap;\" ><div class=\"fusion-builder-row fusion-row\"><div class=\"fusion-layout-column fusion_builder_column fusion-builder-column-3 fusion_builder_column_2_5 2_5 fusion-two-fifth fusion-column-first\" style=\"--awb-bg-size:cover;width:40%;width:calc(40% - ( ( 4% ) * 0.4 ) );margin-right: 4%;\"><div class=\"fusion-column-wrapper fusion-flex-column-wrapper-legacy\"><div class=\"fusion-image-element fusion-image-align-right in-legacy-container\" style=\"text-align:right;--awb-caption-title-font-family:var(--h2_typography-font-family);--awb-caption-title-font-weight:var(--h2_typography-font-weight);--awb-caption-title-font-style:var(--h2_typography-font-style);--awb-caption-title-size:var(--h2_typography-font-size);--awb-caption-title-transform:var(--h2_typography-text-transform);--awb-caption-title-line-height:var(--h2_typography-line-height);--awb-caption-title-letter-spacing:var(--h2_typography-letter-spacing);\"><span class=\" fusion-imageframe imageframe-none imageframe-1 hover-type-none\" style=\"margin-left:25px;float:right;\"><img decoding=\"async\" width=\"900\" height=\"550\" alt=\"Work-Life-Balance: Frau beim Yoga am See\" title=\"PrismaLife \u2013 innovativer servicestarker Vorsorgespezialist\" src=\"https:\/\/www.prismalife.com\/wp-content\/uploads\/2019\/04\/Karriere_Seite.jpg\" data-orig-src=\"https:\/\/www.prismalife.com\/wp-content\/uploads\/2019\/04\/Karriere_Seite.jpg\" class=\"lazyload img-responsive wp-image-2805\" srcset=\"data:image\/svg+xml,%3Csvg%20xmlns%3D%27http%3A%2F%2Fwww.w3.org%2F2000%2Fsvg%27%20width%3D%27900%27%20height%3D%27550%27%20viewBox%3D%270%200%20900%20550%27%3E%3Crect%20width%3D%27900%27%20height%3D%27550%27%20fill-opacity%3D%220%22%2F%3E%3C%2Fsvg%3E\" data-srcset=\"https:\/\/www.prismalife.com\/wp-content\/uploads\/2019\/04\/Karriere_Seite-200x122.jpg 200w, https:\/\/www.prismalife.com\/wp-content\/uploads\/2019\/04\/Karriere_Seite-400x244.jpg 400w, https:\/\/www.prismalife.com\/wp-content\/uploads\/2019\/04\/Karriere_Seite-600x367.jpg 600w, https:\/\/www.prismalife.com\/wp-content\/uploads\/2019\/04\/Karriere_Seite-800x489.jpg 800w, https:\/\/www.prismalife.com\/wp-content\/uploads\/2019\/04\/Karriere_Seite.jpg 900w\" data-sizes=\"auto\" data-orig-sizes=\"(max-width: 800px) 100vw, 600px\" \/><\/span><\/div><div class=\"fusion-clearfix\"><\/div><\/div><\/div><div class=\"fusion-layout-column fusion_builder_column fusion-builder-column-4 fusion_builder_column_3_5 3_5 fusion-three-fifth fusion-column-last\" style=\"--awb-padding-top:20px;--awb-padding-right:15px;--awb-padding-bottom:15px;--awb-padding-left:15px;--awb-bg-color:rgba(231,230,230,0);--awb-bg-color-hover:rgba(231,230,230,0);--awb-bg-size:cover;width:60%;width:calc(60% - ( ( 4% ) * 0.6 ) );\"><div class=\"fusion-column-wrapper fusion-flex-column-wrapper-legacy\"><div class=\"fusion-text fusion-text-3\"><h2>Nous<\/h2>\n<\/div><div class=\"fusion-text fusion-text-4\"><ul>\n<li><span class=\"li-text\">garantir le plus haut niveau de transparence dans nos produits d&rsquo;assurance<\/span><\/li>\n<li><span class=\"li-text\">assurer un juste \u00e9quilibre entre les int\u00e9r\u00eats de toutes les parties prenantes<\/span><\/li>\n<li><span class=\"li-text\">encourager et stimuler les employ\u00e9s innovants, cr\u00e9atifs et dynamiques<\/span><\/li>\n<li><span class=\"li-text\">travailler de mani\u00e8re constructive, en collaboration et en mettant l&rsquo;accent sur la performance<\/span><\/li>\n<li><span class=\"li-text\">g\u00e9rer en utilisant une approche ax\u00e9e sur l&rsquo;objectif et la valeur et poursuivre une politique de risque conservatrice<\/span><\/li>\n<li><span class=\"li-text\">exploiter les avantages de notre site au Liechtenstein pour nos clients<\/span><\/li>\n<\/ul>\n<\/div><div class=\"fusion-clearfix\"><\/div><\/div><\/div><\/div><\/div><div class=\"fusion-fullwidth fullwidth-box fusion-builder-row-3 nonhundred-percent-fullwidth non-hundred-percent-height-scrolling\" style=\"--awb-border-radius-top-left:0px;--awb-border-radius-top-right:0px;--awb-border-radius-bottom-right:0px;--awb-border-radius-bottom-left:0px;--awb-background-color:rgba(0,140,132,0.1);--awb-flex-wrap:wrap;\" ><div class=\"fusion-builder-row fusion-row\"><div class=\"fusion-layout-column fusion_builder_column fusion-builder-column-5 fusion_builder_column_1_1 1_1 fusion-one-full fusion-column-first fusion-column-last\" style=\"--awb-bg-size:cover;\"><div class=\"fusion-column-wrapper fusion-column-has-shadow fusion-flex-column-wrapper-legacy\"><div class=\"fusion-text fusion-text-5\"><h3 style=\"text-align: center; padding-top: 2em;\">Comment nous agissons : ensemble, consciemment et avec esprit<\/h3>\n<\/div><div class=\"fusion-text fusion-text-6\"><p style=\"text-align: center; padding-bottom: 1.5em;\">PrismaLife dispose d&#8217;employ\u00e9s d\u00e9vou\u00e9s et hautement qualifi\u00e9s ayant de nombreuses ann\u00e9es d&rsquo;anciennet\u00e9 dans l&rsquo;entreprise. \u00c0 cette fin, nous maintenons une approche de gestion fond\u00e9e sur les valeurs qui place les personnes au centre. Trois employ\u00e9s expliquent ce que signifient les termes \u00ab ensemble \u00bb, \u00ab consciemment \u00bb et \u00ab avec esprit \u00bb.<\/p>\n<\/div><div class=\"fusion-builder-row fusion-builder-row-inner fusion-row\"><div class=\"fusion-layout-column fusion_builder_column_inner fusion-builder-nested-column-0 fusion_builder_column_inner_1_3 1_3 fusion-one-third fusion-column-first\" style=\"--awb-bg-size:cover;width:33.333333333333%;width:calc(33.333333333333% - ( ( 4% + 4% ) * 0.33333333333333 ) );margin-right: 4%;\"><div class=\"fusion-column-wrapper fusion-flex-column-wrapper-legacy\"><div class=\"fusion-image-element in-legacy-container\" style=\"--awb-caption-title-font-family:var(--h2_typography-font-family);--awb-caption-title-font-weight:var(--h2_typography-font-weight);--awb-caption-title-font-style:var(--h2_typography-font-style);--awb-caption-title-size:var(--h2_typography-font-size);--awb-caption-title-transform:var(--h2_typography-text-transform);--awb-caption-title-line-height:var(--h2_typography-line-height);--awb-caption-title-letter-spacing:var(--h2_typography-letter-spacing);\"><span class=\" fusion-imageframe imageframe-none imageframe-2 hover-type-none img-karriere\"><img decoding=\"async\" width=\"455\" height=\"410\" title=\"Karriere_Gemeinsam_fr\" src=\"data:image\/svg+xml,%3Csvg%20xmlns%3D%27http%3A%2F%2Fwww.w3.org%2F2000%2Fsvg%27%20width%3D%27455%27%20height%3D%27410%27%20viewBox%3D%270%200%20455%20410%27%3E%3Crect%20width%3D%27455%27%20height%3D%27410%27%20fill-opacity%3D%220%22%2F%3E%3C%2Fsvg%3E\" data-orig-src=\"https:\/\/www.prismalife.com\/wp-content\/uploads\/2022\/05\/Karriere_Gemeinsam_fr.png\" alt class=\"lazyload img-responsive wp-image-19486\"\/><\/span><\/div><div class=\"fusion-text fusion-text-7\"><h6>\u00ab \u2026 pour moi, \u2039 ensemble \u203a signifie poursuivre un objectif en \u00e9quipe et ne laisser personne derri\u00e8re. \u00bb<\/h6>\n<\/div><div class=\"fusion-clearfix\"><\/div><\/div><\/div><div class=\"fusion-layout-column fusion_builder_column_inner fusion-builder-nested-column-1 fusion_builder_column_inner_1_3 1_3 fusion-one-third\" style=\"--awb-bg-size:cover;width:33.333333333333%;width:calc(33.333333333333% - ( ( 4% + 4% ) * 0.33333333333333 ) );margin-right: 4%;\"><div class=\"fusion-column-wrapper fusion-flex-column-wrapper-legacy\"><div class=\"fusion-image-element in-legacy-container\" style=\"--awb-caption-title-font-family:var(--h2_typography-font-family);--awb-caption-title-font-weight:var(--h2_typography-font-weight);--awb-caption-title-font-style:var(--h2_typography-font-style);--awb-caption-title-size:var(--h2_typography-font-size);--awb-caption-title-transform:var(--h2_typography-text-transform);--awb-caption-title-line-height:var(--h2_typography-line-height);--awb-caption-title-letter-spacing:var(--h2_typography-letter-spacing);\"><span class=\" fusion-imageframe imageframe-none imageframe-3 hover-type-none img-karriere\"><img decoding=\"async\" width=\"455\" height=\"410\" title=\"Karriere_Bewusst_fr\" src=\"data:image\/svg+xml,%3Csvg%20xmlns%3D%27http%3A%2F%2Fwww.w3.org%2F2000%2Fsvg%27%20width%3D%27455%27%20height%3D%27410%27%20viewBox%3D%270%200%20455%20410%27%3E%3Crect%20width%3D%27455%27%20height%3D%27410%27%20fill-opacity%3D%220%22%2F%3E%3C%2Fsvg%3E\" data-orig-src=\"https:\/\/www.prismalife.com\/wp-content\/uploads\/2022\/05\/Karriere_Bewusst_fr.png\" alt class=\"lazyload img-responsive wp-image-19491\"\/><\/span><\/div><div class=\"fusion-text fusion-text-8\"><h6>\u00ab  \u2026 pour moi, \u2039 consciemment \u203a signifie le positionnement conscient de PrismaLife dans le segment des politiques nettes. Pour plus de transparence et de qualit\u00e9 pour nos clients. \u00bb<\/h6>\n<\/div><div class=\"fusion-clearfix\"><\/div><\/div><\/div><div class=\"fusion-layout-column fusion_builder_column_inner fusion-builder-nested-column-2 fusion_builder_column_inner_1_3 1_3 fusion-one-third fusion-column-last\" style=\"--awb-bg-size:cover;width:33.333333333333%;width:calc(33.333333333333% - ( ( 4% + 4% ) * 0.33333333333333 ) );\"><div class=\"fusion-column-wrapper fusion-flex-column-wrapper-legacy\"><div class=\"fusion-image-element in-legacy-container\" style=\"--awb-caption-title-font-family:var(--h2_typography-font-family);--awb-caption-title-font-weight:var(--h2_typography-font-weight);--awb-caption-title-font-style:var(--h2_typography-font-style);--awb-caption-title-size:var(--h2_typography-font-size);--awb-caption-title-transform:var(--h2_typography-text-transform);--awb-caption-title-line-height:var(--h2_typography-line-height);--awb-caption-title-letter-spacing:var(--h2_typography-letter-spacing);\"><span class=\" fusion-imageframe imageframe-none imageframe-4 hover-type-none img-karriere\"><img decoding=\"async\" width=\"455\" height=\"410\" title=\"Karriere_Lebendig_fr\" src=\"data:image\/svg+xml,%3Csvg%20xmlns%3D%27http%3A%2F%2Fwww.w3.org%2F2000%2Fsvg%27%20width%3D%27455%27%20height%3D%27410%27%20viewBox%3D%270%200%20455%20410%27%3E%3Crect%20width%3D%27455%27%20height%3D%27410%27%20fill-opacity%3D%220%22%2F%3E%3C%2Fsvg%3E\" data-orig-src=\"https:\/\/www.prismalife.com\/wp-content\/uploads\/2022\/05\/Karriere_Lebendig_fr.png\" alt class=\"lazyload img-responsive wp-image-19511\"\/><\/span><\/div><div class=\"fusion-text fusion-text-9\"><h6>\u00ab \u2026 pour moi, \u2039 avec esprit \u203a signifie avec enthousiasme et libert\u00e9 cr\u00e9ative. \u00bb<\/h6>\n<\/div><div class=\"fusion-clearfix\"><\/div><\/div><\/div><\/div><div class=\"fusion-clearfix\"><\/div><\/div><\/div><\/div><\/div><div class=\"fusion-fullwidth fullwidth-box fusion-builder-row-4 karriere-box4 nonhundred-percent-fullwidth non-hundred-percent-height-scrolling\" style=\"--awb-border-radius-top-left:0px;--awb-border-radius-top-right:0px;--awb-border-radius-bottom-right:0px;--awb-border-radius-bottom-left:0px;--awb-padding-top:30px;--awb-padding-bottom:30px;--awb-margin-top:50px;--awb-margin-bottom:50px;--awb-flex-wrap:wrap;\" ><div class=\"fusion-builder-row fusion-row\"><div class=\"fusion-layout-column fusion_builder_column fusion-builder-column-6 fusion_builder_column_1_1 1_1 fusion-one-full fusion-column-first fusion-column-last\" style=\"--awb-bg-size:cover;\"><div class=\"fusion-column-wrapper fusion-flex-column-wrapper-legacy\"><div class=\"fusion-text fusion-text-10\"><h3 style=\"text-align: center;\">Envie de nous rejoindre ?<\/h3>\n<\/div><div class=\"fusion-clearfix\"><\/div><\/div><\/div><div class=\"fusion-layout-column fusion_builder_column fusion-builder-column-7 fusion_builder_column_1_2 1_2 fusion-one-half fusion-column-first karriere-box-adresstext\" style=\"--awb-padding-right:0px;--awb-padding-left:0px;--awb-bg-size:cover;width:50%;width:calc(50% - ( ( 4% ) * 0.5 ) );margin-right: 4%;\"><div class=\"fusion-column-wrapper fusion-flex-column-wrapper-legacy\"><div class=\"fusion-text fusion-text-11\" style=\"--awb-text-transform:none;\"><p>Le lieu de travail est Ruggell au Liechtenstein.<br \/>\nNous nous r\u00e9jouissons de recevoir vos documents de candidature informatifs (lettre de motivation, CV, copies de r\u00e9f\u00e9rences) pr\u00e9cisant vos attentes salariales et la date de d\u00e9but la plus proche possible pour vous. Veuillez les soumettre via le lien URL figurant dans l&rsquo;offre d&#8217;emploi.<\/p>\n<\/div><div class=\"fusion-clearfix\"><\/div><\/div><\/div><div class=\"fusion-layout-column fusion_builder_column fusion-builder-column-8 fusion_builder_column_1_2 1_2 fusion-one-half fusion-column-last karriere-box-adresse\" style=\"--awb-bg-size:cover;width:50%;width:calc(50% - ( ( 4% ) * 0.5 ) );\"><div class=\"fusion-column-wrapper fusion-flex-column-wrapper-legacy\"><div class=\"fusion-text fusion-text-12\" style=\"--awb-text-transform:none;\"><p><strong style=\"color: #008c84;\">PrismaLife AG<\/strong><br \/>\nPersonalabteilung<br \/>\nIndustriering 40<br \/>\n9491 Ruggell<br \/>\nLiechtenstein<br \/>\nT\u00e9l\u00e9phone +423 220 00 11<br \/>\nTelefax +423 220 00 19<br \/>\n<a href=\"mailto:human-resources@prismalife.com\">human-resources@prismalife.com<\/a><\/p>\n<\/div><div class=\"fusion-clearfix\"><\/div><\/div><\/div><\/div><\/div><\/p>","protected":false},"excerpt":{"rendered":"","protected":false},"author":7,"featured_media":0,"parent":0,"menu_order":0,"comment_status":"closed","ping_status":"closed","template":"100-width.php","meta":{"footnotes":""},"class_list":["post-19524","page","type-page","status-publish","hentry"],"_links":{"self":[{"href":"https:\/\/www.prismalife.com\/fr\/wp-json\/wp\/v2\/pages\/19524","targetHints":{"allow":["GET"]}}],"collection":[{"href":"https:\/\/www.prismalife.com\/fr\/wp-json\/wp\/v2\/pages"}],"about":[{"href":"https:\/\/www.prismalife.com\/fr\/wp-json\/wp\/v2\/types\/page"}],"author":[{"embeddable":true,"href":"https:\/\/www.prismalife.com\/fr\/wp-json\/wp\/v2\/users\/7"}],"replies":[{"embeddable":true,"href":"https:\/\/www.prismalife.com\/fr\/wp-json\/wp\/v2\/comments?post=19524"}],"version-history":[{"count":5,"href":"https:\/\/www.prismalife.com\/fr\/wp-json\/wp\/v2\/pages\/19524\/revisions"}],"predecessor-version":[{"id":20975,"href":"https:\/\/www.prismalife.com\/fr\/wp-json\/wp\/v2\/pages\/19524\/revisions\/20975"}],"wp:attachment":[{"href":"https:\/\/www.prismalife.com\/fr\/wp-json\/wp\/v2\/media?parent=19524"}],"curies":[{"name":"wp","href":"https:\/\/api.w.org\/{rel}","templated":true}]}}