{"id":20266,"date":"2022-08-05T13:31:03","date_gmt":"2022-08-05T11:31:03","guid":{"rendered":"https:\/\/www.prismalife.com\/?page_id=20266"},"modified":"2022-08-05T14:41:18","modified_gmt":"2022-08-05T12:41:18","slug":"beschwerden","status":"publish","type":"page","link":"https:\/\/www.prismalife.com\/fr\/beschwerden\/","title":{"rendered":"Beschwerden"},"content":{"rendered":"<div class=\"fusion-fullwidth fullwidth-box fusion-builder-row-1 fusion-flex-container nonhundred-percent-fullwidth non-hundred-percent-height-scrolling\" style=\"--awb-border-radius-top-left:0px;--awb-border-radius-top-right:0px;--awb-border-radius-bottom-right:0px;--awb-border-radius-bottom-left:0px;--awb-flex-wrap:wrap;\" ><div class=\"fusion-builder-row fusion-row fusion-flex-align-items-flex-start fusion-flex-content-wrap\" style=\"max-width:1508px;margin-left: calc(-4% \/ 2 );margin-right: calc(-4% \/ 2 );\"><div class=\"fusion-layout-column fusion_builder_column fusion-builder-column-0 fusion_builder_column_1_1 1_1 fusion-flex-column\" style=\"--awb-bg-size:cover;--awb-width-large:100%;--awb-margin-top-large:0px;--awb-spacing-right-large:1.92%;--awb-margin-bottom-large:10px;--awb-spacing-left-large:1.92%;--awb-width-medium:100%;--awb-order-medium:0;--awb-spacing-right-medium:1.92%;--awb-spacing-left-medium:1.92%;--awb-width-small:100%;--awb-order-small:0;--awb-spacing-right-small:1.92%;--awb-spacing-left-small:1.92%;\"><div class=\"fusion-column-wrapper fusion-column-has-shadow fusion-flex-justify-content-flex-start fusion-content-layout-column\"><div class=\"fusion-text fusion-text-1\" style=\"--awb-font-size:14px;--awb-text-transform:none;\"><h3>Gilt nur f\u00fcr Kunden mit Wohnsitz in Italien<\/h3>\n<\/div><div class=\"fusion-title title fusion-title-1 fusion-sep-none fusion-title-text fusion-title-size-one\"><h1 class=\"fusion-title-heading title-heading-left fusion-responsive-typography-calculated\" style=\"margin:0;--fontSize:48.75;line-height:1.2;\">Beschwerden<\/h1><\/div><div class=\"fusion-text fusion-text-2\" style=\"--awb-text-transform:none;\"><p><strong>Was ist eine Beschwerde?<\/strong><\/p>\n<p>Eine Beschwerde ist eine Unzufriedenheitsbekundung einer Person gegen\u00fcber einem Versicherungsunternehmen in Bezug auf einen Versicherungsvertrag oder die von ihr in Anspruch genommene Dienstleistung. Die Bearbeitung von Beschwerden ist zu unterscheiden von der Abwicklung von Schadensersatzanspr\u00fcchen sowie von einfachen Ersuchen um Vertragserf\u00fcllung, Information oder Klarstellung.<\/p>\n<\/div><div class=\"fusion-text fusion-text-3\" style=\"--awb-text-transform:none;\"><p><strong>Wer kann eine Beschwerde einreichen?<\/strong><\/p>\n<p>Der Versicherungsnehmer, der Versicherte, der Bezugsberechtigte und\/oder Anspruchsberechtigte.<\/p>\n<\/div><div class=\"fusion-text fusion-text-4\" style=\"--awb-text-transform:none;\"><p><strong>Wie kann man bei PrismaLife eine Beschwerde einreichen?<\/strong><\/p>\n<p>Die schriftliche Beschwerde kann an eine der folgenden Adressen gerichtet werden:<\/p>\n<p>E-Mail: <a href=\"mailto:reclami@prismalife.com\">reclami@prismalife.com<\/a><\/p>\n<p>Per Post: PrismaLife AG, Industriering 40, 9491 Ruggell, Liechtenstein<\/p>\n<p>Kundenportal <a href=\"https:\/\/www.prismalife.com\/it\/myprismalife_it\/\">\u201cmyPrismaLife\u201d<\/a><\/p>\n<p>Die Beschwerde muss die detaillierte Beschreibung des der Beschwerde zugrunde liegenden Sachverhalts, die Versicherungsscheinnummer und alle n\u00fctzlichen Hinweise zur Identifizierung des Versicherungsnehmers\/der versicherten Person (Vor- und Nachname, Steuernummer, Kontaktdaten) enthalten.<\/p>\n<\/div><div class=\"fusion-text fusion-text-5\" style=\"--awb-text-transform:none;\"><p><strong>Wer ist f\u00fcr die Bearbeitung von Beschwerden zust\u00e4ndig?<\/strong><\/p>\n<p>F\u00fcr die Bearbeitung von Beschwerden ist die Abteilung Sales Admin &#038; Controlling zust\u00e4ndig.<\/p>\n<p>Das Unternehmen best\u00e4tigt schriftlich den Eingang der Beschwerde innerhalb von zehn Arbeitstagen, falls eine Beantwortung innerhalb dieser Frist nicht m\u00f6glich ist. Das Best\u00e4tigungsschreiben informiert den Beschwerdef\u00fchrer \u00fcber:<\/p>\n<p>(i) die Art der Informationen, die der Beschwerdef\u00fchrer offenlegen muss;<\/p>\n<p>(ii) die Identit\u00e4t und Kontaktdaten der f\u00fcr die Beschwerde zust\u00e4ndigen Stelle;<\/p>\n<p>(iii) das Verfahren zur Bearbeitung der Beschwerde mit Angabe der Bearbeitungszeiten. Das Unternehmen verpflichtet sich, die Beschwerde so schnell wie m\u00f6glich und in jedem Fall innerhalb von 45 Tagen nach Eingang zu l\u00f6sen.<\/p>\n<\/div><div class=\"fusion-text fusion-text-6\" style=\"--awb-text-transform:none;\"><p><strong>Beschwerden \u00fcber das Verhalten des Versicherungsvermittlers<\/strong><\/p>\n<p>Beschwerden, die sich ausschliesslich auf das Verhalten des Versicherungsvermittlers beziehen, werden direkt vom Vermittler bearbeitet und sind an ihn zu richten. Sollte die Beschwerde beim Unternehmen eingehen, wird sie unverz\u00fcglich an den Vermittler weitergeleitet und gleichzeitig wird der Kunde entsprechend informiert.<\/p>\n<p>Beschwerden in Bezug auf das Verhalten des Unternehmens und des Vermittlers werden von der Gesellschaft und dem Vermittler jeweils im Rahmen ihrer Zust\u00e4ndigkeit getrennt behandelt und innerhalb von 45 Tagen nach Erhalt beantwortet.<\/p>\n<\/div><div class=\"fusion-text fusion-text-7\" style=\"--awb-text-transform:none;\"><p><strong>Beschwerden bei den Aufsichtsbeh\u00f6rden <\/strong><\/p>\n<p>Wenn der Beschwerdef\u00fchrer mit dem Ergebnis der Beschwerde nicht zufrieden ist oder innerhalb der Frist keine Antwort erfolgt, kann er sich an folgende Adresse wenden:<\/p>\n<ul>\n<li style=\"list-style-type: none;\">\n<ul>\n<li style=\"color: black;\">An die IVASS (Istituto per la vigilanza sulle assicurazioni)<\/li>\n<\/ul>\n<\/li>\n<\/ul>\n<p>Per Post: IVASS, Servizio Tutela del Consumatore \u2013 via del Quirinale, 21 \u2013 00187 Roma; E\u2011Mail: <a href=\"mailto: tutela.consumatore@pec.ivass.it\"> tutela.consumatore@pec.ivass.it<\/a>; Fax: 06.42133206.<\/p>\n<p>F\u00fcllen Sie hierzu das <strong>Beschwerdeformular<\/strong> aus, das verf\u00fcgbar ist unter:<br \/>\n<a href=\"https:\/\/www.ivass.it\/consumatori\/reclami\/Allegato2_Guida_ai_reclami.pdf\" target=\"_blank\" rel=\"noopener\">https:\/\/www.ivass.it\/consumatori\/reclami\/Allegato2_Guida_ai_reclami.pdf<\/a>.<\/p>\n<p>Die Beschwerde muss enthalten:<\/p>\n<ul>\n<li style=\"list-style-type: none;\">\n<ol>\n<li style=\"color: black;\">Name, Nachname, Postanschrift des Beschwerdef\u00fchrers, ggf. mit Telefonnummer, E-Mail-Adresse und PEC;<\/li>\n<li style=\"color: black;\">Angabe des Versicherungsunternehmens;<\/li>\n<li style=\"color: black;\">klare und pr\u00e4gnante Beschreibung des Beschwerdegrundes;<\/li>\n<li style=\"color: black;\">Kopie der bei der Versicherungsgesellschaft eingereichten Beschwerde und etwaige R\u00fcckmeldungen derselben;<\/li>\n<li style=\"color: black;\">Kopien aller Dokumente, die n\u00fctzlich sind, um die jeweiligen Umst\u00e4nde vollst\u00e4ndig zu beschreiben;<\/li>\n<li style=\"color: black;\">Datum und Unterschrift. <\/li>\n<\/ol>\n<\/li>\n<\/ul>\n<ul>\n<li style=\"list-style-type: none;\">\n<ul>\n<li style=\"color: black;\">An die FMA (Finanzmarktaufsicht Liechtenstein)\n<\/li>\n<\/ul>\n<\/li>\n<\/ul>\n<p>Per Post: FMA \u2013 Finanzmarktaufsicht Liechtenstein, Landstrasse 109, Postfach 279, 9490 Vaduz, Liechtenstein oder per E-Mail: <a href=\"mailto:info@fma-li.li\">info@fma-li.li<\/a><\/p>\n<p>Die Beschwerde muss folgende Angaben enthalten:<\/p>\n<ul>\n<li style=\"list-style-type: none;\">\n<ol>\n<li style=\"color: black;\">Vor- und Nachname, Kontaktdaten (Adresse, Telefonnummer, E-Mail-Adresse) des Beschwerdef\u00fchrers;<\/li>\n<li style=\"color: black;\">Firmenname, Anschrift des Versicherungsunternehmens und Art der Beziehung (Kunde, Interessent etc.);<\/li>\n<li style=\"color: black;\">Grund der Beschwerde und Schilderung des Sachverhalts;<\/li>\n<li style=\"color: black;\">Kopie allf\u00e4lliger Belege (Korrespondenz, Konto- und Depotausz\u00fcge, Vertr\u00e4ge, Anlegerprofil, Produktinformationen, Werbematerial etc.);<\/li>\n<li style=\"color: black;\">Datum und Unterschrift. <\/li>\n<\/ol>\n<\/li>\n<\/ul>\n<\/div><div class=\"fusion-text fusion-text-8\" style=\"--awb-text-transform:none;\"><ul>\n<li class=\"listblack\">Nur bei Beschwerden bez\u00fcglich der korrekten Erstellung des Basisinformationsblattes (KID) f\u00fcr Versicherungsanlageprodukte, wenn Sie mit dem Ergebnis der Beschwerde nicht zufrieden sind oder keine gesetzeskonforme Antwort erfolgt, k\u00f6nnen Sie die CONSOB kontaktieren &#8211; <a href=\"mailto:consob@pec.consob.it\">consob@pec.consob.it<\/a>, Via G.B. Martini, 3 &#8211; 00198 Roma (<a href=\"https:\/\/www.consob.it\">www.consob.it<\/a>). F\u00fcgen Sie der Beschwerde die Dokumentation \u00fcber die von der Gesellschaft bearbeitete Beschwerde und deren R\u00fcckmeldung bei.<br \/>\nInformationen zum Versand finden Sie auf der Website <a href=\"https:\/\/www.consob.it\">www.consob.it<\/a>.<\/li>\n<\/ul>\n<\/div><div class=\"fusion-text fusion-text-9\" style=\"--awb-text-transform:none;\"><p><strong>M\u00f6glichkeit, bei den Justizbeh\u00f6rden Berufung einzulegen<\/strong><\/p>\n<p>In Bezug auf Streitigkeiten im Zusammenhang mit der Schadensh\u00f6he und der Zuweisung der Verantwortung ist ausschliesslich die Justizbeh\u00f6rde zust\u00e4ndig. Zus\u00e4tzlich haben Sie das Recht, auf alternative Streitbeilegungssysteme zur\u00fcckzugreifen, die auf regulatorischer oder konventioneller Ebene vorgesehen sind.<\/p>\n<\/div><div class=\"fusion-text fusion-text-10\" style=\"--awb-text-transform:none;\"><p><strong>Alternative Streitbeilegungssysteme: <\/strong><\/p>\n<ul>\n<li style=\"list-style-type: none;\">\n<ul>\n<li style=\"color: black;\">Unterst\u00fctzte Verhandlung (gem\u00e4ss Gesetz Nr. 162 vom 10. November 2014)<\/li>\n<\/ul>\n<\/li>\n<\/ul>\n<p>Das Verfahren kann mittels Anforderung Ihres Rechtsanwaltes an die Gesellschaft eingeleitet werden. Verhandlungen mit Rechtsbeistand zielen darauf ab, eine Einigung (\u00abVerhandlungsvereinbarung\u00bb) zu erzielen, in der sich die Parteien verpflichten, zur g\u00fctlichen Beilegung der Streitigkeit zusammenzuarbeiten, unterst\u00fctzt von ihren Anw\u00e4lten.<br \/>\nDen Antrag auf Verhandlungen mit Rechtsbeistand k\u00f6nnen Sie richten an:<br \/>\n&#8211; PrismaLife AG, Industriering 40, 9491 Ruggell, Liechtenstein<br \/>\n&#8211; PEC: <a href=\"mailto:prismalife@pec.it\">prismalife@pec.it<\/a><\/p>\n<ul>\n<li style=\"list-style-type: none;\">\n<ul>\n<li style=\"color: black;\">Obligatorisches Mediationsverfahren (gem\u00e4ss Gesetzesdekret vom 4. M\u00e4rz 2010, Nr. 28)<\/li>\n<\/ul>\n<\/li>\n<\/ul>\n<p>Ziel des Verfahrens ist der Versuch einer Schlichtung zwischen den Parteien durch Einschaltung einer unparteiischen Person (\u00abMediator\u00bb). Der Beschwerdef\u00fchrer kann anstelle des f\u00fcr die Streitigkeit \u00f6rtlich zust\u00e4ndigen Richters eine Schlichtungsstelle anrufen, die in der Liste des Justizministeriums eingetragen ist. Das Mediationsverfahren ist eine Zul\u00e4ssigkeitsvoraussetzung f\u00fcr Versicherungsstreitigkeiten.<br \/>\nSchlichtungsantr\u00e4ge k\u00f6nnen Sie schriftlich an das Unternehmen richten:<br \/>\n&#8211; PrismaLife AG, Industriering 40, 9491 Ruggell, Liechtenstein<br \/>\n&#8211; PEC: <a href=\"mailto:prismalife@pec.it\">prismalife@pec.it<\/a><\/p>\n<ul>\n<li style=\"list-style-type: none;\">\n<ul>\n<li style=\"color: black;\">FIN-NET-Verfahren<\/li>\n<\/ul>\n<\/li>\n<\/ul>\n<p>Zur Beilegung grenz\u00fcberschreitender Streitigkeiten ist es m\u00f6glich, eine Beschwerde bei IVASS oder direkt bei der zust\u00e4ndigen ausl\u00e4ndischen Stelle einzureichen und die Aktivierung des FIN-NET-Verfahrens zu beantragen Weitere Informationen zum FIN-NET-Verfahren und der zust\u00e4ndigen Stelle in Liechtenstein finden Sie unter folgendem Link: <a href=\"https:\/\/ec.europa.eu\/info\/business-economy-euro\/banking-and-finance\/consumer-finance-and-payments\/retail-financial-services\/financial-dispute-resolution-network-fin-net\/fin-net-network\/about-fin-net_it\" target=\"_blank\" rel=\"noopener\">FIN-NET<\/a><\/p>\n<\/div><\/div><\/div><\/div><\/div>","protected":false},"excerpt":{"rendered":"","protected":false},"author":7,"featured_media":0,"parent":0,"menu_order":0,"comment_status":"closed","ping_status":"closed","template":"","meta":{"footnotes":""},"class_list":["post-20266","page","type-page","status-publish","hentry"],"_links":{"self":[{"href":"https:\/\/www.prismalife.com\/fr\/wp-json\/wp\/v2\/pages\/20266","targetHints":{"allow":["GET"]}}],"collection":[{"href":"https:\/\/www.prismalife.com\/fr\/wp-json\/wp\/v2\/pages"}],"about":[{"href":"https:\/\/www.prismalife.com\/fr\/wp-json\/wp\/v2\/types\/page"}],"author":[{"embeddable":true,"href":"https:\/\/www.prismalife.com\/fr\/wp-json\/wp\/v2\/users\/7"}],"replies":[{"embeddable":true,"href":"https:\/\/www.prismalife.com\/fr\/wp-json\/wp\/v2\/comments?post=20266"}],"version-history":[{"count":6,"href":"https:\/\/www.prismalife.com\/fr\/wp-json\/wp\/v2\/pages\/20266\/revisions"}],"predecessor-version":[{"id":20277,"href":"https:\/\/www.prismalife.com\/fr\/wp-json\/wp\/v2\/pages\/20266\/revisions\/20277"}],"wp:attachment":[{"href":"https:\/\/www.prismalife.com\/fr\/wp-json\/wp\/v2\/media?parent=20266"}],"curies":[{"name":"wp","href":"https:\/\/api.w.org\/{rel}","templated":true}]}}