{"id":20572,"date":"2022-09-13T16:11:27","date_gmt":"2022-09-13T14:11:27","guid":{"rendered":"https:\/\/www.prismalife.com\/?page_id=20572"},"modified":"2025-06-12T15:31:07","modified_gmt":"2025-06-12T13:31:07","slug":"insign","status":"publish","type":"page","link":"https:\/\/www.prismalife.com\/fr\/insign\/","title":{"rendered":"InSign"},"content":{"rendered":"<p><div class=\"fusion-fullwidth fullwidth-box fusion-builder-row-1 nonhundred-percent-fullwidth non-hundred-percent-height-scrolling\" style=\"--awb-border-radius-top-left:0px;--awb-border-radius-top-right:0px;--awb-border-radius-bottom-right:0px;--awb-border-radius-bottom-left:0px;--awb-margin-bottom:30px;--awb-flex-wrap:wrap;\" ><div class=\"fusion-builder-row fusion-row\"><div class=\"fusion-layout-column fusion_builder_column fusion-builder-column-0 fusion_builder_column_1_1 1_1 fusion-one-full fusion-column-first fusion-column-last\" style=\"--awb-bg-size:cover;\"><div class=\"fusion-column-wrapper fusion-flex-column-wrapper-legacy\"><div class=\"fusion-builder-row fusion-builder-row-inner fusion-row\"><div class=\"fusion-layout-column fusion_builder_column_inner fusion-builder-nested-column-0 fusion_builder_column_inner_2_3 2_3 fusion-two-third fusion-column-first\" style=\"--awb-bg-size:cover;width:66.666666666667%;width:calc(66.666666666667% - ( ( 4% ) * 0.66666666666667 ) );margin-right: 4%;\"><div class=\"fusion-column-wrapper fusion-column-has-shadow fusion-flex-column-wrapper-legacy\"><div class=\"fusion-text fusion-text-1\"><h1>Ortsunabh\u00e4ngig und schnell \u2013 Die elektronische Unterschrift mit InSign<\/h1>\n<\/div><div class=\"fusion-text fusion-text-2\"><div>\n<p>Mit unserer Antrags- und Angebotssoftware k\u00f6nnen Sie ortsunabh\u00e4ngig und schnell den Antrag mit Ihrem Kunden aufnehmen und unterzeichnen lassen. Ganz egal, ob Sie Ihr Beratungsgespr\u00e4ch vor Ort, telefonisch oder per Videoberatung durchf\u00fchren. Dank der elektronischen Unterschrift per InSign reichen Sie den Antrag ganz einfach papierlos ein.<\/p>\n<\/div>\n<\/div><div class=\"fusion-text fusion-text-3\"><h2>Und das kinderleicht<\/h2>\n<\/div><div class=\"fusion-text fusion-text-4\"><ol>\n<li>Antrags- und Angebotsunterlagen im Online-Rechner erstellen<\/li>\n<li>Klick auf \u201eAntrag elektronische Unterschrift\u201c und den Antrag ausf\u00fcllen<\/li>\n<li>Kunden auf einem touchf\u00e4higem Endger\u00e4t unterzeichnen lassen<\/li>\n<li>Personalausweis mit dem Handy fotografieren und hochladen<\/li>\n<li>Absenden &#8211; Fertig!<\/li>\n<\/ol>\n<\/div><div class=\"fusion-clearfix\"><\/div><\/div><\/div><div class=\"fusion-layout-column fusion_builder_column_inner fusion-builder-nested-column-1 fusion_builder_column_inner_1_3 1_3 fusion-one-third fusion-column-last\" style=\"--awb-bg-size:cover;width:33.333333333333%;width:calc(33.333333333333% - ( ( 4% ) * 0.33333333333333 ) );\"><div class=\"fusion-column-wrapper fusion-column-has-shadow fusion-flex-column-wrapper-legacy\"><div class=\"fusion-image-element in-legacy-container\" style=\"--awb-caption-title-font-family:var(--h2_typography-font-family);--awb-caption-title-font-weight:var(--h2_typography-font-weight);--awb-caption-title-font-style:var(--h2_typography-font-style);--awb-caption-title-size:var(--h2_typography-font-size);--awb-caption-title-transform:var(--h2_typography-text-transform);--awb-caption-title-line-height:var(--h2_typography-line-height);--awb-caption-title-letter-spacing:var(--h2_typography-letter-spacing);\"><span class=\" fusion-imageframe imageframe-none imageframe-1 hover-type-none\"><img decoding=\"async\" width=\"416\" height=\"623\" title=\"Picture1\" src=\"data:image\/svg+xml,%3Csvg%20xmlns%3D%27http%3A%2F%2Fwww.w3.org%2F2000%2Fsvg%27%20width%3D%27416%27%20height%3D%27623%27%20viewBox%3D%270%200%20416%20623%27%3E%3Crect%20width%3D%27416%27%20height%3D%27623%27%20fill-opacity%3D%220%22%2F%3E%3C%2Fsvg%3E\" data-orig-src=\"https:\/\/www.prismalife.com\/wp-content\/uploads\/2022\/09\/Picture1.jpg\" alt class=\"lazyload img-responsive wp-image-20577\"\/><\/span><\/div><div class=\"fusion-clearfix\"><\/div><\/div><\/div><\/div><div class=\"fusion-clearfix\"><\/div><\/div><\/div><\/div><\/div><div class=\"fusion-fullwidth fullwidth-box fusion-builder-row-2 nachhaltigkeit-box3 nonhundred-percent-fullwidth non-hundred-percent-height-scrolling\" style=\"--awb-border-radius-top-left:0px;--awb-border-radius-top-right:0px;--awb-border-radius-bottom-right:0px;--awb-border-radius-bottom-left:0px;--awb-padding-top:30px;--awb-padding-bottom:30px;--awb-margin-top:50px;--awb-margin-bottom:50px;--awb-background-color:rgba(0,140,132,0.1);--awb-flex-wrap:wrap;\" ><div class=\"fusion-builder-row fusion-row\"><div class=\"fusion-layout-column fusion_builder_column fusion-builder-column-1 fusion_builder_column_1_1 1_1 fusion-one-full fusion-column-first fusion-column-last\" style=\"--awb-bg-size:cover;\"><div class=\"fusion-column-wrapper fusion-column-has-shadow fusion-flex-column-wrapper-legacy\"><div class=\"fusion-text fusion-text-5\"><h2>Clever und hohe Beweiskraft<\/h2>\n<\/div><div class=\"fusion-clearfix\"><\/div><\/div><\/div><div class=\"fusion-layout-column fusion_builder_column fusion-builder-column-2 fusion_builder_column_1_1 1_1 fusion-one-full fusion-column-first fusion-column-last\" style=\"--awb-bg-size:cover;\"><div class=\"fusion-column-wrapper fusion-flex-column-wrapper-legacy\"><div class=\"fusion-text fusion-text-6\"><p>Mit InSign steht Ihnen ein etabliertes Signaturverfahren zur Verf\u00fcgung. Durch die so genannte \u201efortgeschrittene elektronische Unterschrift\u201c werden neben dem Schriftbild auch zus\u00e4tzliche Merkmale wie Schreibgeschwindigkeit, -druck, -winkel und -rhythmus gespeichert. Das sorgt f\u00fcr eine maximale Sicherheit und l\u00e4sst die Echtheit der Unterschrift noch besser nachvollziehen.<\/p>\n<\/div><div class=\"fusion-clearfix\"><\/div><\/div><\/div><\/div><\/div><div class=\"fusion-fullwidth fullwidth-box fusion-builder-row-3 nachhaltigkeit-box3 nonhundred-percent-fullwidth non-hundred-percent-height-scrolling\" style=\"--awb-border-radius-top-left:0px;--awb-border-radius-top-right:0px;--awb-border-radius-bottom-right:0px;--awb-border-radius-bottom-left:0px;--awb-padding-top:30px;--awb-padding-bottom:30px;--awb-margin-top:50px;--awb-margin-bottom:50px;--awb-flex-wrap:wrap;\" ><div class=\"fusion-builder-row fusion-row\"><div class=\"fusion-layout-column fusion_builder_column fusion-builder-column-3 fusion_builder_column_1_1 1_1 fusion-one-full fusion-column-first fusion-column-last\" style=\"--awb-bg-size:cover;\"><div class=\"fusion-column-wrapper fusion-column-has-shadow fusion-flex-column-wrapper-legacy\"><div class=\"fusion-text fusion-text-7\"><h2>Schnelle Policierung<\/h2>\n<\/div><div class=\"fusion-text fusion-text-8\"><p>Ist der Antrag vollst\u00e4ndig und policierungsf\u00e4hig, \u00fcbermitteln wir den Versicherungsschein innerhalb von 3 Werktagen.<\/p>\n<\/div><div class=\"fusion-clearfix\"><\/div><\/div><\/div><\/div><\/div><div class=\"fusion-fullwidth fullwidth-box fusion-builder-row-4 nachhaltigkeit-box3 nonhundred-percent-fullwidth non-hundred-percent-height-scrolling\" style=\"--awb-border-radius-top-left:0px;--awb-border-radius-top-right:0px;--awb-border-radius-bottom-right:0px;--awb-border-radius-bottom-left:0px;--awb-padding-top:30px;--awb-padding-bottom:30px;--awb-margin-top:50px;--awb-margin-bottom:50px;--awb-background-color:rgba(0,140,132,0.1);--awb-flex-wrap:wrap;\" ><div class=\"fusion-builder-row fusion-row\"><div class=\"fusion-layout-column fusion_builder_column fusion-builder-column-4 fusion_builder_column_2_3 2_3 fusion-two-third fusion-column-first\" style=\"--awb-bg-size:cover;width:66.666666666667%;width:calc(66.666666666667% - ( ( 4% ) * 0.66666666666667 ) );margin-right: 4%;\"><div class=\"fusion-column-wrapper fusion-flex-column-wrapper-legacy\"><div class=\"fusion-text fusion-text-9\"><h2>Schritt f\u00fcr Schritt &#8211; Anleitung<\/h2>\n<\/div><div class=\"fusion-text fusion-text-10\"><p>Sie m\u00f6chten gerne sehen, wie das genau funktioniert? In unserer Schritt-f\u00fcr-Schritt Anleitung k\u00f6nnen Sie die Vorgehensweise der Angebotsberechnung bis hin zur Antragseinreichung mit der elektronischen Unterschrift nachvollziehen. Ganz einfach, schnell und komfortabel. \u00dcberzeugen Sie sich selbst!<\/p>\n<\/div><div class=\"fusion-button-wrapper\"><a class=\"fusion-button button-flat fusion-button-default-size button-custom fusion-button-default button-1 fusion-button-default-span fusion-button-default-type link-auskunft\" style=\"--button_accent_color:#008c84;--button_border_color:#008c84;--button_accent_hover_color:#008c84;--button_border_hover_color:#008c84;--button_border_width-top:1px;--button_border_width-right:1px;--button_border_width-bottom:1px;--button_border_width-left:1px;--button_gradient_top_color:#ffffff;--button_gradient_bottom_color:#ffffff;--button_gradient_top_color_hover:#ffffff;--button_gradient_bottom_color_hover:#ffffff;\" target=\"_blank\" rel=\"noopener noreferrer\" href=\"https:\/\/www.prismalife.com\/wp-content\/uploads\/2022\/09\/Schritt-fur-Schritt-Anleitung-Elektronische-Signatur_Final.pdf\"><span class=\"fusion-button-text awb-button__text awb-button__text--default\">Schritt-f\u00fcr-Schritt Anleitung Elektronische Signatur<\/span><i class=\"fa-arrow-right fas awb-button__icon awb-button__icon--default button-icon-right\" aria-hidden=\"true\"><\/i><\/a><\/div><div class=\"fusion-clearfix\"><\/div><\/div><\/div><div class=\"fusion-layout-column fusion_builder_column fusion-builder-column-5 fusion_builder_column_1_3 1_3 fusion-one-third fusion-column-last\" style=\"--awb-bg-size:cover;width:33.333333333333%;width:calc(33.333333333333% - ( ( 4% ) * 0.33333333333333 ) );\"><div class=\"fusion-column-wrapper fusion-flex-column-wrapper-legacy\"><div class=\"fusion-image-element in-legacy-container\" style=\"--awb-caption-title-font-family:var(--h2_typography-font-family);--awb-caption-title-font-weight:var(--h2_typography-font-weight);--awb-caption-title-font-style:var(--h2_typography-font-style);--awb-caption-title-size:var(--h2_typography-font-size);--awb-caption-title-transform:var(--h2_typography-text-transform);--awb-caption-title-line-height:var(--h2_typography-line-height);--awb-caption-title-letter-spacing:var(--h2_typography-letter-spacing);\"><span class=\" fusion-imageframe imageframe-none imageframe-2 hover-type-none\"><img decoding=\"async\" width=\"745\" height=\"745\" title=\"Picture2\" src=\"data:image\/svg+xml,%3Csvg%20xmlns%3D%27http%3A%2F%2Fwww.w3.org%2F2000%2Fsvg%27%20width%3D%27745%27%20height%3D%27745%27%20viewBox%3D%270%200%20745%20745%27%3E%3Crect%20width%3D%27745%27%20height%3D%27745%27%20fill-opacity%3D%220%22%2F%3E%3C%2Fsvg%3E\" data-orig-src=\"https:\/\/www.prismalife.com\/wp-content\/uploads\/2022\/09\/Picture2.jpg\" alt class=\"lazyload img-responsive wp-image-20582\"\/><\/span><\/div><div class=\"fusion-clearfix\"><\/div><\/div><\/div><\/div><\/div><div class=\"fusion-fullwidth fullwidth-box fusion-builder-row-5 teaser nonhundred-percent-fullwidth non-hundred-percent-height-scrolling fusion-equal-height-columns\" style=\"--awb-border-radius-top-left:0px;--awb-border-radius-top-right:0px;--awb-border-radius-bottom-right:0px;--awb-border-radius-bottom-left:0px;--awb-margin-bottom:50px;--awb-flex-wrap:wrap;\" ><div class=\"fusion-builder-row fusion-row\"><div class=\"fusion-layout-column fusion_builder_column fusion-builder-column-6 fusion_builder_column_1_2 1_2 fusion-one-half fusion-column-first\" style=\"--awb-padding-top:20px;--awb-padding-right:15px;--awb-padding-bottom:15px;--awb-padding-left:15px;--awb-bg-size:cover;--awb-border-color:#008c84;--awb-border-top:2px;--awb-border-right:2px;--awb-border-bottom:2px;--awb-border-left:2px;--awb-border-style:solid;width:50%;width:calc(50% - ( ( 4% ) * 0.5 ) );margin-right: 4%;\"><div class=\"fusion-column-wrapper fusion-flex-column-wrapper-legacy\"><div class=\"fusion-text fusion-text-11\"><h5>Prisma FlexInvest<\/h5>\n<p style=\"padding-bottom: 50px;\">Blicken Sie mit der Prisma FlexInvest entspannt in Ihre finanzielle Zukunft. Unsere fondsgebundene Rentenversicherung bietet Ihnen maximale Flexibilit\u00e4t in jeder Lebensphase.<\/p>\n<div class=\"teaser-pfeil-box\">\n<p style=\"color: #fff;\"><img decoding=\"async\" class=\"lazyload text-link-pfeil1\" src=\"data:image\/svg+xml,%3Csvg%20xmlns%3D%27http%3A%2F%2Fwww.w3.org%2F2000%2Fsvg%27%20width%3D%2758%27%20height%3D%2715%27%20viewBox%3D%270%200%2058%2015%27%3E%3Crect%20width%3D%2758%27%20height%3D%2715%27%20fill-opacity%3D%220%22%2F%3E%3C%2Fsvg%3E\" data-orig-src=\"https:\/\/www.prismalife.com\/wp-content\/uploads\/2019\/04\/arrow_link@2x.png\" alt=\"\" width=\"58\" height=\"15\" \/><a class=\"textlink-teaser-weiss\" title=\"Prisma FlexInvest\" href=\"https:\/\/www.prismalife.com\/deutschland\/prismaflexinvest\/\">Produktdetails<\/a><\/p>\n<\/div>\n<\/div><div class=\"fusion-clearfix\"><\/div><\/div><\/div><div class=\"fusion-layout-column fusion_builder_column fusion-builder-column-7 fusion_builder_column_1_2 1_2 fusion-one-half fusion-column-last\" style=\"--awb-padding-top:20px;--awb-padding-right:15px;--awb-padding-bottom:15px;--awb-padding-left:15px;--awb-bg-color:rgba(231,230,230,0.8);--awb-bg-color-hover:rgba(231,230,230,0.8);--awb-bg-size:cover;width:50%;width:calc(50% - ( ( 4% ) * 0.5 ) );\"><div class=\"fusion-column-wrapper fusion-flex-column-wrapper-legacy\"><div class=\"fusion-text fusion-text-12\"><h6>Ben\u00f6tigen Sie Hilfe?<\/h6>\n<p>Bei der Suche eines Beraters in Ihrer N\u00e4he helfen wir Ihnen gerne.<\/p>\n<\/div><div class=\"fusion-button-wrapper\"><a class=\"fusion-button button-flat fusion-button-default-size button-custom fusion-button-default button-2 fusion-button-default-span fusion-button-default-type kontakt-button\" style=\"--button_accent_color:#008c84;--button_border_color:#008c84;--button_accent_hover_color:#008c84;--button_border_hover_color:#008c84;--button_border_width-top:1px;--button_border_width-right:1px;--button_border_width-bottom:1px;--button_border_width-left:1px;--button_gradient_top_color:#ffffff;--button_gradient_bottom_color:#ffffff;--button_gradient_top_color_hover:#ffffff;--button_gradient_bottom_color_hover:#ffffff;\" target=\"_self\" href=\"https:\/\/www.prismalife.com\/kontakt\/\"><span class=\"fusion-button-text awb-button__text awb-button__text--default\">Kontaktieren Sie uns<\/span><\/a><\/div><div class=\"fusion-clearfix\"><\/div><\/div><\/div><\/div><\/div><\/p>","protected":false},"excerpt":{"rendered":"","protected":false},"author":7,"featured_media":0,"parent":0,"menu_order":0,"comment_status":"closed","ping_status":"closed","template":"100-width.php","meta":{"footnotes":""},"class_list":["post-20572","page","type-page","status-publish","hentry"],"_links":{"self":[{"href":"https:\/\/www.prismalife.com\/fr\/wp-json\/wp\/v2\/pages\/20572","targetHints":{"allow":["GET"]}}],"collection":[{"href":"https:\/\/www.prismalife.com\/fr\/wp-json\/wp\/v2\/pages"}],"about":[{"href":"https:\/\/www.prismalife.com\/fr\/wp-json\/wp\/v2\/types\/page"}],"author":[{"embeddable":true,"href":"https:\/\/www.prismalife.com\/fr\/wp-json\/wp\/v2\/users\/7"}],"replies":[{"embeddable":true,"href":"https:\/\/www.prismalife.com\/fr\/wp-json\/wp\/v2\/comments?post=20572"}],"version-history":[{"count":5,"href":"https:\/\/www.prismalife.com\/fr\/wp-json\/wp\/v2\/pages\/20572\/revisions"}],"predecessor-version":[{"id":26797,"href":"https:\/\/www.prismalife.com\/fr\/wp-json\/wp\/v2\/pages\/20572\/revisions\/26797"}],"wp:attachment":[{"href":"https:\/\/www.prismalife.com\/fr\/wp-json\/wp\/v2\/media?parent=20572"}],"curies":[{"name":"wp","href":"https:\/\/api.w.org\/{rel}","templated":true}]}}