{"id":20907,"date":"2025-08-27T14:41:43","date_gmt":"2025-08-27T12:41:43","guid":{"rendered":"https:\/\/www.prismalife.com\/?page_id=20907"},"modified":"2025-08-27T14:41:43","modified_gmt":"2025-08-27T12:41:43","slug":"lancement","status":"publish","type":"page","link":"https:\/\/www.prismalife.com\/fr\/","title":{"rendered":"Lancement"},"content":{"rendered":"<p><div class=\"fusion-fullwidth fullwidth-box fusion-builder-row-1 header-start-top nonhundred-percent-fullwidth non-hundred-percent-height-scrolling\" style=\"--awb-border-radius-top-left:0px;--awb-border-radius-top-right:0px;--awb-border-radius-bottom-right:0px;--awb-border-radius-bottom-left:0px;--awb-margin-bottom:30px;--awb-background-color:rgba(255,255,255,0);--awb-flex-wrap:wrap;\" ><div class=\"fusion-builder-row fusion-row\"><div class=\"fusion-layout-column fusion_builder_column fusion-builder-column-0 fusion_builder_column_1_2 1_2 fusion-one-half fusion-column-first colum-head-start\" style=\"--awb-bg-size:cover;width:50%;width:calc(50% - ( ( 4% ) * 0.5 ) );margin-right: 4%;\"><div class=\"fusion-column-wrapper fusion-flex-column-wrapper-legacy\"><div class=\"fusion-text fusion-text-1\"><div class=\"column-head-startseite\">\n<div class=\"text-start-head\">\n<h1>Pr\u00e9voyance durable avec une vision \u00e0 long terme<\/h1>\n<p>Chacun doit pouvoir se constituer un patrimoine en fonction de ses moyens et vivre ses vieux jours sans soucis. Gr\u00e2ce \u00e0 nos produits de placement attrayants et \u00e0 la s\u00e9curit\u00e9 quant au lieu d&rsquo;implantation au Liechtenstein, nous rendons possible une pr\u00e9voyance durable pour plusieurs g\u00e9n\u00e9rations.<\/p>\n<\/div>\n<\/div>\n<\/div><div class=\"fusion-clearfix\"><\/div><\/div><\/div><div class=\"fusion-layout-column fusion_builder_column fusion-builder-column-1 fusion_builder_column_1_2 1_2 fusion-one-half fusion-column-last colum-head-start\" style=\"--awb-bg-size:cover;--awb-margin-top:65px;width:50%;width:calc(50% - ( ( 4% ) * 0.5 ) );\" id=\"column-head-startseite\"><div class=\"fusion-column-wrapper fusion-flex-column-wrapper-legacy\"><div class=\"fusion-clearfix\"><\/div><\/div><\/div><\/div><\/div><div class=\"fusion-fullwidth fullwidth-box fusion-builder-row-2 has-pattern-background has-mask-background teaser-news1 nonhundred-percent-fullwidth non-hundred-percent-height-scrolling fusion-equal-height-columns\" style=\"--awb-border-radius-top-left:0px;--awb-border-radius-top-right:0px;--awb-border-radius-bottom-right:0px;--awb-border-radius-bottom-left:0px;--awb-background-color:rgba(255,255,255,0);--awb-flex-wrap:wrap;\" ><div class=\"fusion-builder-row fusion-row\"><div class=\"fusion-layout-column fusion_builder_column fusion-builder-column-2 fusion_builder_column_1_4 1_4 fusion-one-fourth fusion-column-first hideMyContent\" style=\"--awb-padding-top:15px;--awb-padding-right:15px;--awb-padding-bottom:15px;--awb-padding-left:15px;--awb-bg-size:cover;width:25%;width:calc(25% - ( ( 1.5% ) * 0.25 ) );margin-right: 1.5%;\" data-scroll-devices=\"small-visibility,medium-visibility,large-visibility\"><div class=\"fusion-column-wrapper fusion-column-has-shadow fusion-flex-column-wrapper-legacy\"><div class=\"fusion-text fusion-text-2\" style=\"--awb-text-transform:none;\"><p class=\"text-newsbox-date\">31.12.2022<\/p>\n<p class=\"text-newsbox-title\">\n<p class=\"text-newsbox-content\">\n<\/div><div class=\"fusion-text fusion-text-3 teaser-pfeil-box-news\" style=\"--awb-text-transform:none;\"><p><a class=\"textlink-teaser-weiss\" href=\"https:\/\/www.prismalife.com\/news\/\"><img decoding=\"async\" class=\"lazyload text-link-pfeil1\" src=\"data:image\/svg+xml,%3Csvg%20xmlns%3D%27http%3A%2F%2Fwww.w3.org%2F2000%2Fsvg%27%20width%3D%2768%27%20height%3D%2718%27%20viewBox%3D%270%200%2068%2018%27%3E%3Crect%20width%3D%2768%27%20height%3D%2718%27%20fill-opacity%3D%220%22%2F%3E%3C%2Fsvg%3E\" data-orig-src=\"https:\/\/www.prismalife.com\/wp-content\/uploads\/2019\/04\/arrow_link@2x.png\" alt=\"link\" \/>Zum Artikel<\/a><\/p>\n<\/div><div class=\"fusion-clearfix\"><\/div><\/div><\/div><div class=\"fusion-layout-column fusion_builder_column fusion-builder-column-3 fusion_builder_column_1_4 1_4 fusion-one-fourth fusion-column-last hideMyContent\" style=\"--awb-padding-top:15px;--awb-padding-right:15px;--awb-padding-bottom:15px;--awb-padding-left:15px;--awb-bg-size:cover;width:25%;width:calc(25% - ( ( 1.5% ) * 0.25 ) );\" data-scroll-devices=\"small-visibility,medium-visibility,large-visibility\"><div class=\"fusion-column-wrapper fusion-column-has-shadow fusion-flex-column-wrapper-legacy\"><div class=\"fusion-text fusion-text-4\" style=\"--awb-text-transform:none;\"><p class=\"text-newsbox-date\">31.12.2022<\/p>\n<p class=\"text-newsbox-title\">\n<p class=\"text-newsbox-content\">\n<\/div><div class=\"fusion-text fusion-text-5 teaser-pfeil-box-news\" style=\"--awb-text-transform:none;\"><p><a class=\"textlink-teaser-weiss\" href=\"https:\/\/www.prismalife.com\/news\/\"><img decoding=\"async\" class=\"lazyload text-link-pfeil1\" src=\"data:image\/svg+xml,%3Csvg%20xmlns%3D%27http%3A%2F%2Fwww.w3.org%2F2000%2Fsvg%27%20width%3D%2768%27%20height%3D%2718%27%20viewBox%3D%270%200%2068%2018%27%3E%3Crect%20width%3D%2768%27%20height%3D%2718%27%20fill-opacity%3D%220%22%2F%3E%3C%2Fsvg%3E\" data-orig-src=\"https:\/\/www.prismalife.com\/wp-content\/uploads\/2019\/04\/arrow_link@2x.png\" alt=\"link\" \/>Zum Artikel<\/a><\/p>\n<\/div><div class=\"fusion-clearfix\"><\/div><\/div><\/div><\/div><\/div><div class=\"fusion-fullwidth fullwidth-box fusion-builder-row-3 nonhundred-percent-fullwidth non-hundred-percent-height-scrolling fusion-equal-height-columns\" style=\"--awb-border-radius-top-left:0px;--awb-border-radius-top-right:0px;--awb-border-radius-bottom-right:0px;--awb-border-radius-bottom-left:0px;--awb-background-color:rgba(0,140,132,0.1);--awb-flex-wrap:wrap;\" id=\"startseite-block2\" ><div class=\"fusion-builder-row fusion-row\"><div class=\"fusion-layout-column fusion_builder_column fusion-builder-column-4 fusion_builder_column_1_1 1_1 fusion-one-full fusion-column-first fusion-column-last\" style=\"--awb-padding-top:40px;--awb-padding-bottom:30px;--awb-bg-size:cover;\"><div class=\"fusion-column-wrapper fusion-flex-column-wrapper-legacy\"><div class=\"fusion-text fusion-text-6\"><h2 style=\"text-align: center; padding-bottom: 20px;\">Produits et services<\/h2>\n<\/div><div class=\"fusion-builder-row fusion-builder-row-inner fusion-row\"><div class=\"fusion-layout-column fusion_builder_column_inner fusion-builder-nested-column-0 fusion_builder_column_inner_1_3 1_3 fusion-one-third fusion-column-first teaser-startseite fusion-column-inner-bg-wrapper\" style=\"--awb-padding-bottom:5px;--awb-inner-bg-color:#ffffff;--awb-inner-bg-color-hover:#ffffff;--awb-inner-bg-size:cover;width:33.333333333333%;width:calc(33.333333333333% - ( ( 1.5% + 1.5% ) * 0.33333333333333 ) );margin-right: 1.5%;\"><span class=\"fusion-column-inner-bg hover-type-none\"><a class=\"fusion-column-anchor\" href=\"https:\/\/www.prismalife.com\/deutschland\/\"><span class=\"fusion-column-inner-bg-image\"><\/span><\/a><\/span><div class=\"fusion-column-wrapper fusion-column-has-shadow fusion-flex-column-wrapper-legacy\"><div class=\"fusion-image-element in-legacy-container\" style=\"--awb-caption-title-font-family:var(--h2_typography-font-family);--awb-caption-title-font-weight:var(--h2_typography-font-weight);--awb-caption-title-font-style:var(--h2_typography-font-style);--awb-caption-title-size:var(--h2_typography-font-size);--awb-caption-title-transform:var(--h2_typography-text-transform);--awb-caption-title-line-height:var(--h2_typography-line-height);--awb-caption-title-letter-spacing:var(--h2_typography-letter-spacing);\"><span class=\" fusion-imageframe imageframe-none imageframe-1 hover-type-none\"><img decoding=\"async\" width=\"900\" height=\"550\" title=\"Startseite_Teaser_Altersvorsorge\" src=\"https:\/\/www.prismalife.com\/wp-content\/uploads\/2019\/04\/Startseite_Teaser_Altersvorsorge.jpg\" data-orig-src=\"https:\/\/www.prismalife.com\/wp-content\/uploads\/2019\/04\/Startseite_Teaser_Altersvorsorge.jpg\" alt class=\"lazyload img-responsive wp-image-2813\" srcset=\"data:image\/svg+xml,%3Csvg%20xmlns%3D%27http%3A%2F%2Fwww.w3.org%2F2000%2Fsvg%27%20width%3D%27900%27%20height%3D%27550%27%20viewBox%3D%270%200%20900%20550%27%3E%3Crect%20width%3D%27900%27%20height%3D%27550%27%20fill-opacity%3D%220%22%2F%3E%3C%2Fsvg%3E\" data-srcset=\"https:\/\/www.prismalife.com\/wp-content\/uploads\/2019\/04\/Startseite_Teaser_Altersvorsorge-200x122.jpg 200w, https:\/\/www.prismalife.com\/wp-content\/uploads\/2019\/04\/Startseite_Teaser_Altersvorsorge-400x244.jpg 400w, https:\/\/www.prismalife.com\/wp-content\/uploads\/2019\/04\/Startseite_Teaser_Altersvorsorge-600x367.jpg 600w, https:\/\/www.prismalife.com\/wp-content\/uploads\/2019\/04\/Startseite_Teaser_Altersvorsorge-800x489.jpg 800w, https:\/\/www.prismalife.com\/wp-content\/uploads\/2019\/04\/Startseite_Teaser_Altersvorsorge.jpg 900w\" data-sizes=\"auto\" data-orig-sizes=\"(max-width: 800px) 100vw, 600px\" \/><\/span><\/div><div class=\"fusion-text fusion-text-7 teaser-text-block\"><h5>Une s\u00e9curit\u00e9 pour les vieux jours<\/h5>\n<h6 style=\"font-size: 1.55em;\">Avec les produits de retraite en unit\u00e9 de compte PrismaLife, nos clients peuvent envisager l&rsquo;avenir en toute s\u00e9r\u00e9nit\u00e9.<\/h6>\n<\/div><div class=\"fusion-text fusion-text-8 teaser-pfeil-box\"><p><a class=\"textlink-teaser-weiss\" href=\"https:\/\/www.prismalife.com\/altersvorsorge\/\"><img decoding=\"async\" class=\"lazyload text-link-pfeil1\" title=\"PrismaLife-Vorsorgeprodukte\" src=\"data:image\/svg+xml,%3Csvg%20xmlns%3D%27http%3A%2F%2Fwww.w3.org%2F2000%2Fsvg%27%20width%3D%2768%27%20height%3D%2718%27%20viewBox%3D%270%200%2068%2018%27%3E%3Crect%20width%3D%2768%27%20height%3D%2718%27%20fill-opacity%3D%220%22%2F%3E%3C%2Fsvg%3E\" data-orig-src=\"https:\/\/www.prismalife.com\/wp-content\/uploads\/2019\/04\/arrow_link@2x.png\" alt=\"link\" \/>D\u00c9TAILS DU PRODUIT<\/a><\/p>\n<\/div><div class=\"fusion-clearfix\"><\/div><\/div><\/div><div class=\"fusion-layout-column fusion_builder_column_inner fusion-builder-nested-column-1 fusion_builder_column_inner_1_3 1_3 fusion-one-third teaser-startseite fusion-column-inner-bg-wrapper\" style=\"--awb-padding-bottom:5px;--awb-inner-bg-color:#ffffff;--awb-inner-bg-color-hover:#ffffff;--awb-inner-bg-size:cover;width:33.333333333333%;width:calc(33.333333333333% - ( ( 1.5% + 1.5% ) * 0.33333333333333 ) );margin-right: 1.5%;\"><span class=\"fusion-column-inner-bg hover-type-none\"><a class=\"fusion-column-anchor\" href=\"https:\/\/www.prismalife.com\/deutschland\/\"><span class=\"fusion-column-inner-bg-image\"><\/span><\/a><\/span><div class=\"fusion-column-wrapper fusion-column-has-shadow fusion-flex-column-wrapper-legacy\"><div class=\"fusion-image-element in-legacy-container\" style=\"--awb-max-width:100%;--awb-caption-title-font-family:var(--h2_typography-font-family);--awb-caption-title-font-weight:var(--h2_typography-font-weight);--awb-caption-title-font-style:var(--h2_typography-font-style);--awb-caption-title-size:var(--h2_typography-font-size);--awb-caption-title-transform:var(--h2_typography-text-transform);--awb-caption-title-line-height:var(--h2_typography-line-height);--awb-caption-title-letter-spacing:var(--h2_typography-letter-spacing);\"><span class=\" fusion-imageframe imageframe-none imageframe-2 hover-type-none\"><img decoding=\"async\" width=\"900\" height=\"550\" alt=\"Aussicht mit Weitblick\" title=\"Risikoabsicherung mit PrismaLife\" src=\"https:\/\/www.prismalife.com\/wp-content\/uploads\/2019\/04\/Startseite_Teaser_Risiko.jpg\" data-orig-src=\"https:\/\/www.prismalife.com\/wp-content\/uploads\/2019\/04\/Startseite_Teaser_Risiko.jpg\" class=\"lazyload img-responsive wp-image-2816\" srcset=\"data:image\/svg+xml,%3Csvg%20xmlns%3D%27http%3A%2F%2Fwww.w3.org%2F2000%2Fsvg%27%20width%3D%27900%27%20height%3D%27550%27%20viewBox%3D%270%200%20900%20550%27%3E%3Crect%20width%3D%27900%27%20height%3D%27550%27%20fill-opacity%3D%220%22%2F%3E%3C%2Fsvg%3E\" data-srcset=\"https:\/\/www.prismalife.com\/wp-content\/uploads\/2019\/04\/Startseite_Teaser_Risiko-200x122.jpg 200w, https:\/\/www.prismalife.com\/wp-content\/uploads\/2019\/04\/Startseite_Teaser_Risiko-400x244.jpg 400w, https:\/\/www.prismalife.com\/wp-content\/uploads\/2019\/04\/Startseite_Teaser_Risiko-600x367.jpg 600w, https:\/\/www.prismalife.com\/wp-content\/uploads\/2019\/04\/Startseite_Teaser_Risiko-800x489.jpg 800w, https:\/\/www.prismalife.com\/wp-content\/uploads\/2019\/04\/Startseite_Teaser_Risiko.jpg 900w\" data-sizes=\"auto\" data-orig-sizes=\"(max-width: 800px) 100vw, 600px\" \/><\/span><\/div><div class=\"fusion-text fusion-text-9 teaser-text-block\"><h5>Votre protection contre les risques<\/h5>\n<h6 style=\"font-size: 1.55em;\">Nous sommes expos\u00e9s \u00e0 diff\u00e9rents risques \u00e0 chaque phase de la vie &#8211; avoir une couverture d&rsquo;assurance pour notre vie, nos revenus et le maintien de notre capacit\u00e9 de travail est la base d&rsquo;une vie sans souci.<\/h6>\n<\/div><div class=\"fusion-text fusion-text-10 teaser-pfeil-box\"><p><a class=\"textlink-teaser-weiss\" href=\"https:\/\/www.prismalife.com\/risikoprodukte\/\"><img decoding=\"async\" class=\"lazyload text-link-pfeil1\" src=\"data:image\/svg+xml,%3Csvg%20xmlns%3D%27http%3A%2F%2Fwww.w3.org%2F2000%2Fsvg%27%20width%3D%2768%27%20height%3D%2718%27%20viewBox%3D%270%200%2068%2018%27%3E%3Crect%20width%3D%2768%27%20height%3D%2718%27%20fill-opacity%3D%220%22%2F%3E%3C%2Fsvg%3E\" data-orig-src=\"https:\/\/www.prismalife.com\/wp-content\/uploads\/2019\/04\/arrow_link@2x.png\" alt=\"link\" \/>D\u00c9TAILS DU PRODUIT<\/a><\/p>\n<\/div><div class=\"fusion-clearfix\"><\/div><\/div><\/div><div class=\"fusion-layout-column fusion_builder_column_inner fusion-builder-nested-column-2 fusion_builder_column_inner_1_3 1_3 fusion-one-third fusion-column-last teaser-startseite fusion-column-inner-bg-wrapper\" style=\"--awb-padding-top:0px;--awb-padding-right:0px;--awb-padding-bottom:5px;--awb-padding-left:0px;--awb-inner-bg-color:#ffffff;--awb-inner-bg-color-hover:#ffffff;--awb-inner-bg-size:cover;--awb-border-color:#008c84;--awb-border-top:2px;--awb-border-right:2px;--awb-border-bottom:2px;--awb-border-left:2px;--awb-border-style:solid;width:33.333333333333%;width:calc(33.333333333333% - ( ( 1.5% + 1.5% ) * 0.33333333333333 ) );\"><span class=\"fusion-column-inner-bg hover-type-none\"><a class=\"fusion-column-anchor\" href=\"https:\/\/www.prismalife.com\/fonds\/\"><span class=\"fusion-column-inner-bg-image\"><\/span><\/a><\/span><div class=\"fusion-column-wrapper fusion-column-has-shadow fusion-flex-column-wrapper-legacy\"><div class=\"fusion-text fusion-text-11 teaser-text-block\"><h4>Notre s\u00e9lection de fonds<\/h4>\n<h6 style=\"font-size: 1.55em;\">La vaste gamme de fonds de PrismaLife comprend des fonds avec et sans garantie, des fonds de gestion d&rsquo;actifs et des strat\u00e9gies g\u00e9r\u00e9es par des soci\u00e9t\u00e9s d&rsquo;investissement nationales et internationales renomm\u00e9es.<\/h6>\n<\/div><div class=\"fusion-text fusion-text-12 teaser-pfeil-box\"><p><a class=\"textlink-teaser-weiss\" href=\"https:\/\/www.prismalife.com\/fr\/?page_id=20928\"><img decoding=\"async\" class=\"lazyload text-link-pfeil1\" src=\"data:image\/svg+xml,%3Csvg%20xmlns%3D%27http%3A%2F%2Fwww.w3.org%2F2000%2Fsvg%27%20width%3D%2768%27%20height%3D%2718%27%20viewBox%3D%270%200%2068%2018%27%3E%3Crect%20width%3D%2768%27%20height%3D%2718%27%20fill-opacity%3D%220%22%2F%3E%3C%2Fsvg%3E\" data-orig-src=\"https:\/\/www.prismalife.com\/wp-content\/uploads\/2019\/04\/arrow_link@2x.png\" alt=\"link\" \/>INFORMATIONS SUR LES FONDS<\/a><\/p>\n<\/div><div class=\"fusion-clearfix\"><\/div><\/div><\/div><\/div><div class=\"fusion-clearfix\"><\/div><\/div><\/div><\/div><\/div><div class=\"fusion-fullwidth fullwidth-box fusion-builder-row-4 nonhundred-percent-fullwidth non-hundred-percent-height-scrolling fusion-equal-height-columns\" style=\"--awb-border-radius-top-left:0px;--awb-border-radius-top-right:0px;--awb-border-radius-bottom-right:0px;--awb-border-radius-bottom-left:0px;--awb-margin-top:50px;--awb-flex-wrap:wrap;\" ><div class=\"fusion-builder-row fusion-row\"><div class=\"fusion-layout-column fusion_builder_column fusion-builder-column-5 fusion_builder_column_1_1 1_1 fusion-one-full fusion-column-first fusion-column-last\" style=\"--awb-bg-size:cover;\"><div class=\"fusion-column-wrapper fusion-flex-column-wrapper-legacy\"><div class=\"fusion-title title fusion-title-1 fusion-sep-none fusion-title-center fusion-title-text fusion-title-size-two\"><h2 class=\"fusion-title-heading title-heading-center fusion-responsive-typography-calculated\" style=\"margin:0;--fontSize:41.25;line-height:1.2;\">PrismaLife<\/h2><\/div><div class=\"fusion-clearfix\"><\/div><\/div><\/div><\/div><\/div><div class=\"fusion-fullwidth fullwidth-box fusion-builder-row-5 nonhundred-percent-fullwidth non-hundred-percent-height-scrolling\" style=\"--awb-border-radius-top-left:0px;--awb-border-radius-top-right:0px;--awb-border-radius-bottom-right:0px;--awb-border-radius-bottom-left:0px;--awb-flex-wrap:wrap;\" ><div class=\"fusion-builder-row fusion-row\"><div class=\"fusion-layout-column fusion_builder_column fusion-builder-column-6 fusion_builder_column_1_2 1_2 fusion-one-half fusion-column-first fusion-column-inner-bg-wrapper\" style=\"--awb-padding-top:15px;--awb-padding-right:15px;--awb-padding-bottom:15px;--awb-padding-left:15px;--awb-inner-bg-size:cover;--awb-margin-top:10px;width:50%;width:calc(50% - ( ( 4% ) * 0.5 ) );margin-right: 4%;\" id=\"fond-box-auswahl\"><span class=\"fusion-column-inner-bg hover-type-none\"><a class=\"fusion-column-anchor\" href=\"https:\/\/www.prismalife.com\/strategie\/#strategie\"><span class=\"fusion-column-inner-bg-image\"><\/span><\/a><\/span><div class=\"fusion-column-wrapper fusion-flex-column-wrapper-legacy\"><div class=\"fusion-builder-row fusion-builder-row-inner fusion-row\"><div class=\"fusion-layout-column fusion_builder_column_inner fusion-builder-nested-column-3 fusion_builder_column_inner_1_2 1_2 fusion-one-half fusion-column-first\" style=\"--awb-bg-size:cover;width:50%;width:calc(50% - ( ( 4% ) * 0.5 ) );margin-right: 4%;\"><div class=\"fusion-column-wrapper fusion-flex-column-wrapper-legacy\"><div class=\"fusion-image-element in-legacy-container\" style=\"--awb-caption-title-font-family:var(--h2_typography-font-family);--awb-caption-title-font-weight:var(--h2_typography-font-weight);--awb-caption-title-font-style:var(--h2_typography-font-style);--awb-caption-title-size:var(--h2_typography-font-size);--awb-caption-title-transform:var(--h2_typography-text-transform);--awb-caption-title-line-height:var(--h2_typography-line-height);--awb-caption-title-letter-spacing:var(--h2_typography-letter-spacing);\"><span class=\" fusion-imageframe imageframe-none imageframe-3 hover-type-none\"><img decoding=\"async\" width=\"667\" height=\"1000\" title=\"Teaser_Footer_links\" src=\"https:\/\/www.prismalife.com\/wp-content\/uploads\/2019\/04\/Teaser_Footer_links-1.jpg\" data-orig-src=\"https:\/\/www.prismalife.com\/wp-content\/uploads\/2019\/04\/Teaser_Footer_links-1.jpg\" alt class=\"lazyload img-responsive wp-image-2861\" srcset=\"data:image\/svg+xml,%3Csvg%20xmlns%3D%27http%3A%2F%2Fwww.w3.org%2F2000%2Fsvg%27%20width%3D%27667%27%20height%3D%271000%27%20viewBox%3D%270%200%20667%201000%27%3E%3Crect%20width%3D%27667%27%20height%3D%271000%27%20fill-opacity%3D%220%22%2F%3E%3C%2Fsvg%3E\" data-srcset=\"https:\/\/www.prismalife.com\/wp-content\/uploads\/2019\/04\/Teaser_Footer_links-1-200x300.jpg 200w, https:\/\/www.prismalife.com\/wp-content\/uploads\/2019\/04\/Teaser_Footer_links-1-400x600.jpg 400w, https:\/\/www.prismalife.com\/wp-content\/uploads\/2019\/04\/Teaser_Footer_links-1-600x900.jpg 600w, https:\/\/www.prismalife.com\/wp-content\/uploads\/2019\/04\/Teaser_Footer_links-1.jpg 667w\" data-sizes=\"auto\" data-orig-sizes=\"(max-width: 800px) 100vw, 667px\" \/><\/span><\/div><div class=\"fusion-clearfix\"><\/div><\/div><\/div><div class=\"fusion-layout-column fusion_builder_column_inner fusion-builder-nested-column-4 fusion_builder_column_inner_1_2 1_2 fusion-one-half fusion-column-last teaser-text-startseite\" style=\"--awb-bg-size:cover;width:50%;width:calc(50% - ( ( 4% ) * 0.5 ) );\"><div class=\"fusion-column-wrapper fusion-flex-column-wrapper-legacy\"><div class=\"fusion-text fusion-text-13\"><h3>Des conseils pr\u00e9cieux &#8211; une r\u00e9mun\u00e9ration flexible<\/h3>\n<p style=\"padding-bottom: 5px;\">PrismaLife est le sp\u00e9cialiste de la retraite innovant et \u00e0 haut niveau de service au Liechtenstein pour la constitution d&rsquo;un patrimoine durable. En tant que premier assureur-vie du Liechtenstein, nous proposons des produits de retraite en unit\u00e9s de compte qui s&rsquo;adaptent aux budgets personnels, tout en b\u00e9n\u00e9ficiant des avantages g\u00e9ographiques offerts par la Principaut\u00e9 du Liechtenstein en tant que centre financier moderne en plein c\u0153ur de l&rsquo;Europe.<\/p>\n<\/div><div class=\"fusion-text fusion-text-14\"><p><a class=\"textlink-teaser-vorteile\" href=\"https:\/\/www.prismalife.com\/fr\/\"><img decoding=\"async\" class=\"lazyload text-link-pfeil1\" src=\"data:image\/svg+xml,%3Csvg%20xmlns%3D%27http%3A%2F%2Fwww.w3.org%2F2000%2Fsvg%27%20width%3D%2768%27%20height%3D%2718%27%20viewBox%3D%270%200%2068%2018%27%3E%3Crect%20width%3D%2768%27%20height%3D%2718%27%20fill-opacity%3D%220%22%2F%3E%3C%2Fsvg%3E\" data-orig-src=\"https:\/\/www.prismalife.com\/wp-content\/uploads\/2019\/04\/arrow_link@2x.png\" alt=\"link\" \/>NOS STRAT\u00c9GIES<\/a><\/p>\n<\/div><div class=\"fusion-clearfix\"><\/div><\/div><\/div><\/div><div class=\"fusion-clearfix\"><\/div><\/div><\/div><div class=\"fusion-layout-column fusion_builder_column fusion-builder-column-7 fusion_builder_column_1_2 1_2 fusion-one-half fusion-column-last fusion-column-inner-bg-wrapper\" style=\"--awb-padding-top:15px;--awb-padding-right:15px;--awb-padding-bottom:15px;--awb-padding-left:15px;--awb-inner-bg-size:cover;--awb-margin-top:10px;width:50%;width:calc(50% - ( ( 4% ) * 0.5 ) );\" id=\"fond-box-auswahl\"><span class=\"fusion-column-inner-bg hover-type-none\"><a class=\"fusion-column-anchor\" href=\"https:\/\/www.prismalife.com\/nachhaltigkeitsstrategie\/\"><span class=\"fusion-column-inner-bg-image\"><\/span><\/a><\/span><div class=\"fusion-column-wrapper fusion-column-has-shadow fusion-flex-column-wrapper-legacy\"><div class=\"fusion-builder-row fusion-builder-row-inner fusion-row\"><div class=\"fusion-layout-column fusion_builder_column_inner fusion-builder-nested-column-5 fusion_builder_column_inner_1_2 1_2 fusion-one-half fusion-column-first\" style=\"--awb-bg-size:cover;width:50%;width:calc(50% - ( ( 4% ) * 0.5 ) );margin-right: 4%;\"><div class=\"fusion-column-wrapper fusion-flex-column-wrapper-legacy\"><div class=\"fusion-image-element in-legacy-container\" style=\"--awb-caption-title-font-family:var(--h2_typography-font-family);--awb-caption-title-font-weight:var(--h2_typography-font-weight);--awb-caption-title-font-style:var(--h2_typography-font-style);--awb-caption-title-size:var(--h2_typography-font-size);--awb-caption-title-transform:var(--h2_typography-text-transform);--awb-caption-title-line-height:var(--h2_typography-line-height);--awb-caption-title-letter-spacing:var(--h2_typography-letter-spacing);\"><span class=\" fusion-imageframe imageframe-none imageframe-4 hover-type-none\"><img decoding=\"async\" width=\"667\" height=\"1000\" title=\"Teaser_Footer_rechts\" src=\"https:\/\/www.prismalife.com\/wp-content\/uploads\/2019\/04\/Teaser_Footer_rechts.jpg\" data-orig-src=\"https:\/\/www.prismalife.com\/wp-content\/uploads\/2019\/04\/Teaser_Footer_rechts.jpg\" alt class=\"lazyload img-responsive wp-image-2824\" srcset=\"data:image\/svg+xml,%3Csvg%20xmlns%3D%27http%3A%2F%2Fwww.w3.org%2F2000%2Fsvg%27%20width%3D%27667%27%20height%3D%271000%27%20viewBox%3D%270%200%20667%201000%27%3E%3Crect%20width%3D%27667%27%20height%3D%271000%27%20fill-opacity%3D%220%22%2F%3E%3C%2Fsvg%3E\" data-srcset=\"https:\/\/www.prismalife.com\/wp-content\/uploads\/2019\/04\/Teaser_Footer_rechts-200x300.jpg 200w, https:\/\/www.prismalife.com\/wp-content\/uploads\/2019\/04\/Teaser_Footer_rechts-400x600.jpg 400w, https:\/\/www.prismalife.com\/wp-content\/uploads\/2019\/04\/Teaser_Footer_rechts-600x900.jpg 600w, https:\/\/www.prismalife.com\/wp-content\/uploads\/2019\/04\/Teaser_Footer_rechts.jpg 667w\" data-sizes=\"auto\" data-orig-sizes=\"(max-width: 800px) 100vw, 667px\" \/><\/span><\/div><div class=\"fusion-clearfix\"><\/div><\/div><\/div><div class=\"fusion-layout-column fusion_builder_column_inner fusion-builder-nested-column-6 fusion_builder_column_inner_1_2 1_2 fusion-one-half fusion-column-last teaser-text-startseite\" style=\"--awb-bg-size:cover;width:50%;width:calc(50% - ( ( 4% ) * 0.5 ) );\"><div class=\"fusion-column-wrapper fusion-flex-column-wrapper-legacy\"><div class=\"fusion-text fusion-text-15\"><h3>Investissement durable selon les facteurs ESG<\/h3>\n<p style=\"padding-bottom: 5px;\">Dans un monde (financier) en mutation, le th\u00e8me de l&rsquo;investissement durable devient pertinent pour un nombre croissant d&rsquo;investisseurs. Pour nous, investir selon les facteurs dits ESG (Environnement, Social, Gouvernance) est plus que de la pure philanthropie. Elle se fonde sur l&rsquo;\u00e9valuation des perspectives de rendement et tient compte, par exemple, de cadres r\u00e9glementaires tels que l&rsquo;accord de Paris sur la protection du climat et les objectifs de d\u00e9veloppement durable des Nations Unies.<\/p>\n<\/div><div class=\"fusion-text fusion-text-16\"><p><a class=\"textlink-teaser-weiss\" href=\"https:\/\/www.prismalife.com\/nachhaltigkeit\/\"><img decoding=\"async\" class=\"lazyload text-link-pfeil1\" src=\"data:image\/svg+xml,%3Csvg%20xmlns%3D%27http%3A%2F%2Fwww.w3.org%2F2000%2Fsvg%27%20width%3D%2768%27%20height%3D%2718%27%20viewBox%3D%270%200%2068%2018%27%3E%3Crect%20width%3D%2768%27%20height%3D%2718%27%20fill-opacity%3D%220%22%2F%3E%3C%2Fsvg%3E\" data-orig-src=\"https:\/\/www.prismalife.com\/wp-content\/uploads\/2019\/04\/arrow_link@2x.png\" alt=\"link\" \/>INFORMATIONS COMPL\u00c9MENTAIRES<\/a><\/p>\n<\/div><div class=\"fusion-clearfix\"><\/div><\/div><\/div><\/div><div class=\"fusion-clearfix\"><\/div><\/div><\/div><\/div><\/div><\/p>","protected":false},"excerpt":{"rendered":"","protected":false},"author":7,"featured_media":0,"parent":0,"menu_order":0,"comment_status":"closed","ping_status":"closed","template":"100-width.php","meta":{"footnotes":""},"class_list":["post-20907","page","type-page","status-publish","hentry"],"_links":{"self":[{"href":"https:\/\/www.prismalife.com\/fr\/wp-json\/wp\/v2\/pages\/20907","targetHints":{"allow":["GET"]}}],"collection":[{"href":"https:\/\/www.prismalife.com\/fr\/wp-json\/wp\/v2\/pages"}],"about":[{"href":"https:\/\/www.prismalife.com\/fr\/wp-json\/wp\/v2\/types\/page"}],"author":[{"embeddable":true,"href":"https:\/\/www.prismalife.com\/fr\/wp-json\/wp\/v2\/users\/7"}],"replies":[{"embeddable":true,"href":"https:\/\/www.prismalife.com\/fr\/wp-json\/wp\/v2\/comments?post=20907"}],"version-history":[{"count":7,"href":"https:\/\/www.prismalife.com\/fr\/wp-json\/wp\/v2\/pages\/20907\/revisions"}],"predecessor-version":[{"id":26688,"href":"https:\/\/www.prismalife.com\/fr\/wp-json\/wp\/v2\/pages\/20907\/revisions\/26688"}],"wp:attachment":[{"href":"https:\/\/www.prismalife.com\/fr\/wp-json\/wp\/v2\/media?parent=20907"}],"curies":[{"name":"wp","href":"https:\/\/api.w.org\/{rel}","templated":true}]}}