{"id":23251,"date":"2023-04-28T11:49:25","date_gmt":"2023-04-28T09:49:25","guid":{"rendered":"https:\/\/www.prismalife.com\/?page_id=23251"},"modified":"2023-04-28T11:49:25","modified_gmt":"2023-04-28T09:49:25","slug":"raiffeisen200423","status":"publish","type":"page","link":"https:\/\/www.prismalife.com\/fr\/raiffeisen200423\/","title":{"rendered":"Raiffeisen200423"},"content":{"rendered":"<p><div class=\"fusion-fullwidth fullwidth-box fusion-builder-row-1 nonhundred-percent-fullwidth non-hundred-percent-height-scrolling\" style=\"--awb-border-radius-top-left:0px;--awb-border-radius-top-right:0px;--awb-border-radius-bottom-right:0px;--awb-border-radius-bottom-left:0px;--awb-padding-right:10px;--awb-padding-left:10px;--awb-flex-wrap:wrap;\" ><div class=\"fusion-builder-row fusion-row\"><div class=\"fusion-layout-column fusion_builder_column fusion-builder-column-0 fusion_builder_column_1_1 1_1 fusion-one-full fusion-column-first fusion-column-last padding-content-datenschutz\" style=\"--awb-bg-size:cover;\"><div class=\"fusion-column-wrapper fusion-column-has-shadow fusion-flex-column-wrapper-legacy\"><div class=\"fusion-text fusion-text-1\"><p>20.04.2023<\/p>\n<\/div><div class=\"fusion-text fusion-text-2\"><h1>Abspaltung der illiquiden russischen Verm\u00f6genswerte beim Fonds Raiffeisen-Osteuropa-Aktien<\/h1>\n<\/div><div class=\"fusion-clearfix\"><\/div><\/div><\/div><div class=\"fusion-layout-column fusion_builder_column fusion-builder-column-1 fusion_builder_column_1_1 1_1 fusion-one-full fusion-column-first fusion-column-last padding-content-datenschutz\" style=\"--awb-bg-size:cover;\"><div class=\"fusion-column-wrapper fusion-flex-column-wrapper-legacy\"><div class=\"fusion-text fusion-text-3\"><div style=\"display: table-row;\">\n<div style=\"display: table-cell; width: 30px;\"><img decoding=\"async\" class=\"lazyload pfeil\" src=\"data:image\/svg+xml,%3Csvg%20xmlns%3D%27http%3A%2F%2Fwww.w3.org%2F2000%2Fsvg%27%20width%3D%2714%27%20height%3D%2728%27%20viewBox%3D%270%200%2014%2028%27%3E%3Crect%20width%3D%2714%27%20height%3D%2728%27%20fill-opacity%3D%220%22%2F%3E%3C%2Fsvg%3E\" data-orig-src=\"https:\/\/www.prismalife.com\/wp-content\/uploads\/2019\/03\/pfeil-content.png\" alt=\"\" \/><\/div>\n<div style=\"display: table-cell;\">\n<p>Durch die anhaltende Situation im Zusammenhang mit dem Krieg in der Ukraine ist sowohl der Handel als auch eine ordnungsgem\u00e4sse Bewertung russischer Wertpapiere weiterhin nicht m\u00f6glich. Die Raiffeisen Kapitalanlage-Gesellschaft m.b.H. geht davon aus, dass sich an dieser Situation mittelfristig nichts \u00e4ndern wird und hat aus diesem Grund die im Folgenden beschriebene Massnahme beschlossen. Detaillierte Informationen dazu finden Sie im <a href=\"https:\/\/www.prismalife.com\/wp-content\/uploads\/2023\/04\/Kundenbrief-AT-DE-LI.pdf\">Schreiben der Fondsgesellschaft<\/a>.<\/p>\n<p>Das Fondsverm\u00f6gen des Investmentfonds Raiffeisen-Osteuropa-Aktien wird auf zwei Teile aufgeteilt und die nicht handelbaren russischen Verm\u00f6gensteile werden abgespalten:<br \/>\n1.) Der bestehende Fonds Raiffeisen-Osteuropa-Aktien (R) VT (ISIN AT0000785241) wird nach der Abspaltung ausschliesslich aus den nicht russischen und liquiden Verm\u00f6genswerten bestehen und wieder f\u00fcr den Handel ge\u00f6ffnet sein. Die Positionen dieses Fonds entsprechen ca. 48.86 % des Fondsverm\u00f6gens vom 28.02.2022.<br \/>\n2.) Die nicht handelbaren russischen Verm\u00f6genswerte werden in einen neuen Fonds mit der Bezeichnung ABW Raiffeisen-Osteuropa-Aktien &#8211; in Abwicklung (ISIN AT0000A33149) \u00fcbertragen. Dieser neue Fonds, das so genannte Abspaltungsverm\u00f6gen, dient ausschliesslich dem Zweck der Abwicklung und ist f\u00fcr Zeichnungen und R\u00fccknahmen geschlossen. Die Positionen dieses Fonds entsprechen ca. 51.14 % des Fondsverm\u00f6gens vom 28.02.2022.<\/p>\n<p>Betroffene Kunden erhalten kostenfrei Anteile am neuen Fonds im Verh\u00e4ltnis 1 zu 1. Als Berechnungsgrundlage dient der Anteilsbestand im Fonds Raiffeisen-Osteuropa-Aktien (R) VT vom 28. Februar 2022. Die Anteile am Abspaltungsverm\u00f6gen werden in den Versicherungsvertr\u00e4gen mit einem Anteilswert von 0 hinterlegt. Sollte zu einem sp\u00e4teren Zeitpunkt der Handel mit russischen Wertpapieren wieder m\u00f6glich sein, werden Ihre Anteile am Liquidationserl\u00f6s an Sie ausgezahlt.<\/p>\n<p>Der Fonds Raiffeisen-Osteuropa-Aktien (R) VT wird ab 20. April 2023 wieder f\u00fcr den Handel ge\u00f6ffnet. Wir werden zun\u00e4chst die weitere Entwicklung beobachten, bevor unser Verantwortlicher Aktuar die Entscheidung trifft, ob der Fonds f\u00fcr unsere Kunden erneut angeboten werden soll. Das bedeutet, dass Neuinvestitionen im Fonds Raiffeisen-Osteuropa-Aktien (R) VT weiterhin nicht m\u00f6glich sind. Selbstverst\u00e4ndlich k\u00f6nnen Sie jedoch das bereits vorhandene Fondsguthaben in andere Fonds umschichten. Die aktuell w\u00e4hlbaren Fonds k\u00f6nnen Sie jederzeit auf unserer Homepage unter <a href=\"https:\/\/www.prismalife.com\/fonds\/fonds-a\/\">www.prismalife.com\/fonds<\/a> einsehen.<\/p>\n<p>Wichtig f\u00fcr betroffene Kunden:<\/p>\n<ul>\n<li style=\"color: #020202;\">Umschichtungen aus dem Fonds Raiffeisen-Osteuropa-Aktien (R) VT sind ab 20.04.2023 wieder m\u00f6glich.<\/li>\n<li style=\"color: #020202;\">Die nicht handelbaren russischen Verm\u00f6genswerte des Fonds bleiben in den Versicherungsvertr\u00e4gen als Anteile am neuen Fonds ABW Raiffeisen-Osteuropa-Aktien &#8211; in Abwicklung erhalten.<\/li>\n<li style=\"color: #020202;\">Diese Anpassung ist f\u00fcr Kunden selbstverst\u00e4ndlich kostenlos.<\/li>\n<li style=\"color: #020202;\">Kunden brauchen nichts zu unternehmen, wir nehmen alle erforderlichen Anpassungen vor.<\/li>\n<\/ul>\n<\/div>\n<\/div>\n<\/div><div class=\"fusion-clearfix\"><\/div><\/div><\/div><\/div><\/div><div class=\"fusion-fullwidth fullwidth-box fusion-builder-row-2 nonhundred-percent-fullwidth non-hundred-percent-height-scrolling\" style=\"--awb-border-radius-top-left:0px;--awb-border-radius-top-right:0px;--awb-border-radius-bottom-right:0px;--awb-border-radius-bottom-left:0px;--awb-margin-bottom:50px;--awb-background-color:rgba(0,140,132,0.1);--awb-flex-wrap:wrap;\" ><div class=\"fusion-builder-row fusion-row\"><div class=\"fusion-layout-column fusion_builder_column fusion-builder-column-2 fusion_builder_column_1_1 1_1 fusion-one-full fusion-column-first fusion-column-last padding-content-datenschutz\" style=\"--awb-padding-top:40px;--awb-bg-size:cover;\"><div class=\"fusion-column-wrapper fusion-flex-column-wrapper-legacy\"><div class=\"accordian fusion-accordian\" style=\"--awb-border-size:0px;--awb-icon-size:30px;--awb-content-font-size:1.25em;--awb-icon-alignment:right;--awb-hover-color:#ffffff;--awb-border-color:#ffffff;--awb-background-color:#ffffff;--awb-divider-color:#e0dede;--awb-divider-hover-color:#e0dede;--awb-icon-color:rgba(0,140,132,0);--awb-title-color:#008c84;--awb-content-color:#020202;--awb-icon-box-color:#ffffff;--awb-toggle-hover-accent-color:#008c84;--awb-title-font-family:&quot;Source Sans Pro&quot;;--awb-title-font-weight:700;--awb-title-font-style:normal;--awb-title-font-size:0.8em;--awb-content-font-family:&quot;Source Serif Pro&quot;;--awb-content-font-style:normal;--awb-content-font-weight:300;\"><div class=\"panel-group fusion-toggle-icon-right fusion-toggle-icon-unboxed\" id=\"accordion-23251-1\"><div class=\"fusion-panel panel-default panel-40cd259690e6fad50 fusion-toggle-no-divider\" style=\"--awb-title-color:#008c84;--awb-content-color:#020202;\"><div class=\"panel-heading\"><h4 class=\"panel-title toggle\" id=\"toggle_40cd259690e6fad50\"><a aria-expanded=\"false\" aria-controls=\"40cd259690e6fad50\" role=\"button\" data-toggle=\"collapse\" data-parent=\"#accordion-23251-1\" data-target=\"#40cd259690e6fad50\" href=\"#40cd259690e6fad50\"><span class=\"fusion-toggle-icon-wrapper\" aria-hidden=\"true\"><i class=\"fa-fusion-box active-icon awb-icon-minus\" aria-hidden=\"true\"><\/i><i class=\"fa-fusion-box inactive-icon awb-icon-plus\" aria-hidden=\"true\"><\/i><\/span><span class=\"fusion-toggle-heading\">Download Dokumente<\/span><\/a><\/h4><\/div><div id=\"40cd259690e6fad50\" class=\"panel-collapse collapse \" aria-labelledby=\"toggle_40cd259690e6fad50\"><div class=\"panel-body toggle-content fusion-clearfix\"><a href=\"https:\/\/www.prismalife.com\/wp-content\/uploads\/2023\/04\/Kundenbrief-AT-DE-LI.pdf\" target=\"_blank\" rel=\"noopener noreferrer\"><img decoding=\"async\" class=\"lazyload text-link-pfeil1\" src=\"data:image\/svg+xml,%3Csvg%20xmlns%3D%27http%3A%2F%2Fwww.w3.org%2F2000%2Fsvg%27%20width%3D%2758%27%20height%3D%2715%27%20viewBox%3D%270%200%2058%2015%27%3E%3Crect%20width%3D%2758%27%20height%3D%2715%27%20fill-opacity%3D%220%22%2F%3E%3C%2Fsvg%3E\" data-orig-src=\"https:\/\/www.prismalife.com\/wp-content\/uploads\/2019\/04\/arrow_link@2x.png\" alt=\"\" width=\"58\" height=\"15\" \/> Kundenbrief Raiffeisen-Osteuropa-Aktien der Raiffeisen Kapitalanlage-Gesellschaft m.b.H. (PDF)<\/a><\/div><\/div><\/div><\/div><\/div><div class=\"fusion-clearfix\"><\/div><\/div><\/div><\/div><\/div><\/p>","protected":false},"excerpt":{"rendered":"","protected":false},"author":7,"featured_media":0,"parent":0,"menu_order":0,"comment_status":"closed","ping_status":"closed","template":"100-width.php","meta":{"footnotes":""},"class_list":["post-23251","page","type-page","status-publish","hentry"],"_links":{"self":[{"href":"https:\/\/www.prismalife.com\/fr\/wp-json\/wp\/v2\/pages\/23251","targetHints":{"allow":["GET"]}}],"collection":[{"href":"https:\/\/www.prismalife.com\/fr\/wp-json\/wp\/v2\/pages"}],"about":[{"href":"https:\/\/www.prismalife.com\/fr\/wp-json\/wp\/v2\/types\/page"}],"author":[{"embeddable":true,"href":"https:\/\/www.prismalife.com\/fr\/wp-json\/wp\/v2\/users\/7"}],"replies":[{"embeddable":true,"href":"https:\/\/www.prismalife.com\/fr\/wp-json\/wp\/v2\/comments?post=23251"}],"version-history":[{"count":6,"href":"https:\/\/www.prismalife.com\/fr\/wp-json\/wp\/v2\/pages\/23251\/revisions"}],"predecessor-version":[{"id":23363,"href":"https:\/\/www.prismalife.com\/fr\/wp-json\/wp\/v2\/pages\/23251\/revisions\/23363"}],"wp:attachment":[{"href":"https:\/\/www.prismalife.com\/fr\/wp-json\/wp\/v2\/media?parent=23251"}],"curies":[{"name":"wp","href":"https:\/\/api.w.org\/{rel}","templated":true}]}}