{"id":26557,"date":"2025-04-28T10:33:26","date_gmt":"2025-04-28T08:33:26","guid":{"rendered":"https:\/\/www.prismalife.com\/?page_id=26557"},"modified":"2026-04-01T07:26:59","modified_gmt":"2026-04-01T05:26:59","slug":"impressum","status":"publish","type":"page","link":"https:\/\/www.prismalife.com\/fr\/impressum\/","title":{"rendered":"Impressum"},"content":{"rendered":"<div class=\"fusion-fullwidth fullwidth-box fusion-builder-row-1 nonhundred-percent-fullwidth non-hundred-percent-height-scrolling\" style=\"--awb-border-radius-top-left:0px;--awb-border-radius-top-right:0px;--awb-border-radius-bottom-right:0px;--awb-border-radius-bottom-left:0px;--awb-flex-wrap:wrap;\" ><div class=\"fusion-builder-row fusion-row\"><div class=\"fusion-layout-column fusion_builder_column fusion-builder-column-0 fusion_builder_column_1_1 1_1 fusion-one-full fusion-column-first fusion-column-last\" style=\"--awb-bg-size:cover;\"><div class=\"fusion-column-wrapper fusion-flex-column-wrapper-legacy\"><div class=\"fusion-text fusion-text-1\"><p class=\"datenschutz-subheadliner\"><span data-mce-type=\"bookmark\" style=\"display: inline-block; width: 0px; overflow: hidden; line-height: 0;\" class=\"\">\ufeff<\/span>Mentiones l\u00e9gal<\/p>\n<\/div><div class=\"fusion-text fusion-text-2\" style=\"--awb-text-transform:none;\"><p class=\"headliner-bod-sanspro\"><span data-mce-type=\"bookmark\" style=\"display: inline-block; width: 0px; overflow: hidden; line-height: 0;\" class=\"\">\ufeff<\/span>Adresse postale<\/p>\n<p>PrismaLife AG, Industriering 40, 9491 Ruggell, Liechtenstein<br \/>\nT\u00e9l\u00e9phone :<a href=\"tel:004232200010\"> +423 220 00 10<\/a><br \/>\nFax :<a href=\"tel:004232200019\"> +423 220 00 19<\/a><\/p>\n<p class=\"headliner-bod-sanspro\">Contact par email<\/p>\n<p>Clients : <a href=\"mailto:service@prismalife.com\"> service@prismalife.com<\/a><br \/>\nInterm\u00e9diaire : <a href=\"mailto:service@prismalife.com\">service@prismalife.com<\/a><\/p>\n<p class=\"headliner-bod-sanspro\">Direction<\/p>\n<p>Stefan Opel, Chief Executive Officer<br \/>\nTobias Moser, Chief Financial &#038; Risk Officer<\/p>\n<p class=\"headliner-bod-sanspro\">RCS<\/p>\n<p>N\u00b0 FL-0002.027.093-3<\/p>\n<p class=\"headliner-bod-sanspro\">Capital social<\/p>\n<p>Le montant du capital social s&rsquo;\u00e9l\u00e8ve \u00e0 12 082 400 euros.<\/p>\n<p class=\"headliner-bod-sanspro\">Num\u00e9ro de TVA<\/p>\n<p>55321<\/p>\n<p class=\"headliner-bod-sanspro\">Unternehmens-Identifikationsnummer (UID)<\/p>\n<p>CHE-159.062.228<\/p>\n<p>PrismaLife AG est soumise au contr\u00f4le de la<br \/>\n<a href=\"http:\/\/www.fma-li.li\/\" target=\"_blank\" rel=\"noopener noreferrer\">FMA Finanzmarktaufsicht Liechtenstein<\/a><br \/>\nLandstrasse 109, P.O. Box 279, 9490 Vaduz, Liechtenstein<\/p>\n<\/div><div class=\"fusion-clearfix\"><\/div><\/div><\/div><\/div><\/div>","protected":false},"excerpt":{"rendered":"","protected":false},"author":7,"featured_media":0,"parent":0,"menu_order":0,"comment_status":"closed","ping_status":"closed","template":"","meta":{"footnotes":""},"class_list":["post-26557","page","type-page","status-publish","hentry"],"_links":{"self":[{"href":"https:\/\/www.prismalife.com\/fr\/wp-json\/wp\/v2\/pages\/26557","targetHints":{"allow":["GET"]}}],"collection":[{"href":"https:\/\/www.prismalife.com\/fr\/wp-json\/wp\/v2\/pages"}],"about":[{"href":"https:\/\/www.prismalife.com\/fr\/wp-json\/wp\/v2\/types\/page"}],"author":[{"embeddable":true,"href":"https:\/\/www.prismalife.com\/fr\/wp-json\/wp\/v2\/users\/7"}],"replies":[{"embeddable":true,"href":"https:\/\/www.prismalife.com\/fr\/wp-json\/wp\/v2\/comments?post=26557"}],"version-history":[{"count":5,"href":"https:\/\/www.prismalife.com\/fr\/wp-json\/wp\/v2\/pages\/26557\/revisions"}],"predecessor-version":[{"id":29024,"href":"https:\/\/www.prismalife.com\/fr\/wp-json\/wp\/v2\/pages\/26557\/revisions\/29024"}],"wp:attachment":[{"href":"https:\/\/www.prismalife.com\/fr\/wp-json\/wp\/v2\/media?parent=26557"}],"curies":[{"name":"wp","href":"https:\/\/api.w.org\/{rel}","templated":true}]}}