{"id":26698,"date":"2025-05-09T11:14:05","date_gmt":"2025-05-09T09:14:05","guid":{"rendered":"https:\/\/www.prismalife.com\/?page_id=26698"},"modified":"2025-08-27T10:28:29","modified_gmt":"2025-08-27T08:28:29","slug":"myprismalife","status":"publish","type":"page","link":"https:\/\/www.prismalife.com\/fr\/myprismalife\/","title":{"rendered":"myPrismaLife"},"content":{"rendered":"<p><div class=\"fusion-fullwidth fullwidth-box fusion-builder-row-1 nonhundred-percent-fullwidth non-hundred-percent-height-scrolling\" style=\"--awb-border-radius-top-left:0px;--awb-border-radius-top-right:0px;--awb-border-radius-bottom-right:0px;--awb-border-radius-bottom-left:0px;--awb-margin-bottom:50px;--awb-flex-wrap:wrap;\" ><div class=\"fusion-builder-row fusion-row\"><div class=\"fusion-layout-column fusion_builder_column fusion-builder-column-0 fusion_builder_column_2_3 2_3 fusion-two-third fusion-column-first\" style=\"--awb-bg-size:cover;width:66.666666666667%;width:calc(66.666666666667% - ( ( 4% ) * 0.66666666666667 ) );margin-right: 4%;\"><div class=\"fusion-column-wrapper fusion-flex-column-wrapper-legacy\"><div class=\"fusion-text fusion-text-1\"><h1><span data-mce-type=\"bookmark\" style=\"display: inline-block; width: 0px; overflow: hidden; line-height: 0;\" class=\"\">\ufeff<\/span>Votre espace client en ligne : myPrismaLife<\/h1>\n<\/div><div class=\"fusion-text fusion-text-2\"><p><span data-mce-type=\"bookmark\" style=\"display: inline-block; width: 0px; overflow: hidden; line-height: 0;\" class=\"\">\ufeff<\/span>Outil rapide et pratique, notre espace client myPrismaLife vous offre un acc\u00e8s en ligne aux informations relatives \u00e0 vos polices. Ainsi, vous avez acc\u00e8s \u00e0 tout moment \u00e0 toutes vos donn\u00e9es importantes et nous conservons pour vous les documents importants sur vos polices dans les archives \u00e9lectroniques.<\/p>\n<p>Vous pouvez nous envoyer vos demandes et vos messages sous la protection d&rsquo;un mot de passe via la fonction de contact. En outre, un centre de formulaires pour les modifications de police les plus courantes est \u00e0 votre disposition.<\/p>\n<\/div><div class=\"fusion-clearfix\"><\/div><\/div><\/div><div class=\"fusion-layout-column fusion_builder_column fusion-builder-column-1 fusion_builder_column_1_3 1_3 fusion-one-third fusion-column-last fusion-column-no-min-height\" style=\"--awb-padding-top:20px;--awb-padding-right:20px;--awb-padding-bottom:0px;--awb-padding-left:20px;--awb-bg-color:rgba(0,140,132,0.1);--awb-bg-color-hover:rgba(0,140,132,0.1);--awb-bg-size:cover;width:33.333333333333%;width:calc(33.333333333333% - ( ( 4% ) * 0.33333333333333 ) );\"><div class=\"fusion-column-wrapper fusion-flex-column-wrapper-legacy\"><div class=\"fusion-text fusion-text-3\"><h5 style=\"padding-bottom: 1em;\">Login<\/h5>\n<\/div><div class=\"fusion-button-wrapper\"><a class=\"fusion-button button-flat button-xlarge button-custom fusion-button-default button-1 fusion-button-default-span fusion-button-default-type link-partner\" style=\"--button_accent_color:#008c84;--button_border_color:#008c84;--button_accent_hover_color:#008c84;--button_border_hover_color:#008c84;--button_border_width-top:1px;--button_border_width-right:1px;--button_border_width-bottom:1px;--button_border_width-left:1px;--button_gradient_top_color:#ffffff;--button_gradient_bottom_color:#ffffff;--button_gradient_top_color_hover:#ffffff;--button_gradient_bottom_color_hover:#ffffff;\" target=\"_blank\" rel=\"noopener noreferrer\" href=\"https:\/\/my.prismalife.com\/login\"><span class=\"fusion-button-text awb-button__text awb-button__text--default\">MyPrismaLife<\/span><i class=\"fa-arrow-right fas awb-button__icon awb-button__icon--default button-icon-right\" aria-hidden=\"true\"><\/i><\/a><\/div><div class=\"fusion-clearfix\"><\/div><\/div><\/div><\/div><\/div><div class=\"fusion-fullwidth fullwidth-box fusion-builder-row-2 nonhundred-percent-fullwidth non-hundred-percent-height-scrolling\" style=\"--awb-border-radius-top-left:0px;--awb-border-radius-top-right:0px;--awb-border-radius-bottom-right:0px;--awb-border-radius-bottom-left:0px;--awb-padding-top:20px;--awb-padding-bottom:30px;--awb-margin-bottom:50px;--awb-background-color:rgba(0,140,132,0.1);--awb-flex-wrap:wrap;\" ><div class=\"fusion-builder-row fusion-row\"><div class=\"fusion-layout-column fusion_builder_column fusion-builder-column-2 fusion_builder_column_1_1 1_1 fusion-one-full fusion-column-first fusion-column-last padding-content-datenschutz\" style=\"--awb-padding-top:40px;--awb-bg-size:cover;\"><div class=\"fusion-column-wrapper fusion-flex-column-wrapper-legacy\"><div class=\"accordian fusion-accordian\" style=\"--awb-border-size:0px;--awb-icon-size:32px;--awb-content-font-size:1.25em;--awb-icon-alignment:right;--awb-hover-color:#ffffff;--awb-border-color:#ffffff;--awb-background-color:#ffffff;--awb-divider-color:#e0dede;--awb-divider-hover-color:#e0dede;--awb-icon-color:rgba(255,255,255,0);--awb-title-color:#008c84;--awb-content-color:#020202;--awb-icon-box-color:#ffffff;--awb-toggle-hover-accent-color:#008c84;--awb-title-font-family:&quot;Source Sans Pro&quot;;--awb-title-font-weight:700;--awb-title-font-style:normal;--awb-title-font-size:0.8em;--awb-content-font-family:&quot;Source Serif Pro&quot;;--awb-content-font-style:normal;--awb-content-font-weight:300;\"><div class=\"panel-group fusion-toggle-icon-right fusion-toggle-icon-unboxed\" id=\"accordion-26698-1\"><div class=\"fusion-panel panel-default panel-a4c7d51a178c21d35 fusion-toggle-no-divider\" style=\"--awb-title-color:#008c84;--awb-content-color:#020202;\"><div class=\"panel-heading\"><h4 class=\"panel-title toggle\" id=\"toggle_a4c7d51a178c21d35\"><a aria-expanded=\"false\" aria-controls=\"a4c7d51a178c21d35\" role=\"button\" data-toggle=\"collapse\" data-parent=\"#accordion-26698-1\" data-target=\"#a4c7d51a178c21d35\" href=\"#a4c7d51a178c21d35\"><span class=\"fusion-toggle-icon-wrapper\" aria-hidden=\"true\"><i class=\"fa-fusion-box active-icon awb-icon-minus\" aria-hidden=\"true\"><\/i><i class=\"fa-fusion-box inactive-icon awb-icon-plus\" aria-hidden=\"true\"><\/i><\/span><span class=\"fusion-toggle-heading\">Comment puis-je obtenir mes donn\u00e9es d'acc\u00e8s \u00e0 myPrismaLife ?<\/span><\/a><\/h4><\/div><div id=\"a4c7d51a178c21d35\" class=\"panel-collapse collapse \" aria-labelledby=\"toggle_a4c7d51a178c21d35\"><div class=\"panel-body toggle-content fusion-clearfix\"><span data-mce-type=\"bookmark\" style=\"display: inline-block; width: 0px; overflow: hidden; line-height: 0;\" class=\"\">\ufeff<\/span>Vous avez re\u00e7u vos donn\u00e9es d&rsquo;acc\u00e8s directement lors de l&rsquo;\u00e9mission de la police et vous pouvez nous les demander \u00e0 tout moment. Veuillez contacter notre \u00e9quipe d&rsquo;assistance \u00e0 ce sujet au <a href=\"tel:+4232200010\">+423 220 00 10<\/a> ou par email \u00e0 <a href=\"mailto:service@prismalife.com\">service@prismalife.com<\/a>.<\/div><\/div><\/div><div class=\"fusion-panel panel-default panel-5c189aee701ec1a03 fusion-toggle-no-divider\" style=\"--awb-title-color:#008c84;--awb-content-color:#020202;\"><div class=\"panel-heading\"><h4 class=\"panel-title toggle\" id=\"toggle_5c189aee701ec1a03\"><a aria-expanded=\"false\" aria-controls=\"5c189aee701ec1a03\" role=\"button\" data-toggle=\"collapse\" data-parent=\"#accordion-26698-1\" data-target=\"#5c189aee701ec1a03\" href=\"#5c189aee701ec1a03\"><span class=\"fusion-toggle-icon-wrapper\" aria-hidden=\"true\"><i class=\"fa-fusion-box active-icon awb-icon-minus\" aria-hidden=\"true\"><\/i><i class=\"fa-fusion-box inactive-icon awb-icon-plus\" aria-hidden=\"true\"><\/i><\/span><span class=\"fusion-toggle-heading\">Vous avez oubli\u00e9 vos donn\u00e9es d'acc\u00e8s ?<\/span><\/a><\/h4><\/div><div id=\"5c189aee701ec1a03\" class=\"panel-collapse collapse \" aria-labelledby=\"toggle_5c189aee701ec1a03\"><div class=\"panel-body toggle-content fusion-clearfix\">\n<p>Vous trouverez sur la page d&rsquo;accueil un lien \u00ab Mot de passe oubli\u00e9 ? \u00bb, par lequel vous pouvez demander de nouvelles donn\u00e9es d&rsquo;acc\u00e8s. Si vous ne pouvez toujours pas acc\u00e9der \u00e0 votre compte, veuillez contacter notre \u00e9quipe <a href=\"mailto:service@prismalife.com\">d&rsquo;assistance.<\/a><\/p>\n<\/div><\/div><\/div><div class=\"fusion-panel panel-default panel-4e9a865f27750d02f fusion-toggle-no-divider\" style=\"--awb-title-color:#008c84;--awb-content-color:#020202;\"><div class=\"panel-heading\"><h4 class=\"panel-title toggle\" id=\"toggle_4e9a865f27750d02f\"><a aria-expanded=\"false\" aria-controls=\"4e9a865f27750d02f\" role=\"button\" data-toggle=\"collapse\" data-parent=\"#accordion-26698-1\" data-target=\"#4e9a865f27750d02f\" href=\"#4e9a865f27750d02f\"><span class=\"fusion-toggle-icon-wrapper\" aria-hidden=\"true\"><i class=\"fa-fusion-box active-icon awb-icon-minus\" aria-hidden=\"true\"><\/i><i class=\"fa-fusion-box inactive-icon awb-icon-plus\" aria-hidden=\"true\"><\/i><\/span><span class=\"fusion-toggle-heading\">Quelles sont les exigences techniques pour l'acc\u00e8s ?<\/span><\/a><\/h4><\/div><div id=\"4e9a865f27750d02f\" class=\"panel-collapse collapse \" aria-labelledby=\"toggle_4e9a865f27750d02f\"><div class=\"panel-body toggle-content fusion-clearfix\">\n<p>Nous vous recommandons de toujours utiliser une version actuelle du navigateur pour acc\u00e9der \u00e0 myPrismaLife et d&rsquo;avoir install\u00e9 une protection antivirus \u00e0 jour. Pour afficher les documents PDF, vous avez besoin d&rsquo;un <a href=\"https:\/\/acrobat.adobe.com\/de\/de\/acrobat\/pdf-reader.html\" target=\"_blank\" rel=\"noopener noreferrer\">lecteur PDF<\/a>.<\/p>\n<\/div><\/div><\/div><div class=\"fusion-panel panel-default panel-8ee1f33343a09f9d9 fusion-toggle-no-divider\" style=\"--awb-title-color:#008c84;--awb-content-color:#020202;\"><div class=\"panel-heading\"><h4 class=\"panel-title toggle\" id=\"toggle_8ee1f33343a09f9d9\"><a aria-expanded=\"false\" aria-controls=\"8ee1f33343a09f9d9\" role=\"button\" data-toggle=\"collapse\" data-parent=\"#accordion-26698-1\" data-target=\"#8ee1f33343a09f9d9\" href=\"#8ee1f33343a09f9d9\"><span class=\"fusion-toggle-icon-wrapper\" aria-hidden=\"true\"><i class=\"fa-fusion-box active-icon awb-icon-minus\" aria-hidden=\"true\"><\/i><i class=\"fa-fusion-box inactive-icon awb-icon-plus\" aria-hidden=\"true\"><\/i><\/span><span class=\"fusion-toggle-heading\">Existe-t-il des moyens de contribuer \u00e0 la protection de mes donn\u00e9es ?<\/span><\/a><\/h4><\/div><div id=\"8ee1f33343a09f9d9\" class=\"panel-collapse collapse \" aria-labelledby=\"toggle_8ee1f33343a09f9d9\"><div class=\"panel-body toggle-content fusion-clearfix\">Nous vous recommandons de changer r\u00e9guli\u00e8rement votre mot de passe personnel. En outre, vous ne devez jamais donner votre mot de passe \u00e0 quelqu&rsquo;un d&rsquo;autre. Utilisez le bouton de d\u00e9connexion en bas \u00e0 droite pour terminer votre session sur myPrismaLife.<\/div><\/div><\/div><div class=\"fusion-panel panel-default panel-38a29be9931e2ddbe fusion-toggle-no-divider\" style=\"--awb-title-color:#008c84;--awb-content-color:#020202;\"><div class=\"panel-heading\"><h4 class=\"panel-title toggle\" id=\"toggle_38a29be9931e2ddbe\"><a aria-expanded=\"false\" aria-controls=\"38a29be9931e2ddbe\" role=\"button\" data-toggle=\"collapse\" data-parent=\"#accordion-26698-1\" data-target=\"#38a29be9931e2ddbe\" href=\"#38a29be9931e2ddbe\"><span class=\"fusion-toggle-icon-wrapper\" aria-hidden=\"true\"><i class=\"fa-fusion-box active-icon awb-icon-minus\" aria-hidden=\"true\"><\/i><i class=\"fa-fusion-box inactive-icon awb-icon-plus\" aria-hidden=\"true\"><\/i><\/span><span class=\"fusion-toggle-heading\">Comment puis-je changer mon adresse email ?<\/span><\/a><\/h4><\/div><div id=\"38a29be9931e2ddbe\" class=\"panel-collapse collapse \" aria-labelledby=\"toggle_38a29be9931e2ddbe\"><div class=\"panel-body toggle-content fusion-clearfix\">\n<p style=\"padding-bottom: 1em;\">Votre adresse email ne peut \u00eatre modifi\u00e9e que par un employ\u00e9 de PrismaLife AG.<br \/>\nVeuillez remplir le formulaire ci-joint et l&rsquo;envoyer \u00e0 <a href=\"mailto:service@prismalife.com\">service@prismalife.com<\/a>.<\/p>\n<p><a href=\"https:\/\/www.prismalife.com\/wp-content\/uploads\/2019\/04\/BestaetigungEMailAdresse.pdf\">Formulaire<\/a><\/div><\/div><\/div><\/div><\/div><div class=\"fusion-clearfix\"><\/div><\/div><\/div><\/div><\/div><\/p>","protected":false},"excerpt":{"rendered":"","protected":false},"author":7,"featured_media":0,"parent":0,"menu_order":0,"comment_status":"closed","ping_status":"closed","template":"100-width.php","meta":{"footnotes":""},"class_list":["post-26698","page","type-page","status-publish","hentry"],"_links":{"self":[{"href":"https:\/\/www.prismalife.com\/fr\/wp-json\/wp\/v2\/pages\/26698","targetHints":{"allow":["GET"]}}],"collection":[{"href":"https:\/\/www.prismalife.com\/fr\/wp-json\/wp\/v2\/pages"}],"about":[{"href":"https:\/\/www.prismalife.com\/fr\/wp-json\/wp\/v2\/types\/page"}],"author":[{"embeddable":true,"href":"https:\/\/www.prismalife.com\/fr\/wp-json\/wp\/v2\/users\/7"}],"replies":[{"embeddable":true,"href":"https:\/\/www.prismalife.com\/fr\/wp-json\/wp\/v2\/comments?post=26698"}],"version-history":[{"count":4,"href":"https:\/\/www.prismalife.com\/fr\/wp-json\/wp\/v2\/pages\/26698\/revisions"}],"predecessor-version":[{"id":27130,"href":"https:\/\/www.prismalife.com\/fr\/wp-json\/wp\/v2\/pages\/26698\/revisions\/27130"}],"wp:attachment":[{"href":"https:\/\/www.prismalife.com\/fr\/wp-json\/wp\/v2\/media?parent=26698"}],"curies":[{"name":"wp","href":"https:\/\/api.w.org\/{rel}","templated":true}]}}