{"id":26705,"date":"2025-05-09T14:45:29","date_gmt":"2025-05-09T12:45:29","guid":{"rendered":"https:\/\/www.prismalife.com\/?page_id=26705"},"modified":"2025-08-27T14:23:11","modified_gmt":"2025-08-27T12:23:11","slug":"informations-juridiques","status":"publish","type":"page","link":"https:\/\/www.prismalife.com\/fr\/informations-juridiques\/","title":{"rendered":"Informations juridiques"},"content":{"rendered":"<p><div class=\"fusion-fullwidth fullwidth-box fusion-builder-row-1 nonhundred-percent-fullwidth non-hundred-percent-height-scrolling\" style=\"--awb-border-radius-top-left:0px;--awb-border-radius-top-right:0px;--awb-border-radius-bottom-right:0px;--awb-border-radius-bottom-left:0px;--awb-flex-wrap:wrap;\" ><div class=\"fusion-builder-row fusion-row\"><div class=\"fusion-layout-column fusion_builder_column fusion-builder-column-0 fusion_builder_column_1_1 1_1 fusion-one-full fusion-column-first fusion-column-last rechtlicher-hinweis\" style=\"--awb-bg-size:cover;\"><div class=\"fusion-column-wrapper fusion-flex-column-wrapper-legacy\"><div class=\"fusion-text fusion-text-1\"><h1>Informations juridiques<\/h1>\n<\/div><div class=\"fusion-clearfix\"><\/div><\/div><\/div><\/div><\/div><div class=\"fusion-fullwidth fullwidth-box fusion-builder-row-2 hideMyContent nonhundred-percent-fullwidth non-hundred-percent-height-scrolling\" style=\"--awb-border-radius-top-left:0px;--awb-border-radius-top-right:0px;--awb-border-radius-bottom-right:0px;--awb-border-radius-bottom-left:0px;--awb-flex-wrap:wrap;\" ><div class=\"fusion-builder-row fusion-row\"><div class=\"fusion-layout-column fusion_builder_column fusion-builder-column-1 fusion_builder_column_1_1 1_1 fusion-one-full fusion-column-first fusion-column-last rechtlicher-hinweis\" style=\"--awb-bg-size:cover;\"><div class=\"fusion-column-wrapper fusion-flex-column-wrapper-legacy\"><div class=\"fusion-text fusion-text-2\"><p class=\"datenschutz-subheadliner\">Vielen Dank f\u00fcr Ihr Interesse an unserer PrismaLife-Webseite!<\/p>\n<p>Mit dem Zugriff auf unsere Website erkl\u00e4ren Sie, dass Sie die folgenden rechtlichen Hinweise im Zusammenhang mit dieser Seite und Unterseiten dieser Website und den darin ver\u00f6ffentlichten Inhalten anerkennen. Bitte beachten Sie, dass wir die rechtlichen Hinweise jederzeit aktualisieren k\u00f6nnen. Wir empfehlen Ihnen daher, diese regelm\u00e4ssig von Neuem zu lesen, um sich mit m\u00f6glichen \u00c4nderungen vertraut zu machen.<\/p>\n<\/div><div class=\"fusion-clearfix\"><\/div><\/div><\/div><\/div><\/div><div class=\"fusion-fullwidth fullwidth-box fusion-builder-row-3 nonhundred-percent-fullwidth non-hundred-percent-height-scrolling\" style=\"--awb-border-radius-top-left:0px;--awb-border-radius-top-right:0px;--awb-border-radius-bottom-right:0px;--awb-border-radius-bottom-left:0px;--awb-margin-bottom:50px;--awb-background-color:rgba(0,140,132,0.1);--awb-flex-wrap:wrap;\" ><div class=\"fusion-builder-row fusion-row\"><div class=\"fusion-layout-column fusion_builder_column fusion-builder-column-2 fusion_builder_column_1_1 1_1 fusion-one-full fusion-column-first fusion-column-last\" style=\"--awb-padding-top:40px;--awb-bg-size:cover;\"><div class=\"fusion-column-wrapper fusion-column-has-shadow fusion-flex-column-wrapper-legacy\"><div class=\"accordian fusion-accordian\" style=\"--awb-border-size:0px;--awb-icon-size:30px;--awb-content-font-size:1.25em;--awb-icon-alignment:right;--awb-hover-color:#ffffff;--awb-border-color:#ffffff;--awb-background-color:#ffffff;--awb-divider-color:#e0dede;--awb-divider-hover-color:#e0dede;--awb-icon-color:#008c84;--awb-title-color:#008c84;--awb-content-color:#020202;--awb-icon-box-color:#ffffff;--awb-toggle-hover-accent-color:#ffffff;--awb-title-font-family:&quot;Source Sans Pro&quot;;--awb-title-font-weight:700;--awb-title-font-style:normal;--awb-title-font-size:0.8em;--awb-title-line-height:1.2;--awb-content-font-family:&quot;Source Serif Pro&quot;;--awb-content-font-style:normal;--awb-content-font-weight:300;\"><div class=\"panel-group fusion-toggle-icon-right fusion-toggle-icon-boxed\" id=\"accordion-26705-1\"><div class=\"fusion-panel panel-default panel-2b65dab4b1c18268d fusion-toggle-no-divider\" style=\"--awb-title-color:#008c84;--awb-content-color:#020202;\"><div class=\"panel-heading\"><h4 class=\"panel-title toggle\" id=\"toggle_2b65dab4b1c18268d\"><a aria-expanded=\"false\" aria-controls=\"2b65dab4b1c18268d\" role=\"button\" data-toggle=\"collapse\" data-parent=\"#accordion-26705-1\" data-target=\"#2b65dab4b1c18268d\" href=\"#2b65dab4b1c18268d\"><span class=\"fusion-toggle-icon-wrapper\" aria-hidden=\"true\"><i class=\"fa-fusion-box active-icon awb-icon-minus\" aria-hidden=\"true\"><\/i><i class=\"fa-fusion-box inactive-icon awb-icon-plus\" aria-hidden=\"true\"><\/i><\/span><span class=\"fusion-toggle-heading\">Utilisation de notre site web PrismaLife<\/span><\/a><\/h4><\/div><div id=\"2b65dab4b1c18268d\" class=\"panel-collapse collapse \" aria-labelledby=\"toggle_2b65dab4b1c18268d\"><div class=\"panel-body toggle-content fusion-clearfix\">\n<p class=\"datenschutz-subheadliner\">Merci de l&rsquo;int\u00e9r\u00eat que vous portez \u00e0 notre site web PrismaLife<\/p>\n<p>En acc\u00e9dant \u00e0 notre site web, vous d\u00e9clarez reconna\u00eetre les informations juridiques suivantes en relation avec cette page et les sous-pages de ce site web et le contenu qui y est publi\u00e9. Veuillez noter que nous pouvons mettre \u00e0 jour les informations juridiques \u00e0 tout moment. Nous vous recommandons donc de relire r\u00e9guli\u00e8rement les informations juridiques afin de vous familiariser avec les changements \u00e9ventuels.<\/p>\n<p class=\"datenschutz-subheadliner\">1. Contenu et acc\u00e8s<\/p>\n<p>PrismaLife AG a pr\u00e9par\u00e9 le contenu de ses sites web au mieux de ses connaissances et l&rsquo;a compil\u00e9 avec soin. Les informations sont constamment v\u00e9rifi\u00e9es et mises \u00e0 jour. Les informations publi\u00e9es sur le site web de PrismaLife ne constituent pas une recommandation, une offre ou une sollicitation pour l&rsquo;achat ou la vente de polices d&rsquo;assurance ou d&rsquo;instruments de placement, pour la conclusion de transactions ou pour tout autre acte juridique.<\/p>\n<p>PrismaLife AG se r\u00e9serve le droit de modifier, compl\u00e9ter ou supprimer les informations figurant sur son site web \u00e0 tout moment et sans pr\u00e9avis. PrismaLife AG a le droit de bloquer l&rsquo;acc\u00e8s \u00e0 ces pages ou \u00e0 certaines parties de son syst\u00e8me et d&rsquo;en restreindre partiellement ou totalement l&rsquo;utilisation \u00e0 tout moment.<\/p>\n<p class=\"datenschutz-subheadliner\">2. D\u00e9charge de responsabilit\u00e9<\/p>\n<p>PrismaLife AG exclut sans restriction toute responsabilit\u00e9 pour les pertes ou les dommages de toute nature &#8211; qu&rsquo;il s&rsquo;agisse de dommages directs, indirects ou cons\u00e9cutifs &#8211; qui pourraient r\u00e9sulter de l&rsquo;utilisation (p. ex. de documents t\u00e9l\u00e9charg\u00e9s) ou de l&rsquo;acc\u00e8s au site web de PrismaLife ou de liens vers des sites web de tiers. En outre, PrismaLife AG d\u00e9cline toute responsabilit\u00e9 en cas de manipulation du syst\u00e8me informatique de l&rsquo;internaute. PrismaLife AG attire express\u00e9ment l&rsquo;attention sur le danger des virus et sur la possibilit\u00e9 d&rsquo;attaques cibl\u00e9es de pirates informatiques. Afin de lutter contre les virus, il est recommand\u00e9 d&rsquo;utiliser les versions actuelles des navigateurs et d&rsquo;installer des logiciels anti-virus constamment mis \u00e0 jour.<\/p>\n<p class=\"datenschutz-subheadliner\">3. Exclusion de garantie<\/p>\n<p>Les informations figurant sur le site web de PrismaLife sont de nature g\u00e9n\u00e9rale. Elles ne constituent pas un conseil juridique, m\u00e9dical et\/ou fiscal au visiteur dans des cas individuels. PrismaLife AG ne garantit pas que les informations sont \u00e0 jour, exactes ou compl\u00e8tes. Il ne peut pas non plus \u00eatre garanti que les informations publi\u00e9es tiennent toujours compte des derni\u00e8res avanc\u00e9es scientifiques, l\u00e9gislatives et jurisprudentielles.<\/p>\n<p class=\"datenschutz-subheadliner\">4. Droits d&rsquo;auteur<\/p>\n<p>Tous les \u00e9l\u00e9ments du site web de PrismaLife AG sont prot\u00e9g\u00e9s par le droit d&rsquo;auteur (tous les droits sont r\u00e9serv\u00e9s) et appartiennent exclusivement \u00e0 PrismaLife AG. La consultation, la duplication, le stockage et le traitement des contenus (textes, images, graphiques, sons, vid\u00e9os ou fichiers d&rsquo;animation) du site web en totalit\u00e9 ou en partie ne sont autoris\u00e9s que pour un usage priv\u00e9. La reproduction int\u00e9grale ou partielle d&rsquo;\u00e9l\u00e9ments sous quelque forme que ce soit &#8211; \u00e9lectronique ou \u00e9crite &#8211; n\u00e9cessite l&rsquo;accord expr\u00e8s de PrismaLife AG.<\/p>\n<p>Les informations relatives aux droits d&rsquo;auteur, les noms de marque et autres descriptions prot\u00e9g\u00e9es par la loi ne doivent pas \u00eatre modifi\u00e9s ou supprim\u00e9s. La reproduction ou l&rsquo;utilisation totale ou partielle \u00e0 des fins publiques ou commerciales est interdite sans l&rsquo;accord \u00e9crit pr\u00e9alable de PrismaLife AG. Les droits d&rsquo;auteur de tiers sont r\u00e9serv\u00e9s.<\/p>\n<p class=\"datenschutz-subheadliner\">5. Marques et logos<\/p>\n<p>Les marques et logos utilis\u00e9s sur le site web de PrismaLife sont prot\u00e9g\u00e9s par le droit d&rsquo;auteur. Conform\u00e9ment \u00e0 la loi sur le droit d&rsquo;auteur, les noms de produits mentionn\u00e9s sur le site web de PrismaLife sont \u00e9galement prot\u00e9g\u00e9s par une marque. Il n&rsquo;est pas permis d&rsquo;utiliser ces marques sans l&rsquo;accord \u00e9crit pr\u00e9alable de PrismaLife AG. Chaque infraction sera poursuivie par le propri\u00e9taire de la marque.<\/p>\n<p class=\"datenschutz-subheadliner\">6. Liens<\/p>\n<p>Le site web de PrismaLife AG peut contenir des liens vers des sites web de tiers. Ceci n&rsquo;est fait que pour rendre service aux visiteurs du site web de PrismaLife. Dans la mesure o\u00f9 des informations suppl\u00e9mentaires sont rendues accessibles par des liens vers d&rsquo;autres serveurs ou sites web, PrismaLife AG attire l&rsquo;attention sur le fait qu&rsquo;elle ne v\u00e9rifie pas le contenu et que toute responsabilit\u00e9 quant au contenu ou \u00e0 la pr\u00e9sentation de ces sites web est exclue (voir \u00e9galement le point 2). Un lien ne signifie pas que PrismaLife AG recommande le site web ou les produits qui y sont pr\u00e9sent\u00e9s ou qu&rsquo;elle partage les recommandations qui y sont faites.<\/p>\n<p class=\"datenschutz-subheadliner\">7. Mise en place de liens<\/p>\n<p>La mise en place d&rsquo;un lien vers les sites Internet de PrismaLife AG n&rsquo;est autoris\u00e9e qu&rsquo;avec l&rsquo;accord \u00e9crit de PrismaLife AG, si le lien renvoie \u00e0 la page d&rsquo;accueil www.prismalife.com (pas de liens profonds) et si aucun des droits de PrismaLife AG n&rsquo;est viol\u00e9, notamment les droits d&rsquo;auteur, les droits voisins ou les droits de marque.<\/div><\/div><\/div><div class=\"fusion-panel panel-default panel-9ea2545d41419084a fusion-toggle-no-divider\" style=\"--awb-title-color:#008c84;--awb-content-color:#020202;\"><div class=\"panel-heading\"><h4 class=\"panel-title toggle\" id=\"toggle_9ea2545d41419084a\"><a aria-expanded=\"false\" aria-controls=\"9ea2545d41419084a\" role=\"button\" data-toggle=\"collapse\" data-parent=\"#accordion-26705-1\" data-target=\"#9ea2545d41419084a\" href=\"#9ea2545d41419084a\"><span class=\"fusion-toggle-icon-wrapper\" aria-hidden=\"true\"><i class=\"fa-fusion-box active-icon awb-icon-minus\" aria-hidden=\"true\"><\/i><i class=\"fa-fusion-box inactive-icon awb-icon-plus\" aria-hidden=\"true\"><\/i><\/span><span class=\"fusion-toggle-heading\">Informations relatives aux articles 367h et 367i PGR +<\/span><\/a><\/h4><\/div><div id=\"9ea2545d41419084a\" class=\"panel-collapse collapse \" aria-labelledby=\"toggle_9ea2545d41419084a\"><div class=\"panel-body toggle-content fusion-clearfix\">\n<h5>1. Introduction<\/h5>\n<p>Au Liechtenstein, la deuxi\u00e8me directive de l&rsquo;Union europ\u00e9enne relative aux droits des actionnaires (ARUG II, directive (UE) 2017\/828) a \u00e9t\u00e9 transpos\u00e9e dans le droit national par le biais Droit des Personnes et des Soci\u00e9t\u00e9s du Liechtenstein (ci-apr\u00e8s \u00ab\u00a0PGR\u00a0\u00bb). PrismaLife AG (ci-apr\u00e8s \u00ab\u00a0PL\u00a0\u00bb) est une entreprise qui exerce des activit\u00e9s d&rsquo;assurance-vie au Liechtenstein et est donc consid\u00e9r\u00e9e comme un investisseur institutionnel conform\u00e9ment \u00e0 l&rsquo;article 367a PGR. Conform\u00e9ment \u00e0 l&rsquo;article 367h PGR, PL est tenue soit de publier sur son site Internet sa politique participative \u00e0 des soci\u00e9t\u00e9s anonymes cot\u00e9es en bourse, soit d&rsquo;expliquer publiquement pourquoi elle a d\u00e9cid\u00e9 de ne pas le faire, ou de ne pas le faire (principe \u00ab\u00a0comply or explain\u00a0\u00bb). En ce qui concerne la participation \u00e0 des soci\u00e9t\u00e9s cot\u00e9es en bourse, il convient de distinguer entre<br \/>\n<strong>a.<\/strong> la gestion d&rsquo;actions d\u00e9tenues en propre et<br \/>\n<strong>b.<\/strong> les actions que PL d\u00e9tient dans le cadre de solutions d&rsquo;assurance-vie ou de retraite li\u00e9es \u00e0 des fonds ou \u00e0 des parts de fonds, pour le compte et au risque du\/des preneur(s) d&rsquo;assurance.<\/p>\n<h5>2. Informations selon l&rsquo;article 367h PGR &#8211; Politique participative<\/h5>\n<p><strong>2.1 Actions d\u00e9tenues en propre &#8211; informations selon l&rsquo;article 367h du Droit des Personnes et des Soci\u00e9t\u00e9s du Liechtenstein (PGR) (\u00e0 l&rsquo;exception des assurances-vie li\u00e9es \u00e0 des parts ou \u00e0 des fonds)<\/strong><br \/>\nPrismaLife (PL) ne d\u00e9tient aucune participation dans une soci\u00e9t\u00e9 cot\u00e9e en bourse. PL d\u00e9tient n\u00e9anmoins une participation directe dans une soci\u00e9t\u00e9 anonyme. Le montant de la participation est faible par rapport \u00e0 la somme totale des placements. Pour cette raison, PL n&rsquo;adopte et n&rsquo;exerce pas de politique participative au sens de l&rsquo;article 367h du PGR. L&rsquo;article\u00a0367h PGR n\u2019est donc pas applicable.<br \/>\n<strong>2.2 Actions dans les portefeuilles de placement des assurances li\u00e9es \u00e0 des fonds ou \u00e0 des parts de fonds &#8211; informations selon l&rsquo;article 367h du PGR<\/strong><br \/>\nLe choix des produits de fonds dans le cadre d&rsquo;une assurance vie li\u00e9e \u00e0 des fonds est effectu\u00e9 directement par le preneur d&rsquo;assurance. En ce qui concerne la politique participative et les obligations de publication, nous renvoyons dans ce contexte aux pages Internet de la soci\u00e9t\u00e9 de fonds concern\u00e9e.<\/p>\n<h5>3. Informations selon l&rsquo;article 367i PGR<\/h5>\n<p>L&rsquo;objectif de la strat\u00e9gie de placement de PL est de garantir la solvabilit\u00e9 durable et \u00e0 long terme de PL en r\u00e9alisant des revenus distribuables et en remplissant \u00e0 tout moment toutes les obligations envers les preneurs d&rsquo;assurance.<\/div><\/div><\/div><div class=\"fusion-panel panel-default panel-a582a48cb5b50da48 fusion-toggle-no-divider\" style=\"--awb-title-color:#008c84;--awb-content-color:#020202;\"><div class=\"panel-heading\"><h4 class=\"panel-title toggle\" id=\"toggle_a582a48cb5b50da48\"><a aria-expanded=\"false\" aria-controls=\"a582a48cb5b50da48\" role=\"button\" data-toggle=\"collapse\" data-parent=\"#accordion-26705-1\" data-target=\"#a582a48cb5b50da48\" href=\"#a582a48cb5b50da48\"><span class=\"fusion-toggle-icon-wrapper\" aria-hidden=\"true\"><i class=\"fa-fusion-box active-icon awb-icon-minus\" aria-hidden=\"true\"><\/i><i class=\"fa-fusion-box inactive-icon awb-icon-plus\" aria-hidden=\"true\"><\/i><\/span><span class=\"fusion-toggle-heading\">Informations relatives \u00e0 la participation aux exc\u00e9dents<\/span><\/a><\/h4><\/div><div id=\"a582a48cb5b50da48\" class=\"panel-collapse collapse \" aria-labelledby=\"toggle_a582a48cb5b50da48\"><div class=\"panel-body toggle-content fusion-clearfix\">\n<p>Les exc\u00e9dents actuels sont pr\u00e9sent\u00e9s ci-dessous pour les contrats d&rsquo;assurance qui donnent droit \u00e0 des exc\u00e9dents. Il s&rsquo;agit en principe de contrats d&rsquo;assurance de rente dont l&rsquo;assurance a d\u00e9but\u00e9 avant mai 2019, le droit aux exc\u00e9dents n&rsquo;existant que dans la phase de rente et non dans la phase d&rsquo;\u00e9pargne.<\/p>\n<p><b>1. Association d&rsquo;exc\u00e9dents Assurances-vie et pensions li\u00e9es \u00e0 des fonds<\/b><br \/>\n1.1 Assurances pensions<br \/>\n1.1.1 Contrats avant le 21.12.2012<\/p>\n<table class=\"table-simple\">\n<tbody>\n<tr>\n<td><strong>Source exc\u00e9dentaire<\/strong><\/td>\n<td><strong>Participation aux exc\u00e9dents<\/strong><\/td>\n<\/tr>\n<tr>\n<td>Gains<\/td>\n<td>Augmentation de 30 % de points des taux de survie selon la table de mortalit\u00e9 DAV 2004 R<\/td>\n<\/tr>\n<tr>\n<td>Int\u00e9r\u00eats<\/td>\n<td>0%<\/td>\n<\/tr>\n<tr>\n<td>Co\u00fbts<\/td>\n<td>R\u00e9duction des frais d&rsquo;encaissement de 1,5 % points<\/td>\n<\/tr>\n<\/tbody>\n<\/table>\n<p>Pour les tarifs avec participation aux b\u00e9n\u00e9fices sans d\u00e9termination des prestations garanties au d\u00e9but du contrat, les bases de calcul et les participations aux b\u00e9n\u00e9fices actuellement en vigueur au point 1.1.2 s&rsquo;appliquent.<\/p>\n<p>1.1.2 Contrats \u00e0 partir du 21.12.2012<\/p>\n<table class=\"table-simple\">\n<tbody>\n<tr>\n<td><strong>Source exc\u00e9dentaire<\/strong><\/td>\n<td><strong>Participation aux exc\u00e9dents<\/strong><\/td>\n<\/tr>\n<tr>\n<td>Gains<\/td>\n<td>Augmentation de 30 % de points des taux de survie selon la table de mortalit\u00e9 DAV 2004 R Unisex<\/td>\n<\/tr>\n<tr>\n<td>Int\u00e9r\u00eats<\/td>\n<td>0%<\/td>\n<\/tr>\n<tr>\n<td>Co\u00fbts<\/td>\n<td>R\u00e9duction des frais d&rsquo;encaissement de 1,5 % points<\/td>\n<\/tr>\n<\/tbody>\n<\/table>\n<p><strong>2.Association d&rsquo;exc\u00e9dents assurances multi-risques et assurances invalidit\u00e9 professionnelle<\/strong><br \/>\n2.1 Assurances invalidit\u00e9 professionnelle<\/p>\n<table class=\"table-simple\">\n<tbody>\n<tr>\n<td><strong>Source exc\u00e9dentaire<\/strong><\/td>\n<td><strong>Participation aux exc\u00e9dents<\/strong><\/td>\n<\/tr>\n<tr>\n<td>Gains<\/td>\n<td>Pas d&rsquo;augmentation des taux de survie d&rsquo;apr\u00e8s la table de mortalit\u00e9 DAV1997I<\/td>\n<\/tr>\n<tr>\n<td>Int\u00e9r\u00eats<\/td>\n<td>0%<\/td>\n<\/tr>\n<tr>\n<td>Co\u00fbts<\/td>\n<td>R\u00e9duction des frais d&rsquo;encaissement de 1,5 % points<\/td>\n<\/tr>\n<\/tbody>\n<\/table>\n<p>2.2. Berufsunf\u00e4higkeitsversicherung PrismaBU<\/p>\n<table class=\"table-simple\">\n<tbody>\n<tr>\n<td><strong>Source exc\u00e9dentaire<\/strong><\/td>\n<td><strong>Participation aux exc\u00e9dents<\/strong><\/td>\n<\/tr>\n<tr>\n<td>Gains<\/td>\n<td>Pas d&rsquo;augmentation des taux de survie selon la table de mortalit\u00e9 DAV1997I<\/td>\n<\/tr>\n<tr>\n<td>Int\u00e9r\u00eats<\/td>\n<td>0%<\/td>\n<\/tr>\n<tr>\n<td>Co\u00fbts<\/td>\n<td>R\u00e9duction des frais d&rsquo;encaissement de 1,5 % points<\/td>\n<\/tr>\n<\/tbody>\n<\/table>\n<p>Ruggell, 13.11.23 \u00a0\u00a0\u00a0\u00a0\u00a0\u00a0 Volker Schulz<\/p>\n<\/div><\/div><\/div><\/div><\/div><div class=\"fusion-clearfix\"><\/div><\/div><\/div><\/div><\/div><\/p>","protected":false},"excerpt":{"rendered":"","protected":false},"author":7,"featured_media":0,"parent":0,"menu_order":0,"comment_status":"closed","ping_status":"closed","template":"100-width.php","meta":{"footnotes":""},"class_list":["post-26705","page","type-page","status-publish","hentry"],"_links":{"self":[{"href":"https:\/\/www.prismalife.com\/fr\/wp-json\/wp\/v2\/pages\/26705","targetHints":{"allow":["GET"]}}],"collection":[{"href":"https:\/\/www.prismalife.com\/fr\/wp-json\/wp\/v2\/pages"}],"about":[{"href":"https:\/\/www.prismalife.com\/fr\/wp-json\/wp\/v2\/types\/page"}],"author":[{"embeddable":true,"href":"https:\/\/www.prismalife.com\/fr\/wp-json\/wp\/v2\/users\/7"}],"replies":[{"embeddable":true,"href":"https:\/\/www.prismalife.com\/fr\/wp-json\/wp\/v2\/comments?post=26705"}],"version-history":[{"count":5,"href":"https:\/\/www.prismalife.com\/fr\/wp-json\/wp\/v2\/pages\/26705\/revisions"}],"predecessor-version":[{"id":27139,"href":"https:\/\/www.prismalife.com\/fr\/wp-json\/wp\/v2\/pages\/26705\/revisions\/27139"}],"wp:attachment":[{"href":"https:\/\/www.prismalife.com\/fr\/wp-json\/wp\/v2\/media?parent=26705"}],"curies":[{"name":"wp","href":"https:\/\/api.w.org\/{rel}","templated":true}]}}