{"id":6369,"date":"2019-10-11T10:05:10","date_gmt":"2019-10-11T08:05:10","guid":{"rendered":"https:\/\/www.prismalife.com\/?page_id=6369"},"modified":"2026-01-01T01:40:25","modified_gmt":"2026-01-01T00:40:25","slug":"zuzahlung-basisrente","status":"publish","type":"page","link":"https:\/\/www.prismalife.com\/fr\/zuzahlung-basisrente\/","title":{"rendered":"Zuzahlung-Basisrente"},"content":{"rendered":"<p><div class=\"fusion-fullwidth fullwidth-box fusion-builder-row-1 nonhundred-percent-fullwidth non-hundred-percent-height-scrolling\" style=\"--awb-border-radius-top-left:0px;--awb-border-radius-top-right:0px;--awb-border-radius-bottom-right:0px;--awb-border-radius-bottom-left:0px;--awb-padding-right:10px;--awb-padding-left:10px;--awb-flex-wrap:wrap;\" ><div class=\"fusion-builder-row fusion-row\"><div class=\"fusion-layout-column fusion_builder_column fusion-builder-column-0 fusion_builder_column_2_3 2_3 fusion-two-third fusion-column-first padding-content-datenschutz\" style=\"--awb-bg-size:cover;width:65.3333%; margin-right: 4%;\"><div class=\"fusion-column-wrapper fusion-column-has-shadow fusion-flex-column-wrapper-legacy\"><div class=\"fusion-text fusion-text-1\"><h1>Zuzahlung Basisrente<\/h1>\n<\/div><div class=\"fusion-clearfix\"><\/div><\/div><\/div><div class=\"fusion-layout-column fusion_builder_column fusion-builder-column-1 fusion_builder_column_2_3 2_3 fusion-two-third fusion-column-first padding-content-datenschutz\" style=\"--awb-bg-size:cover;width:66.666666666667%;width:calc(66.666666666667% - ( ( 4% ) * 0.66666666666667 ) );margin-right: 4%;\"><div class=\"fusion-column-wrapper fusion-flex-column-wrapper-legacy\"><div class=\"fusion-text fusion-text-2\" style=\"--awb-text-transform:none;\"><p>Mit der Fondsgebundenen Basisrente der PrismaLife profitieren Sie bereits von fairen und transparenten Versicherungsbedingungen sowie attraktiven Rentenleistungen. Nutzen Sie die steuerlichen Vorteile der staatlichen F\u00f6rderung voll aus: Die Beitr\u00e4ge, die Sie in Ihren Versicherungsvertrag einzahlen, k\u00f6nnen Sie im Rahmen der F\u00f6rdergrenze vollst\u00e4ndig als Sonderausgaben von Ihrem zu versteuernden Einkommen abziehen.<\/p>\n<p>Zusammen mit den Beitr\u00e4gen zur gesetzlichen Rentenversicherung liegt die F\u00f6rderungsgrenze 2026 bei 30.826 Euro, Verheiratete und eingetragene Lebenspartner k\u00f6nnen sogar den doppelten Betrag in H\u00f6he von 61.652 Euro frei untereinander verteilen*.<\/p>\n<p><strong>Sie k\u00f6nnen noch heute Ihren steuerlichen Vorteil f\u00fcr 2026 ausnutzen.<\/strong><\/p>\n<p><strong>\u2022 Zuzahlungsformular:<\/strong> Auf der rechten Seite haben wir ein Formular zum Download bereitgestellt, mit dem Sie uns Ihren Wunsch bequem mitteilen k\u00f6nnen. Gerne senden wir Ihnen das Formular auch zu, rufen Sie uns einfach unter der kostenlosen Nummer 0800 237 0100 an. Bitte senden Sie das ausgef\u00fcllte Formular bis sp\u00e4testens 31.12.2026 per Post, E-Mail an <a href=\"mailto:kunde-de@prismalife.com\">kunde-de@prismalife.com<\/a> oder Fax an 00423 237 00 09 zur\u00fcck.<\/p>\n<p><strong>\u2022 Zuzahlung:<\/strong> Eingang Ihrer \u00dcberweisung bei uns sp\u00e4testens am 31.12.2026<\/p>\n<p>Bei Fragen wenden Sie sich bitte an Ihren pers\u00f6nlichen Berater und ggf. Ihren Steuerberater. Diese helfen Ihnen gerne dabei, Ihren maximal steuergef\u00f6rderten Betrag auszurechnen.<\/p>\n<p><em>* Bitte beachten Sie: U.a. f\u00fcr Gesellschafter-Gesch\u00e4ftsf\u00fchrer einer Kapitalgesellschaft mit einer betrieblichen Versorgung und Beamte gelten zus\u00e4tzliche Regelungen.<\/em><\/p>\n<\/div><div class=\"fusion-clearfix\"><\/div><\/div><\/div><div class=\"fusion-layout-column fusion_builder_column fusion-builder-column-2 fusion_builder_column_1_3 1_3 fusion-one-third fusion-column-last\" style=\"--awb-padding-top:10px;--awb-padding-right:10px;--awb-padding-bottom:10px;--awb-padding-left:10px;--awb-bg-size:cover;--awb-border-color:#008c84;--awb-border-top:2px;--awb-border-right:2px;--awb-border-bottom:2px;--awb-border-left:2px;--awb-border-style:solid;width:33.333333333333%;width:calc(33.333333333333% - ( ( 4% ) * 0.33333333333333 ) );\"><div class=\"fusion-column-wrapper fusion-column-has-shadow fusion-flex-column-wrapper-legacy\"><div class=\"fusion-text fusion-text-3\" style=\"--awb-text-transform:none;\"><h6><span data-mce-type=\"bookmark\" style=\"display: inline-block; width: 0px; overflow: hidden; line-height: 0;\" class=\"\">\ufeff<\/span>Profitieren Sie noch mehr von der staatlichen F\u00f6rderung Ihrer Altersvorsorge mit einer<br \/>\nZuzahlung in Ihre Basisrente bis zum 31.12.2026<\/h6>\n<\/div><div class=\"fusion-text fusion-text-4\"><h4>Formular herunterladen<\/h4>\n<div>\n<p style=\"color: #008c84;\"><img decoding=\"async\" class=\"lazyload text-link-pfeil1\" src=\"data:image\/svg+xml,%3Csvg%20xmlns%3D%27http%3A%2F%2Fwww.w3.org%2F2000%2Fsvg%27%20width%3D%2758%27%20height%3D%2715%27%20viewBox%3D%270%200%2058%2015%27%3E%3Crect%20width%3D%2758%27%20height%3D%2715%27%20fill-opacity%3D%220%22%2F%3E%3C%2Fsvg%3E\" data-orig-src=\"https:\/\/www.prismalife.com\/wp-content\/uploads\/2019\/04\/arrow_link@2x.png\" alt=\"\" width=\"58\" height=\"15\" \/><a class=\"textlink-teaser-vorteile\" href=\"https:\/\/www.prismalife.com\/wp-content\/uploads\/2023\/08\/230316_KS_Zuzahlung_Basisrente_DE_de_Final.pdf\" target=\"_blank\" rel=\"noopener noreferrer\">Formular Zuzahlung Basisrente<\/a><\/p>\n<\/div>\n<\/div><div class=\"fusion-clearfix\"><\/div><\/div><\/div><\/div><\/div><div class=\"fusion-fullwidth fullwidth-box fusion-builder-row-2 nonhundred-percent-fullwidth non-hundred-percent-height-scrolling\" style=\"--awb-border-radius-top-left:0px;--awb-border-radius-top-right:0px;--awb-border-radius-bottom-right:0px;--awb-border-radius-bottom-left:0px;--awb-margin-bottom:50px;--awb-background-color:rgba(0,140,132,0.1);--awb-flex-wrap:wrap;\" ><div class=\"fusion-builder-row fusion-row\"><div class=\"fusion-layout-column fusion_builder_column fusion-builder-column-3 fusion_builder_column_1_1 1_1 fusion-one-full fusion-column-first fusion-column-last padding-content-datenschutz\" style=\"--awb-padding-top:40px;--awb-bg-size:cover;\"><div class=\"fusion-column-wrapper fusion-flex-column-wrapper-legacy\"><div class=\"accordian fusion-accordian\" style=\"--awb-border-size:0px;--awb-icon-size:30px;--awb-content-font-size:1.25em;--awb-icon-alignment:right;--awb-hover-color:#ffffff;--awb-border-color:#ffffff;--awb-background-color:#ffffff;--awb-divider-color:#e0dede;--awb-divider-hover-color:#e0dede;--awb-icon-color:rgba(0,140,132,0);--awb-title-color:#008c84;--awb-content-color:#020202;--awb-icon-box-color:#ffffff;--awb-toggle-hover-accent-color:#008c84;--awb-title-font-family:&quot;Source Sans Pro&quot;;--awb-title-font-weight:700;--awb-title-font-style:normal;--awb-title-font-size:0.8em;--awb-content-font-family:&quot;Source Serif Pro&quot;;--awb-content-font-style:normal;--awb-content-font-weight:300;\"><div class=\"panel-group fusion-toggle-icon-right fusion-toggle-icon-unboxed\" id=\"accordion-6369-1\"><div class=\"fusion-panel panel-default panel-58972d9132d13631d fusion-toggle-no-divider\" style=\"--awb-title-color:#008c84;--awb-content-color:#020202;\"><div class=\"panel-heading\"><h4 class=\"panel-title toggle\" id=\"toggle_58972d9132d13631d\"><a aria-expanded=\"false\" aria-controls=\"58972d9132d13631d\" role=\"button\" data-toggle=\"collapse\" data-parent=\"#accordion-6369-1\" data-target=\"#58972d9132d13631d\" href=\"#58972d9132d13631d\"><span class=\"fusion-toggle-icon-wrapper\" aria-hidden=\"true\"><i class=\"fa-fusion-box active-icon awb-icon-minus\" aria-hidden=\"true\"><\/i><i class=\"fa-fusion-box inactive-icon awb-icon-plus\" aria-hidden=\"true\"><\/i><\/span><span class=\"fusion-toggle-heading\">Download Dokument<\/span><\/a><\/h4><\/div><div id=\"58972d9132d13631d\" class=\"panel-collapse collapse \" aria-labelledby=\"toggle_58972d9132d13631d\"><div class=\"panel-body toggle-content fusion-clearfix\"><a href=\"https:\/\/www.prismalife.com\/wp-content\/uploads\/2023\/08\/230316_KS_Zuzahlung_Basisrente_DE_de_Final.pdf\" target=\"_blank\" rel=\"noopener noreferrer\">Formular Zuzahlung Basisrente (PDF)<\/a><\/div><\/div><\/div><\/div><\/div><div class=\"fusion-clearfix\"><\/div><\/div><\/div><\/div><\/div><\/p>","protected":false},"excerpt":{"rendered":"","protected":false},"author":7,"featured_media":0,"parent":0,"menu_order":0,"comment_status":"closed","ping_status":"closed","template":"100-width.php","meta":{"footnotes":""},"class_list":["post-6369","page","type-page","status-publish","hentry"],"_links":{"self":[{"href":"https:\/\/www.prismalife.com\/fr\/wp-json\/wp\/v2\/pages\/6369","targetHints":{"allow":["GET"]}}],"collection":[{"href":"https:\/\/www.prismalife.com\/fr\/wp-json\/wp\/v2\/pages"}],"about":[{"href":"https:\/\/www.prismalife.com\/fr\/wp-json\/wp\/v2\/types\/page"}],"author":[{"embeddable":true,"href":"https:\/\/www.prismalife.com\/fr\/wp-json\/wp\/v2\/users\/7"}],"replies":[{"embeddable":true,"href":"https:\/\/www.prismalife.com\/fr\/wp-json\/wp\/v2\/comments?post=6369"}],"version-history":[{"count":15,"href":"https:\/\/www.prismalife.com\/fr\/wp-json\/wp\/v2\/pages\/6369\/revisions"}],"predecessor-version":[{"id":28057,"href":"https:\/\/www.prismalife.com\/fr\/wp-json\/wp\/v2\/pages\/6369\/revisions\/28057"}],"wp:attachment":[{"href":"https:\/\/www.prismalife.com\/fr\/wp-json\/wp\/v2\/media?parent=6369"}],"curies":[{"name":"wp","href":"https:\/\/api.w.org\/{rel}","templated":true}]}}