{"id":8513,"date":"2020-04-08T13:49:42","date_gmt":"2020-04-08T11:49:42","guid":{"rendered":"https:\/\/www.prismalife.com\/?page_id=8513"},"modified":"2020-10-27T14:57:09","modified_gmt":"2020-10-27T13:57:09","slug":"corona","status":"publish","type":"page","link":"https:\/\/www.prismalife.com\/fr\/corona\/","title":{"rendered":"Corona"},"content":{"rendered":"<p><div class=\"fusion-fullwidth fullwidth-box fusion-builder-row-1 nonhundred-percent-fullwidth non-hundred-percent-height-scrolling\" style=\"--awb-border-radius-top-left:0px;--awb-border-radius-top-right:0px;--awb-border-radius-bottom-right:0px;--awb-border-radius-bottom-left:0px;--awb-flex-wrap:wrap;\" ><div class=\"fusion-builder-row fusion-row\"><div class=\"fusion-layout-column fusion_builder_column fusion-builder-column-0 fusion_builder_column_1_1 1_1 fusion-one-full fusion-column-first fusion-column-last\" style=\"--awb-bg-size:cover;\"><div class=\"fusion-column-wrapper fusion-column-has-shadow fusion-flex-column-wrapper-legacy\"><div class=\"fusion-title title fusion-title-1 fusion-sep-none fusion-title-text fusion-title-size-one\"><h1 class=\"fusion-title-heading title-heading-left fusion-responsive-typography-calculated\" style=\"margin:0;--fontSize:48.75;line-height:1.2;\">Kundeninformation zur Coronakrise<\/h1><\/div><div class=\"fusion-clearfix\"><\/div><\/div><\/div><\/div><\/div><div class=\"fusion-fullwidth fullwidth-box fusion-builder-row-2 nonhundred-percent-fullwidth non-hundred-percent-height-scrolling\" style=\"--awb-border-radius-top-left:0px;--awb-border-radius-top-right:0px;--awb-border-radius-bottom-right:0px;--awb-border-radius-bottom-left:0px;--awb-flex-wrap:wrap;\" ><div class=\"fusion-builder-row fusion-row\"><div class=\"fusion-layout-column fusion_builder_column fusion-builder-column-1 fusion_builder_column_1_1 1_1 fusion-one-full fusion-column-first fusion-column-last\" style=\"--awb-bg-size:cover;\"><div class=\"fusion-column-wrapper fusion-column-has-shadow fusion-flex-column-wrapper-legacy\"><div class=\"fusion-text fusion-text-1\"><p>Vor dem Hintergrund der Coronakrise erreichen uns immer wieder Fragen dar\u00fcber, welche Handlungsm\u00f6glichkeiten sich mit Blick auf Versicherungs- und Vorsorgevertr\u00e4ge bei der PrismaLife ergeben.<br \/>\nNachfolgend geben wir dazu einen kurzen \u00dcberblick:<\/p>\n<\/div><div class=\"fusion-text fusion-text-2\"><ul>\n<li class=\"listblack\"><strong>Servicebereitschaft:<\/strong><br \/>\nErfreulicherweise k\u00f6nnen wir den von unseren Kunden gewohnten Service vollumf\u00e4nglich aufrechterhalten. Alle Anfragen oder Anliegen werden schnellstm\u00f6glich beantwortet bzw. umgesetzt. Fragen beantwortet unser Serviceteam gerne per E\u2011Mail: <a href=\"mailto:info@prismalife.com\">info@prismalife.com<\/a><\/li>\n<li class=\"listblack\"><strong>Sicherheit:<\/strong><br \/>\nVertr\u00e4ge mit Garantieelementen sind durch den sogenannten Deckungsstock der PrismaLife AG abgesichert. Diese Garantien gelten selbstverst\u00e4ndlich weiterhin. Zudem bieten wir Ihnen Garantiefonds und weitere Anlagen mit hoher Sicherheit an.<\/li>\n<li class=\"listblack\"><strong>Fondsguthaben:<\/strong><br \/>\nWir empfehlen, Ihre langfristigen Ziele der Vorsorge und des Verm\u00f6gensaufbaus im Auge zu behalten. Wer in den vergangenen Jahrzehnten in einem beliebigen 15-Jahreszeitraum in einen weltweiten Aktienmix investiert hat und einfach abwartete, hat niemals Verlust gemacht. Auch wenn es zeitweise deutliche Bewegungen an den Kapitalm\u00e4rkten gab und dies auch zuk\u00fcnftig der Fall sein kann.<br \/>\nDen aktuellen Stand Ihrer Fondsguthaben k\u00f6nnen Sie jederzeit im Kundenportal einsehen: <a href=\"https:\/\/www.prismalife.com\/myprismalife-2\/\">www.prismalife.com\/myprismalife-2\/<\/a><\/li>\n<li class=\"listblack\"><strong>Laufende Beitragszahlung:<\/strong><br \/>\nLangfristige Sparpl\u00e4ne basieren massgeblich auf dem sogenannten Cost-average-Effekt. Das bedeutet, dass bei konstanten Sparraten in Zeiten hoher Kurse wenige Fondsanteile erworben werden, bei niedrigeren Kursen entsprechend mehr. Letztere bieten dann auch das h\u00f6here Kurspotenzial. Mit Ihren Einzahlungen nutzen Sie also bei sinkenden Kursen die g\u00fcnstigen Einstiegskurse.<br \/>\nFalls Sie aufgrund der Coronakrise Sparbeitr\u00e4ge aussetzen m\u00f6chten, bieten wir Beitragspausen an. Beitragspausen sind im Vergleich zu Beitragsfreistellungen das flexiblere Instrument: Sie behalten Ihren Versicherungsschutz und k\u00f6nnen zu einem sp\u00e4teren Zeitpunkt die Beitragszahlung ohne Risikopr\u00fcfung wieder aufnehmen.<\/li>\n<li class=\"listblack\"><strong>Zuzahlungen:<\/strong><br \/>\nViele unserer Kunden haben die niedrigen Kurse f\u00fcr Einmalbeitr\u00e4ge oder Zuzahlungen genutzt. Aber auch in Zeiten, in denen sich die Kurse erholt haben, sind Zuzahlungen ein attraktives Instrument, mit dem Sie Altersvorsorge deutlich aufbessern k\u00f6nnen. In einigen Tarifen profitieren Sie dabei zus\u00e4tzlich, weil in diesen Tarifen reduzierte Kosten auf Zuzahlungen erhoben werden.<\/li>\n<li class=\"listblack\"><strong>Flexibilit\u00e4t:<\/strong><br \/>\nMit Ihrem PrismaLife-Vertrag haben Sie Zugang zu mehr als 150 unterschiedlichen Fonds, ETFs und Anlagestrategien. Wenn Ihnen die aktuelle Situation an den Finanzm\u00e4rkten zu unsicher erscheint, schichten Sie doch einfach nach Beratung durch Ihren Vermittler Ihr Vertragsguthaben in schwankungsarme Anlageformen um. Bei der Mehrzahl unserer Tarife ist dies zw\u00f6lf Mal im Jahr kostenlos m\u00f6glich. Die zur Auswahl stehenden Anlagem\u00f6glichkeiten finden Sie in Ihrem Kundenportal und auf <a href=\"https:\/\/www.prismalife.com\/fonds\/\">www.prismalife.com\/fonds\/<\/a><\/li>\n<li class=\"listblack\"><strong>Nachhaltigkeit:<\/strong><br \/>\nVielen unserer Kunden liegt die Nachhaltigkeit ihrer Geldanlage genau so am Herzen wie uns. Wenn Sie \u00fcber einen Wechsel Ihrer Anlagestrategie nachdenken, finden Sie bei uns Alternativen, die die Themen Umwelt, Soziales und gute Unternehmensf\u00fchrung ber\u00fccksichtigen.<\/li>\n<\/ul>\n<\/div><div class=\"fusion-clearfix\"><\/div><\/div><\/div><\/div><\/div><div class=\"fusion-fullwidth fullwidth-box fusion-builder-row-3 nonhundred-percent-fullwidth non-hundred-percent-height-scrolling\" style=\"--awb-border-radius-top-left:0px;--awb-border-radius-top-right:0px;--awb-border-radius-bottom-right:0px;--awb-border-radius-bottom-left:0px;--awb-flex-wrap:wrap;\" ><div class=\"fusion-builder-row fusion-row\"><div class=\"fusion-layout-column fusion_builder_column fusion-builder-column-2 fusion_builder_column_1_1 1_1 fusion-one-full fusion-column-first fusion-column-last\" style=\"--awb-bg-size:cover;\"><div class=\"fusion-column-wrapper fusion-column-has-shadow fusion-flex-column-wrapper-legacy\"><div class=\"fusion-text fusion-text-3\"><p>Bei Fragen zu allen genannten Themen hilft Ihnen auch Ihr Vermittler gerne weiter.<\/p>\n<\/div><div class=\"fusion-clearfix\"><\/div><\/div><\/div><\/div><\/div><\/p>","protected":false},"excerpt":{"rendered":"","protected":false},"author":1,"featured_media":0,"parent":0,"menu_order":0,"comment_status":"closed","ping_status":"closed","template":"","meta":{"footnotes":""},"class_list":["post-8513","page","type-page","status-publish","hentry"],"_links":{"self":[{"href":"https:\/\/www.prismalife.com\/fr\/wp-json\/wp\/v2\/pages\/8513","targetHints":{"allow":["GET"]}}],"collection":[{"href":"https:\/\/www.prismalife.com\/fr\/wp-json\/wp\/v2\/pages"}],"about":[{"href":"https:\/\/www.prismalife.com\/fr\/wp-json\/wp\/v2\/types\/page"}],"author":[{"embeddable":true,"href":"https:\/\/www.prismalife.com\/fr\/wp-json\/wp\/v2\/users\/1"}],"replies":[{"embeddable":true,"href":"https:\/\/www.prismalife.com\/fr\/wp-json\/wp\/v2\/comments?post=8513"}],"version-history":[{"count":11,"href":"https:\/\/www.prismalife.com\/fr\/wp-json\/wp\/v2\/pages\/8513\/revisions"}],"predecessor-version":[{"id":10963,"href":"https:\/\/www.prismalife.com\/fr\/wp-json\/wp\/v2\/pages\/8513\/revisions\/10963"}],"wp:attachment":[{"href":"https:\/\/www.prismalife.com\/fr\/wp-json\/wp\/v2\/media?parent=8513"}],"curies":[{"name":"wp","href":"https:\/\/api.w.org\/{rel}","templated":true}]}}