{"id":9008,"date":"2020-05-20T07:38:38","date_gmt":"2020-05-20T05:38:38","guid":{"rendered":"https:\/\/www.prismalife.com\/?page_id=9008"},"modified":"2020-10-13T13:50:38","modified_gmt":"2020-10-13T11:50:38","slug":"warburg290520","status":"publish","type":"page","link":"https:\/\/www.prismalife.com\/fr\/warburg290520\/","title":{"rendered":"Warburg"},"content":{"rendered":"<p><div class=\"fusion-fullwidth fullwidth-box fusion-builder-row-1 nonhundred-percent-fullwidth non-hundred-percent-height-scrolling\" style=\"--awb-border-radius-top-left:0px;--awb-border-radius-top-right:0px;--awb-border-radius-bottom-right:0px;--awb-border-radius-bottom-left:0px;--awb-padding-right:10px;--awb-padding-left:10px;--awb-flex-wrap:wrap;\" ><div class=\"fusion-builder-row fusion-row\"><div class=\"fusion-layout-column fusion_builder_column fusion-builder-column-0 fusion_builder_column_2_3 2_3 fusion-two-third fusion-column-first padding-content-datenschutz\" style=\"--awb-bg-size:cover;width:65.3333%; margin-right: 4%;\"><div class=\"fusion-column-wrapper fusion-column-has-shadow fusion-flex-column-wrapper-legacy\"><div class=\"fusion-text fusion-text-1\"><p>29.05.2020<\/p>\n<\/div><div class=\"fusion-text fusion-text-2\"><h1>Liquidation Warburg Global Werte Stabilisierungs-Fonds<\/h1>\n<\/div><div class=\"fusion-clearfix\"><\/div><\/div><\/div><div class=\"fusion-layout-column fusion_builder_column fusion-builder-column-1 fusion_builder_column_2_3 2_3 fusion-two-third fusion-column-first padding-content-datenschutz\" style=\"--awb-bg-size:cover;width:66.666666666667%;width:calc(66.666666666667% - ( ( 4% ) * 0.66666666666667 ) );margin-right: 4%;\"><div class=\"fusion-column-wrapper fusion-flex-column-wrapper-legacy\"><div class=\"fusion-text fusion-text-3\"><table>\n<tbody>\n<tr>\n<td style=\"vertical-align: text-top; padding-right: 16px;\" width=\"30px\"><img class=\"lazyload\" decoding=\"async\" src=\"data:image\/svg+xml,%3Csvg%20xmlns%3D%27http%3A%2F%2Fwww.w3.org%2F2000%2Fsvg%27%20width%3D%27100%27%20height%3D%2730%27%20viewBox%3D%270%200%20100%2030%27%3E%3Crect%20width%3D%27100%27%20height%3D%2730%27%20fill-opacity%3D%220%22%2F%3E%3C%2Fsvg%3E\" data-orig-src=\"https:\/\/www.prismalife.com\/wp-content\/uploads\/2019\/03\/pfeil-content.png\" alt=\"\" width=\"100%\" height=\"30\" \/><\/td>\n<td>Die Warburg Invest Kapitalanlagegesellschaft mbH (Warburg) hat den <a href=\"https:\/\/www.prismalife.com\/wp-content\/uploads\/2020\/05\/Wesentliche-Anlegerinformationen-Warburg-Global-Werte-Stabilisierungs-Fonds.pdf\" target=\"_blank\" rel=\"noopener noreferrer\">Warburg Global Werte Stabilisierungs-Fonds<\/a> (WKN: A0HGL6 \/ ISIN: DE000A0HGL63) analysiert und entschieden, den Fonds per 29. Mai 2020 mit dem <a href=\"https:\/\/www.prismalife.com\/wp-content\/uploads\/2020\/05\/Wesentliche-Anlegerinformationen-Warburg-Global-ETFs-Strategie-Aktiv.pdf\" target=\"_blank\" rel=\"noopener noreferrer\">Warburg Global ETFs-Strategie Aktiv<\/a> (WKN: A2H89E \/ ISIN: DE000A2H89E6) zu verschmelzen. Dies ist bereits seit einigen Monaten geplant und steht nicht in Zusammenhang mit den aktuellen Entwicklungen am Kapitalmarkt aufgrund der COVID-19-Pandemie.<\/p>\n<p>&nbsp;<br \/>\n<strong>Warburg sieht hierin folgende Vorteile:<\/strong><\/p>\n<ul style=\"color: #000000;\">\n<li style=\"color: #000000;\">Der neue Fonds w\u00e4hlt aus einem gr\u00f6\u00dferen Anlageuniversum aus und investiert dabei flexibel in verschiedene L\u00e4nder und Anlageinstrumente. Die gr\u00f6\u00dfere Flexibilit\u00e4t soll aktiv genutzt werden.<\/li>\n<li style=\"color: #000000;\">Bessere Renditechancen und hohe Streuung.<\/li>\n<li style=\"color: #000000;\">Geringere Fondskosten.<\/li>\n<\/ul>\n<p>Detaillierte Informationen zur Fondsverschmelzung finden Sie in der <a href=\"https:\/\/www.prismalife.com\/wp-content\/uploads\/2020\/05\/Information-Warburg-zur-Fondsverschmelzung.pdf\" target=\"_blank\" rel=\"noopener noreferrer\">Verschmelzungsinformation der Warburg Invest Kapitalanlagegesellschaft mbH<\/a>.<\/p>\n<p>F\u00fcr bereits in den Warburg Global Werte Stabilisierungs\u2013Fonds investierte Kunden hat unser Verantwortlicher Aktuar im Einklang mit den vertraglichen Grundlagen entschieden die Anlagestrategie entsprechend anzupassen.<\/p>\n<p><strong>Wichtig f\u00fcr betroffene Kunden:<\/strong><\/p>\n<ul style=\"color: #000000;\">\n<li style=\"color: #000000;\">Beide Fonds verfolgen \u00e4hnliche Anlageziele und haben ein vergleichbares Risikoprofil.<\/li>\n<li style=\"color: #000000;\">Diese Anpassung ist f\u00fcr Kunden selbstverst\u00e4ndlich kostenlos.<\/li>\n<li style=\"color: #000000;\">Kunden brauchen nichts zu unternehmen, wir nehmen alle erforderlichen Anpassungen vor.<\/li>\n<li style=\"color: #000000;\">Kunden k\u00f6nnen jederzeit ihre Fondsauswahl \u00e4ndern. Hierf\u00fcr ist das entsprechende Formular im Kundenportal zu verwenden.<\/li>\n<\/ul>\n<\/td>\n<\/tr>\n<\/tbody>\n<\/table>\n<\/div><div class=\"fusion-clearfix\"><\/div><\/div><\/div><div class=\"fusion-layout-column fusion_builder_column fusion-builder-column-2 fusion_builder_column_1_3 1_3 fusion-one-third fusion-column-last\" style=\"--awb-padding-top:10px;--awb-padding-right:10px;--awb-padding-bottom:10px;--awb-padding-left:10px;--awb-bg-size:cover;--awb-border-color:#008c84;--awb-border-top:0;--awb-border-right:0;--awb-border-bottom:0;--awb-border-left:0;--awb-border-style:solid;width:33.333333333333%;width:calc(33.333333333333% - ( ( 4% ) * 0.33333333333333 ) );\"><div class=\"fusion-column-wrapper fusion-column-has-shadow fusion-flex-column-wrapper-legacy\"><div class=\"fusion-image-element in-legacy-container\" style=\"--awb-caption-title-font-family:var(--h2_typography-font-family);--awb-caption-title-font-weight:var(--h2_typography-font-weight);--awb-caption-title-font-style:var(--h2_typography-font-style);--awb-caption-title-size:var(--h2_typography-font-size);--awb-caption-title-transform:var(--h2_typography-text-transform);--awb-caption-title-line-height:var(--h2_typography-line-height);--awb-caption-title-letter-spacing:var(--h2_typography-letter-spacing);\"><span class=\" fusion-imageframe imageframe-none imageframe-1 hover-type-none\"><img decoding=\"async\" width=\"300\" height=\"238\" alt=\"Warburg\" title=\"Warburg_Invest_Logo\" src=\"https:\/\/www.prismalife.com\/wp-content\/uploads\/2020\/05\/Warburg_Invest_Logo.png\" data-orig-src=\"https:\/\/www.prismalife.com\/wp-content\/uploads\/2020\/05\/Warburg_Invest_Logo-300x238.png\" class=\"lazyload img-responsive wp-image-9067\" srcset=\"data:image\/svg+xml,%3Csvg%20xmlns%3D%27http%3A%2F%2Fwww.w3.org%2F2000%2Fsvg%27%20width%3D%271287%27%20height%3D%271021%27%20viewBox%3D%270%200%201287%201021%27%3E%3Crect%20width%3D%271287%27%20height%3D%271021%27%20fill-opacity%3D%220%22%2F%3E%3C%2Fsvg%3E\" data-srcset=\"https:\/\/www.prismalife.com\/wp-content\/uploads\/2020\/05\/Warburg_Invest_Logo-200x159.png 200w, https:\/\/www.prismalife.com\/wp-content\/uploads\/2020\/05\/Warburg_Invest_Logo-400x317.png 400w, https:\/\/www.prismalife.com\/wp-content\/uploads\/2020\/05\/Warburg_Invest_Logo-600x476.png 600w, https:\/\/www.prismalife.com\/wp-content\/uploads\/2020\/05\/Warburg_Invest_Logo-800x635.png 800w, https:\/\/www.prismalife.com\/wp-content\/uploads\/2020\/05\/Warburg_Invest_Logo-1200x952.png 1200w, https:\/\/www.prismalife.com\/wp-content\/uploads\/2020\/05\/Warburg_Invest_Logo.png 1287w\" data-sizes=\"auto\" data-orig-sizes=\"(max-width: 800px) 100vw, 600px\" \/><\/span><\/div><div class=\"fusion-clearfix\"><\/div><\/div><\/div><\/div><\/div><div class=\"fusion-fullwidth fullwidth-box fusion-builder-row-2 nonhundred-percent-fullwidth non-hundred-percent-height-scrolling\" style=\"--awb-border-radius-top-left:0px;--awb-border-radius-top-right:0px;--awb-border-radius-bottom-right:0px;--awb-border-radius-bottom-left:0px;--awb-margin-bottom:50px;--awb-background-color:rgba(0,140,132,0.1);--awb-flex-wrap:wrap;\" ><div class=\"fusion-builder-row fusion-row\"><div class=\"fusion-layout-column fusion_builder_column fusion-builder-column-3 fusion_builder_column_1_1 1_1 fusion-one-full fusion-column-first fusion-column-last padding-content-datenschutz\" style=\"--awb-padding-top:40px;--awb-bg-size:cover;\"><div class=\"fusion-column-wrapper fusion-flex-column-wrapper-legacy\"><div class=\"accordian fusion-accordian\" style=\"--awb-border-size:0px;--awb-icon-size:30px;--awb-content-font-size:1.25em;--awb-icon-alignment:right;--awb-hover-color:#ffffff;--awb-border-color:#ffffff;--awb-background-color:#ffffff;--awb-divider-color:#e0dede;--awb-divider-hover-color:#e0dede;--awb-icon-color:rgba(0,140,132,0);--awb-title-color:#008c84;--awb-content-color:#020202;--awb-icon-box-color:#ffffff;--awb-toggle-hover-accent-color:#008c84;--awb-title-font-family:&quot;Source Sans Pro&quot;;--awb-title-font-weight:700;--awb-title-font-style:normal;--awb-title-font-size:0.8em;--awb-content-font-family:&quot;Source Serif Pro&quot;;--awb-content-font-style:normal;--awb-content-font-weight:300;\"><div class=\"panel-group fusion-toggle-icon-right fusion-toggle-icon-unboxed\" id=\"accordion-9008-1\"><div class=\"fusion-panel panel-default panel-28843a04e95d658e5 fusion-toggle-no-divider\"><div class=\"panel-heading\"><h4 class=\"panel-title toggle\" id=\"toggle_28843a04e95d658e5\"><a aria-expanded=\"false\" aria-controls=\"28843a04e95d658e5\" role=\"button\" data-toggle=\"collapse\" data-parent=\"#accordion-9008-1\" data-target=\"#28843a04e95d658e5\" href=\"#28843a04e95d658e5\"><span class=\"fusion-toggle-icon-wrapper\" aria-hidden=\"true\"><i class=\"fa-fusion-box active-icon awb-icon-minus\" aria-hidden=\"true\"><\/i><i class=\"fa-fusion-box inactive-icon awb-icon-plus\" aria-hidden=\"true\"><\/i><\/span><span class=\"fusion-toggle-heading\">Download Dokumente<\/span><\/a><\/h4><\/div><div id=\"28843a04e95d658e5\" class=\"panel-collapse collapse \" aria-labelledby=\"toggle_28843a04e95d658e5\"><div class=\"panel-body toggle-content fusion-clearfix\"><a href=\"https:\/\/www.prismalife.com\/wp-content\/uploads\/2020\/05\/Information_Warburg-Global-ETFs-Strategie-Aktiv.pdf\" target=\"_blank\" rel=\"noopener noreferrer\"><img decoding=\"async\" class=\"lazyload text-link-pfeil1\" src=\"data:image\/svg+xml,%3Csvg%20xmlns%3D%27http%3A%2F%2Fwww.w3.org%2F2000%2Fsvg%27%20width%3D%2758%27%20height%3D%2715%27%20viewBox%3D%270%200%2058%2015%27%3E%3Crect%20width%3D%2758%27%20height%3D%2715%27%20fill-opacity%3D%220%22%2F%3E%3C%2Fsvg%3E\" data-orig-src=\"https:\/\/www.prismalife.com\/wp-content\/uploads\/2019\/04\/arrow_link@2x.png\" alt=\"\" width=\"58\" height=\"15\" \/> Brosch\u00fcre Warburg Global ETFs-Strategie Aktiv (PDF)<\/a><br \/>\n<a href=\"https:\/\/www.prismalife.com\/wp-content\/uploads\/2020\/05\/Information-Warburg-zur-Fondsverschmelzung.pdf\" target=\"_blank\" rel=\"noopener noreferrer\"><img decoding=\"async\" class=\"lazyload text-link-pfeil1\" src=\"data:image\/svg+xml,%3Csvg%20xmlns%3D%27http%3A%2F%2Fwww.w3.org%2F2000%2Fsvg%27%20width%3D%2758%27%20height%3D%2715%27%20viewBox%3D%270%200%2058%2015%27%3E%3Crect%20width%3D%2758%27%20height%3D%2715%27%20fill-opacity%3D%220%22%2F%3E%3C%2Fsvg%3E\" data-orig-src=\"https:\/\/www.prismalife.com\/wp-content\/uploads\/2019\/04\/arrow_link@2x.png\" alt=\"\" width=\"58\" height=\"15\" \/> Information Warburg zur Fondsverschmelzung (PDF)<\/a><br \/>\n<a href=\"https:\/\/www.prismalife.com\/wp-content\/uploads\/2020\/05\/Wesentliche-Anlegerinformationen-Warburg-Global-Werte-Stabilisierungs-Fonds.pdf\" target=\"_blank\" rel=\"noopener noreferrer\"><img decoding=\"async\" class=\"lazyload text-link-pfeil1\" src=\"data:image\/svg+xml,%3Csvg%20xmlns%3D%27http%3A%2F%2Fwww.w3.org%2F2000%2Fsvg%27%20width%3D%2758%27%20height%3D%2715%27%20viewBox%3D%270%200%2058%2015%27%3E%3Crect%20width%3D%2758%27%20height%3D%2715%27%20fill-opacity%3D%220%22%2F%3E%3C%2Fsvg%3E\" data-orig-src=\"https:\/\/www.prismalife.com\/wp-content\/uploads\/2019\/04\/arrow_link@2x.png\" alt=\"\" width=\"58\" height=\"15\" \/> Wesentliche Anlegerinformationen Warburg Global Werte\u00a0Stabilisierungs-Fonds (PDF)<\/a><br \/>\n<a href=\"https:\/\/www.prismalife.com\/wp-content\/uploads\/2020\/05\/Wesentliche-Anlegerinformationen-Warburg-Global-ETFs-Strategie-Aktiv.pdf\" target=\"_blank\" rel=\"noopener noreferrer\"><img decoding=\"async\" class=\"lazyload text-link-pfeil1\" src=\"data:image\/svg+xml,%3Csvg%20xmlns%3D%27http%3A%2F%2Fwww.w3.org%2F2000%2Fsvg%27%20width%3D%2758%27%20height%3D%2715%27%20viewBox%3D%270%200%2058%2015%27%3E%3Crect%20width%3D%2758%27%20height%3D%2715%27%20fill-opacity%3D%220%22%2F%3E%3C%2Fsvg%3E\" data-orig-src=\"https:\/\/www.prismalife.com\/wp-content\/uploads\/2019\/04\/arrow_link@2x.png\" alt=\"\" width=\"58\" height=\"15\" \/> Wesentliche Anlegerinformationen Warburg Global ETFs-Strategie Aktiv (PDF)<\/a><\/div><\/div><\/div><\/div><\/div><div class=\"fusion-clearfix\"><\/div><\/div><\/div><\/div><\/div><\/p>","protected":false},"excerpt":{"rendered":"","protected":false},"author":7,"featured_media":0,"parent":0,"menu_order":0,"comment_status":"closed","ping_status":"closed","template":"100-width.php","meta":{"footnotes":""},"class_list":["post-9008","page","type-page","status-publish","hentry"],"_links":{"self":[{"href":"https:\/\/www.prismalife.com\/fr\/wp-json\/wp\/v2\/pages\/9008","targetHints":{"allow":["GET"]}}],"collection":[{"href":"https:\/\/www.prismalife.com\/fr\/wp-json\/wp\/v2\/pages"}],"about":[{"href":"https:\/\/www.prismalife.com\/fr\/wp-json\/wp\/v2\/types\/page"}],"author":[{"embeddable":true,"href":"https:\/\/www.prismalife.com\/fr\/wp-json\/wp\/v2\/users\/7"}],"replies":[{"embeddable":true,"href":"https:\/\/www.prismalife.com\/fr\/wp-json\/wp\/v2\/comments?post=9008"}],"version-history":[{"count":39,"href":"https:\/\/www.prismalife.com\/fr\/wp-json\/wp\/v2\/pages\/9008\/revisions"}],"predecessor-version":[{"id":9053,"href":"https:\/\/www.prismalife.com\/fr\/wp-json\/wp\/v2\/pages\/9008\/revisions\/9053"}],"wp:attachment":[{"href":"https:\/\/www.prismalife.com\/fr\/wp-json\/wp\/v2\/media?parent=9008"}],"curies":[{"name":"wp","href":"https:\/\/api.w.org\/{rel}","templated":true}]}}