{"id":10061,"date":"2020-09-16T10:34:19","date_gmt":"2020-09-16T08:34:19","guid":{"rendered":"https:\/\/www.prismalife.com\/?page_id=10061"},"modified":"2026-01-22T12:36:45","modified_gmt":"2026-01-22T11:36:45","slug":"protezione-dei-dati","status":"publish","type":"page","link":"https:\/\/www.prismalife.com\/it\/protezione-dei-dati\/","title":{"rendered":"Protezione dei dati"},"content":{"rendered":"<p><div class=\"fusion-fullwidth fullwidth-box fusion-builder-row-1 nonhundred-percent-fullwidth non-hundred-percent-height-scrolling\" style=\"--awb-border-radius-top-left:0px;--awb-border-radius-top-right:0px;--awb-border-radius-bottom-right:0px;--awb-border-radius-bottom-left:0px;--awb-padding-right:10px;--awb-padding-left:10px;--awb-flex-wrap:wrap;\" ><div class=\"fusion-builder-row fusion-row\"><div class=\"fusion-layout-column fusion_builder_column fusion-builder-column-0 fusion_builder_column_1_1 1_1 fusion-one-full fusion-column-first fusion-column-last padding-content-datenschutz\" style=\"--awb-bg-size:cover;\"><div class=\"fusion-column-wrapper fusion-flex-column-wrapper-legacy\"><div class=\"fusion-text fusion-text-1\"><h1>Protezione dei dati presso PrismaLife<\/h1>\n<\/div><div class=\"fusion-text fusion-text-2\" style=\"--awb-text-transform:none;\"><p>Ultimo aggiornamento: maggio 2019<\/p>\n<\/div><div class=\"fusion-text fusion-text-3\"><h5>Regolamento Generale Europeo sulla Protezione dei Dati (GDPR)<\/h5>\n<\/div><div class=\"fusion-text fusion-text-4\"><p>Il Regolamento Generale Europeo sulla Protezione dei Dati (GDPR) in vigore dal 25 maggio 2018, \u00e8 un Regolamento dell&#8217;Unione europea che armonizza le norme per il trattamento dei dati personali da parte di imprese private ed enti pubblici in tutta l&#8217;UE. La finalit\u00e0 \u00e8 garantire da un lato la protezione dei dati personali all&#8217;interno dell&#8217;Unione europea nel suo complesso e, dall&#8217;altro, la libera circolazione di dati all&#8217;interno dell&#8217;Unione europea.<\/p>\n<p>Le nuove disposizioni del Regolamento Generale Europeo sulla Protezione dei Dati (GDPR) prevedono in particolare un elevato livello di trasparenza nel trattamento dei dati e ampi diritti delle persone interessate. Consideriamo la protezione dei dati personali e della privacy come uno dei nostri compiti principali per garantire la vostra fiducia e mettervi al centro delle nostre attivit\u00e0. Per tale motivo abbiamo iniziato presto ad adattare le nostre pratiche aziendali, i processi e sistemi alle nuove esigenze legali del Regolamento Generale Europeo sulla Protezione dei Dati.<\/p>\n<p>La nostra organizzazione di protezione dei dati \u00e8 concepita in modo tale che l&#8217;utilizzo dei vostri dati personali sia conforme a tutte le norme di legge sulla protezione dei dati e che sia prestata particolare attenzione ai principi di trasparenza, alla necessit\u00e0 dei dati trattati nonch\u00e9 alla evitabilit\u00e0 e minimizzazione di dati secondo il Regolamento Generale Europeo sulla Protezione dei Dati. Ulteriori informazioni sul trattamento dei vostri dati personali sono contenute nelle seguenti informative.<\/p>\n<\/div><div class=\"fusion-clearfix\"><\/div><\/div><\/div><\/div><\/div><div class=\"fusion-fullwidth fullwidth-box fusion-builder-row-2 nonhundred-percent-fullwidth non-hundred-percent-height-scrolling\" style=\"--awb-border-radius-top-left:0px;--awb-border-radius-top-right:0px;--awb-border-radius-bottom-right:0px;--awb-border-radius-bottom-left:0px;--awb-margin-bottom:50px;--awb-background-color:rgba(0,140,132,0.1);--awb-flex-wrap:wrap;\" ><div class=\"fusion-builder-row fusion-row\"><div class=\"fusion-layout-column fusion_builder_column fusion-builder-column-1 fusion_builder_column_1_1 1_1 fusion-one-full fusion-column-first fusion-column-last padding-content-datenschutz\" style=\"--awb-padding-top:40px;--awb-bg-size:cover;\"><div class=\"fusion-column-wrapper fusion-flex-column-wrapper-legacy\"><div class=\"accordian fusion-accordian\" style=\"--awb-border-size:0px;--awb-icon-size:30px;--awb-content-font-size:1.25em;--awb-icon-alignment:right;--awb-hover-color:#ffffff;--awb-border-color:#ffffff;--awb-background-color:#ffffff;--awb-divider-color:#e0dede;--awb-divider-hover-color:#e0dede;--awb-icon-color:rgba(0,140,132,0);--awb-title-color:#008c84;--awb-content-color:#020202;--awb-icon-box-color:#ffffff;--awb-toggle-hover-accent-color:#008c84;--awb-title-font-family:&quot;Source Sans Pro&quot;;--awb-title-font-weight:700;--awb-title-font-style:normal;--awb-title-font-size:0.8em;--awb-content-font-family:&quot;Source Serif Pro&quot;;--awb-content-font-style:normal;--awb-content-font-weight:300;\"><div class=\"panel-group fusion-toggle-icon-right fusion-toggle-icon-unboxed\" id=\"accordion-10061-1\"><div class=\"fusion-panel panel-default panel-06c783aa7f2648395 fusion-toggle-no-divider\" style=\"--awb-title-color:#008c84;--awb-content-color:#020202;\"><div class=\"panel-heading\"><h4 class=\"panel-title toggle\" id=\"toggle_06c783aa7f2648395\"><a aria-expanded=\"false\" aria-controls=\"06c783aa7f2648395\" role=\"button\" data-toggle=\"collapse\" data-parent=\"#accordion-10061-1\" data-target=\"#06c783aa7f2648395\" href=\"#06c783aa7f2648395\"><span class=\"fusion-toggle-icon-wrapper\" aria-hidden=\"true\"><i class=\"fa-fusion-box active-icon awb-icon-minus\" aria-hidden=\"true\"><\/i><i class=\"fa-fusion-box inactive-icon awb-icon-plus\" aria-hidden=\"true\"><\/i><\/span><span class=\"fusion-toggle-heading\">Informativa sulla protezione dei dati inerenti al trattamento dei vostri dati al momento del contatto <\/span><\/a><\/h4><\/div><div id=\"06c783aa7f2648395\" class=\"panel-collapse collapse \" aria-labelledby=\"toggle_06c783aa7f2648395\"><div class=\"panel-body toggle-content fusion-clearfix\">\n<p style=\"color: #008c84;\"><a class=\"textlink-teaser-vorteile\" title=\"Kontaktaufnahme\" href=\"https:\/\/www.prismalife.com\/wp-content\/uploads\/2026\/01\/260101_LC_Informativa_sulla_protezione_dei_dati_al_momento_del_contatto_it_Final.pdf\" target=\"_blank\" rel=\"noopener noreferrer\">Scarica PDF <img decoding=\"async\" class=\"lazyload text-link-pfeil\" src=\"data:image\/gif;base64,R0lGODlhAQABAAAAACH5BAEKAAEALAAAAAABAAEAAAICTAEAOw==\" data-orig-src=\"https:\/\/www.prismalife.com\/wp-content\/uploads\/2019\/04\/download@3x.svg\" alt=\"download\" \/><\/a><\/p>\n<\/div><\/div><\/div><div class=\"fusion-panel panel-default panel-d4772bfaed8b5813a fusion-toggle-no-divider\" style=\"--awb-title-color:#008c84;--awb-content-color:#020202;\"><div class=\"panel-heading\"><h4 class=\"panel-title toggle\" id=\"toggle_d4772bfaed8b5813a\"><a aria-expanded=\"false\" aria-controls=\"d4772bfaed8b5813a\" role=\"button\" data-toggle=\"collapse\" data-parent=\"#accordion-10061-1\" data-target=\"#d4772bfaed8b5813a\" href=\"#d4772bfaed8b5813a\"><span class=\"fusion-toggle-icon-wrapper\" aria-hidden=\"true\"><i class=\"fa-fusion-box active-icon awb-icon-minus\" aria-hidden=\"true\"><\/i><i class=\"fa-fusion-box inactive-icon awb-icon-plus\" aria-hidden=\"true\"><\/i><\/span><span class=\"fusion-toggle-heading\">Informativa sulla protezione dei dati personali in merito al sito web della Compagnia<\/span><\/a><\/h4><\/div><div id=\"d4772bfaed8b5813a\" class=\"panel-collapse collapse \" aria-labelledby=\"toggle_d4772bfaed8b5813a\"><div class=\"panel-body toggle-content fusion-clearfix\">\n<p style=\"color: #008c84;\"><a class=\"textlink-teaser-vorteile\" title=\"Besuch\" href=\"https:\/\/www.prismalife.com\/wp-content\/uploads\/2026\/01\/260101_LC_Informativa_sulla_protezione_dei_dati_dei_siti_internet_it_Final.pdf\" target=\"_blank\" rel=\"noopener noreferrer\">Scarica PDF <img decoding=\"async\" class=\"lazyload text-link-pfeil\" src=\"data:image\/gif;base64,R0lGODlhAQABAAAAACH5BAEKAAEALAAAAAABAAEAAAICTAEAOw==\" data-orig-src=\"https:\/\/www.prismalife.com\/wp-content\/uploads\/2019\/04\/download@3x.svg\" alt=\"download\" \/><\/a><\/p>\n<\/div><\/div><\/div><div class=\"fusion-panel panel-default panel-999b7f718f2fcf26c fusion-toggle-no-divider\" style=\"--awb-title-color:#008c84;--awb-content-color:#020202;\"><div class=\"panel-heading\"><h4 class=\"panel-title toggle\" id=\"toggle_999b7f718f2fcf26c\"><a aria-expanded=\"false\" aria-controls=\"999b7f718f2fcf26c\" role=\"button\" data-toggle=\"collapse\" data-parent=\"#accordion-10061-1\" data-target=\"#999b7f718f2fcf26c\" href=\"#999b7f718f2fcf26c\"><span class=\"fusion-toggle-icon-wrapper\" aria-hidden=\"true\"><i class=\"fa-fusion-box active-icon awb-icon-minus\" aria-hidden=\"true\"><\/i><i class=\"fa-fusion-box inactive-icon awb-icon-plus\" aria-hidden=\"true\"><\/i><\/span><span class=\"fusion-toggle-heading\">Informativa sulla protezione dei dati per i contratti assicurativi<\/span><\/a><\/h4><\/div><div id=\"999b7f718f2fcf26c\" class=\"panel-collapse collapse \" aria-labelledby=\"toggle_999b7f718f2fcf26c\"><div class=\"panel-body toggle-content fusion-clearfix\">\n<p style=\"color: #008c84;\"><a class=\"textlink-teaser-vorteile\" title=\"Versicherungsvertr\u00e4ge\" href=\"https:\/\/www.prismalife.com\/wp-content\/uploads\/2026\/01\/260101_LC_Informativa_sulla_protezione_dei_dati_per_i_contratti_di_assicurazione_it_Final.pdf\" target=\"_blank\" rel=\"noopener noreferrer\">Scarica PDF <img decoding=\"async\" class=\"lazyload text-link-pfeil\" src=\"data:image\/gif;base64,R0lGODlhAQABAAAAACH5BAEKAAEALAAAAAABAAEAAAICTAEAOw==\" data-orig-src=\"https:\/\/www.prismalife.com\/wp-content\/uploads\/2019\/04\/download@3x.svg\" alt=\"download\" \/><\/a><\/p>\n<\/div><\/div><\/div><div class=\"fusion-panel panel-default panel-14549e189a82c51ce fusion-toggle-no-divider\" style=\"--awb-title-color:#008c84;--awb-content-color:#020202;\"><div class=\"panel-heading\"><h4 class=\"panel-title toggle\" id=\"toggle_14549e189a82c51ce\"><a aria-expanded=\"false\" aria-controls=\"14549e189a82c51ce\" role=\"button\" data-toggle=\"collapse\" data-parent=\"#accordion-10061-1\" data-target=\"#14549e189a82c51ce\" href=\"#14549e189a82c51ce\"><span class=\"fusion-toggle-icon-wrapper\" aria-hidden=\"true\"><i class=\"fa-fusion-box active-icon awb-icon-minus\" aria-hidden=\"true\"><\/i><i class=\"fa-fusion-box inactive-icon awb-icon-plus\" aria-hidden=\"true\"><\/i><\/span><span class=\"fusion-toggle-heading\">Informativa sulla protezione dei dati relativi all\u2019invio di newsletter<\/span><\/a><\/h4><\/div><div id=\"14549e189a82c51ce\" class=\"panel-collapse collapse \" aria-labelledby=\"toggle_14549e189a82c51ce\"><div class=\"panel-body toggle-content fusion-clearfix\">\n<p style=\"color: #008c84;\"><a class=\"textlink-teaser-vorteile\" title=\"Versand\" href=\"https:\/\/www.prismalife.com\/wp-content\/uploads\/2026\/01\/260101_LC_Informativa_sulla_protezione_dei_dati_relativi_all-invio_di_newsletter_it_Final.pdf\" target=\"_blank\" rel=\"noopener noreferrer\">Scarica PDF <img decoding=\"async\" class=\"lazyload text-link-pfeil\" src=\"data:image\/gif;base64,R0lGODlhAQABAAAAACH5BAEKAAEALAAAAAABAAEAAAICTAEAOw==\" data-orig-src=\"https:\/\/www.prismalife.com\/wp-content\/uploads\/2019\/04\/download@3x.svg\" alt=\"download\" \/><\/a><\/p>\n<\/div><\/div><\/div><div class=\"fusion-panel panel-default panel-d0b3fcb8671b536b5 fusion-toggle-no-divider\" style=\"--awb-title-color:#008c84;--awb-content-color:#020202;\"><div class=\"panel-heading\"><h4 class=\"panel-title toggle\" id=\"toggle_d0b3fcb8671b536b5\"><a aria-expanded=\"false\" aria-controls=\"d0b3fcb8671b536b5\" role=\"button\" data-toggle=\"collapse\" data-parent=\"#accordion-10061-1\" data-target=\"#d0b3fcb8671b536b5\" href=\"#d0b3fcb8671b536b5\"><span class=\"fusion-toggle-icon-wrapper\" aria-hidden=\"true\"><i class=\"fa-fusion-box active-icon awb-icon-minus\" aria-hidden=\"true\"><\/i><i class=\"fa-fusion-box inactive-icon awb-icon-plus\" aria-hidden=\"true\"><\/i><\/span><span class=\"fusion-toggle-heading\">Informativa sulla protezione dei dati relativa gli intermediari<\/span><\/a><\/h4><\/div><div id=\"d0b3fcb8671b536b5\" class=\"panel-collapse collapse \" aria-labelledby=\"toggle_d0b3fcb8671b536b5\"><div class=\"panel-body toggle-content fusion-clearfix\">\n<p style=\"color: #008c84;\"><a class=\"textlink-teaser-vorteile\" title=\"Vermittler\" href=\"https:\/\/www.prismalife.com\/wp-content\/uploads\/2026\/01\/260101_LC_Informativa_sulla_protezione_dei_dati_per_gli_intermediari_it_Final.pdf\" target=\"_blank\" rel=\"noopener noreferrer\">Scarica PDF <img decoding=\"async\" class=\"lazyload text-link-pfeil\" src=\"data:image\/gif;base64,R0lGODlhAQABAAAAACH5BAEKAAEALAAAAAABAAEAAAICTAEAOw==\" data-orig-src=\"https:\/\/www.prismalife.com\/wp-content\/uploads\/2019\/04\/download@3x.svg\" alt=\"download\" \/><\/a><\/p>\n<\/div><\/div><\/div><div class=\"fusion-panel panel-default panel-b45ba0fa76c5b0438 fusion-toggle-no-divider\" style=\"--awb-title-color:#008c84;--awb-content-color:#020202;\"><div class=\"panel-heading\"><h4 class=\"panel-title toggle\" id=\"toggle_b45ba0fa76c5b0438\"><a aria-expanded=\"false\" aria-controls=\"b45ba0fa76c5b0438\" role=\"button\" data-toggle=\"collapse\" data-parent=\"#accordion-10061-1\" data-target=\"#b45ba0fa76c5b0438\" href=\"#b45ba0fa76c5b0438\"><span class=\"fusion-toggle-icon-wrapper\" aria-hidden=\"true\"><i class=\"fa-fusion-box active-icon awb-icon-minus\" aria-hidden=\"true\"><\/i><i class=\"fa-fusion-box inactive-icon awb-icon-plus\" aria-hidden=\"true\"><\/i><\/span><span class=\"fusion-toggle-heading\">Informativa sulla protezione dei dati relativa a Terzi<\/span><\/a><\/h4><\/div><div id=\"b45ba0fa76c5b0438\" class=\"panel-collapse collapse \" aria-labelledby=\"toggle_b45ba0fa76c5b0438\"><div class=\"panel-body toggle-content fusion-clearfix\">\n<p style=\"color: #008c84;\"><a class=\"textlink-teaser-vorteile\" title=\"Dritte\" href=\"https:\/\/www.prismalife.com\/wp-content\/uploads\/2026\/01\/260101_LC_Informativa_sulla_protezionde_dei_dati_per_terzi_it_Final.pdf\" target=\"_blank\" rel=\"noopener noreferrer\">Scarica PDF <img decoding=\"async\" class=\"lazyload text-link-pfeil\" src=\"data:image\/gif;base64,R0lGODlhAQABAAAAACH5BAEKAAEALAAAAAABAAEAAAICTAEAOw==\" data-orig-src=\"https:\/\/www.prismalife.com\/wp-content\/uploads\/2019\/04\/download@3x.svg\" alt=\"download\" \/><\/a><\/p>\n<\/div><\/div><\/div><div class=\"fusion-panel panel-default panel-4bf40334c9fea0baa fusion-toggle-no-divider\" style=\"--awb-title-color:#008c84;--awb-content-color:#020202;\"><div class=\"panel-heading\"><h4 class=\"panel-title toggle\" id=\"toggle_4bf40334c9fea0baa\"><a aria-expanded=\"false\" aria-controls=\"4bf40334c9fea0baa\" role=\"button\" data-toggle=\"collapse\" data-parent=\"#accordion-10061-1\" data-target=\"#4bf40334c9fea0baa\" href=\"#4bf40334c9fea0baa\"><span class=\"fusion-toggle-icon-wrapper\" aria-hidden=\"true\"><i class=\"fa-fusion-box active-icon awb-icon-minus\" aria-hidden=\"true\"><\/i><i class=\"fa-fusion-box inactive-icon awb-icon-plus\" aria-hidden=\"true\"><\/i><\/span><span class=\"fusion-toggle-heading\">Informativa sulla protezione dei dati e condizioni di partecipazione ai concorsi <\/span><\/a><\/h4><\/div><div id=\"4bf40334c9fea0baa\" class=\"panel-collapse collapse \" aria-labelledby=\"toggle_4bf40334c9fea0baa\"><div class=\"panel-body toggle-content fusion-clearfix\">\n<p style=\"color: #008c84;\"><a class=\"textlink-teaser-vorteile\" title=\"Dritte\" href=\"https:\/\/www.prismalife.com\/wp-content\/uploads\/2026\/01\/260101_LC_Condizioni_di_partecipazione_e_informativa_sulla_protezione_dei_dati_per_concorsi_a_premi_it_Final.pdf\" target=\"_blank\" rel=\"noopener noreferrer\">Scarica PDF <img decoding=\"async\" class=\"lazyload text-link-pfeil\" src=\"data:image\/gif;base64,R0lGODlhAQABAAAAACH5BAEKAAEALAAAAAABAAEAAAICTAEAOw==\" data-orig-src=\"https:\/\/www.prismalife.com\/wp-content\/uploads\/2019\/04\/download@3x.svg\" alt=\"download\" \/><\/a><\/p>\n<\/div><\/div><\/div><div class=\"fusion-panel panel-default panel-cbc26491f9964ee54 fusion-toggle-no-divider\" style=\"--awb-title-color:#008c84;--awb-content-color:#020202;\"><div class=\"panel-heading\"><h4 class=\"panel-title toggle\" id=\"toggle_cbc26491f9964ee54\"><a aria-expanded=\"false\" aria-controls=\"cbc26491f9964ee54\" role=\"button\" data-toggle=\"collapse\" data-parent=\"#accordion-10061-1\" data-target=\"#cbc26491f9964ee54\" href=\"#cbc26491f9964ee54\"><span class=\"fusion-toggle-icon-wrapper\" aria-hidden=\"true\"><i class=\"fa-fusion-box active-icon awb-icon-minus\" aria-hidden=\"true\"><\/i><i class=\"fa-fusion-box inactive-icon awb-icon-plus\" aria-hidden=\"true\"><\/i><\/span><span class=\"fusion-toggle-heading\">Elenco dei principali fornitori di servizi di PrismaLife AG <\/span><\/a><\/h4><\/div><div id=\"cbc26491f9964ee54\" class=\"panel-collapse collapse \" aria-labelledby=\"toggle_cbc26491f9964ee54\"><div class=\"panel-body toggle-content fusion-clearfix\">\n<p style=\"color: #008c84;\"><a class=\"textlink-teaser-vorteile\" title=\"Dienstleisterliste\" href=\"https:\/\/www.prismalife.com\/wp-content\/uploads\/2026\/01\/260101_PrismaLife-AG_Fornitori-di-servizi_2025_it_Final.pdf\" target=\"_blank\" rel=\"noopener noreferrer\">Scarica PDF <img decoding=\"async\" class=\"lazyload text-link-pfeil\" src=\"data:image\/gif;base64,R0lGODlhAQABAAAAACH5BAEKAAEALAAAAAABAAEAAAICTAEAOw==\" data-orig-src=\"https:\/\/www.prismalife.com\/wp-content\/uploads\/2019\/04\/download@3x.svg\" alt=\"download\" \/><\/a><\/p>\n<\/div><\/div><\/div><\/div><\/div><div class=\"fusion-clearfix\"><\/div><\/div><\/div><\/div><\/div><\/p>","protected":false},"excerpt":{"rendered":"","protected":false},"author":7,"featured_media":0,"parent":0,"menu_order":0,"comment_status":"closed","ping_status":"closed","template":"100-width.php","meta":{"footnotes":""},"class_list":["post-10061","page","type-page","status-publish","hentry"],"_links":{"self":[{"href":"https:\/\/www.prismalife.com\/it\/wp-json\/wp\/v2\/pages\/10061","targetHints":{"allow":["GET"]}}],"collection":[{"href":"https:\/\/www.prismalife.com\/it\/wp-json\/wp\/v2\/pages"}],"about":[{"href":"https:\/\/www.prismalife.com\/it\/wp-json\/wp\/v2\/types\/page"}],"author":[{"embeddable":true,"href":"https:\/\/www.prismalife.com\/it\/wp-json\/wp\/v2\/users\/7"}],"replies":[{"embeddable":true,"href":"https:\/\/www.prismalife.com\/it\/wp-json\/wp\/v2\/comments?post=10061"}],"version-history":[{"count":13,"href":"https:\/\/www.prismalife.com\/it\/wp-json\/wp\/v2\/pages\/10061\/revisions"}],"predecessor-version":[{"id":28546,"href":"https:\/\/www.prismalife.com\/it\/wp-json\/wp\/v2\/pages\/10061\/revisions\/28546"}],"wp:attachment":[{"href":"https:\/\/www.prismalife.com\/it\/wp-json\/wp\/v2\/media?parent=10061"}],"curies":[{"name":"wp","href":"https:\/\/api.w.org\/{rel}","templated":true}]}}