{"id":10505,"date":"2020-10-14T13:52:55","date_gmt":"2020-10-14T11:52:55","guid":{"rendered":"https:\/\/www.prismalife.com\/?page_id=10505"},"modified":"2023-05-05T16:03:09","modified_gmt":"2023-05-05T14:03:09","slug":"fondi","status":"publish","type":"page","link":"https:\/\/www.prismalife.com\/it\/fondi\/","title":{"rendered":"Informazioni relative ai Fondi"},"content":{"rendered":"<p><div class=\"fusion-fullwidth fullwidth-box fusion-builder-row-1 nonhundred-percent-fullwidth non-hundred-percent-height-scrolling\" style=\"--awb-border-radius-top-left:0px;--awb-border-radius-top-right:0px;--awb-border-radius-bottom-right:0px;--awb-border-radius-bottom-left:0px;--awb-margin-bottom:20px;--awb-flex-wrap:wrap;\" ><div class=\"fusion-builder-row fusion-row\"><div class=\"fusion-layout-column fusion_builder_column fusion-builder-column-0 fusion_builder_column_2_3 2_3 fusion-two-third fusion-column-first\" style=\"--awb-bg-size:cover;width:66.666666666667%;width:calc(66.666666666667% - ( ( 4% ) * 0.66666666666667 ) );margin-right: 4%;\"><div class=\"fusion-column-wrapper fusion-column-has-shadow fusion-flex-column-wrapper-legacy\"><div class=\"fusion-text fusion-text-1\"><h1>La nostra selezione dei fondi<\/h1>\n<\/div><div class=\"fusion-clearfix\"><\/div><\/div><\/div><div class=\"fusion-layout-column fusion_builder_column fusion-builder-column-1 fusion_builder_column_1_3 1_3 fusion-one-third fusion-column-last\" style=\"--awb-bg-size:cover;width:33.333333333333%;width:calc(33.333333333333% - ( ( 4% ) * 0.33333333333333 ) );\"><div class=\"fusion-column-wrapper fusion-column-has-shadow fusion-flex-column-wrapper-legacy\"><div class=\"fusion-clearfix\"><\/div><\/div><\/div><div class=\"fusion-layout-column fusion_builder_column fusion-builder-column-2 fusion_builder_column_1_1 1_1 fusion-one-full fusion-column-first fusion-column-last\" style=\"--awb-bg-size:cover;\"><div class=\"fusion-column-wrapper fusion-column-has-shadow fusion-flex-column-wrapper-legacy\"><div class=\"fusion-text fusion-text-2\" style=\"--awb-text-transform:none;\"><p>Per informazioni sui Fondi selezionabili, inserite il vostro numero di Contratto, qualora non abbiate un Contratto selezionate \u201cPer interessati\u201d.<\/p>\n<\/div><div class=\"fusion-clearfix\"><\/div><\/div><\/div><div class=\"fusion-layout-column fusion_builder_column fusion-builder-column-3 fusion_builder_column_1_3 1_3 fusion-one-third fusion-column-first\" style=\"--awb-padding-top:12px;--awb-padding-right:15px;--awb-padding-bottom:15px;--awb-padding-left:15px;--awb-bg-size:cover;--awb-border-color:#000000;--awb-border-top:2px;--awb-border-right:2px;--awb-border-bottom:2px;--awb-border-left:2px;--awb-border-style:solid;width:33.333333333333%;width:calc(33.333333333333% - ( ( 4% ) * 0.33333333333333 ) );margin-right: 4%;\"><div class=\"fusion-column-wrapper fusion-column-has-shadow fusion-flex-column-wrapper-legacy\"><div class=\"fusion-text fusion-text-3\"><p><strong>Per clienti con Contratti gi\u00e0 esistenti<\/strong><\/p>\n<\/div><div class=\"fusion-builder-row fusion-builder-row-inner fusion-row\"><div class=\"fusion-layout-column fusion_builder_column_inner fusion-builder-nested-column-0 fusion_builder_column_inner_1_1 1_1 fusion-one-full fusion-column-first fusion-column-last\" style=\"--awb-bg-size:cover;--awb-border-color:#000000;--awb-border-top:0;--awb-border-right:0;--awb-border-bottom:0;--awb-border-left:0;--awb-border-style:solid;\" id=\"fond-box-auswahl\"><div class=\"fusion-column-wrapper fusion-column-has-shadow fusion-flex-column-wrapper-legacy\"><div class=\"dropdown-fonds\">\n\t<script type=\"text\/javascript\">\n      function EvaluateInput(e)\n      {\n      e.preventDefault();\n\n      var prodKeysNew = [\n        \"FIPD\", \n        \"FID\", \n        \"FIA\", \n        \"WIC\", \n        \"FII\",\n        \"DVBDE\",\n        \"FIM\"\n      ];\n      var prodKeysOld = [\n      \"VWL\"\n      ,\"ALV\"\n      ,\"FVN\"\n      ,\"AKB\"\n      ,\"PB\"\n      ,\"FSV\"\n      ,\"ATS\"\n      ,\"FLV\"\n      ,\"FRV\"\n      ,\"4TB\"\n      ,\"\u00d6FLVE\"\n      ,\"FLVE\"\n      ,\"FLX\"\n      ,\"KIN\"\n      ,\"PLF\"\n      ,\"SFLVE\"\n      ,\"IFLVE\"\n      ,\"IFL\"\n      ,\"UK\"\n      ,\"ATB\"\n      ,\"SRV\"\n      ,\"DV\"\n      ,\"KBA\"\n      ,\"FV\"\n      ,\"\u00d6FLV\"\n      ,\"KBF\"\n      ,\"\u00d6FLX\"\n      ,\"FPP\"\n      ];\n      var inputval = jQuery('#ContractNumber').val();\n\n\n\n      \/\/trim the input to the prefix:\n      var indexHyphen = inputval.search(\"-\");\n      if(indexHyphen > 0)\n      {\n          inputval = inputval.substring(0, indexHyphen);\n      }\n      else\n      {\n          \/\/KBF10546654413\n          var indexNumber = inputval.search(\"1\");\n          if(indexNumber > 0)\n          {\n              inputval = inputval.substring(0, indexNumber);\n          }\n      }\n\n\n\n      var result = \"Questa abbreviazione non pu\u00f2 essere assegnata ad alcun prodotto esistente.\";\n      var n = prodKeysNew.includes(inputval.toUpperCase());\n      var o = prodKeysOld.includes(inputval.toUpperCase());\n      if(n == true)\n      {\n          result = \"Neu\";\n          window.location.href = \"https:\/\/www.prismalife.com\/it\/fondi\/fondi-n\/\";\n      }\n      else if(o == true)\n      {\n          result = \"Alt\";\n          window.location.href = \"https:\/\/www.prismalife.com\/it\/fondi\/fondi-a\/\";\n      }\n      else\n        {\n          jQuery('#contractNumberError').show();\n         }\n      return false;\n      \/\/alert(inputval + ': '+result);\n      }\n  <\/script>    \n \n  <input id=\"ContractNumber\" class=\"\" type=\"text\" name=\"test\" value=\"\" placeholder=\"Numero di contratto\" onfocus=\"this.placeholder = ''\" onblur=\"this.placeholder = 'Numero di contratto'\" style=\"font-size:20px;\">\n  <div id=\"contractNumberError\" style=\"color:red;display:none;\">Questa abbreviazione non pu\u00f2 essere assegnata ad alcun prodotto esistente.<\/div>\n<input id=\"submitButton\" class=\"SubmitButton\" type=\"button\" name=\"continua\" value=\"continua\" style=\"font-size:20px;margin-bottom:10px;\" onclick=\"EvaluateInput(event);\">\n<\/div><div class=\"fusion-clearfix\"><\/div><\/div><\/div><\/div><div class=\"fusion-clearfix\"><\/div><\/div><\/div><div class=\"fusion-layout-column fusion_builder_column fusion-builder-column-4 fusion_builder_column_1_3 1_3 fusion-one-third fusion-column-last\" style=\"--awb-padding-top:12px;--awb-padding-right:15px;--awb-padding-bottom:15px;--awb-padding-left:15px;--awb-bg-size:cover;--awb-border-color:#000000;--awb-border-top:2px;--awb-border-right:2px;--awb-border-bottom:2px;--awb-border-left:2px;--awb-border-style:solid;width:33.333333333333%;width:calc(33.333333333333% - ( ( 4% ) * 0.33333333333333 ) );\"><div class=\"fusion-column-wrapper fusion-column-has-shadow fusion-flex-column-wrapper-legacy\"><div class=\"fusion-text fusion-text-4\"><p style=\"text-align: center; margin-bottom: 32px;\"><strong>Per interessati<\/strong><\/p>\n<\/div><div class=\"fusion-builder-row fusion-builder-row-inner fusion-row\"><div class=\"fusion-layout-column fusion_builder_column_inner fusion-builder-nested-column-1 fusion_builder_column_inner_1_1 1_1 fusion-one-full fusion-column-first fusion-column-last\" style=\"--awb-padding-top:15px;--awb-bg-size:cover;\"><div class=\"fusion-column-wrapper fusion-column-has-shadow fusion-flex-column-wrapper-legacy\"><form action=\"https:\/\/www.prismalife.com\/it\/funds\/funds-n\/\">\n<input id=\"submitButton\" class=\"SubmitButton\" type=\"submit\" name=\"continua\" value=\"continua\" style=\"font-size:20px;margin-bottom:10px\">\n<\/form>\n\n<div class=\"fusion-clearfix\"><\/div><\/div><\/div><\/div><div class=\"fusion-clearfix\"><\/div><\/div><\/div><\/div><\/div><div class=\"fusion-fullwidth fullwidth-box fusion-builder-row-2 fusion-flex-container nonhundred-percent-fullwidth non-hundred-percent-height-scrolling\" style=\"--awb-border-radius-top-left:0px;--awb-border-radius-top-right:0px;--awb-border-radius-bottom-right:0px;--awb-border-radius-bottom-left:0px;--awb-margin-top:50px;--awb-flex-wrap:wrap;\" ><div class=\"fusion-builder-row fusion-row fusion-flex-align-items-flex-start fusion-flex-content-wrap\" style=\"max-width:1508px;margin-left: calc(-4% \/ 2 );margin-right: calc(-4% \/ 2 );\"><div class=\"fusion-layout-column fusion_builder_column fusion-builder-column-5 fusion_builder_column_2_3 2_3 fusion-flex-column\" style=\"--awb-bg-size:cover;--awb-width-large:66.666666666667%;--awb-margin-top-large:0px;--awb-spacing-right-large:2.88%;--awb-margin-bottom-large:10px;--awb-spacing-left-large:2.88%;--awb-width-medium:100%;--awb-order-medium:0;--awb-spacing-right-medium:1.92%;--awb-spacing-left-medium:1.92%;--awb-width-small:100%;--awb-order-small:0;--awb-spacing-right-small:1.92%;--awb-spacing-left-small:1.92%;\"><div class=\"fusion-column-wrapper fusion-column-has-shadow fusion-flex-justify-content-flex-start fusion-content-layout-column\"><div class=\"fusion-text fusion-text-5\"><div id=\"flex-content\">\n<div class=\"img-content\"><img decoding=\"async\" class=\"lazyload pfeil\" src=\"data:image\/svg+xml,%3Csvg%20xmlns%3D%27http%3A%2F%2Fwww.w3.org%2F2000%2Fsvg%27%20width%3D%2714%27%20height%3D%2728%27%20viewBox%3D%270%200%2014%2028%27%3E%3Crect%20width%3D%2714%27%20height%3D%2728%27%20fill-opacity%3D%220%22%2F%3E%3C%2Fsvg%3E\" data-orig-src=\"https:\/\/www.prismalife.com\/wp-content\/uploads\/2019\/03\/pfeil-content.png\" alt=\"\" \/><\/div>\n<div class=\"text-content\">\n<p>L\u2019estesa e diversificata scelta di Fondi di PrismaLife comprende Fondi con e senza garanzie, Fondi di gestione patrimoniale e strategie gestite di rinomate Societ\u00e0 d&#8217;investimento nazionali e internazionali come BlackRock, Carmignac, DJE, DWS, Flossbach von Storch, Nordea o Templeton per investimenti a breve, medio e lungo termine nonch\u00e9 per la pianificazione della previdenza privata. \u00c8 possibile scegliere tra oltre cento Fondi, fra questi figurano ETFs, Fondi azionari, Fondi obbligazionari, Fondi monetari, Fondi tematici, Fondi ambientali e di sostenibilit\u00e0, Fondi regionali e Fondi misti gestiti.<\/p>\n<\/div>\n<\/div>\n<\/div><\/div><\/div><div class=\"fusion-layout-column fusion_builder_column fusion-builder-column-6 fusion_builder_column_1_3 1_3 fusion-flex-column\" style=\"--awb-bg-size:cover;--awb-width-large:33.333333333333%;--awb-margin-top-large:0px;--awb-spacing-right-large:5.76%;--awb-margin-bottom-large:10px;--awb-spacing-left-large:5.76%;--awb-width-medium:100%;--awb-order-medium:0;--awb-spacing-right-medium:1.92%;--awb-spacing-left-medium:1.92%;--awb-width-small:100%;--awb-order-small:0;--awb-spacing-right-small:1.92%;--awb-spacing-left-small:1.92%;\"><div class=\"fusion-column-wrapper fusion-column-has-shadow fusion-flex-justify-content-flex-start fusion-content-layout-column\"><div class=\"fusion-text fusion-text-6 basisinformation\" style=\"--awb-text-transform:none;\"><h4>Documenti contenti le informazioni chiave<\/h4>\n<p>Altre informazioni in merito all\u2019obiettivo d\u2019investimento, al mercato di riferimento nonch\u00e9 alle prestazioni assicurative le trovate nei documenti contenenti le informazioni chiave.<\/p>\n<div>\n<p style=\"color: #fff;\"><img decoding=\"async\" class=\"lazyload text-link-pfeil1\" src=\"data:image\/svg+xml,%3Csvg%20xmlns%3D%27http%3A%2F%2Fwww.w3.org%2F2000%2Fsvg%27%20width%3D%2758%27%20height%3D%2715%27%20viewBox%3D%270%200%2058%2015%27%3E%3Crect%20width%3D%2758%27%20height%3D%2715%27%20fill-opacity%3D%220%22%2F%3E%3C%2Fsvg%3E\" data-orig-src=\"https:\/\/www.prismalife.com\/wp-content\/uploads\/2019\/04\/arrow_link@2x.png\" alt=\"\" width=\"58\" height=\"15\" \/><a class=\"textlink-teaser-weiss\" title=\"Foglio informativo di base\" href=\"https:\/\/www.prismalife.com\/it\/fogli-informativi\">Informazioni chiave<\/a><\/p>\n<\/div>\n<\/div><\/div><\/div><div class=\"fusion-layout-column fusion_builder_column fusion-builder-column-7 fusion_builder_column_2_3 2_3 fusion-flex-column\" style=\"--awb-bg-size:cover;--awb-width-large:66.666666666667%;--awb-margin-top-large:0px;--awb-spacing-right-large:2.88%;--awb-margin-bottom-large:10px;--awb-spacing-left-large:2.88%;--awb-width-medium:100%;--awb-order-medium:0;--awb-spacing-right-medium:1.92%;--awb-spacing-left-medium:1.92%;--awb-width-small:100%;--awb-order-small:0;--awb-spacing-right-small:1.92%;--awb-spacing-left-small:1.92%;\"><div class=\"fusion-column-wrapper fusion-column-has-shadow fusion-flex-justify-content-flex-start fusion-content-layout-column\"><div class=\"fusion-text fusion-text-7\"><h3 style=\"padding-top: 0.2em;\">Accumulo di risorse sostenibili con PrismaLife<\/h3>\n<\/div><div class=\"fusion-text fusion-text-8\"><div id=\"flex-content\">\n<div class=\"img-content\"><\/div>\n<div class=\"text-content\">\n<div style=\"clear: both;\">Nel 2018, con il supporto del nostro partner Unigestion, abbiamo sottoposto gli investimenti nel pool di copertura a una valutazione secondo i criteri ESG (ambiente, sociale, governance) e successivamente abbiamo ristrutturato il portafoglio. L&#8217;obiettivo \u00e8 raggiungere il pi\u00f9 alto standard ESG possibile, senza svantaggi in termini di rendimento, sicurezza e liquidit\u00e0. Questo si basa sulle norme dell&#8217;UN PRI (UN Principles for Responsible Investments). Il punteggio ESG di Sustainalytics del pool di copertura di PrismaLife al 31 dicembre 2018 \u00e8 pari al 73,4% e quindi superiore alla media.<br \/>\nInoltre, per i nostri clienti, ottimizziamo le strategie PrismaLife per l&#8217;investimento in prodotti di previdenza ed accumulo di patrimoni secondo i criteri ESG. In pi\u00f9, nell&#8217;universo d&#8217;investimento di PrismaLife sono disponibili diversi Fondi focalizzati sull&#8217;ambiente nonch\u00e9 sulla sostenibilit\u00e0.<\/div>\n<\/div>\n<\/div>\n<\/div><\/div><\/div><div class=\"fusion-layout-column fusion_builder_column fusion-builder-column-8 fusion_builder_column_1_3 1_3 fusion-flex-column\" style=\"--awb-bg-size:cover;--awb-width-large:33.333333333333%;--awb-margin-top-large:0px;--awb-spacing-right-large:5.76%;--awb-margin-bottom-large:10px;--awb-spacing-left-large:5.76%;--awb-width-medium:100%;--awb-order-medium:0;--awb-spacing-right-medium:1.92%;--awb-spacing-left-medium:1.92%;--awb-width-small:100%;--awb-order-small:0;--awb-spacing-right-small:1.92%;--awb-spacing-left-small:1.92%;\"><div class=\"fusion-column-wrapper fusion-column-has-shadow fusion-flex-justify-content-flex-start fusion-content-layout-column\"><div class=\"fusion-image-element \" style=\"--awb-caption-title-font-family:var(--h2_typography-font-family);--awb-caption-title-font-weight:var(--h2_typography-font-weight);--awb-caption-title-font-style:var(--h2_typography-font-style);--awb-caption-title-size:var(--h2_typography-font-size);--awb-caption-title-transform:var(--h2_typography-text-transform);--awb-caption-title-line-height:var(--h2_typography-line-height);--awb-caption-title-letter-spacing:var(--h2_typography-letter-spacing);\"><span class=\" fusion-imageframe imageframe-none imageframe-1 hover-type-none\"><img decoding=\"async\" width=\"900\" height=\"900\" alt=\"Blick vom Berggipfel in die Zukunft\" title=\"Nachhaltige Vorsorge mit Weitblick \u2013 PrismaLife\" src=\"https:\/\/www.prismalife.com\/wp-content\/uploads\/2019\/04\/fonts_seite.jpg\" data-orig-src=\"https:\/\/www.prismalife.com\/wp-content\/uploads\/2019\/04\/fonts_seite.jpg\" class=\"lazyload img-responsive wp-image-2827\" srcset=\"data:image\/svg+xml,%3Csvg%20xmlns%3D%27http%3A%2F%2Fwww.w3.org%2F2000%2Fsvg%27%20width%3D%27900%27%20height%3D%27900%27%20viewBox%3D%270%200%20900%20900%27%3E%3Crect%20width%3D%27900%27%20height%3D%27900%27%20fill-opacity%3D%220%22%2F%3E%3C%2Fsvg%3E\" data-srcset=\"https:\/\/www.prismalife.com\/wp-content\/uploads\/2019\/04\/fonts_seite-200x200.jpg 200w, https:\/\/www.prismalife.com\/wp-content\/uploads\/2019\/04\/fonts_seite-400x400.jpg 400w, https:\/\/www.prismalife.com\/wp-content\/uploads\/2019\/04\/fonts_seite-600x600.jpg 600w, https:\/\/www.prismalife.com\/wp-content\/uploads\/2019\/04\/fonts_seite-800x800.jpg 800w, https:\/\/www.prismalife.com\/wp-content\/uploads\/2019\/04\/fonts_seite.jpg 900w\" data-sizes=\"auto\" data-orig-sizes=\"(max-width: 1024px) 100vw, (max-width: 640px) 100vw, 600px\" \/><\/span><\/div><\/div><\/div><\/div><\/div><\/p>","protected":false},"excerpt":{"rendered":"","protected":false},"author":7,"featured_media":0,"parent":0,"menu_order":0,"comment_status":"closed","ping_status":"closed","template":"","meta":{"footnotes":""},"class_list":["post-10505","page","type-page","status-publish","hentry"],"_links":{"self":[{"href":"https:\/\/www.prismalife.com\/it\/wp-json\/wp\/v2\/pages\/10505","targetHints":{"allow":["GET"]}}],"collection":[{"href":"https:\/\/www.prismalife.com\/it\/wp-json\/wp\/v2\/pages"}],"about":[{"href":"https:\/\/www.prismalife.com\/it\/wp-json\/wp\/v2\/types\/page"}],"author":[{"embeddable":true,"href":"https:\/\/www.prismalife.com\/it\/wp-json\/wp\/v2\/users\/7"}],"replies":[{"embeddable":true,"href":"https:\/\/www.prismalife.com\/it\/wp-json\/wp\/v2\/comments?post=10505"}],"version-history":[{"count":21,"href":"https:\/\/www.prismalife.com\/it\/wp-json\/wp\/v2\/pages\/10505\/revisions"}],"predecessor-version":[{"id":23398,"href":"https:\/\/www.prismalife.com\/it\/wp-json\/wp\/v2\/pages\/10505\/revisions\/23398"}],"wp:attachment":[{"href":"https:\/\/www.prismalife.com\/it\/wp-json\/wp\/v2\/media?parent=10505"}],"curies":[{"name":"wp","href":"https:\/\/api.w.org\/{rel}","templated":true}]}}