{"id":10938,"date":"2020-10-27T08:34:18","date_gmt":"2020-10-27T07:34:18","guid":{"rendered":"https:\/\/www.prismalife.com\/?page_id=10938"},"modified":"2020-10-27T16:08:09","modified_gmt":"2020-10-27T15:08:09","slug":"corona-it","status":"publish","type":"page","link":"https:\/\/www.prismalife.com\/it\/corona-it\/","title":{"rendered":"Corona IT"},"content":{"rendered":"<p><div class=\"fusion-fullwidth fullwidth-box fusion-builder-row-1 nonhundred-percent-fullwidth non-hundred-percent-height-scrolling\" style=\"--awb-border-radius-top-left:0px;--awb-border-radius-top-right:0px;--awb-border-radius-bottom-right:0px;--awb-border-radius-bottom-left:0px;--awb-flex-wrap:wrap;\" ><div class=\"fusion-builder-row fusion-row\"><div class=\"fusion-layout-column fusion_builder_column fusion-builder-column-0 fusion_builder_column_1_1 1_1 fusion-one-full fusion-column-first fusion-column-last\" style=\"--awb-bg-size:cover;\"><div class=\"fusion-column-wrapper fusion-column-has-shadow fusion-flex-column-wrapper-legacy\"><div class=\"fusion-title title fusion-title-1 fusion-sep-none fusion-title-text fusion-title-size-one\"><h1 class=\"fusion-title-heading title-heading-left fusion-responsive-typography-calculated\" style=\"margin:0;--fontSize:48.75;line-height:1.2;\">Informazioni alla clientela sull\u2019emergenza Coronavirus<\/h1><\/div><div class=\"fusion-clearfix\"><\/div><\/div><\/div><\/div><\/div><div class=\"fusion-fullwidth fullwidth-box fusion-builder-row-2 nonhundred-percent-fullwidth non-hundred-percent-height-scrolling\" style=\"--awb-border-radius-top-left:0px;--awb-border-radius-top-right:0px;--awb-border-radius-bottom-right:0px;--awb-border-radius-bottom-left:0px;--awb-flex-wrap:wrap;\" ><div class=\"fusion-builder-row fusion-row\"><div class=\"fusion-layout-column fusion_builder_column fusion-builder-column-1 fusion_builder_column_1_1 1_1 fusion-one-full fusion-column-first fusion-column-last\" style=\"--awb-bg-size:cover;\"><div class=\"fusion-column-wrapper fusion-column-has-shadow fusion-flex-column-wrapper-legacy\"><div class=\"fusion-text fusion-text-1\"><p>Sullo sfondo dell&#8217;emergenza Coronavirus, ci vengono costantemente chieste informazioni sulle opzioni disponibili in PrismaLife per quanto riguarda i Contratti assicurativi e di previdenza.<br \/>\nDi seguito riportiamo una breve panoramica:<\/p>\n<\/div><div class=\"fusion-text fusion-text-2\"><ul>\n<li class=\"listblack\"><strong>Disponibilit\u00e0 del servizio:<\/strong><br \/>\nFortunatamente, siamo in grado di mantenere pienamente il servizio a cui i nostri clienti sono abituati. Tutte le richieste o le domande verranno risposte risp. realizzate nel pi\u00f9 breve tempo possibile. Il nostro team di assistenza sar\u00e0 lieto di rispondere alle domande via e-mail: <a href=\"mailto:info@prismalife.com\">info@prismalife.com<\/a><\/li>\n<li class=\"listblack\"><strong>Sicurezza:<\/strong><br \/>\nI Contratti con elementi di garanzia sono garantiti dal cosiddetto pool di copertura di PrismaLife AG. Queste garanzie sono naturalmente ancora valide. Offriamo anche Fondi di garanzia e altri investimenti con un elevato grado di sicurezza.<\/li>\n<li class=\"listblack\"><strong>Capitale investito nelle Quote dei Fondi:<\/strong><br \/>\n\u00c8 consigliabile tenere d&#8217;occhio gli obiettivi a lungo termine della previdenza e dell&#8217;accrescimento del capitale. Chiunque ha investito in un Equity Mix globale in un qualsiasi periodo di 15 anni negli ultimi decenni ed ha semplicemente aspettato, non ha mai fatto una perdita. Anche se a volte ci sono stati movimenti significativi sui mercati dei capitali e ci\u00f2 potrebbe verificarsi anche in futuro.<br \/>\nPotete visualizzare in qualsiasi momento lo stato attuale del vostro Capitale investito nelle Quote dei Fondi nell&#8217;Area riservata &#8220;myPrismaLife&#8221;:<br \/>\n<a href=\"https:\/\/www.prismalife.com\/it\/myprismalife_it\/\">https:\/\/www.prismalife.com\/it\/myprismalife_it\/<\/a><\/li>\n<li class=\"listblack\"><strong>Pagamento dei Premi:<\/strong><br \/>\nI piani di risparmio a lungo termine si basano principalmente sul cosiddetto effetto Cost-average. Ci\u00f2 significa che, se i tassi di risparmio rimangono costanti in periodi di prezzi elevati vengono acquistate meno quote di Fondi e, di conseguenza, quando i prezzi sono pi\u00f9 bassi vengono acquistate pi\u00f9 quote di Fondi. Questi ultimi offrono poi anche il potenziale prezzo di corso pi\u00f9 elevato. Pertanto, con i vostri versamenti potrete approfittare dei vantaggi dei costi d&#8217;ingresso in caso di calo dei prezzi. Se desiderate sospendere i versamenti dei contributi di risparmio dovuti all&#8217;emergenza del Coronavirus, offriamo delle sospensioni per il versamento dei Premi.<br \/>\nLa sospensione dei Premi sono lo strumento pi\u00f9 flessibile rispetto alle rinunce al pagamento dei Premi: mantenete la copertura assicurativa e potete riprendere il versamento dei Premi in un secondo momento senza valutazione del rischio.<\/li>\n<li class=\"listblack\"><strong>Versamenti aggiuntivi:<\/strong><br \/>\nMolti dei nostri clienti hanno approfittato delle basse tariffe per i Premi unici o per i Versamenti aggiuntivi. Ma anche in tempi in cui i corsi si sono ripresi, i Versamenti aggiuntivi sono uno strumento interessante con il quale \u00e8 possibile migliorare sensibilmente la previdenza per la vecchiaia. In alcune tariffe beneficiate di un ulteriore vantaggio, perch\u00e9 queste ultime impongono costi ridotti sui Versamenti aggiuntivi.<\/li>\n<li class=\"listblack\"><strong>Flessibilit\u00e0:<\/strong><br \/>\nCon il vostro Contratto PrismaLife avete accesso a pi\u00f9 di 150 diversi Fondi, ETF e Strategie d&#8217;investimento. Se la situazione attuale dei mercati finanziari vi sembra troppo incerta, basta riallocare il Valore di Contratto in forme di investimento a bassa volatilit\u00e0, previa la consulenza del vostro broker. Nella maggior parte delle nostre tariffe questo \u00e8 possibile gratuitamente dodici volte all&#8217;anno. Troverete le opzioni d&#8217;investimento disponibili per la selezione nell&#8217;Area riservata &#8220;myPrismaLife\u201ce sul sito web<br \/>\n <a href=\"https:\/\/www.prismalife.com\/it\/fondi\/\">https:\/\/www.prismalife.com\/it\/fondi\/<\/a><\/li>\n<li class=\"listblack\"><strong>Sostenibilit\u00e0:<\/strong><br \/>\nMolti dei nostri clienti sono preoccupati, come noi, per la sostenibilit\u00e0 dei loro investimenti. Se state considerando un cambio nella vostra Strategia d&#8217;Investimento, troverete con noi delle alternative che tengono conto delle questioni ambientali, sociali e di buona governance aziendale.<\/li>\n<\/ul>\n<\/div><div class=\"fusion-clearfix\"><\/div><\/div><\/div><\/div><\/div><div class=\"fusion-fullwidth fullwidth-box fusion-builder-row-3 nonhundred-percent-fullwidth non-hundred-percent-height-scrolling\" style=\"--awb-border-radius-top-left:0px;--awb-border-radius-top-right:0px;--awb-border-radius-bottom-right:0px;--awb-border-radius-bottom-left:0px;--awb-flex-wrap:wrap;\" ><div class=\"fusion-builder-row fusion-row\"><div class=\"fusion-layout-column fusion_builder_column fusion-builder-column-2 fusion_builder_column_1_1 1_1 fusion-one-full fusion-column-first fusion-column-last\" style=\"--awb-bg-size:cover;\"><div class=\"fusion-column-wrapper fusion-column-has-shadow fusion-flex-column-wrapper-legacy\"><div class=\"fusion-text fusion-text-3\"><p>Per qualsiasi domanda su uno degli argomenti summenzionati, il vostro broker sar\u00e0 lieto di aiutarvi.<\/p>\n<\/div><div class=\"fusion-clearfix\"><\/div><\/div><\/div><\/div><\/div><\/p>","protected":false},"excerpt":{"rendered":"","protected":false},"author":7,"featured_media":0,"parent":0,"menu_order":0,"comment_status":"closed","ping_status":"closed","template":"","meta":{"footnotes":""},"class_list":["post-10938","page","type-page","status-publish","hentry"],"_links":{"self":[{"href":"https:\/\/www.prismalife.com\/it\/wp-json\/wp\/v2\/pages\/10938","targetHints":{"allow":["GET"]}}],"collection":[{"href":"https:\/\/www.prismalife.com\/it\/wp-json\/wp\/v2\/pages"}],"about":[{"href":"https:\/\/www.prismalife.com\/it\/wp-json\/wp\/v2\/types\/page"}],"author":[{"embeddable":true,"href":"https:\/\/www.prismalife.com\/it\/wp-json\/wp\/v2\/users\/7"}],"replies":[{"embeddable":true,"href":"https:\/\/www.prismalife.com\/it\/wp-json\/wp\/v2\/comments?post=10938"}],"version-history":[{"count":5,"href":"https:\/\/www.prismalife.com\/it\/wp-json\/wp\/v2\/pages\/10938\/revisions"}],"predecessor-version":[{"id":10970,"href":"https:\/\/www.prismalife.com\/it\/wp-json\/wp\/v2\/pages\/10938\/revisions\/10970"}],"wp:attachment":[{"href":"https:\/\/www.prismalife.com\/it\/wp-json\/wp\/v2\/media?parent=10938"}],"curies":[{"name":"wp","href":"https:\/\/api.w.org\/{rel}","templated":true}]}}