{"id":22606,"date":"2023-02-15T11:36:57","date_gmt":"2023-02-15T10:36:57","guid":{"rendered":"https:\/\/www.prismalife.com\/?page_id=22606"},"modified":"2025-10-10T22:50:24","modified_gmt":"2025-10-10T20:50:24","slug":"prismaflexinvestplus","status":"publish","type":"page","link":"https:\/\/www.prismalife.com\/it\/germania\/prismaflexinvestplus\/","title":{"rendered":"PrismaFlexInvestPlus"},"content":{"rendered":"<p><div class=\"fusion-fullwidth fullwidth-box fusion-builder-row-1 has-pattern-background has-mask-background header-mobile HideMyContent nonhundred-percent-fullwidth non-hundred-percent-height-scrolling\" style=\"--awb-border-radius-top-left:0px;--awb-border-radius-top-right:0px;--awb-border-radius-bottom-right:0px;--awb-border-radius-bottom-left:0px;--awb-flex-wrap:wrap;\" ><div class=\"fusion-builder-row fusion-row\"><div class=\"fusion-layout-column fusion_builder_column fusion-builder-column-0 fusion_builder_column_1_2 1_2 fusion-one-half fusion-column-first\" style=\"--awb-bg-blend:overlay;--awb-bg-size:cover;--awb-margin-bottom:30px;width:50%;width:calc(50% - ( ( 4% ) * 0.5 ) );margin-right: 4%;\"><div class=\"fusion-column-wrapper fusion-flex-column-wrapper-legacy\"><div class=\"fusion-title title fusion-title-1 fusion-sep-none fusion-title-text fusion-title-size-one\"><h1 class=\"fusion-title-heading title-heading-left fusion-responsive-typography-calculated\" style=\"margin:0;--fontSize:48.75;line-height:1.2;\"><strong>Prisma FlexInvestPlus<\/strong><\/h1><\/div><div class=\"fusion-image-element fusion-image-align-center in-legacy-container\" style=\"text-align:center;--awb-caption-title-font-family:var(--h2_typography-font-family);--awb-caption-title-font-weight:var(--h2_typography-font-weight);--awb-caption-title-font-style:var(--h2_typography-font-style);--awb-caption-title-size:var(--h2_typography-font-size);--awb-caption-title-transform:var(--h2_typography-text-transform);--awb-caption-title-line-height:var(--h2_typography-line-height);--awb-caption-title-letter-spacing:var(--h2_typography-letter-spacing);\"><div class=\"imageframe-align-center\"><span class=\" fusion-imageframe imageframe-none imageframe-1 hover-type-none\"><img decoding=\"async\" width=\"900\" height=\"600\" title=\"FlexInvest_Seite_900x600\" src=\"https:\/\/www.prismalife.com\/wp-content\/uploads\/2019\/04\/FlexInvest_Seite_900x600.jpg\" data-orig-src=\"https:\/\/www.prismalife.com\/wp-content\/uploads\/2019\/04\/FlexInvest_Seite_900x600.jpg\" alt class=\"lazyload img-responsive wp-image-2778\" srcset=\"data:image\/svg+xml,%3Csvg%20xmlns%3D%27http%3A%2F%2Fwww.w3.org%2F2000%2Fsvg%27%20width%3D%27900%27%20height%3D%27600%27%20viewBox%3D%270%200%20900%20600%27%3E%3Crect%20width%3D%27900%27%20height%3D%27600%27%20fill-opacity%3D%220%22%2F%3E%3C%2Fsvg%3E\" data-srcset=\"https:\/\/www.prismalife.com\/wp-content\/uploads\/2019\/04\/FlexInvest_Seite_900x600-200x133.jpg 200w, https:\/\/www.prismalife.com\/wp-content\/uploads\/2019\/04\/FlexInvest_Seite_900x600-400x267.jpg 400w, https:\/\/www.prismalife.com\/wp-content\/uploads\/2019\/04\/FlexInvest_Seite_900x600-600x400.jpg 600w, https:\/\/www.prismalife.com\/wp-content\/uploads\/2019\/04\/FlexInvest_Seite_900x600-800x533.jpg 800w, https:\/\/www.prismalife.com\/wp-content\/uploads\/2019\/04\/FlexInvest_Seite_900x600.jpg 900w\" data-sizes=\"auto\" data-orig-sizes=\"(max-width: 800px) 100vw, 800px\" \/><\/span><\/div><\/div><div class=\"fusion-clearfix\"><\/div><\/div><\/div><div class=\"fusion-layout-column fusion_builder_column fusion-builder-column-1 fusion_builder_column_1_2 1_2 fusion-one-half fusion-column-last\" style=\"--awb-bg-blend:overlay;--awb-bg-size:cover;width:50%;width:calc(50% - ( ( 4% ) * 0.5 ) );\"><div class=\"fusion-column-wrapper fusion-flex-column-wrapper-legacy\"><div class=\"fusion-text fusion-text-1\"><div id=\"flex-content\">\n<div class=\"img-content\"><img decoding=\"async\" class=\"lazyload pfeil\" src=\"data:image\/svg+xml,%3Csvg%20xmlns%3D%27http%3A%2F%2Fwww.w3.org%2F2000%2Fsvg%27%20width%3D%2714%27%20height%3D%2728%27%20viewBox%3D%270%200%2014%2028%27%3E%3Crect%20width%3D%2714%27%20height%3D%2728%27%20fill-opacity%3D%220%22%2F%3E%3C%2Fsvg%3E\" data-orig-src=\"https:\/\/www.prismalife.com\/wp-content\/uploads\/2019\/03\/pfeil-content.png\" alt=\"\" \/><\/div>\n<div class=\"text-content\">\n<p>Blicken Sie entspannt in Ihre finanzielle Zukunft. Prisma FlexInvest (DE) ist eine fondsgebundene Rentenversicherung f\u00fcr Ihre private Vorsorge. Sie passt sich Ihren individuellen Lebensumst\u00e4nden an und bietet Ihnen maximale Flexibilit\u00e4t in jeder Lebensphase. Profitieren Sie jetzt von den vielf\u00e4ltigen Anlagem\u00f6glichkeiten und sichern Sie Ihre Rente.<br \/>\nEinzahlungen sind als Einmalbeitrag oder als laufende Beitragszahlungen m\u00f6glich. Dar\u00fcber hinaus k\u00f6nnen Sie dynamische Anpassungen vereinbaren.<br \/>\nZusammen mit Ihrem Berater w\u00e4hlen Sie die zu Ihnen passenden Beitr\u00e4ge. Ihr Berater berechnet mit unserer Software Ihren pers\u00f6nlichen Versicherungsverlauf.<\/p>\n<\/div>\n<\/div>\n<\/div><div class=\"fusion-clearfix\"><\/div><\/div><\/div><\/div><\/div><div class=\"fusion-fullwidth fullwidth-box fusion-builder-row-2 header-desktop nonhundred-percent-fullwidth non-hundred-percent-height-scrolling\" style=\"--awb-border-radius-top-left:0px;--awb-border-radius-top-right:0px;--awb-border-radius-bottom-right:0px;--awb-border-radius-bottom-left:0px;--awb-flex-wrap:wrap;\" ><div class=\"fusion-builder-row fusion-row\"><div class=\"fusion-layout-column fusion_builder_column fusion-builder-column-2 fusion_builder_column_1_2 1_2 fusion-one-half fusion-column-first\" style=\"--awb-bg-blend:overlay;--awb-bg-size:cover;width:50%;width:calc(50% - ( ( 4% ) * 0.5 ) );margin-right: 4%;\"><div class=\"fusion-column-wrapper fusion-flex-column-wrapper-legacy\"><div class=\"fusion-title title fusion-title-2 fusion-sep-none fusion-title-text fusion-title-size-one\"><h1 class=\"fusion-title-heading title-heading-left fusion-responsive-typography-calculated\" style=\"margin:0;--fontSize:48.75;line-height:1.2;\"><strong>Prisma FlexInvestPlus<\/strong><\/h1><\/div><div class=\"fusion-title title fusion-title-3 fusion-sep-none fusion-title-text fusion-title-size-two\"><h2 class=\"fusion-title-heading title-heading-left fusion-responsive-typography-calculated\" style=\"margin:0;--fontSize:41.25;line-height:1.2;\">Informativa sulla sostenibilit\u00e0<\/h2><\/div><div class=\"fusion-clearfix\"><\/div><\/div><\/div><div class=\"fusion-layout-column fusion_builder_column fusion-builder-column-3 fusion_builder_column_1_2 1_2 fusion-one-half fusion-column-last\" style=\"--awb-bg-blend:overlay;--awb-bg-size:cover;width:50%;width:calc(50% - ( ( 4% ) * 0.5 ) );\"><div class=\"fusion-column-wrapper fusion-flex-column-wrapper-legacy\"><div class=\"fusion-image-element fusion-image-align-center in-legacy-container\" style=\"text-align:center;--awb-caption-title-font-family:var(--h2_typography-font-family);--awb-caption-title-font-weight:var(--h2_typography-font-weight);--awb-caption-title-font-style:var(--h2_typography-font-style);--awb-caption-title-size:var(--h2_typography-font-size);--awb-caption-title-transform:var(--h2_typography-text-transform);--awb-caption-title-line-height:var(--h2_typography-line-height);--awb-caption-title-letter-spacing:var(--h2_typography-letter-spacing);\"><div class=\"imageframe-align-center\"><span class=\" fusion-imageframe imageframe-none imageframe-2 hover-type-none\"><img decoding=\"async\" width=\"600\" height=\"348\" title=\"Happy mountain bike couple outdoors have fun together on a summer afternoon sunset\" src=\"https:\/\/www.prismalife.com\/wp-content\/uploads\/2022\/12\/FIPD_online.jpg\" data-orig-src=\"https:\/\/www.prismalife.com\/wp-content\/uploads\/2022\/12\/FIPD_online.jpg\" alt class=\"lazyload img-responsive wp-image-21694\" srcset=\"data:image\/svg+xml,%3Csvg%20xmlns%3D%27http%3A%2F%2Fwww.w3.org%2F2000%2Fsvg%27%20width%3D%27600%27%20height%3D%27348%27%20viewBox%3D%270%200%20600%20348%27%3E%3Crect%20width%3D%27600%27%20height%3D%27348%27%20fill-opacity%3D%220%22%2F%3E%3C%2Fsvg%3E\" data-srcset=\"https:\/\/www.prismalife.com\/wp-content\/uploads\/2022\/12\/FIPD_online-200x116.jpg 200w, https:\/\/www.prismalife.com\/wp-content\/uploads\/2022\/12\/FIPD_online-400x232.jpg 400w, https:\/\/www.prismalife.com\/wp-content\/uploads\/2022\/12\/FIPD_online.jpg 600w\" data-sizes=\"auto\" data-orig-sizes=\"(max-width: 800px) 100vw, 600px\" \/><\/span><\/div><\/div><div class=\"fusion-clearfix\"><\/div><\/div><\/div><\/div><\/div><div class=\"fusion-fullwidth fullwidth-box fusion-builder-row-3 nonhundred-percent-fullwidth non-hundred-percent-height-scrolling\" style=\"--awb-border-radius-top-left:0px;--awb-border-radius-top-right:0px;--awb-border-radius-bottom-right:0px;--awb-border-radius-bottom-left:0px;--awb-margin-top:40px;--awb-flex-wrap:wrap;\" ><div class=\"fusion-builder-row fusion-row\"><div class=\"fusion-layout-column fusion_builder_column fusion-builder-column-4 fusion_builder_column_1_1 1_1 fusion-one-full fusion-column-first fusion-column-last\" style=\"--awb-bg-blend:overlay;--awb-bg-size:cover;\"><div class=\"fusion-column-wrapper fusion-flex-column-wrapper-legacy\"><div class=\"fusion-title title fusion-title-4 fusion-sep-none fusion-title-text fusion-title-size-five\"><h5 class=\"fusion-title-heading title-heading-left fusion-responsive-typography-calculated\" style=\"margin:0;--fontSize:33.375;line-height:1.2;\">1. Sintesi<\/h5><\/div><div class=\"fusion-text fusion-text-2\"><p>Con questo prodotto sono promosse caratteristiche ecologiche o sociali, atteso che nella fase di accumulo sono selezionabili opzioni di investimento sostenibile. Anche nella fase di erogazione il patrimonio di protezione di PrismaLife AG promuove caratteristiche ecologiche e sociali (<a href=\"https:\/\/www.prismalife.com\/it\/informativa-sulla-sostenibilita\">link alle informazioni sulla sostenibilit\u00e0 relative al patrimonio di protezione<\/a>). Informazioni dettagliate sulle caratteristiche ecologiche o sociali dei fondi selezionabili e sul patrimonio di protezione sono accessibili tramite i link di download presenti nelle informazioni sui fondi.<\/p>\n<\/div><div class=\"fusion-title title fusion-title-5 fusion-sep-none fusion-title-text fusion-title-size-five\"><h5 class=\"fusion-title-heading title-heading-left fusion-responsive-typography-calculated\" style=\"margin:0;--fontSize:33.375;line-height:1.2;\">2. Nessun obiettivo di investimento sostenibile<\/h5><\/div><div class=\"fusion-text fusion-text-3\"><p>Con questo prodotto finanziario sono promosse caratteristiche ambientali o sociali, ma non sono perseguiti investimenti sostenibili.<\/p>\n<\/div><div class=\"fusion-title title fusion-title-6 fusion-sep-none fusion-title-text fusion-title-size-five\"><h5 class=\"fusion-title-heading title-heading-left fusion-responsive-typography-calculated\" style=\"margin:0;--fontSize:33.375;line-height:1.2;\">3. Caratteristiche ecologiche o sociali del prodotto finanziario<\/h5><\/div><div class=\"fusion-text fusion-text-4\"><p>Questo prodotto offre durante la fase di accumulo l&#8217;investimento gratuito dei fondi. La nostra gamma di fondi comprende fondi che perseguono investimenti sostenibili (UE SFDR Art. 9), fondi che promuovono caratteristiche ambientali o sociali (UE SFDR Art. 8) e fondi che non perseguono una strategia esplicita di sostenibilit\u00e0. La selezione attuale si trova nel documento &#8220;Informazioni sui fondi&#8221;.<br \/>\nNella fase di erogazione, i capitali vengono investiti nel patrimonio protezione di PrismaLife. Il patrimonio di protezione promuove caratteristiche ecologiche o sociali. I dettagli in merito sono disponibili sulla nostra homepage nelle Informazioni sulla sostenibilit\u00e0 relative al patrimonio di protezione e al patrimonio speciale di PrismaLife AG (<a href=\"https:\/\/www.prismalife.com\/it\/informativa-sulla-sostenibilita\">Link<\/a>).<br \/>\nInformazioni dettagliate sulle caratteristiche ambientali o sociali dei fondi selezionabili sono reperibili per i fondi ai sensi degli artt. 8 e 9 dell\u2019UE SFDR nelle informazioni ESG precontrattuali predisposte dalle rispettive societ\u00e0 di gestione del capitale. Per tutti gli altri fondi, le informazioni sulla gestione dei rischi di sostenibilit\u00e0 sono contenute nei prospetti informativi dei fondi stessi. Entrambi i documenti sono accessibili tramite i link per il download nelle <a href=\"https:\/\/www.prismalife.com\/it\/fondi\/fondi-n\/\">Informazioni relative ai Fondi<\/a>.<\/p>\n<\/div><div class=\"fusion-title title fusion-title-7 fusion-sep-none fusion-title-text fusion-title-size-five\"><h5 class=\"fusion-title-heading title-heading-left fusion-responsive-typography-calculated\" style=\"margin:0;--fontSize:33.375;line-height:1.2;\">4. Strategia di investimento<\/h5><\/div><div class=\"fusion-text fusion-text-5\"><p>Lei \u00e8 libero di determinare la Sua strategia d&#8217;investimento durante la fase di accumulo, scegliendo dalla nostra gamma di fondi quelli che pi\u00f9 Le aggradano. \u00c8 possibile scegliere tra fondi d&#8217;investimento che perseguono strategie d&#8217;investimento sostenibili e fondi che non includono aspetti di sostenibilit\u00e0 nella loro strategia d&#8217;investimento.<br \/>\nEsempi di criteri che i fondi possono includere nella loro decisione di investimento sono le seguenti tematiche:<\/p>\n<ul>\n<li>Ambiente: conservazione della fauna e della flora, protezione delle risorse naturali, dell&#8217;atmosfera e delle acque costiere, mitigazione del degrado del suolo e dei cambiamenti climatici, prevenzione da interventi negli ecosistemi e della perdita di biodiversit\u00e0.<\/li>\n<li>Sociale: diritti umani universali, divieto di lavoro minorile e forzato, obbligo di non discriminazione, salute e sicurezza sul lavoro, condizioni di lavoro eque e retribuzione adeguata.<\/li>\n<li>Buona governance aziendale: principi aziendali dell&#8217;International Corporate Governance Network, principi di anticorruzione.<\/li>\n<\/ul>\n<\/div><div class=\"fusion-title title fusion-title-8 fusion-sep-none fusion-title-text fusion-title-size-five\"><h5 class=\"fusion-title-heading title-heading-left fusion-responsive-typography-calculated\" style=\"margin:0;--fontSize:33.375;line-height:1.2;\">5. Allocazione degli investimenti<\/h5><\/div><div class=\"fusion-text fusion-text-6\"><p>L&#8217;allocazione degli investimenti \u00e8 legata alla Sua scelta dei fondi.<\/p>\n<\/div><div class=\"fusion-title title fusion-title-9 fusion-sep-none fusion-title-text fusion-title-size-five\"><h5 class=\"fusion-title-heading title-heading-left fusion-responsive-typography-calculated\" style=\"margin:0;--fontSize:33.375;line-height:1.2;\">6. Monitoraggio delle caratteristiche ambientali o sociali<\/h5><\/div><div class=\"fusion-text fusion-text-7\"><p>Monitoriamo costantemente la qualit\u00e0 della nostra gamma di fondi e rivediamo anche gli aspetti della sostenibilit\u00e0. A tal fine utilizziamo fornitori di dati esterni (attualmente Morningstar e MSCI ESG Research).<\/p>\n<\/div><div class=\"fusion-title title fusion-title-10 fusion-sep-none fusion-title-text fusion-title-size-five\"><h5 class=\"fusion-title-heading title-heading-left fusion-responsive-typography-calculated\" style=\"margin:0;--fontSize:33.375;line-height:1.2;\">7. Metodi di verifica delle caratteristiche ecologiche o sociali<\/h5><\/div><div class=\"fusion-text fusion-text-8\"><p>Le informazioni sulla sostenibilit\u00e0 dei fondi pubblicate dalle societ\u00e0 di gestione del capitale (KVG) nell&#8217;ambito del modello europeo ESG (EET) vengono vagliate dai nostri specialisti per verificarne la plausibilit\u00e0. In caso di riscontri si avvia un dialogo con le societ\u00e0 di gestione del capitale responsabili. Confrontiamo inoltre regolarmente le informazioni dell&#8217;EET con le valutazioni di fornitori di dati esterni e mettiamo a disposizione dei nostri clienti tutte le informazioni necessarie.<\/p>\n<\/div><div class=\"fusion-title title fusion-title-11 fusion-sep-none fusion-title-text fusion-title-size-five\"><h5 class=\"fusion-title-heading title-heading-left fusion-responsive-typography-calculated\" style=\"margin:0;--fontSize:33.375;line-height:1.2;\">8. Fonti ed elaborazione dei dati<\/h5><\/div><div class=\"fusion-text fusion-text-9\"><p>PrismaLife riceve i dati da fornitori esterni riconosciuti, specializzati in dati sui fondi e analisi di sostenibilit\u00e0 (attualmente Morningstar e MSCI ESG Research). I dati dei fondi sono integrati nei nostri sistemi e possono quindi essere messi a disposizione dei clienti su base aggiornata regolarmente.<\/p>\n<\/div><div class=\"fusion-title title fusion-title-12 fusion-sep-none fusion-title-text fusion-title-size-five\"><h5 class=\"fusion-title-heading title-heading-left fusion-responsive-typography-calculated\" style=\"margin:0;--fontSize:33.375;line-height:1.2;\">9. Limitazioni in termini di metodi e dati<\/h5><\/div><div class=\"fusion-text fusion-text-10\"><p>A causa degli intervalli di aggiornamento nei nostri sistemi, \u00e8 possibile che i dati non corrispondano allo stato attuale giornaliero. I dati aggiornati quotidianamente possono essere ottenuti tramite il Prisma FundFinder sulla nostra homepage.<\/p>\n<\/div><div class=\"fusion-title title fusion-title-13 fusion-sep-none fusion-title-text fusion-title-size-five\"><h5 class=\"fusion-title-heading title-heading-left fusion-responsive-typography-calculated\" style=\"margin:0;--fontSize:33.375;line-height:1.2;\">10. Due diligence<\/h5><\/div><div class=\"fusion-text fusion-text-11\"><p>PrismaLife prende in considerazione gli effetti negativi pi\u00f9 significativi delle decisioni di investimento sui fattori di sostenibilit\u00e0 nelle aree dell&#8217;ambiente, del sociale e dell&#8217;occupazione, del rispetto dei diritti umani e della lotta alla corruzione e alla concussione, al fine di mantenere la dovuta cautela negli investimenti del patrimonio di protezione. In ambito ambientale viene posta particolare attenzione alle emissioni di gas serra e nell&#8217;ambito del sociale e dell&#8217;occupazione alle violazioni dei principi dell&#8217;UNGC, cos\u00ec come al coinvolgimento in armi controverse. Questi argomenti sono ancorati ai criteri di esclusione definiti e vengono regolarmente monitorati.<br \/>\nIn questo modo si garantisce che non vengano effettuati investimenti in societ\u00e0 e\/o strumenti finanziari con impatti negativi particolarmente elevati sui fattori di sostenibilit\u00e0. Se viene accertato un aumento dell\u2019impatto in negativo sugli investimenti esistenti, si esamina se le posizioni interessate possono essere ridotte.<\/p>\n<\/div><div class=\"fusion-title title fusion-title-14 fusion-sep-none fusion-title-text fusion-title-size-five\"><h5 class=\"fusion-title-heading title-heading-left fusion-responsive-typography-calculated\" style=\"margin:0;--fontSize:33.375;line-height:1.2;\">11. Politica di partecipazione<\/h5><\/div><div class=\"fusion-text fusion-text-12\"><p>PrismaLife non detiene attualmente partecipazioni dirette e non pu\u00f2 quindi esercitare attivamente alcun diritto di voto nel senso di un impegno ESG. Inoltre, data l&#8217;esiguit\u00e0 del bacino di copertura, PrismaLife non ha praticamente alcuna opportunit\u00e0 di influenzare gli aspetti ESG esercitando attivamente i diritti di voto.<\/p>\n<\/div><div class=\"fusion-clearfix\"><\/div><\/div><\/div><\/div><\/div><div class=\"fusion-fullwidth fullwidth-box fusion-builder-row-4 has-pattern-background has-mask-background hideMyContent nonhundred-percent-fullwidth non-hundred-percent-height-scrolling\" style=\"--awb-border-radius-top-left:0px;--awb-border-radius-top-right:0px;--awb-border-radius-bottom-right:0px;--awb-border-radius-bottom-left:0px;--awb-margin-top:40px;--awb-flex-wrap:wrap;\" ><div class=\"fusion-builder-row fusion-row\"><div class=\"fusion-layout-column fusion_builder_column fusion-builder-column-5 fusion_builder_column_1_1 1_1 fusion-one-full fusion-column-first fusion-column-last\" style=\"--awb-bg-blend:overlay;--awb-bg-size:cover;\"><div class=\"fusion-column-wrapper fusion-flex-column-wrapper-legacy\"><div class=\"fusion-text fusion-text-13\"><h3 style=\"text-align: center;\">Weitere Informationen<\/h3>\n<\/div><div class=\"fusion-clearfix\"><\/div><\/div><\/div><\/div><\/div><div class=\"fusion-fullwidth fullwidth-box fusion-builder-row-5 has-pattern-background has-mask-background hideMyContent nonhundred-percent-fullwidth non-hundred-percent-height-scrolling fusion-equal-height-columns\" style=\"--awb-border-radius-top-left:0px;--awb-border-radius-top-right:0px;--awb-border-radius-bottom-right:0px;--awb-border-radius-bottom-left:0px;--awb-margin-bottom:50px;--awb-flex-wrap:wrap;\" ><div class=\"fusion-builder-row fusion-row\"><div class=\"fusion-layout-column fusion_builder_column fusion-builder-column-6 fusion_builder_column_1_2 1_2 fusion-one-half fusion-column-first\" style=\"--awb-padding-top:20px;--awb-padding-right:15px;--awb-padding-bottom:15px;--awb-padding-left:15px;--awb-bg-color:rgba(231,230,230,0.8);--awb-bg-color-hover:rgba(231,230,230,0.8);--awb-bg-blend:overlay;--awb-bg-size:cover;width:50%;width:calc(50% - ( ( 4% ) * 0.5 ) );margin-right: 4%;\"><div class=\"fusion-column-wrapper fusion-flex-column-wrapper-legacy\"><div class=\"fusion-text fusion-text-14\"><h4>Fondsinformationen<\/h4>\n<p style=\"padding-bottom: 50px;\">In unserer breit gef\u00e4cherten Fondspalette stehen Ihnen mehr als 100 Fonds zur Auswahl. Darunter ETFs, Aktienfonds, Rentenfonds, Geldmarktfonds, Themenfonds, Umwelt- und Nachhaltigkeitsfonds, Regionenfonds und verm\u00f6gensverwaltende Mischfonds.<\/p>\n<div class=\"teaser-pfeil-box\">\n<p style=\"color: #fff;\"><img decoding=\"async\" class=\"lazyload text-link-pfeil1\" src=\"data:image\/svg+xml,%3Csvg%20xmlns%3D%27http%3A%2F%2Fwww.w3.org%2F2000%2Fsvg%27%20width%3D%2758%27%20height%3D%2715%27%20viewBox%3D%270%200%2058%2015%27%3E%3Crect%20width%3D%2758%27%20height%3D%2715%27%20fill-opacity%3D%220%22%2F%3E%3C%2Fsvg%3E\" data-orig-src=\"https:\/\/www.prismalife.com\/wp-content\/uploads\/2019\/04\/arrow_link@2x.png\" alt=\"\" width=\"58\" height=\"15\" \/><a class=\"textlink-teaser-weiss\" href=\"https:\/\/www.prismalife.com\/fonds\/\">Fondsinformationen<\/a><\/p>\n<\/div>\n<\/div><div class=\"fusion-clearfix\"><\/div><\/div><\/div><div class=\"fusion-layout-column fusion_builder_column fusion-builder-column-7 fusion_builder_column_1_2 1_2 fusion-one-half fusion-column-last\" style=\"--awb-padding-top:20px;--awb-padding-right:15px;--awb-padding-bottom:0px;--awb-padding-left:15px;--awb-bg-color:rgba(0,140,132,0.1);--awb-bg-color-hover:rgba(0,140,132,0.1);--awb-bg-blend:overlay;--awb-bg-size:cover;width:50%;width:calc(50% - ( ( 4% ) * 0.5 ) );\"><div class=\"fusion-column-wrapper fusion-flex-column-wrapper-legacy\"><div class=\"fusion-text fusion-text-15\"><h6>Ben\u00f6tigen Sie Hilfe?<\/h6>\n<p>Bei der Suche eines Beraters in Ihrer N\u00e4he helfen wir Ihnen gerne.<\/p>\n<\/div><div class=\"fusion-aligncenter\"><a class=\"fusion-button button-flat button-xlarge button-custom fusion-button-default button-1 fusion-button-default-span fusion-button-default-type kontakt-button\" style=\"--button_accent_color:#008c84;--button_border_color:#008c84;--button_accent_hover_color:#008c84;--button_border_hover_color:#008c84;--button_border_width-top:1px;--button_border_width-right:1px;--button_border_width-bottom:1px;--button_border_width-left:1px;--button_gradient_top_color:#ffffff;--button_gradient_bottom_color:#ffffff;--button_gradient_top_color_hover:#ffffff;--button_gradient_bottom_color_hover:#ffffff;\" target=\"_self\" href=\"https:\/\/www.prismalife.com\/kontakt\/\"><span class=\"fusion-button-text awb-button__text awb-button__text--default\">Kontaktieren Sie uns<\/span><\/a><\/div><div class=\"fusion-clearfix\"><\/div><\/div><\/div><\/div><\/div><\/p>","protected":false},"excerpt":{"rendered":"","protected":false},"author":7,"featured_media":0,"parent":10538,"menu_order":0,"comment_status":"closed","ping_status":"closed","template":"100-width.php","meta":{"footnotes":""},"class_list":["post-22606","page","type-page","status-publish","hentry"],"_links":{"self":[{"href":"https:\/\/www.prismalife.com\/it\/wp-json\/wp\/v2\/pages\/22606","targetHints":{"allow":["GET"]}}],"collection":[{"href":"https:\/\/www.prismalife.com\/it\/wp-json\/wp\/v2\/pages"}],"about":[{"href":"https:\/\/www.prismalife.com\/it\/wp-json\/wp\/v2\/types\/page"}],"author":[{"embeddable":true,"href":"https:\/\/www.prismalife.com\/it\/wp-json\/wp\/v2\/users\/7"}],"replies":[{"embeddable":true,"href":"https:\/\/www.prismalife.com\/it\/wp-json\/wp\/v2\/comments?post=22606"}],"version-history":[{"count":4,"href":"https:\/\/www.prismalife.com\/it\/wp-json\/wp\/v2\/pages\/22606\/revisions"}],"predecessor-version":[{"id":27626,"href":"https:\/\/www.prismalife.com\/it\/wp-json\/wp\/v2\/pages\/22606\/revisions\/27626"}],"up":[{"embeddable":true,"href":"https:\/\/www.prismalife.com\/it\/wp-json\/wp\/v2\/pages\/10538"}],"wp:attachment":[{"href":"https:\/\/www.prismalife.com\/it\/wp-json\/wp\/v2\/media?parent=22606"}],"curies":[{"name":"wp","href":"https:\/\/api.w.org\/{rel}","templated":true}]}}