{"id":23381,"date":"2023-05-05T09:53:44","date_gmt":"2023-05-05T07:53:44","guid":{"rendered":"https:\/\/www.prismalife.com\/?page_id=23381"},"modified":"2023-05-05T09:53:44","modified_gmt":"2023-05-05T07:53:44","slug":"amundi020523","status":"publish","type":"page","link":"https:\/\/www.prismalife.com\/it\/amundi020523\/","title":{"rendered":"Amundi020523"},"content":{"rendered":"<p><div class=\"fusion-fullwidth fullwidth-box fusion-builder-row-1 nonhundred-percent-fullwidth non-hundred-percent-height-scrolling\" style=\"--awb-border-radius-top-left:0px;--awb-border-radius-top-right:0px;--awb-border-radius-bottom-right:0px;--awb-border-radius-bottom-left:0px;--awb-padding-right:10px;--awb-padding-left:10px;--awb-flex-wrap:wrap;\" ><div class=\"fusion-builder-row fusion-row\"><div class=\"fusion-layout-column fusion_builder_column fusion-builder-column-0 fusion_builder_column_1_1 1_1 fusion-one-full fusion-column-first fusion-column-last padding-content-datenschutz\" style=\"--awb-bg-size:cover;\"><div class=\"fusion-column-wrapper fusion-column-has-shadow fusion-flex-column-wrapper-legacy\"><div class=\"fusion-text fusion-text-1\"><p>02.05.2023<\/p>\n<\/div><div class=\"fusion-text fusion-text-2\"><h1>Anpassung Schutzmechanismus Amundi Funds &#8211; Protect 90 AE-C<\/h1>\n<\/div><div class=\"fusion-clearfix\"><\/div><\/div><\/div><div class=\"fusion-layout-column fusion_builder_column fusion-builder-column-1 fusion_builder_column_1_1 1_1 fusion-one-full fusion-column-first fusion-column-last padding-content-datenschutz\" style=\"--awb-bg-size:cover;\"><div class=\"fusion-column-wrapper fusion-flex-column-wrapper-legacy\"><div class=\"fusion-text fusion-text-3\"><div style=\"display: table-row;\">\n<div style=\"display: table-cell; width: 30px;\"><img decoding=\"async\" class=\"lazyload pfeil\" src=\"data:image\/svg+xml,%3Csvg%20xmlns%3D%27http%3A%2F%2Fwww.w3.org%2F2000%2Fsvg%27%20width%3D%2714%27%20height%3D%2728%27%20viewBox%3D%270%200%2014%2028%27%3E%3Crect%20width%3D%2714%27%20height%3D%2728%27%20fill-opacity%3D%220%22%2F%3E%3C%2Fsvg%3E\" data-orig-src=\"https:\/\/www.prismalife.com\/wp-content\/uploads\/2019\/03\/pfeil-content.png\" alt=\"\" \/><\/div>\n<div style=\"display: table-cell;\">\n<p>Der <a href=\"https:\/\/www.prismalife.com\/wp-content\/uploads\/2023\/05\/LU1433245245.pdf\">Amundi Funds &#8211; Protect 90 A2 EUR (C)<\/a> (WKN: A2ALY2 \/ ISIN: LU1433245245) bietet einen Schutzmechanismus. Dieser Schutzmechanismus gew\u00e4hrt den Anteilseignern einen Mindestr\u00fccknahmepreis von 90% des h\u00f6chsten seit 05. Juni 2020 beobachteten Anteilswerts des Fonds.<\/p>\n<p>Im Zusammenhang mit den wiederholt relativ schwierigen Marktbedingungen ist es sehr wahrscheinlich, dass der Fonds einen Wert erreichen wird, der nahe dieser Grenze liegt. Das f\u00fchrt dazu, dass der Anteil konservativer Anlagen im Fonds erh\u00f6ht werden muss, um das Potential f\u00fcr zuk\u00fcnftige Kursbewegungen zu begrenzen. Amundi ist daher der Meinung, dass es im besten Interesse der Anteilseigner ist, den aktuellen Schutzmechanismus anzupassen.<\/p>\n<p><strong>Ab dem 2. Mai 2023 wird das Schutzniveau j\u00e4hrlich angepasst und macht neu 90% des h\u00f6chsten beobachteten Anteilswerts aus, der seit dem letzten Gesch\u00e4ftstag des Vormonats April erreicht wurde.<\/strong><\/p>\n<p>Die Anlageziele des Amundi Funds &#8211; Protect 90 A2 EUR (C) werden entsprechend angepasst.<strong> Alle anderen Merkmale des Fonds bleiben unver\u00e4ndert.<\/strong><\/p>\n<p>Die offizielle Stellungnahme der Kapitalanlagegesellschaft k\u00f6nnen Sie der <a href=\"https:\/\/www.prismalife.com\/wp-content\/uploads\/2023\/05\/SHN-Amundi-Funds_14.03.2023_German.pdf\">Mitteilung an die Anteilseigner<\/a> ab Seite 7 entnehmen.<\/p>\n<\/div>\n<\/div>\n<\/div><div class=\"fusion-clearfix\"><\/div><\/div><\/div><\/div><\/div><div class=\"fusion-fullwidth fullwidth-box fusion-builder-row-2 nonhundred-percent-fullwidth non-hundred-percent-height-scrolling\" style=\"--awb-border-radius-top-left:0px;--awb-border-radius-top-right:0px;--awb-border-radius-bottom-right:0px;--awb-border-radius-bottom-left:0px;--awb-margin-bottom:50px;--awb-background-color:rgba(0,140,132,0.1);--awb-flex-wrap:wrap;\" ><div class=\"fusion-builder-row fusion-row\"><div class=\"fusion-layout-column fusion_builder_column fusion-builder-column-2 fusion_builder_column_1_1 1_1 fusion-one-full fusion-column-first fusion-column-last padding-content-datenschutz\" style=\"--awb-padding-top:40px;--awb-bg-size:cover;\"><div class=\"fusion-column-wrapper fusion-flex-column-wrapper-legacy\"><div class=\"accordian fusion-accordian\" style=\"--awb-border-size:0px;--awb-icon-size:30px;--awb-content-font-size:1.25em;--awb-icon-alignment:right;--awb-hover-color:#ffffff;--awb-border-color:#ffffff;--awb-background-color:#ffffff;--awb-divider-color:#e0dede;--awb-divider-hover-color:#e0dede;--awb-icon-color:rgba(0,140,132,0);--awb-title-color:#008c84;--awb-content-color:#020202;--awb-icon-box-color:#ffffff;--awb-toggle-hover-accent-color:#008c84;--awb-title-font-family:&quot;Source Sans Pro&quot;;--awb-title-font-weight:700;--awb-title-font-style:normal;--awb-title-font-size:0.8em;--awb-content-font-family:&quot;Source Serif Pro&quot;;--awb-content-font-style:normal;--awb-content-font-weight:300;\"><div class=\"panel-group fusion-toggle-icon-right fusion-toggle-icon-unboxed\" id=\"accordion-23381-1\"><div class=\"fusion-panel panel-default panel-282ba3e0cc3d395c5 fusion-toggle-no-divider\" style=\"--awb-title-color:#008c84;--awb-content-color:#020202;\"><div class=\"panel-heading\"><h4 class=\"panel-title toggle\" id=\"toggle_282ba3e0cc3d395c5\"><a aria-expanded=\"false\" aria-controls=\"282ba3e0cc3d395c5\" role=\"button\" data-toggle=\"collapse\" data-parent=\"#accordion-23381-1\" data-target=\"#282ba3e0cc3d395c5\" href=\"#282ba3e0cc3d395c5\"><span class=\"fusion-toggle-icon-wrapper\" aria-hidden=\"true\"><i class=\"fa-fusion-box active-icon awb-icon-minus\" aria-hidden=\"true\"><\/i><i class=\"fa-fusion-box inactive-icon awb-icon-plus\" aria-hidden=\"true\"><\/i><\/span><span class=\"fusion-toggle-heading\">Download Dokumente<\/span><\/a><\/h4><\/div><div id=\"282ba3e0cc3d395c5\" class=\"panel-collapse collapse \" aria-labelledby=\"toggle_282ba3e0cc3d395c5\"><div class=\"panel-body toggle-content fusion-clearfix\"><a href=\"https:\/\/www.prismalife.com\/wp-content\/uploads\/2023\/05\/SHN-Amundi-Funds_14.03.2023_German.pdf\" target=\"_blank\" rel=\"noopener noreferrer\"><img decoding=\"async\" class=\"lazyload text-link-pfeil1\" src=\"data:image\/svg+xml,%3Csvg%20xmlns%3D%27http%3A%2F%2Fwww.w3.org%2F2000%2Fsvg%27%20width%3D%2758%27%20height%3D%2715%27%20viewBox%3D%270%200%2058%2015%27%3E%3Crect%20width%3D%2758%27%20height%3D%2715%27%20fill-opacity%3D%220%22%2F%3E%3C%2Fsvg%3E\" data-orig-src=\"https:\/\/www.prismalife.com\/wp-content\/uploads\/2019\/04\/arrow_link@2x.png\" alt=\"\" width=\"58\" height=\"15\"> Mitteilung an die Anteilseigner (PDF)<\/a><br \/>\n<a href=\"https:\/\/www.prismalife.com\/wp-content\/uploads\/2023\/05\/LU1433245245.pdf\" target=\"_blank\" rel=\"noopener noreferrer\"><img decoding=\"async\" class=\"lazyload text-link-pfeil1\" src=\"data:image\/svg+xml,%3Csvg%20xmlns%3D%27http%3A%2F%2Fwww.w3.org%2F2000%2Fsvg%27%20width%3D%2758%27%20height%3D%2715%27%20viewBox%3D%270%200%2058%2015%27%3E%3Crect%20width%3D%2758%27%20height%3D%2715%27%20fill-opacity%3D%220%22%2F%3E%3C%2Fsvg%3E\" data-orig-src=\"https:\/\/www.prismalife.com\/wp-content\/uploads\/2019\/04\/arrow_link@2x.png\" alt=\"\" width=\"58\" height=\"15\"> Basisinformationsblatt Amundi Funds &#8211; Protect 90 A2 EUR (C) (PDF)<\/a><\/div><\/div><\/div><\/div><\/div><div class=\"fusion-clearfix\"><\/div><\/div><\/div><\/div><\/div><\/p>","protected":false},"excerpt":{"rendered":"","protected":false},"author":7,"featured_media":0,"parent":0,"menu_order":0,"comment_status":"closed","ping_status":"closed","template":"100-width.php","meta":{"footnotes":""},"class_list":["post-23381","page","type-page","status-publish","hentry"],"_links":{"self":[{"href":"https:\/\/www.prismalife.com\/it\/wp-json\/wp\/v2\/pages\/23381","targetHints":{"allow":["GET"]}}],"collection":[{"href":"https:\/\/www.prismalife.com\/it\/wp-json\/wp\/v2\/pages"}],"about":[{"href":"https:\/\/www.prismalife.com\/it\/wp-json\/wp\/v2\/types\/page"}],"author":[{"embeddable":true,"href":"https:\/\/www.prismalife.com\/it\/wp-json\/wp\/v2\/users\/7"}],"replies":[{"embeddable":true,"href":"https:\/\/www.prismalife.com\/it\/wp-json\/wp\/v2\/comments?post=23381"}],"version-history":[{"count":3,"href":"https:\/\/www.prismalife.com\/it\/wp-json\/wp\/v2\/pages\/23381\/revisions"}],"predecessor-version":[{"id":23394,"href":"https:\/\/www.prismalife.com\/it\/wp-json\/wp\/v2\/pages\/23381\/revisions\/23394"}],"wp:attachment":[{"href":"https:\/\/www.prismalife.com\/it\/wp-json\/wp\/v2\/media?parent=23381"}],"curies":[{"name":"wp","href":"https:\/\/api.w.org\/{rel}","templated":true}]}}