{"id":24777,"date":"2024-01-15T12:52:44","date_gmt":"2024-01-15T11:52:44","guid":{"rendered":"https:\/\/www.prismalife.com\/?page_id=24777"},"modified":"2024-01-15T12:57:26","modified_gmt":"2024-01-15T11:57:26","slug":"iamf020124","status":"publish","type":"page","link":"https:\/\/www.prismalife.com\/it\/iamf020124\/","title":{"rendered":"IAMF020124"},"content":{"rendered":"<p><div class=\"fusion-fullwidth fullwidth-box fusion-builder-row-1 nonhundred-percent-fullwidth non-hundred-percent-height-scrolling\" style=\"--awb-border-radius-top-left:0px;--awb-border-radius-top-right:0px;--awb-border-radius-bottom-right:0px;--awb-border-radius-bottom-left:0px;--awb-padding-right:10px;--awb-padding-left:10px;--awb-flex-wrap:wrap;\" ><div class=\"fusion-builder-row fusion-row\"><div class=\"fusion-layout-column fusion_builder_column fusion-builder-column-0 fusion_builder_column_1_1 1_1 fusion-one-full fusion-column-first fusion-column-last padding-content-datenschutz\" style=\"--awb-bg-size:cover;\"><div class=\"fusion-column-wrapper fusion-column-has-shadow fusion-flex-column-wrapper-legacy\"><div class=\"fusion-text fusion-text-1\"><p>02.01.2024<\/p>\n<\/div><div class=\"fusion-text fusion-text-2\"><h1>Aufl\u00f6sung des Fonds IAMF &#8211; Global Classic Flexibel<\/h1>\n<\/div><div class=\"fusion-clearfix\"><\/div><\/div><\/div><div class=\"fusion-layout-column fusion_builder_column fusion-builder-column-1 fusion_builder_column_1_1 1_1 fusion-one-full fusion-column-first fusion-column-last padding-content-datenschutz\" style=\"--awb-bg-size:cover;\"><div class=\"fusion-column-wrapper fusion-flex-column-wrapper-legacy\"><div class=\"fusion-text fusion-text-3\"><div style=\"display: table-row;\">\n<div style=\"display: table-cell; width: 30px;\"><img decoding=\"async\" class=\"lazyload pfeil\" src=\"data:image\/svg+xml,%3Csvg%20xmlns%3D%27http%3A%2F%2Fwww.w3.org%2F2000%2Fsvg%27%20width%3D%2714%27%20height%3D%2728%27%20viewBox%3D%270%200%2014%2028%27%3E%3Crect%20width%3D%2714%27%20height%3D%2728%27%20fill-opacity%3D%220%22%2F%3E%3C%2Fsvg%3E\" data-orig-src=\"https:\/\/www.prismalife.com\/wp-content\/uploads\/2019\/03\/pfeil-content.png\" alt=\"\" \/><\/div>\n<div style=\"display: table-cell;\">\n<p>Die Verwaltungsgesellschaft des Fonds <a href=\"https:\/\/www.prismalife.com\/wp-content\/uploads\/2024\/01\/KID_LU0331243252.pdf\">\u00abIAMF &#8211; Global Classic Flexibel\u00bb<\/a> (WKN A0M7RU \/ ISIN LU0331243252) hat entschieden diesen per 02.01.2024 mit dem Fonds <a href=\"https:\/\/www.prismalife.com\/wp-content\/uploads\/2024\/01\/KID_LU0275530011.pdf\">\u00abIAMF &#8211; Global Opportunity Flexibel\u00bb<\/a> (WKN A0MMMQ \/ ISIN LU0275530011) zu verschmelzen. Die Verschmelzung ist eine gesch\u00e4ftspolitische Entscheidung der Verwaltungsgesellschaft. Die Integration des \u00fcbertragenden Teilfonds in den \u00fcbernehmenden Teilfonds soll eine wirtschaftlich effizientere Verwaltung zu Gunsten der Anteilsinhaber erm\u00f6glichen.<\/p>\n<p>Detaillierte Informationen zur Fondsaufl\u00f6sung und eine \u00dcbersicht \u00fcber die wichtigsten Unterschiede und Gemeinsamkeiten der beiden Fonds finden Sie im <a href=\"https:\/\/www.prismalife.com\/wp-content\/uploads\/2024\/01\/Verschmelzung_Anschreiben_1741_Fund_Services_S.A.pdf\">Schreiben der Kapitalverwaltungsgesellschaft 1741 Fund Services S.A.<\/a><\/p>\n<p>F\u00fcr bereits in den Fonds \u00abIAMF &#8211; Global Classic Flexibel\u00bb investierte Kunden hat unser Verantwortlicher Aktuar im Einklang mit den vertraglichen Grundlagen entschieden die Anlagestrategie anzupassen und das Fondsverm\u00f6gen im Fonds \u00abIAMF &#8211; Global Classic Flexibel\u00bb in den Fonds \u00abIAMF &#8211; Global Opportunity Flexibel\u00bb umzuschichten.<\/p>\n<p>Wichtig f\u00fcr betroffene Kunden:<\/p>\n<ul>\n<li>Beide Fonds verfolgen \u00e4hnliche Anlageziele und haben ein vergleichbares Risikoprofil.<\/li>\n<li>Diese Anpassung ist f\u00fcr Kunden selbstverst\u00e4ndlich kostenlos.<\/li>\n<li>Kunden brauchen nichts zu unternehmen, wir nehmen alle erforderlichen Anpassungen vor.<\/li>\n<li>Kunden k\u00f6nnen jederzeit ihre Fondsauswahl \u00e4ndern. Hierf\u00fcr ist das entsprechende Formular im Kundenportal zu verwenden.<\/li>\n<\/ul>\n<\/div>\n<\/div>\n<\/div><div class=\"fusion-clearfix\"><\/div><\/div><\/div><\/div><\/div><div class=\"fusion-fullwidth fullwidth-box fusion-builder-row-2 nonhundred-percent-fullwidth non-hundred-percent-height-scrolling\" style=\"--awb-border-radius-top-left:0px;--awb-border-radius-top-right:0px;--awb-border-radius-bottom-right:0px;--awb-border-radius-bottom-left:0px;--awb-margin-bottom:50px;--awb-background-color:rgba(0,140,132,0.1);--awb-flex-wrap:wrap;\" ><div class=\"fusion-builder-row fusion-row\"><div class=\"fusion-layout-column fusion_builder_column fusion-builder-column-2 fusion_builder_column_1_1 1_1 fusion-one-full fusion-column-first fusion-column-last padding-content-datenschutz\" style=\"--awb-padding-top:40px;--awb-bg-size:cover;\"><div class=\"fusion-column-wrapper fusion-flex-column-wrapper-legacy\"><div class=\"accordian fusion-accordian\" style=\"--awb-border-size:0px;--awb-icon-size:30px;--awb-content-font-size:1.25em;--awb-icon-alignment:right;--awb-hover-color:#ffffff;--awb-border-color:#ffffff;--awb-background-color:#ffffff;--awb-divider-color:#e0dede;--awb-divider-hover-color:#e0dede;--awb-icon-color:rgba(0,140,132,0);--awb-title-color:#008c84;--awb-content-color:#020202;--awb-icon-box-color:#ffffff;--awb-toggle-hover-accent-color:#008c84;--awb-title-font-family:&quot;Source Sans Pro&quot;;--awb-title-font-weight:700;--awb-title-font-style:normal;--awb-title-font-size:0.8em;--awb-content-font-family:&quot;Source Serif Pro&quot;;--awb-content-font-style:normal;--awb-content-font-weight:300;\"><div class=\"panel-group fusion-toggle-icon-right fusion-toggle-icon-unboxed\" id=\"accordion-24777-1\"><div class=\"fusion-panel panel-default panel-2af64fdc6cfa1c3e9 fusion-toggle-no-divider\" style=\"--awb-title-color:#008c84;--awb-content-color:#020202;\"><div class=\"panel-heading\"><h4 class=\"panel-title toggle\" id=\"toggle_2af64fdc6cfa1c3e9\"><a aria-expanded=\"false\" aria-controls=\"2af64fdc6cfa1c3e9\" role=\"button\" data-toggle=\"collapse\" data-parent=\"#accordion-24777-1\" data-target=\"#2af64fdc6cfa1c3e9\" href=\"#2af64fdc6cfa1c3e9\"><span class=\"fusion-toggle-icon-wrapper\" aria-hidden=\"true\"><i class=\"fa-fusion-box active-icon awb-icon-minus\" aria-hidden=\"true\"><\/i><i class=\"fa-fusion-box inactive-icon awb-icon-plus\" aria-hidden=\"true\"><\/i><\/span><span class=\"fusion-toggle-heading\">Download Dokumente<\/span><\/a><\/h4><\/div><div id=\"2af64fdc6cfa1c3e9\" class=\"panel-collapse collapse \" aria-labelledby=\"toggle_2af64fdc6cfa1c3e9\"><div class=\"panel-body toggle-content fusion-clearfix\"><a href=\"https:\/\/www.prismalife.com\/wp-content\/uploads\/2024\/01\/Verschmelzung_Anschreiben_1741_Fund_Services_S.A.pdf\" target=\"_blank\" rel=\"noopener noreferrer\"><img decoding=\"async\" class=\"lazyload text-link-pfeil1\" src=\"data:image\/svg+xml,%3Csvg%20xmlns%3D%27http%3A%2F%2Fwww.w3.org%2F2000%2Fsvg%27%20width%3D%2758%27%20height%3D%2715%27%20viewBox%3D%270%200%2058%2015%27%3E%3Crect%20width%3D%2758%27%20height%3D%2715%27%20fill-opacity%3D%220%22%2F%3E%3C%2Fsvg%3E\" data-orig-src=\"https:\/\/www.prismalife.com\/wp-content\/uploads\/2019\/04\/arrow_link@2x.png\" alt=\"\" width=\"58\" height=\"15\"> Mitteilung an die Anteilseigner: IAMF &#8211; Global Classic Flexibel (PDF)<\/a><br \/>\n<a href=\"https:\/\/www.prismalife.com\/wp-content\/uploads\/2024\/01\/KID_LU0331243252.pdf\" target=\"_blank\" rel=\"noopener noreferrer\"><img decoding=\"async\" class=\"lazyload text-link-pfeil1\" src=\"data:image\/svg+xml,%3Csvg%20xmlns%3D%27http%3A%2F%2Fwww.w3.org%2F2000%2Fsvg%27%20width%3D%2758%27%20height%3D%2715%27%20viewBox%3D%270%200%2058%2015%27%3E%3Crect%20width%3D%2758%27%20height%3D%2715%27%20fill-opacity%3D%220%22%2F%3E%3C%2Fsvg%3E\" data-orig-src=\"https:\/\/www.prismalife.com\/wp-content\/uploads\/2019\/04\/arrow_link@2x.png\" alt=\"\" width=\"58\" height=\"15\"> Basisinformationsblatt IAMF &#8211; Global Classic Flexibel (PDF)<\/a><br \/>\n<a href=\"https:\/\/www.prismalife.com\/wp-content\/uploads\/2024\/01\/KID_LU0275530011.pdf\" target=\"_blank\" rel=\"noopener noreferrer\"><img decoding=\"async\" class=\"lazyload text-link-pfeil1\" src=\"data:image\/svg+xml,%3Csvg%20xmlns%3D%27http%3A%2F%2Fwww.w3.org%2F2000%2Fsvg%27%20width%3D%2758%27%20height%3D%2715%27%20viewBox%3D%270%200%2058%2015%27%3E%3Crect%20width%3D%2758%27%20height%3D%2715%27%20fill-opacity%3D%220%22%2F%3E%3C%2Fsvg%3E\" data-orig-src=\"https:\/\/www.prismalife.com\/wp-content\/uploads\/2019\/04\/arrow_link@2x.png\" alt=\"\" width=\"58\" height=\"15\"> Basisinformationsblatt IAMF &#8211; Global Opportunity Flexibel (PDF)<\/a><\/div><\/div><\/div><\/div><\/div><div class=\"fusion-clearfix\"><\/div><\/div><\/div><\/div><\/div><\/p>","protected":false},"excerpt":{"rendered":"","protected":false},"author":7,"featured_media":0,"parent":0,"menu_order":0,"comment_status":"closed","ping_status":"closed","template":"100-width.php","meta":{"footnotes":""},"class_list":["post-24777","page","type-page","status-publish","hentry"],"_links":{"self":[{"href":"https:\/\/www.prismalife.com\/it\/wp-json\/wp\/v2\/pages\/24777","targetHints":{"allow":["GET"]}}],"collection":[{"href":"https:\/\/www.prismalife.com\/it\/wp-json\/wp\/v2\/pages"}],"about":[{"href":"https:\/\/www.prismalife.com\/it\/wp-json\/wp\/v2\/types\/page"}],"author":[{"embeddable":true,"href":"https:\/\/www.prismalife.com\/it\/wp-json\/wp\/v2\/users\/7"}],"replies":[{"embeddable":true,"href":"https:\/\/www.prismalife.com\/it\/wp-json\/wp\/v2\/comments?post=24777"}],"version-history":[{"count":3,"href":"https:\/\/www.prismalife.com\/it\/wp-json\/wp\/v2\/pages\/24777\/revisions"}],"predecessor-version":[{"id":24795,"href":"https:\/\/www.prismalife.com\/it\/wp-json\/wp\/v2\/pages\/24777\/revisions\/24795"}],"wp:attachment":[{"href":"https:\/\/www.prismalife.com\/it\/wp-json\/wp\/v2\/media?parent=24777"}],"curies":[{"name":"wp","href":"https:\/\/api.w.org\/{rel}","templated":true}]}}