{"id":25402,"date":"2024-06-06T16:24:56","date_gmt":"2024-06-06T14:24:56","guid":{"rendered":"https:\/\/www.prismalife.com\/?page_id=25402"},"modified":"2024-06-06T16:24:56","modified_gmt":"2024-06-06T14:24:56","slug":"protect250424","status":"publish","type":"page","link":"https:\/\/www.prismalife.com\/it\/protect250424\/","title":{"rendered":"Protect250424"},"content":{"rendered":"<p><div class=\"fusion-fullwidth fullwidth-box fusion-builder-row-1 nonhundred-percent-fullwidth non-hundred-percent-height-scrolling\" style=\"--awb-border-radius-top-left:0px;--awb-border-radius-top-right:0px;--awb-border-radius-bottom-right:0px;--awb-border-radius-bottom-left:0px;--awb-padding-right:10px;--awb-padding-left:10px;--awb-flex-wrap:wrap;\" ><div class=\"fusion-builder-row fusion-row\"><div class=\"fusion-layout-column fusion_builder_column fusion-builder-column-0 fusion_builder_column_1_1 1_1 fusion-one-full fusion-column-first fusion-column-last padding-content-datenschutz\" style=\"--awb-bg-size:cover;\"><div class=\"fusion-column-wrapper fusion-column-has-shadow fusion-flex-column-wrapper-legacy\"><div class=\"fusion-text fusion-text-1\"><p>25.04.2024<\/p>\n<\/div><div class=\"fusion-text fusion-text-2\"><h1>Fondsschliessung des ALTINVESTAM Protect 90 Fund I<br \/>\nund \u00dcbertrag der Fondsanteile auf den Amundi Funds &#8211; Protect 90 A2 EUR (C)<\/h1>\n<\/div><div class=\"fusion-clearfix\"><\/div><\/div><\/div><div class=\"fusion-layout-column fusion_builder_column fusion-builder-column-1 fusion_builder_column_1_1 1_1 fusion-one-full fusion-column-first fusion-column-last padding-content-datenschutz\" style=\"--awb-bg-size:cover;\"><div class=\"fusion-column-wrapper fusion-flex-column-wrapper-legacy\"><div class=\"fusion-text fusion-text-3\"><div style=\"display: table-row;\">\n<div style=\"display: table-cell; width: 30px;\"><img decoding=\"async\" class=\"lazyload pfeil\" src=\"data:image\/svg+xml,%3Csvg%20xmlns%3D%27http%3A%2F%2Fwww.w3.org%2F2000%2Fsvg%27%20width%3D%2714%27%20height%3D%2728%27%20viewBox%3D%270%200%2014%2028%27%3E%3Crect%20width%3D%2714%27%20height%3D%2728%27%20fill-opacity%3D%220%22%2F%3E%3C%2Fsvg%3E\" data-orig-src=\"https:\/\/www.prismalife.com\/wp-content\/uploads\/2019\/03\/pfeil-content.png\" alt=\"\" \/><\/div>\n<div style=\"display: table-cell;\">\n<p>Der Fonds \u00abALTINVESTAM Protect 90 Fund I\u00bb (ISIN: LI0576234764) wurde am 25. April 2024 in Liquidation gesetzt und die Ausgabe und R\u00fccknahme von Anteilen wurde ausgesetzt.<\/p>\n<p>Die offizielle Information der Kapitalverwaltungsgesellschaft k\u00f6nnen Sie der <a href=\"https:\/\/www.prismalife.com\/wp-content\/uploads\/2024\/06\/ALTINVESTAM-Protect-90-Fund-Mitteilung-an-die-Anteilsinhaber-20240425.pdf\">Mitteilung an die Anteilsinhaber vom 25. April<\/a> entnehmen.<\/p>\n<p>Um dem Wunsch nach einem Anlagekonzept mit Wertsicherungskomponente weiterhin nachzukommen, hat unser Verantwortlicher Aktuar, f\u00fcr bereits in den \u00abALTINVESTAM Protect 90 Fund I\u00bb investierte Kunden im Einklang mit den vertraglichen Grundlagen entschieden, zun\u00e4chst die Anlagestrategie anzupassen und zuk\u00fcnftige Pr\u00e4mien anstelle des Fonds \u00abALTINVESTAM Protect 90 Fund I\u00bb in den Fonds <a href=\"https:\/\/www.prismalife.com\/wp-content\/uploads\/2024\/06\/LU1433245245_KID.pdf\">\u00abAmundi Funds &#8211; Protect 90 A2 EUR (C)\u00bb (ISIN LU1433245245)<\/a> zu investieren. K\u00fcnftige R\u00fcckfl\u00fcsse aus der Abwicklung des Fonds werden ebenfalls in den Fonds \u00abAmundi Funds &#8211; Protect 90 A2 EUR (C)\u00bb investiert. Bisher wurden von der Fondsgesellschaft knapp 90% des Fondswerts an die Anleger zur\u00fcckbezahlt. Details zu dieser Teilliquidationszahlung k\u00f6nnen Sie der <a href=\"https:\/\/www.prismalife.com\/wp-content\/uploads\/2024\/06\/ALTINVESTAM-Protect-Funds-Mitteilung-an-die-Anteilsinhaber_20240528.pdf\">Mitteilung an die Anteilsinhaber vom 28. Mai<\/a> entnehmen. Diese R\u00fcckzahlung haben wir in Ihrem Vertrag bereits in den Fonds \u00abAmundi Funds &#8211; Protect 90 A2 EUR (C)\u00bb investiert.<\/p>\n<p>Eine detaillierte Beschreibung der Anlagestrategie und des Wertsicherungskonzepts des neuen Fonds finden Sie im <a href=\"https:\/\/www.prismalife.com\/wp-content\/uploads\/2024\/06\/LU1433245245_Prospekt.pdf\">Verkaufsprospekt des Fonds \u00abAmundi Funds &#8211; Protect 90 A2 EUR (C)\u00bb<\/a>.<\/p>\n<p>Wichtig f\u00fcr betroffene Kunden:<\/p>\n<ul>\n<li>Beide Fonds verfolgen \u00e4hnliche Anlageziele und haben ein vergleichbares Risikoprofil.<\/li>\n<li>Diese Anpassung ist f\u00fcr Kunden selbstverst\u00e4ndlich kostenlos.<\/li>\n<li>Kunden brauchen nichts zu unternehmen, wir nehmen alle erforderlichen Anpassungen vor.<\/li>\n<li>Kunden k\u00f6nnen jederzeit ihre Fondsauswahl \u00e4ndern. Hierf\u00fcr ist das entsprechende Formular im Kundenportal zu verwenden.<\/li>\n<\/ul>\n<\/div>\n<\/div>\n<\/div><div class=\"fusion-clearfix\"><\/div><\/div><\/div><\/div><\/div><div class=\"fusion-fullwidth fullwidth-box fusion-builder-row-2 nonhundred-percent-fullwidth non-hundred-percent-height-scrolling\" style=\"--awb-border-radius-top-left:0px;--awb-border-radius-top-right:0px;--awb-border-radius-bottom-right:0px;--awb-border-radius-bottom-left:0px;--awb-margin-bottom:50px;--awb-background-color:rgba(0,140,132,0.1);--awb-flex-wrap:wrap;\" ><div class=\"fusion-builder-row fusion-row\"><div class=\"fusion-layout-column fusion_builder_column fusion-builder-column-2 fusion_builder_column_1_1 1_1 fusion-one-full fusion-column-first fusion-column-last padding-content-datenschutz\" style=\"--awb-padding-top:40px;--awb-bg-size:cover;\"><div class=\"fusion-column-wrapper fusion-flex-column-wrapper-legacy\"><div class=\"accordian fusion-accordian\" style=\"--awb-border-size:0px;--awb-icon-size:30px;--awb-content-font-size:1.25em;--awb-icon-alignment:right;--awb-hover-color:#ffffff;--awb-border-color:#ffffff;--awb-background-color:#ffffff;--awb-divider-color:#e0dede;--awb-divider-hover-color:#e0dede;--awb-icon-color:rgba(0,140,132,0);--awb-title-color:#008c84;--awb-content-color:#020202;--awb-icon-box-color:#ffffff;--awb-toggle-hover-accent-color:#008c84;--awb-title-font-family:&quot;Source Sans Pro&quot;;--awb-title-font-weight:700;--awb-title-font-style:normal;--awb-title-font-size:0.8em;--awb-content-font-family:&quot;Source Serif Pro&quot;;--awb-content-font-style:normal;--awb-content-font-weight:300;\"><div class=\"panel-group fusion-toggle-icon-right fusion-toggle-icon-unboxed\" id=\"accordion-25402-1\"><div class=\"fusion-panel panel-default panel-9d6c57cd89d38d7f2 fusion-toggle-no-divider\" style=\"--awb-title-color:#008c84;--awb-content-color:#020202;\"><div class=\"panel-heading\"><h4 class=\"panel-title toggle\" id=\"toggle_9d6c57cd89d38d7f2\"><a aria-expanded=\"false\" aria-controls=\"9d6c57cd89d38d7f2\" role=\"button\" data-toggle=\"collapse\" data-parent=\"#accordion-25402-1\" data-target=\"#9d6c57cd89d38d7f2\" href=\"#9d6c57cd89d38d7f2\"><span class=\"fusion-toggle-icon-wrapper\" aria-hidden=\"true\"><i class=\"fa-fusion-box active-icon awb-icon-minus\" aria-hidden=\"true\"><\/i><i class=\"fa-fusion-box inactive-icon awb-icon-plus\" aria-hidden=\"true\"><\/i><\/span><span class=\"fusion-toggle-heading\">Download Dokumente<\/span><\/a><\/h4><\/div><div id=\"9d6c57cd89d38d7f2\" class=\"panel-collapse collapse \" aria-labelledby=\"toggle_9d6c57cd89d38d7f2\"><div class=\"panel-body toggle-content fusion-clearfix\"><a href=\"https:\/\/www.prismalife.com\/wp-content\/uploads\/2024\/06\/ALTINVESTAM-Protect-90-Fund-Mitteilung-an-die-Anteilsinhaber-20240425.pdf\" target=\"_blank\" rel=\"noopener noreferrer\"><img decoding=\"async\" class=\"lazyload text-link-pfeil1\" src=\"data:image\/svg+xml,%3Csvg%20xmlns%3D%27http%3A%2F%2Fwww.w3.org%2F2000%2Fsvg%27%20width%3D%2758%27%20height%3D%2715%27%20viewBox%3D%270%200%2058%2015%27%3E%3Crect%20width%3D%2758%27%20height%3D%2715%27%20fill-opacity%3D%220%22%2F%3E%3C%2Fsvg%3E\" data-orig-src=\"https:\/\/www.prismalife.com\/wp-content\/uploads\/2019\/04\/arrow_link@2x.png\" alt=\"\" width=\"58\" height=\"15\" \/> Mitteilung an die Anteilsinhaber des ALTINVESTAM Protect 90 Fund I vom 25. April (PDF)<\/a><br \/>\n<a href=\"https:\/\/www.prismalife.com\/wp-content\/uploads\/2024\/06\/ALTINVESTAM-Protect-Funds-Mitteilung-an-die-Anteilsinhaber_20240528.pdf\" target=\"_blank\" rel=\"noopener noreferrer\"><img decoding=\"async\" class=\"lazyload text-link-pfeil1\" src=\"data:image\/svg+xml,%3Csvg%20xmlns%3D%27http%3A%2F%2Fwww.w3.org%2F2000%2Fsvg%27%20width%3D%2758%27%20height%3D%2715%27%20viewBox%3D%270%200%2058%2015%27%3E%3Crect%20width%3D%2758%27%20height%3D%2715%27%20fill-opacity%3D%220%22%2F%3E%3C%2Fsvg%3E\" data-orig-src=\"https:\/\/www.prismalife.com\/wp-content\/uploads\/2019\/04\/arrow_link@2x.png\" alt=\"\" width=\"58\" height=\"15\" \/> Mitteilung an die Anteilsinhaber des ALTINVESTAM Protect 90 Fund I vom 28. Mai (PDF)<\/a><br \/>\n<a href=\"https:\/\/www.prismalife.com\/wp-content\/uploads\/2024\/06\/LU1433245245_KID.pdf\" target=\"_blank\" rel=\"noopener noreferrer\"><img decoding=\"async\" class=\"lazyload text-link-pfeil1\" src=\"data:image\/svg+xml,%3Csvg%20xmlns%3D%27http%3A%2F%2Fwww.w3.org%2F2000%2Fsvg%27%20width%3D%2758%27%20height%3D%2715%27%20viewBox%3D%270%200%2058%2015%27%3E%3Crect%20width%3D%2758%27%20height%3D%2715%27%20fill-opacity%3D%220%22%2F%3E%3C%2Fsvg%3E\" data-orig-src=\"https:\/\/www.prismalife.com\/wp-content\/uploads\/2019\/04\/arrow_link@2x.png\" alt=\"\" width=\"58\" height=\"15\" \/> Basisinformationsblatt des Amundi Funds &#8211; Protect 90 A2 EUR (C) (PDF)<\/a><br \/>\n<a href=\"https:\/\/www.prismalife.com\/wp-content\/uploads\/2024\/06\/LU1433245245_Prospekt.pdf\" target=\"_blank\" rel=\"noopener noreferrer\"><img decoding=\"async\" class=\"lazyload text-link-pfeil1\" src=\"data:image\/svg+xml,%3Csvg%20xmlns%3D%27http%3A%2F%2Fwww.w3.org%2F2000%2Fsvg%27%20width%3D%2758%27%20height%3D%2715%27%20viewBox%3D%270%200%2058%2015%27%3E%3Crect%20width%3D%2758%27%20height%3D%2715%27%20fill-opacity%3D%220%22%2F%3E%3C%2Fsvg%3E\" data-orig-src=\"https:\/\/www.prismalife.com\/wp-content\/uploads\/2019\/04\/arrow_link@2x.png\" alt=\"\" width=\"58\" height=\"15\" \/> Verkaufsprospekt des Amundi Funds &#8211; Protect 90 A2 EUR (C) (PDF)<\/a><\/div><\/div><\/div><\/div><\/div><div class=\"fusion-clearfix\"><\/div><\/div><\/div><\/div><\/div><\/p>","protected":false},"excerpt":{"rendered":"","protected":false},"author":7,"featured_media":0,"parent":0,"menu_order":0,"comment_status":"closed","ping_status":"closed","template":"100-width.php","meta":{"footnotes":""},"class_list":["post-25402","page","type-page","status-publish","hentry"],"_links":{"self":[{"href":"https:\/\/www.prismalife.com\/it\/wp-json\/wp\/v2\/pages\/25402","targetHints":{"allow":["GET"]}}],"collection":[{"href":"https:\/\/www.prismalife.com\/it\/wp-json\/wp\/v2\/pages"}],"about":[{"href":"https:\/\/www.prismalife.com\/it\/wp-json\/wp\/v2\/types\/page"}],"author":[{"embeddable":true,"href":"https:\/\/www.prismalife.com\/it\/wp-json\/wp\/v2\/users\/7"}],"replies":[{"embeddable":true,"href":"https:\/\/www.prismalife.com\/it\/wp-json\/wp\/v2\/comments?post=25402"}],"version-history":[{"count":6,"href":"https:\/\/www.prismalife.com\/it\/wp-json\/wp\/v2\/pages\/25402\/revisions"}],"predecessor-version":[{"id":25447,"href":"https:\/\/www.prismalife.com\/it\/wp-json\/wp\/v2\/pages\/25402\/revisions\/25447"}],"wp:attachment":[{"href":"https:\/\/www.prismalife.com\/it\/wp-json\/wp\/v2\/media?parent=25402"}],"curies":[{"name":"wp","href":"https:\/\/api.w.org\/{rel}","templated":true}]}}