{"id":4324,"date":"2019-05-10T12:07:04","date_gmt":"2019-05-10T10:07:04","guid":{"rendered":"https:\/\/www.prismalife.com\/?page_id=4324"},"modified":"2019-05-10T12:07:04","modified_gmt":"2019-05-10T10:07:04","slug":"transparenz","status":"publish","type":"page","link":"https:\/\/www.prismalife.com\/it\/transparenz\/","title":{"rendered":"Transparenz"},"content":{"rendered":"<p><div class=\"fusion-fullwidth fullwidth-box fusion-builder-row-1 nonhundred-percent-fullwidth non-hundred-percent-height-scrolling\" style=\"--awb-border-radius-top-left:0px;--awb-border-radius-top-right:0px;--awb-border-radius-bottom-right:0px;--awb-border-radius-bottom-left:0px;--awb-flex-wrap:wrap;\" ><div class=\"fusion-builder-row fusion-row\"><div class=\"fusion-layout-column fusion_builder_column fusion-builder-column-0 fusion_builder_column_1_1 1_1 fusion-one-full fusion-column-first fusion-column-last\" style=\"--awb-bg-size:cover;\"><div class=\"fusion-column-wrapper fusion-flex-column-wrapper-legacy\"><div class=\"fusion-title title fusion-title-1 fusion-sep-none fusion-title-text fusion-title-size-one\" style=\"--awb-margin-top:20px;--awb-margin-bottom:0px;\"><h1 class=\"fusion-title-heading title-heading-left fusion-responsive-typography-calculated\" style=\"margin:0;--fontSize:48.75;line-height:1.2;\"><h1 style=\"text-align: center;\">Transparenz<\/h1><\/h1><\/div><div class=\"fusion-clearfix\"><\/div><\/div><\/div><\/div><\/div><div class=\"fusion-fullwidth fullwidth-box fusion-builder-row-2 nonhundred-percent-fullwidth non-hundred-percent-height-scrolling\" style=\"--awb-border-radius-top-left:0px;--awb-border-radius-top-right:0px;--awb-border-radius-bottom-right:0px;--awb-border-radius-bottom-left:0px;--awb-margin-top:50px;--awb-margin-bottom:50px;--awb-flex-wrap:wrap;\" ><div class=\"fusion-builder-row fusion-row\"><div class=\"fusion-layout-column fusion_builder_column fusion-builder-column-1 fusion_builder_column_1_1 1_1 fusion-one-full fusion-column-first fusion-column-last\" style=\"--awb-bg-size:cover;\"><div class=\"fusion-column-wrapper fusion-flex-column-wrapper-legacy\"><div class=\"fusion-title title fusion-title-2 fusion-sep-none fusion-title-text fusion-title-size-three\"><h3 class=\"fusion-title-heading title-heading-left fusion-responsive-typography-calculated\" style=\"margin:0;--fontSize:41.25;line-height:1.2;\"><h3 style=\"text-align: center;\">Wertvolle Beratung \u2013 flexible Verg\u00fctung<\/h3><\/h3><\/div><div class=\"fusion-text fusion-text-1\"><p align=\"center\">Die PrismaLife ist ein Pionier bei Nettotarifen. Das sind Versicherungstarife, in denen keine Abschlussprovisionen f\u00fcr Vermittler enthalten sind. Seit 2008 bietet PrismaLife diese M\u00f6glichkeit an, bei der Kunde und Vermittler eine individuelle Verg\u00fctung der Beratungsleistung vereinbaren.<\/p>\n<p align=\"center\">Anders als in vielen anderen L\u00e4ndern sind Nettotarife im deutschen Markt noch nicht sehr verbreitet, obwohl sie auch von Verbrauchersch\u00fctzern immer wieder empfohlen werden. Die PrismaLife bietet daher zus\u00e4tzlich traditionelle Bruttotarife mit eingebauten Provisionen an. Die im Marktvergleich eher niedrige Abschlussprovision der PrismaLife an die Vermittler wird kompensiert \u00fcber eine etwas h\u00f6here, \u00fcber die gesamte Vertragslaufzeit ratierlich gezahlte Betreuungsprovision. Damit sichert die PrismaLife ihren Kunden zus\u00e4tzlich eine gleichbleibend gute Beratungsqualit\u00e4t.<\/p>\n<p align=\"center\">Die moderne Angebotssoftware der PrismaLife bietet Kunden und Vermittlern flexible M\u00f6glichkeiten zur Verg\u00fctung des Beraters. Das vereinbaren Kunden und Vermittler untereinander. F\u00fcr Kunden, die das Vermittlerhonorar lieber \u00fcber die laufenden Pr\u00e4mien bezahlen m\u00f6chten, kann der Vermittler die Vertr\u00e4ge entsprechend mit Abschlussprovision einrichten. Entscheidet sich der Kunde f\u00fcr eine separate Verg\u00fctungsvereinbarung mit dem Vermittler, wird ein getrennter Beratungsvertrag aufgesetzt und ein reiner Nettotarif abgeschlossen.<\/p>\n<\/div><div class=\"fusion-clearfix\"><\/div><\/div><\/div><\/div><\/div><div class=\"fusion-fullwidth fullwidth-box fusion-builder-row-3 nonhundred-percent-fullwidth non-hundred-percent-height-scrolling\" style=\"--awb-border-radius-top-left:0px;--awb-border-radius-top-right:0px;--awb-border-radius-bottom-right:0px;--awb-border-radius-bottom-left:0px;--awb-margin-top:50px;--awb-margin-bottom:50px;--awb-flex-wrap:wrap;\" ><div class=\"fusion-builder-row fusion-row\"><div class=\"fusion-layout-column fusion_builder_column fusion-builder-column-2 fusion_builder_column_1_1 1_1 fusion-one-full fusion-column-first fusion-column-last\" style=\"--awb-bg-size:cover;\"><div class=\"fusion-column-wrapper fusion-flex-column-wrapper-legacy\"><div class=\"fusion-title title fusion-title-3 fusion-sep-none fusion-title-text fusion-title-size-three\"><h3 class=\"fusion-title-heading title-heading-left fusion-responsive-typography-calculated\" style=\"margin:0;--fontSize:41.25;line-height:1.2;\"><h3 style=\"text-align: center;\">Transparenz f\u00fcr den Kunden<\/h3><\/h3><\/div><div class=\"fusion-text fusion-text-2\"><p align=\"center\">Egal f\u00fcr welche Variante Berater und Kunden sich entscheiden: Der Kunde kann immer klar erkennen, welche Kosten er tr\u00e4gt. Alle vertraglichen Kosten aus der Versicherung werden in den ausgeh\u00e4ndigten Informationen zum Vertrag ausgewiesen. Wird eine separate Verg\u00fctungsvereinbarung geschlossen, ergeben sich die Beratungshonorare aus diesem Vertrag.<\/p>\n<\/div><div class=\"fusion-clearfix\"><\/div><\/div><\/div><\/div><\/div><div class=\"fusion-fullwidth fullwidth-box fusion-builder-row-4 nonhundred-percent-fullwidth non-hundred-percent-height-scrolling\" style=\"--awb-border-radius-top-left:0px;--awb-border-radius-top-right:0px;--awb-border-radius-bottom-right:0px;--awb-border-radius-bottom-left:0px;--awb-padding-top:30px;--awb-padding-bottom:30px;--awb-margin-top:50px;--awb-margin-bottom:50px;--awb-background-color:rgba(0,140,132,0.1);--awb-flex-wrap:wrap;\" ><div class=\"fusion-builder-row fusion-row\"><div class=\"fusion-layout-column fusion_builder_column fusion-builder-column-3 fusion_builder_column_1_4 1_4 fusion-one-fourth fusion-column-first\" style=\"--awb-bg-size:cover;width:25%;width:calc(25% - ( ( 4% ) * 0.25 ) );margin-right: 4%;\"><div class=\"fusion-column-wrapper fusion-flex-column-wrapper-legacy\"><div class=\"fusion-image-element in-legacy-container\" style=\"--awb-caption-title-font-family:var(--h2_typography-font-family);--awb-caption-title-font-weight:var(--h2_typography-font-weight);--awb-caption-title-font-style:var(--h2_typography-font-style);--awb-caption-title-size:var(--h2_typography-font-size);--awb-caption-title-transform:var(--h2_typography-text-transform);--awb-caption-title-line-height:var(--h2_typography-line-height);--awb-caption-title-letter-spacing:var(--h2_typography-letter-spacing);\"><span class=\" fusion-imageframe imageframe-none imageframe-1 hover-type-none\"><img decoding=\"async\" width=\"692\" height=\"692\" title=\"CSP_02202019_prisma_life_087@2x\" src=\"https:\/\/www.prismalife.com\/wp-content\/uploads\/2019\/05\/CSP_02202019_prisma_life_087@2x.png\" data-orig-src=\"https:\/\/www.prismalife.com\/wp-content\/uploads\/2019\/05\/CSP_02202019_prisma_life_087@2x.png\" alt class=\"lazyload img-responsive wp-image-4230\" srcset=\"data:image\/svg+xml,%3Csvg%20xmlns%3D%27http%3A%2F%2Fwww.w3.org%2F2000%2Fsvg%27%20width%3D%27692%27%20height%3D%27692%27%20viewBox%3D%270%200%20692%20692%27%3E%3Crect%20width%3D%27692%27%20height%3D%27692%27%20fill-opacity%3D%220%22%2F%3E%3C%2Fsvg%3E\" data-srcset=\"https:\/\/www.prismalife.com\/wp-content\/uploads\/2019\/05\/CSP_02202019_prisma_life_087@2x-200x200.png 200w, https:\/\/www.prismalife.com\/wp-content\/uploads\/2019\/05\/CSP_02202019_prisma_life_087@2x-400x400.png 400w, https:\/\/www.prismalife.com\/wp-content\/uploads\/2019\/05\/CSP_02202019_prisma_life_087@2x-600x600.png 600w, https:\/\/www.prismalife.com\/wp-content\/uploads\/2019\/05\/CSP_02202019_prisma_life_087@2x.png 692w\" data-sizes=\"auto\" data-orig-sizes=\"(max-width: 800px) 100vw, 400px\" \/><\/span><\/div><div class=\"fusion-clearfix\"><\/div><\/div><\/div><div class=\"fusion-layout-column fusion_builder_column fusion-builder-column-4 fusion_builder_column_3_4 3_4 fusion-three-fourth fusion-column-last\" style=\"--awb-bg-size:cover;width:75%;width:calc(75% - ( ( 4% ) * 0.75 ) );\"><div class=\"fusion-column-wrapper fusion-flex-column-wrapper-legacy\"><div class=\"fusion-text fusion-text-3\"><p><strong>Holger Beitz, CEO PrismaLife:<\/strong><br \/>\n\u201eUnsere Produkte eignen sich f\u00fcr verschiedene Beratungs- und Verg\u00fctungsformen. Vom Honorarberater bis zum klassischen Vermittler sind flexible Tarife verf\u00fcgbar. Der Verbraucher entscheidet selbst, welches Beratungs- und Verg\u00fctungsmodell er bevorzugt. Zudem sind alle Beratungskosten klar erkennbar, weil Vermittler, die gegen Honorar arbeiten, daf\u00fcr einen von unseren Produkten unabh\u00e4ngigen Vertrag mit ihrem Kunden abschlie\u00dfen.\u201c<\/p>\n<\/div><div class=\"fusion-clearfix\"><\/div><\/div><\/div><\/div><\/div><div class=\"fusion-fullwidth fullwidth-box fusion-builder-row-5 nonhundred-percent-fullwidth non-hundred-percent-height-scrolling\" style=\"--awb-border-radius-top-left:0px;--awb-border-radius-top-right:0px;--awb-border-radius-bottom-right:0px;--awb-border-radius-bottom-left:0px;--awb-flex-wrap:wrap;\" ><div class=\"fusion-builder-row fusion-row\"><div class=\"fusion-layout-column fusion_builder_column fusion-builder-column-5 fusion_builder_column_1_1 1_1 fusion-one-full fusion-column-first fusion-column-last\" style=\"--awb-bg-size:cover;\"><div class=\"fusion-column-wrapper fusion-flex-column-wrapper-legacy\"><div class=\"fusion-title title fusion-title-4 fusion-sep-none fusion-title-text fusion-title-size-three\"><h3 class=\"fusion-title-heading title-heading-left fusion-responsive-typography-calculated\" style=\"margin:0;--fontSize:41.25;line-height:1.2;\"><h3>Kostenfreie Zuzahlungen und Dynamik<\/h3><\/h3><\/div><div class=\"fusion-text fusion-text-4\"><p align=\"justify\">Eine Besonderheit der PrismaLife-Nettotarife sind kostenfreie Zuzahlungen und Dynamikanpassungen. Anders als \u00fcblich fallen f\u00fcr erh\u00f6hte Sparleistungen keine zus\u00e4tzlichen Beratungskosten an. Damit sinkt der Anteil der Vermittlerverg\u00fctung deutlich. Bei voller Inanspruchnahme der flexiblen Zuzahlungen und Dynamik kann dies die Kosten halbieren.<\/p>\n<\/div><div class=\"fusion-clearfix\"><\/div><\/div><\/div><\/div><\/div><div class=\"fusion-fullwidth fullwidth-box fusion-builder-row-6 nonhundred-percent-fullwidth non-hundred-percent-height-scrolling\" style=\"--awb-border-radius-top-left:0px;--awb-border-radius-top-right:0px;--awb-border-radius-bottom-right:0px;--awb-border-radius-bottom-left:0px;--awb-flex-wrap:wrap;\" ><div class=\"fusion-builder-row fusion-row\"><div class=\"fusion-layout-column fusion_builder_column fusion-builder-column-6 fusion_builder_column_1_1 1_1 fusion-one-full fusion-column-first fusion-column-last\" style=\"--awb-bg-size:cover;\"><div class=\"fusion-column-wrapper fusion-flex-column-wrapper-legacy\"><div class=\"fusion-text fusion-text-5\"><p>Wenn Sie Fragen zu unseren Tarifen oder zur Verg\u00fctung haben, beraten wir Sie gerne:<\/p>\n<\/div><div class=\"fusion-builder-row fusion-builder-row-inner fusion-row\"><div class=\"fusion-layout-column fusion_builder_column_inner fusion-builder-nested-column-0 fusion_builder_column_inner_1_2 1_2 fusion-one-half fusion-column-first\" style=\"--awb-bg-size:cover;--awb-margin-top:20px;width:50%;width:calc(50% - ( ( 4% ) * 0.5 ) );margin-right: 4%;\"><div class=\"fusion-column-wrapper fusion-flex-column-wrapper-legacy\"><div class=\"fusion-text fusion-text-6\"><p><strong>PrismaLife Kundenservice<\/strong><\/p>\n<p><a href=\"mailto:kundenservice@prismalife.com\">kundenservice@prismalife.com<\/a><br \/>\nTelefon<a href=\"tel:004232370000\"> 00 423 237 00 00<\/a><br \/>\nTelefon<a href=\"tel:08002370100\"> 0800 237 0100<\/a> *<\/p>\n<p style=\"font-size: 0.6em;\">* kostenfrei aus dem deutschen Fest- und Mobilnetz<\/p>\n<\/div><div class=\"fusion-clearfix\"><\/div><\/div><\/div><div class=\"fusion-layout-column fusion_builder_column_inner fusion-builder-nested-column-1 fusion_builder_column_inner_1_2 1_2 fusion-one-half fusion-column-last\" style=\"--awb-bg-size:cover;--awb-margin-top:20px;width:50%;width:calc(50% - ( ( 4% ) * 0.5 ) );\"><div class=\"fusion-column-wrapper fusion-flex-column-wrapper-legacy\"><div class=\"fusion-text fusion-text-7\"><p><strong>PrismaLife Vertriebsservice<\/strong><\/p>\n<p><a href=\"mailto:vertrieb@prismalife.com\">vertrieb@prismalife.com<\/a><br \/>\nTelefon<a href=\"tel:004232370500\"> 00 423 237 05 00<\/a><br \/>\nTelefon<a href=\"tel:08002370500\"> 0800 237 0500<\/a> *<\/p>\n<p style=\"font-size: 0.6em;\">* kostenfrei aus dem deutschen Fest- und Mobilnetz<\/p>\n<\/div><div class=\"fusion-clearfix\"><\/div><\/div><\/div><\/div><div class=\"fusion-clearfix\"><\/div><\/div><\/div><\/div><\/div><\/p>","protected":false},"excerpt":{"rendered":"","protected":false},"author":1,"featured_media":0,"parent":0,"menu_order":0,"comment_status":"closed","ping_status":"closed","template":"100-width.php","meta":{"footnotes":""},"class_list":["post-4324","page","type-page","status-publish","hentry"],"_links":{"self":[{"href":"https:\/\/www.prismalife.com\/it\/wp-json\/wp\/v2\/pages\/4324","targetHints":{"allow":["GET"]}}],"collection":[{"href":"https:\/\/www.prismalife.com\/it\/wp-json\/wp\/v2\/pages"}],"about":[{"href":"https:\/\/www.prismalife.com\/it\/wp-json\/wp\/v2\/types\/page"}],"author":[{"embeddable":true,"href":"https:\/\/www.prismalife.com\/it\/wp-json\/wp\/v2\/users\/1"}],"replies":[{"embeddable":true,"href":"https:\/\/www.prismalife.com\/it\/wp-json\/wp\/v2\/comments?post=4324"}],"version-history":[{"count":0,"href":"https:\/\/www.prismalife.com\/it\/wp-json\/wp\/v2\/pages\/4324\/revisions"}],"wp:attachment":[{"href":"https:\/\/www.prismalife.com\/it\/wp-json\/wp\/v2\/media?parent=4324"}],"curies":[{"name":"wp","href":"https:\/\/api.w.org\/{rel}","templated":true}]}}