{"id":10270,"date":"2020-10-07T10:15:46","date_gmt":"2020-10-07T08:15:46","guid":{"rendered":"https:\/\/www.prismalife.com\/?page_id=10270"},"modified":"2023-02-06T15:46:27","modified_gmt":"2023-02-06T14:46:27","slug":"aktuelle-zinssaetze","status":"publish","type":"page","link":"https:\/\/www.prismalife.com\/nl\/fonds\/fonds-a\/aktuelle-zinssaetze\/","title":{"rendered":"Aktuelle Zinssaetze (A)"},"content":{"rendered":"<div class=\"fusion-fullwidth fullwidth-box fusion-builder-row-1 nonhundred-percent-fullwidth non-hundred-percent-height-scrolling\" style=\"--awb-border-radius-top-left:0px;--awb-border-radius-top-right:0px;--awb-border-radius-bottom-right:0px;--awb-border-radius-bottom-left:0px;--awb-padding-right:180px;--awb-padding-left:10px;--awb-flex-wrap:wrap;\" ><div class=\"fusion-builder-row fusion-row\"><div class=\"fusion-layout-column fusion_builder_column fusion-builder-column-0 fusion_builder_column_1_1 1_1 fusion-one-full fusion-column-first fusion-column-last padding-content-datenschutz\" style=\"--awb-bg-size:cover;\"><div class=\"fusion-column-wrapper fusion-column-has-shadow fusion-flex-column-wrapper-legacy\"><div class=\"fusion-text fusion-text-1\"><h1>Aktuelle Zinss\u00e4tze<\/h1>\n<\/div><div class=\"fusion-clearfix\"><\/div><\/div><\/div><div class=\"fusion-layout-column fusion_builder_column fusion-builder-column-1 fusion_builder_column_1_1 1_1 fusion-one-full fusion-column-first fusion-column-last padding-content-datenschutz\" style=\"--awb-bg-size:cover;\"><div class=\"fusion-column-wrapper fusion-flex-column-wrapper-legacy\"><div class=\"fusion-text fusion-text-2\"><p>Nachfolgend finden PrismaLife-Kunden eine \u00dcbersicht \u00fcber die aktuellen Zinss\u00e4tze f\u00fcr bestehende Vertr\u00e4ge.<\/p>\n<\/div>\n<div class=\"table-1\">\n<table>\n<thead>\n<tr>\n<th>Strategie<\/th>\n<th>Aktueller Performancesatz p.a.<\/th>\n<th>zzgl. Zuf\u00fchrung in den Treuebonus<\/th>\n<\/tr>\n<\/thead>\n<tbody>\n<tr>\n<td>Sicherungsverm\u00f6gen PrismaRentSecure<\/td>\n<td>2.25%<\/td>\n<td>0.00%<\/td>\n<\/tr>\n<tr>\n<td>Sicherungsverm\u00f6gen PrismaSkyTrust<\/td>\n<td>2.25%<\/td>\n<td>0.00%<\/td>\n<\/tr>\n<tr>\n<td>Sicherungsverm\u00f6gen 2.0<\/td>\n<td>2.00%<\/td>\n<td>0.00%<\/td>\n<\/tr>\n<tr>\n<td>Sicherungsverm\u00f6gen 1.75<\/td>\n<td>1.75%<\/td>\n<td>0.00%<\/td>\n<\/tr>\n<tr>\n<td>Sicherungsverm\u00f6gen 1.25<\/td>\n<td>1.25%<\/td>\n<td>0.00%<\/td>\n<\/tr>\n<tr>\n<td>Sicherungsverm\u00f6gen 0.9<\/td>\n<td>0.90%<\/td>\n<td>0.00%<\/td>\n<\/tr>\n<tr>\n<td>Sicherungsverm\u00f6gen 0.25<\/td>\n<td>0.25%<\/td>\n<td>0.00%<\/td>\n<\/tr>\n<tr>\n<td>Sonderverm\u00f6gen Taggeld<\/td>\n<td>0.75%<\/td>\n<td>0.00%<\/td>\n<\/tr>\n<tr>\n<td>Sonderverm\u00f6gen Taggeldpolice<\/td>\n<td>0.75%<\/td>\n<td>0.00%<\/td>\n<\/tr>\n<\/tbody>\n<\/table>\n<\/div>\n<div class=\"fusion-clearfix\"><\/div><\/div><\/div><\/div><\/div>","protected":false},"excerpt":{"rendered":"","protected":false},"author":7,"featured_media":0,"parent":10260,"menu_order":0,"comment_status":"closed","ping_status":"closed","template":"100-width.php","meta":{"footnotes":""},"class_list":["post-10270","page","type-page","status-publish","hentry"],"_links":{"self":[{"href":"https:\/\/www.prismalife.com\/nl\/wp-json\/wp\/v2\/pages\/10270","targetHints":{"allow":["GET"]}}],"collection":[{"href":"https:\/\/www.prismalife.com\/nl\/wp-json\/wp\/v2\/pages"}],"about":[{"href":"https:\/\/www.prismalife.com\/nl\/wp-json\/wp\/v2\/types\/page"}],"author":[{"embeddable":true,"href":"https:\/\/www.prismalife.com\/nl\/wp-json\/wp\/v2\/users\/7"}],"replies":[{"embeddable":true,"href":"https:\/\/www.prismalife.com\/nl\/wp-json\/wp\/v2\/comments?post=10270"}],"version-history":[{"count":11,"href":"https:\/\/www.prismalife.com\/nl\/wp-json\/wp\/v2\/pages\/10270\/revisions"}],"predecessor-version":[{"id":22386,"href":"https:\/\/www.prismalife.com\/nl\/wp-json\/wp\/v2\/pages\/10270\/revisions\/22386"}],"up":[{"embeddable":true,"href":"https:\/\/www.prismalife.com\/nl\/wp-json\/wp\/v2\/pages\/10260"}],"wp:attachment":[{"href":"https:\/\/www.prismalife.com\/nl\/wp-json\/wp\/v2\/media?parent=10270"}],"curies":[{"name":"wp","href":"https:\/\/api.w.org\/{rel}","templated":true}]}}