{"id":11250,"date":"2020-11-18T08:20:15","date_gmt":"2020-11-18T07:20:15","guid":{"rendered":"https:\/\/www.prismalife.com\/?page_id=11250"},"modified":"2020-11-20T13:26:15","modified_gmt":"2020-11-20T12:26:15","slug":"cquadrat151020","status":"publish","type":"page","link":"https:\/\/www.prismalife.com\/nl\/cquadrat151020\/","title":{"rendered":"CQuadrat151020"},"content":{"rendered":"<p><div class=\"fusion-fullwidth fullwidth-box fusion-builder-row-1 nonhundred-percent-fullwidth non-hundred-percent-height-scrolling\" style=\"--awb-border-radius-top-left:0px;--awb-border-radius-top-right:0px;--awb-border-radius-bottom-right:0px;--awb-border-radius-bottom-left:0px;--awb-padding-right:10px;--awb-padding-left:10px;--awb-flex-wrap:wrap;\" ><div class=\"fusion-builder-row fusion-row\"><div class=\"fusion-layout-column fusion_builder_column fusion-builder-column-0 fusion_builder_column_2_3 2_3 fusion-two-third fusion-column-first padding-content-datenschutz\" style=\"--awb-bg-size:cover;width:65.3333%; margin-right: 4%;\"><div class=\"fusion-column-wrapper fusion-column-has-shadow fusion-flex-column-wrapper-legacy\"><div class=\"fusion-text fusion-text-1\"><p>15.10.2020<\/p>\n<\/div><div class=\"fusion-text fusion-text-2\"><h1>Fondsschliessung des C-Quadrat ARTS Total Return Garant<br \/>\nund \u00dcbertrag der Fondsanteile auf den ALTINVESTAM Protect 90 Fund<\/h1>\n<\/div><div class=\"fusion-clearfix\"><\/div><\/div><\/div><div class=\"fusion-layout-column fusion_builder_column fusion-builder-column-1 fusion_builder_column_2_3 2_3 fusion-two-third fusion-column-first padding-content-datenschutz\" style=\"--awb-bg-size:cover;width:66.666666666667%;width:calc(66.666666666667% - ( ( 4% ) * 0.66666666666667 ) );margin-right: 4%;\"><div class=\"fusion-column-wrapper fusion-flex-column-wrapper-legacy\"><div class=\"fusion-text fusion-text-3\"><table>\n<tbody>\n<tr>\n<td style=\"vertical-align: text-top; padding-right: 16px;\" width=\"30px\"><img class=\"lazyload\" decoding=\"async\" src=\"data:image\/svg+xml,%3Csvg%20xmlns%3D%27http%3A%2F%2Fwww.w3.org%2F2000%2Fsvg%27%20width%3D%27100%27%20height%3D%2730%27%20viewBox%3D%270%200%20100%2030%27%3E%3Crect%20width%3D%27100%27%20height%3D%2730%27%20fill-opacity%3D%220%22%2F%3E%3C%2Fsvg%3E\" data-orig-src=\"https:\/\/www.prismalife.com\/wp-content\/uploads\/2019\/03\/pfeil-content.png\" alt=\"\" width=\"100%\" height=\"30\" \/><\/td>\n<td>F\u00fcr den C-Quadrat ARTS Total Return Garant (WKN: A0LFPX \/ ISIN: AT0000A03K55) wurde vom Garantiegeber eine H\u00f6chststandsgarantie in der H\u00f6he von 80% des h\u00f6chsten jemals erreichten Wertes abgegeben. Das aktuelle Garantieniveau liegt bei einem Kurs (NAV) von 117,88 Euro je Anteil.<\/p>\n<p><strong>Die Kapitalanlagegesellschaft Ampega Investment GmbH (Ampega) \u00e4nderte die Fondsbestimmungen dahingehend, dass vom bisherigen Garantiekonzept abgegangen wird und die Garantie des Garantiegebers erlischt.<\/strong> Diese Anpassung trat mit 15.10.2020 in Kraft.<\/p>\n<p>Grund f\u00fcr die Anpassung ist das aktuell niedrige Zinsniveau, ohne Aussicht auf eine baldige Ver\u00e4nderung der Rahmenbedingungen. Die bisherige Anlagestrategie wurde unter den gegebenen Umst\u00e4nden unrentabel und dies belastete die Wertentwicklung des Fonds.<\/p>\n<p>Die offizielle Stellungnahme der Kapitalanlagegesellschaft k\u00f6nnen Sie der <a href=\"https:\/\/www.prismalife.com\/wp-content\/uploads\/2020\/11\/C-Quadrat-ARTS-Total-Return-Garant.pdf\">Mitteilung an die Anteilsinhaber<\/a> entnehmen.<\/p>\n<p><strong>Aufgrund der \u00c4nderung der Anlagestrategie des C-Quadrat ARTS Total Return Garant durch die Kapitalanlagegesellschaft hat unser Verantwortlicher Aktuar im Einklang mit den vertraglichen Grundlagen entschieden, den Fonds aus unserem Angebot zu entfernen.<\/strong><\/p>\n<p>Um dem Wunsch nach einem Anlagekonzept mit Wertsicherungskomponente auch im aktuell anhaltenden Niedrigzinsumfeld nachzukommen, hat unser Verantwortlicher Aktuar nach Pr\u00fcfung der zur Auswahl stehenden Fonds innerhalb unseres Fondsangebotes entschieden, einen neuen Fonds in unser Angebot aufzunehmen.<\/p>\n<p>In Kooperation mit der unabh\u00e4ngigen Kapitalmarktboutique ALTINVESTAM aus Liechtenstein bieten wir einen neuen Fonds an:<br \/>\nBeim <strong><a href=\"https:\/\/www.prismalife.com\/wp-content\/uploads\/2020\/11\/ALTINVESTAM-Protect-90-Fund-Class-I-KIID-20201113.pdf\">ALTINVESTAM Protect 90 Fund<\/a> (ISIN: LI0576234764)<\/strong> handelt es sich um einen alternativen Wertsicherungsfonds. Durch den Einsatz einer derivativen Overlay-Struktur (Kauf und Verkauf von Puts und Calls auf den S&amp;P 500 auf unterschiedlichen Zeithorizonten) k\u00f6nnen bei einem insgesamt begrenzten Verlustpotenzial unkorrelierte Ertr\u00e4ge erwirtschaftet werden.<\/p>\n<p>Die Strategie besteht aus zwei Teilen:<br \/>\n1.) Durch die <strong>Einkommenskomponente<\/strong> kann mit Hilfe kurzfristiger Options-Spreads die Risikopr\u00e4mie am Markt monetarisiert werden. Hierf\u00fcr werden w\u00f6chentlich rollierende marktneutrale Options-Spreads verkauft und dadurch u.a. die Kosten der Wertsicherung refinanziert.<\/p>\n<p>2.) Innerhalb der <strong>Wertsicherungskomponente<\/strong> findet durch eine langfristige derivative Struktur eine im Voraus fixierte Kapitalsicherung mit 90 % Wertuntergrenze statt. Es handelt sich hierbei um keine explizite Garantie.<\/p>\n<p>Der ALTINVESTAM Protect 90 Fund wird den t\u00e4glichen NAV-Wert der letzten 12 Monate ber\u00fccksichtigen und davon das Risikobudget i.H.v. 10% berechnen. Diese sich daraus ermittelte dynamische Wertuntergrenze gilt es auf Tagesschlussbasis (t\u00e4glicher NAV-Wert) nicht zu unterschreiten.<\/p>\n<p>Eine detaillierte Beschreibung der Anlagestrategie finden Sie im <a href=\"https:\/\/www.prismalife.com\/wp-content\/uploads\/2020\/11\/201112-Factsheet-Protect-90-Fund_I.pdf\">Factsheet des Fonds<\/a>.<\/p>\n<p><strong>Die Vorteile f\u00fcr Sie:<\/strong><\/p>\n<ul style=\"color: #000000;\">\n<li style=\"color: #000000;\">Innovative Kapitalanlage mit Fokus auf Werterhalt<\/li>\n<li style=\"color: #000000;\">Alternative Einkommensgenerierung durch regelbasierte derivative TAA-Overlay-Strategie<\/li>\n<li style=\"color: #000000;\">Kosteng\u00fcnstige und effiziente Kapitalsicherungskomponente zur Begrenzung von Verlustrisiken<\/li>\n<\/ul>\n<\/td>\n<\/tr>\n<\/tbody>\n<\/table>\n<\/div><div class=\"fusion-clearfix\"><\/div><\/div><\/div><div class=\"fusion-layout-column fusion_builder_column fusion-builder-column-2 fusion_builder_column_1_3 1_3 fusion-one-third fusion-column-last\" style=\"--awb-padding-top:10px;--awb-padding-right:10px;--awb-padding-bottom:10px;--awb-padding-left:10px;--awb-bg-size:cover;--awb-border-color:#008c84;--awb-border-top:0;--awb-border-right:0;--awb-border-bottom:0;--awb-border-left:0;--awb-border-style:solid;width:33.333333333333%;width:calc(33.333333333333% - ( ( 4% ) * 0.33333333333333 ) );\"><div class=\"fusion-column-wrapper fusion-column-has-shadow fusion-flex-column-wrapper-legacy\"><div class=\"fusion-clearfix\"><\/div><\/div><\/div><\/div><\/div><div class=\"fusion-fullwidth fullwidth-box fusion-builder-row-2 nonhundred-percent-fullwidth non-hundred-percent-height-scrolling\" style=\"--awb-border-radius-top-left:0px;--awb-border-radius-top-right:0px;--awb-border-radius-bottom-right:0px;--awb-border-radius-bottom-left:0px;--awb-margin-bottom:50px;--awb-background-color:rgba(0,140,132,0.1);--awb-flex-wrap:wrap;\" ><div class=\"fusion-builder-row fusion-row\"><div class=\"fusion-layout-column fusion_builder_column fusion-builder-column-3 fusion_builder_column_1_1 1_1 fusion-one-full fusion-column-first fusion-column-last padding-content-datenschutz\" style=\"--awb-padding-top:40px;--awb-bg-size:cover;\"><div class=\"fusion-column-wrapper fusion-flex-column-wrapper-legacy\"><div class=\"accordian fusion-accordian\" style=\"--awb-border-size:0px;--awb-icon-size:30px;--awb-content-font-size:1.25em;--awb-icon-alignment:right;--awb-hover-color:#ffffff;--awb-border-color:#ffffff;--awb-background-color:#ffffff;--awb-divider-color:#e0dede;--awb-divider-hover-color:#e0dede;--awb-icon-color:rgba(0,140,132,0);--awb-title-color:#008c84;--awb-content-color:#020202;--awb-icon-box-color:#ffffff;--awb-toggle-hover-accent-color:#008c84;--awb-title-font-family:&quot;Source Sans Pro&quot;;--awb-title-font-weight:700;--awb-title-font-style:normal;--awb-title-font-size:0.8em;--awb-content-font-family:&quot;Source Serif Pro&quot;;--awb-content-font-style:normal;--awb-content-font-weight:300;\"><div class=\"panel-group fusion-toggle-icon-right fusion-toggle-icon-unboxed\" id=\"accordion-11250-1\"><div class=\"fusion-panel panel-default panel-71833cf820309d66f fusion-toggle-no-divider\"><div class=\"panel-heading\"><h4 class=\"panel-title toggle\" id=\"toggle_71833cf820309d66f\"><a aria-expanded=\"false\" aria-controls=\"71833cf820309d66f\" role=\"button\" data-toggle=\"collapse\" data-parent=\"#accordion-11250-1\" data-target=\"#71833cf820309d66f\" href=\"#71833cf820309d66f\"><span class=\"fusion-toggle-icon-wrapper\" aria-hidden=\"true\"><i class=\"fa-fusion-box active-icon awb-icon-minus\" aria-hidden=\"true\"><\/i><i class=\"fa-fusion-box inactive-icon awb-icon-plus\" aria-hidden=\"true\"><\/i><\/span><span class=\"fusion-toggle-heading\">Download Dokumente<\/span><\/a><\/h4><\/div><div id=\"71833cf820309d66f\" class=\"panel-collapse collapse \" aria-labelledby=\"toggle_71833cf820309d66f\"><div class=\"panel-body toggle-content fusion-clearfix\"><a href=\"https:\/\/www.prismalife.com\/wp-content\/uploads\/2020\/11\/C-Quadrat-ARTS-Total-Return-Garant.pdf\" target=\"_blank\" rel=\"noopener noreferrer\"><img decoding=\"async\" class=\"lazyload text-link-pfeil1\" src=\"data:image\/svg+xml,%3Csvg%20xmlns%3D%27http%3A%2F%2Fwww.w3.org%2F2000%2Fsvg%27%20width%3D%2758%27%20height%3D%2715%27%20viewBox%3D%270%200%2058%2015%27%3E%3Crect%20width%3D%2758%27%20height%3D%2715%27%20fill-opacity%3D%220%22%2F%3E%3C%2Fsvg%3E\" data-orig-src=\"https:\/\/www.prismalife.com\/wp-content\/uploads\/2019\/04\/arrow_link@2x.png\" alt=\"\" width=\"58\" height=\"15\" \/> Mitteilung an die Anteilsinhaber des C-Quadrat ARTS Total Return Garant (PDF)<\/a><br \/>\n<a href=\"https:\/\/www.prismalife.com\/wp-content\/uploads\/2020\/11\/ALTINVESTAM-Protect-90-Fund-Class-I-KIID-20201113.pdf\" target=\"_blank\" rel=\"noopener noreferrer\"><img decoding=\"async\" class=\"lazyload text-link-pfeil1\" src=\"data:image\/svg+xml,%3Csvg%20xmlns%3D%27http%3A%2F%2Fwww.w3.org%2F2000%2Fsvg%27%20width%3D%2758%27%20height%3D%2715%27%20viewBox%3D%270%200%2058%2015%27%3E%3Crect%20width%3D%2758%27%20height%3D%2715%27%20fill-opacity%3D%220%22%2F%3E%3C%2Fsvg%3E\" data-orig-src=\"https:\/\/www.prismalife.com\/wp-content\/uploads\/2019\/04\/arrow_link@2x.png\" alt=\"\" width=\"58\" height=\"15\" \/> Wesentliche Anlegerinformationen des ALTINVESTAM Protect 90 Fund (PDF)<\/a><br \/>\n<a href=\"https:\/\/www.prismalife.com\/wp-content\/uploads\/2020\/11\/201112-Factsheet-Protect-90-Fund_I.pdf\" target=\"_blank\" rel=\"noopener noreferrer\"><img decoding=\"async\" class=\"lazyload text-link-pfeil1\" src=\"data:image\/svg+xml,%3Csvg%20xmlns%3D%27http%3A%2F%2Fwww.w3.org%2F2000%2Fsvg%27%20width%3D%2758%27%20height%3D%2715%27%20viewBox%3D%270%200%2058%2015%27%3E%3Crect%20width%3D%2758%27%20height%3D%2715%27%20fill-opacity%3D%220%22%2F%3E%3C%2Fsvg%3E\" data-orig-src=\"https:\/\/www.prismalife.com\/wp-content\/uploads\/2019\/04\/arrow_link@2x.png\" alt=\"\" width=\"58\" height=\"15\" \/> Factsheet des ALTINVESTAM Protect 90 Fund (PDF)<\/a><\/div><\/div><\/div><\/div><\/div><div class=\"fusion-clearfix\"><\/div><\/div><\/div><\/div><\/div><\/p>","protected":false},"excerpt":{"rendered":"","protected":false},"author":7,"featured_media":0,"parent":0,"menu_order":0,"comment_status":"closed","ping_status":"closed","template":"100-width.php","meta":{"footnotes":""},"class_list":["post-11250","page","type-page","status-publish","hentry"],"_links":{"self":[{"href":"https:\/\/www.prismalife.com\/nl\/wp-json\/wp\/v2\/pages\/11250","targetHints":{"allow":["GET"]}}],"collection":[{"href":"https:\/\/www.prismalife.com\/nl\/wp-json\/wp\/v2\/pages"}],"about":[{"href":"https:\/\/www.prismalife.com\/nl\/wp-json\/wp\/v2\/types\/page"}],"author":[{"embeddable":true,"href":"https:\/\/www.prismalife.com\/nl\/wp-json\/wp\/v2\/users\/7"}],"replies":[{"embeddable":true,"href":"https:\/\/www.prismalife.com\/nl\/wp-json\/wp\/v2\/comments?post=11250"}],"version-history":[{"count":8,"href":"https:\/\/www.prismalife.com\/nl\/wp-json\/wp\/v2\/pages\/11250\/revisions"}],"predecessor-version":[{"id":11284,"href":"https:\/\/www.prismalife.com\/nl\/wp-json\/wp\/v2\/pages\/11250\/revisions\/11284"}],"wp:attachment":[{"href":"https:\/\/www.prismalife.com\/nl\/wp-json\/wp\/v2\/media?parent=11250"}],"curies":[{"name":"wp","href":"https:\/\/api.w.org\/{rel}","templated":true}]}}