{"id":1227,"date":"2019-04-03T12:08:29","date_gmt":"2019-04-03T12:08:29","guid":{"rendered":"http:\/\/185.44.157.231\/?page_id=1227"},"modified":"2025-01-01T16:47:59","modified_gmt":"2025-01-01T15:47:59","slug":"prismamoments","status":"publish","type":"page","link":"https:\/\/www.prismalife.com\/nl\/deutschland\/prismamoments\/","title":{"rendered":"PrismaMoments"},"content":{"rendered":"<p><div class=\"fusion-fullwidth fullwidth-box fusion-builder-row-1 prismamoments_box1 nonhundred-percent-fullwidth non-hundred-percent-height-scrolling\" style=\"--awb-border-radius-top-left:0px;--awb-border-radius-top-right:0px;--awb-border-radius-bottom-right:0px;--awb-border-radius-bottom-left:0px;--awb-flex-wrap:wrap;\" ><div class=\"fusion-builder-row fusion-row\"><div class=\"fusion-layout-column fusion_builder_column fusion-builder-column-0 fusion_builder_column_1_2 1_2 fusion-one-half fusion-column-first\" style=\"--awb-bg-size:cover;width:50%;width:calc(50% - ( ( 4% ) * 0.5 ) );margin-right: 4%;\"><div class=\"fusion-column-wrapper fusion-flex-column-wrapper-legacy\"><div class=\"fusion-text fusion-text-1\" style=\"--awb-text-transform:none;\"><h1>Prisma Moments<\/h1>\n<\/div><div class=\"fusion-text fusion-text-2\"><div id=\"flex-content\">\n<div class=\"img-content\"><img decoding=\"async\" class=\"lazyload pfeil\" src=\"data:image\/svg+xml,%3Csvg%20xmlns%3D%27http%3A%2F%2Fwww.w3.org%2F2000%2Fsvg%27%20width%3D%2714%27%20height%3D%2728%27%20viewBox%3D%270%200%2014%2028%27%3E%3Crect%20width%3D%2714%27%20height%3D%2728%27%20fill-opacity%3D%220%22%2F%3E%3C%2Fsvg%3E\" data-orig-src=\"https:\/\/www.prismalife.com\/wp-content\/uploads\/2019\/03\/pfeil-content.png\" alt=\"\" \/><\/div>\n<div class=\"text-content\">Der Schutz gegen schwere Krankheiten, die Absicherung Ihrer Familie, kostbare Momente \u2013 auch nach der Diagnose \u2013 erleben zu k\u00f6nnen, sind Ziele unserer Schwere-Krankheiten-Versicherung.<br \/>\nMit der Auszahlung Ihrer vereinbarten Versicherungssumme kompensieren Sie einen m\u00f6glichen Einkommensausfall. Therapien, Spezialisten, Rehabilitationsmassnahmen, die Ihre Krankenkasse nicht \u00fcbernimmt, k\u00f6nnen dadurch finanziert werden. Die Betreuung Ihrer Kinder durch eine Tagesmutter oder einen Babysitter, w\u00e4hrend Sie untersucht und behandelt werden, ist nun eine bezahlbare Entlastung.<br \/>\nErfahrene Spezialisten stehen Ihnen bei Fragen rund um schwere Krankheiten zur Verfu\u0308gung und unterstu\u0308tzen Sie durch ein medizinisch-berufliches Rehabilitationsmanagement.<\/div>\n<\/div>\n<\/div><div class=\"fusion-clearfix\"><\/div><\/div><\/div><div class=\"fusion-layout-column fusion_builder_column fusion-builder-column-1 fusion_builder_column_1_2 1_2 fusion-one-half fusion-column-last\" style=\"--awb-bg-size:cover;width:50%;width:calc(50% - ( ( 4% ) * 0.5 ) );\"><div class=\"fusion-column-wrapper fusion-flex-column-wrapper-legacy\"><div class=\"fusion-image-element fusion-image-align-center in-legacy-container\" style=\"text-align:center;--awb-caption-title-font-family:var(--h2_typography-font-family);--awb-caption-title-font-weight:var(--h2_typography-font-weight);--awb-caption-title-font-style:var(--h2_typography-font-style);--awb-caption-title-size:var(--h2_typography-font-size);--awb-caption-title-transform:var(--h2_typography-text-transform);--awb-caption-title-line-height:var(--h2_typography-line-height);--awb-caption-title-letter-spacing:var(--h2_typography-letter-spacing);\"><div class=\"imageframe-align-center\"><span class=\" fusion-imageframe imageframe-none imageframe-1 hover-type-none\"><img decoding=\"async\" width=\"900\" height=\"600\" alt=\"Die rettende Hand\" title=\"PrismaMoments: Schwere-Krankheiten-Versicherung\" src=\"https:\/\/www.prismalife.com\/wp-content\/uploads\/2019\/04\/Moments_Seite_900x600.jpg\" data-orig-src=\"https:\/\/www.prismalife.com\/wp-content\/uploads\/2019\/04\/Moments_Seite_900x600.jpg\" class=\"lazyload img-responsive wp-image-2779\" srcset=\"data:image\/svg+xml,%3Csvg%20xmlns%3D%27http%3A%2F%2Fwww.w3.org%2F2000%2Fsvg%27%20width%3D%27900%27%20height%3D%27600%27%20viewBox%3D%270%200%20900%20600%27%3E%3Crect%20width%3D%27900%27%20height%3D%27600%27%20fill-opacity%3D%220%22%2F%3E%3C%2Fsvg%3E\" data-srcset=\"https:\/\/www.prismalife.com\/wp-content\/uploads\/2019\/04\/Moments_Seite_900x600-200x133.jpg 200w, https:\/\/www.prismalife.com\/wp-content\/uploads\/2019\/04\/Moments_Seite_900x600-400x267.jpg 400w, https:\/\/www.prismalife.com\/wp-content\/uploads\/2019\/04\/Moments_Seite_900x600-600x400.jpg 600w, https:\/\/www.prismalife.com\/wp-content\/uploads\/2019\/04\/Moments_Seite_900x600-800x533.jpg 800w, https:\/\/www.prismalife.com\/wp-content\/uploads\/2019\/04\/Moments_Seite_900x600.jpg 900w\" data-sizes=\"auto\" data-orig-sizes=\"(max-width: 800px) 100vw, 800px\" \/><\/span><\/div><\/div><div class=\"fusion-clearfix\"><\/div><\/div><\/div><\/div><\/div><div class=\"fusion-fullwidth fullwidth-box fusion-builder-row-2 teaser nonhundred-percent-fullwidth non-hundred-percent-height-scrolling\" style=\"--awb-border-radius-top-left:0px;--awb-border-radius-top-right:0px;--awb-border-radius-bottom-right:0px;--awb-border-radius-bottom-left:0px;--awb-padding-top:30px;--awb-padding-bottom:30px;--awb-margin-top:50px;--awb-margin-bottom:50px;--awb-background-color:rgba(0,140,132,0.1);--awb-flex-wrap:wrap;\" ><div class=\"fusion-builder-row fusion-row\"><div class=\"fusion-layout-column fusion_builder_column fusion-builder-column-2 fusion_builder_column_1_2 1_2 fusion-one-half fusion-column-first\" style=\"--awb-bg-size:cover;width:50%;width:calc(50% - ( ( 4% ) * 0.5 ) );margin-right: 4%;\"><div class=\"fusion-column-wrapper fusion-flex-column-wrapper-legacy\"><div class=\"fusion-text fusion-text-3\"><h4>Ihre Vorteile<\/h4>\n<ul>\n<li><span class=\"li-text\">Kostenfreie Mitversicherung Ihrer Kinder<\/span><\/li>\n<li><span class=\"li-text\">Absicherung von 46 schweren Krankheiten, zum Beispiel Herzinfarkt, Schlaganfall, Krebs, fortgeschrittene Lebererkrankungen und Abh\u00e4ngigkeit von einer dritten Person<\/span><\/li>\n<li><span class=\"li-text\">Lebenslange Absicherung m\u00f6glich<\/span><\/li>\n<li><span class=\"li-text\">Versicherungssumme bis 3 Mio. Euro<\/span><\/li>\n<li><span class=\"li-text\">Todesfallsummen zwischen 2\u00a0% und 100\u00a0% der Versicherungssumme f\u00fcr schwere Krankheiten w\u00e4hlbar<\/span><\/li>\n<li><span class=\"li-text\">Klar definierte Bedingungen und verst\u00e4ndliche Formulierungen<\/span><\/li>\n<\/ul>\n<\/div><div class=\"fusion-button-wrapper\"><a class=\"fusion-button button-flat fusion-button-default-size button-custom fusion-button-default button-1 fusion-button-default-span fusion-button-default-type link-auskunft\" style=\"--button_accent_color:#008c84;--button_border_color:#008c84;--button_accent_hover_color:#008c84;--button_border_hover_color:#008c84;--button_border_width-top:1px;--button_border_width-right:1px;--button_border_width-bottom:1px;--button_border_width-left:1px;--button_gradient_top_color:#ffffff;--button_gradient_bottom_color:#ffffff;--button_gradient_top_color_hover:#ffffff;--button_gradient_bottom_color_hover:#ffffff;\" target=\"_blank\" rel=\"noopener noreferrer\" title=\"Produktbrosch\u00fcre PrismaMoments herunterladen\" aria-label=\"Produktbrosch\u00fcre PrismaMoments herunterladen\" href=\"https:\/\/www.prismalife.com\/wp-content\/uploads\/2019\/04\/Prisma_Moments_Broschuere.pdf\"><span class=\"fusion-button-text awb-button__text awb-button__text--default\">Produktbrosch\u00fcre (PDF)<\/span><i class=\"fa-arrow-right fas awb-button__icon awb-button__icon--default button-icon-right\" aria-hidden=\"true\"><\/i><\/a><\/div><div class=\"fusion-button-wrapper\"><a class=\"fusion-button button-flat fusion-button-default-size button-custom fusion-button-default button-2 fusion-button-default-span fusion-button-default-type link-auskunft\" style=\"--button_accent_color:#008c84;--button_border_color:#008c84;--button_accent_hover_color:#008c84;--button_border_hover_color:#008c84;--button_border_width-top:1px;--button_border_width-right:1px;--button_border_width-bottom:1px;--button_border_width-left:1px;--button_gradient_top_color:#ffffff;--button_gradient_bottom_color:#ffffff;--button_gradient_top_color_hover:#ffffff;--button_gradient_bottom_color_hover:#ffffff;\" target=\"_blank\" rel=\"noopener noreferrer\" title=\"DFSI-Studie zum Dread-Disease-Versicherungen herunterladen\" aria-label=\"DFSI-Studie zum Dread-Disease-Versicherungen herunterladen\" href=\"https:\/\/www.prismalife.com\/wp-content\/uploads\/2019\/04\/DFSI-Studie-Beste-Dread-Disease-Police-2018.pdf\"><span class=\"fusion-button-text awb-button__text awb-button__text--default\">DFSI-Studie Beste Dread-Disease-Police 2018 (PDF)<\/span><i class=\"fa-arrow-right fas awb-button__icon awb-button__icon--default button-icon-right\" aria-hidden=\"true\"><\/i><\/a><\/div><div class=\"fusion-button-wrapper\"><a class=\"fusion-button button-flat fusion-button-default-size button-custom fusion-button-default button-3 fusion-button-default-span fusion-button-default-type link-auskunft\" style=\"--button_accent_color:#008c84;--button_border_color:#008c84;--button_accent_hover_color:#008c84;--button_border_hover_color:#008c84;--button_border_width-top:1px;--button_border_width-right:1px;--button_border_width-bottom:1px;--button_border_width-left:1px;--button_gradient_top_color:#ffffff;--button_gradient_bottom_color:#ffffff;--button_gradient_top_color_hover:#ffffff;--button_gradient_bottom_color_hover:#ffffff;\" target=\"_blank\" rel=\"noopener noreferrer\" title=\"Medi-Kost-Produktvergleich Dread Disease 2017 herunterladen\" aria-label=\"Medi-Kost-Produktvergleich Dread Disease 2017 herunterladen\" href=\"https:\/\/www.prismalife.com\/wp-content\/uploads\/2019\/04\/MEDI-KOST-Produktvergleich-Dread-Disease.pdf\"><span class=\"fusion-button-text awb-button__text awb-button__text--default\">MEDI-KOST-Produktvergleich Dread Disease (PDF)<\/span><i class=\"fa-arrow-right fas awb-button__icon awb-button__icon--default button-icon-right\" aria-hidden=\"true\"><\/i><\/a><\/div><div class=\"fusion-clearfix\"><\/div><\/div><\/div><div class=\"fusion-layout-column fusion_builder_column fusion-builder-column-3 fusion_builder_column_1_2 1_2 fusion-one-half fusion-column-last\" style=\"--awb-padding-top:55px;--awb-padding-right:50px;--awb-padding-bottom:15px;--awb-padding-left:50px;--awb-bg-color:#008c84;--awb-bg-color-hover:#008c84;--awb-bg-size:cover;width:50%;width:calc(50% - ( ( 4% ) * 0.5 ) );\"><div class=\"fusion-column-wrapper fusion-flex-column-wrapper-legacy\"><div class=\"fusion-text fusion-text-4\"><h4 style=\"color: #fff;\">Prisma Moments: zwei Absicherungsbeispiele<\/h4>\n<\/div><div class=\"fusion-text fusion-text-5\"><p style=\"color: #fff; line-height: 1.8em; font-family: Source Sans Pro;\">Ein am 01.03.1988 geborener Familienvater zahlt monatlich <strong>47.61 Euro<\/strong> ein. Im Falle einer schweren Krankheit vor dem <strong>65. Lebensjahr<\/strong> erh\u00e4lt er eine Einmalzahlung in H\u00f6he von <strong>100 000 Euro<\/strong>. Im Falle seines Todes erhalten die Hinterbliebenen eine Absicherung in H\u00f6he von <strong>100 000 Euro<\/strong>. Die Kinder sind kostenfrei bis zum Alter von <strong>18 Jahren<\/strong> in H\u00f6he von <strong>35 000 Euro<\/strong> mitversichert.<\/p>\n<\/div><div class=\"fusion-text fusion-text-6\"><p style=\"color: #fff; line-height: 1.8em; font-family: Source Sans Pro;\">Eine am 01.03.1991 geborene Frau zahlt monatlich <strong>157 Euro<\/strong> ein, um im Falle einer schweren Krankheit mit einer hohen Einmalzahlung in H\u00f6he von <strong>250 000 Euro<\/strong> die Finanzierung ihrer Eigentumswohnung abl\u00f6sen und ihren Lebensstandard halten zu k\u00f6nnen. Da sie ledig und kinderlos ist, w\u00e4hlt sie die Mindest-Todesfallabsicherung von <strong>5 000 Euro<\/strong>, w\u00fcnscht aber einen lebenslangen Schutz, egal, wie alt sie ist.<\/p>\n<\/div><div class=\"fusion-clearfix\"><\/div><\/div><\/div><\/div><\/div><div class=\"fusion-fullwidth fullwidth-box fusion-builder-row-3 teaser nonhundred-percent-fullwidth non-hundred-percent-height-scrolling fusion-equal-height-columns\" style=\"--awb-border-radius-top-left:0px;--awb-border-radius-top-right:0px;--awb-border-radius-bottom-right:0px;--awb-border-radius-bottom-left:0px;--awb-margin-bottom:50px;--awb-flex-wrap:wrap;\" ><div class=\"fusion-builder-row fusion-row\"><div class=\"fusion-layout-column fusion_builder_column fusion-builder-column-4 fusion_builder_column_1_3 1_3 fusion-one-third fusion-column-first\" style=\"--awb-padding-top:20px;--awb-padding-right:15px;--awb-padding-bottom:15px;--awb-padding-left:15px;--awb-bg-size:cover;--awb-border-color:#008c84;--awb-border-top:2px;--awb-border-right:2px;--awb-border-bottom:2px;--awb-border-left:2px;--awb-border-style:solid;width:33.333333333333%;width:calc(33.333333333333% - ( ( 4% ) * 0.33333333333333 ) );margin-right: 4%;\"><div class=\"fusion-column-wrapper fusion-flex-column-wrapper-legacy\"><div class=\"fusion-text fusion-text-7\"><h5>Prisma MultiSafe<\/h5>\n<p style=\"padding-bottom: 50px;\">Sie suchen einen verl\u00e4sslichen Rundumschutz? Prisma MultiSafe sch\u00fctzt mit einem Vertrag gegen sechs der gr\u00f6ssten Lebensrisiken. Das spart Zeit und Geld.<\/p>\n<div class=\"teaser-pfeil-box\">\n<p style=\"color: #fff;\"><img decoding=\"async\" class=\"lazyload text-link-pfeil1\" src=\"data:image\/svg+xml,%3Csvg%20xmlns%3D%27http%3A%2F%2Fwww.w3.org%2F2000%2Fsvg%27%20width%3D%2758%27%20height%3D%2715%27%20viewBox%3D%270%200%2058%2015%27%3E%3Crect%20width%3D%2758%27%20height%3D%2715%27%20fill-opacity%3D%220%22%2F%3E%3C%2Fsvg%3E\" data-orig-src=\"https:\/\/www.prismalife.com\/wp-content\/uploads\/2019\/04\/arrow_link@2x.png\" alt=\"\" width=\"58\" height=\"15\" \/><a class=\"textlink-teaser-weiss\" title=\"Zu Prisma MultiSafe, dem Rundumschutz mit BU\" href=\"https:\/\/www.prismalife.com\/risikoprodukte\/prisma-multisafe\/\">Produktdetails<\/a><\/p>\n<\/div>\n<\/div><div class=\"fusion-clearfix\"><\/div><\/div><\/div><div class=\"fusion-layout-column fusion_builder_column fusion-builder-column-5 fusion_builder_column_1_3 1_3 fusion-one-third fusion-column-last\" style=\"--awb-padding-top:20px;--awb-padding-right:15px;--awb-padding-bottom:15px;--awb-padding-left:15px;--awb-bg-color:rgba(0,140,132,0.1);--awb-bg-color-hover:rgba(0,140,132,0.1);--awb-bg-size:cover;width:33.333333333333%;width:calc(33.333333333333% - ( ( 4% ) * 0.33333333333333 ) );\"><div class=\"fusion-column-wrapper fusion-flex-column-wrapper-legacy\"><div class=\"fusion-text fusion-text-8\"><h6>Ben\u00f6tigen Sie Hilfe?<\/h6>\n<p>Bei der Suche eines Beraters in Ihrer N\u00e4he helfen wir Ihnen gerne.<\/p>\n<\/div><div class=\"fusion-aligncenter\"><a class=\"fusion-button button-flat fusion-button-default-size button-custom fusion-button-default button-4 fusion-button-default-span fusion-button-default-type kontakt-button\" style=\"--button_accent_color:#008c84;--button_border_color:#008c84;--button_accent_hover_color:#008c84;--button_border_hover_color:#008c84;--button_border_width-top:1px;--button_border_width-right:1px;--button_border_width-bottom:1px;--button_border_width-left:1px;--button_gradient_top_color:#ffffff;--button_gradient_bottom_color:#ffffff;--button_gradient_top_color_hover:#ffffff;--button_gradient_bottom_color_hover:#ffffff;\" target=\"_self\" href=\"https:\/\/www.prismalife.com\/kontakt\/\"><span class=\"fusion-button-text awb-button__text awb-button__text--default\">Kontaktieren Sie uns<\/span><\/a><\/div><div class=\"fusion-clearfix\"><\/div><\/div><\/div><\/div><\/div><\/p>","protected":false},"excerpt":{"rendered":"","protected":false},"author":1,"featured_media":0,"parent":10195,"menu_order":0,"comment_status":"closed","ping_status":"closed","template":"100-width.php","meta":{"footnotes":""},"class_list":["post-1227","page","type-page","status-publish","hentry"],"_links":{"self":[{"href":"https:\/\/www.prismalife.com\/nl\/wp-json\/wp\/v2\/pages\/1227","targetHints":{"allow":["GET"]}}],"collection":[{"href":"https:\/\/www.prismalife.com\/nl\/wp-json\/wp\/v2\/pages"}],"about":[{"href":"https:\/\/www.prismalife.com\/nl\/wp-json\/wp\/v2\/types\/page"}],"author":[{"embeddable":true,"href":"https:\/\/www.prismalife.com\/nl\/wp-json\/wp\/v2\/users\/1"}],"replies":[{"embeddable":true,"href":"https:\/\/www.prismalife.com\/nl\/wp-json\/wp\/v2\/comments?post=1227"}],"version-history":[{"count":8,"href":"https:\/\/www.prismalife.com\/nl\/wp-json\/wp\/v2\/pages\/1227\/revisions"}],"predecessor-version":[{"id":24611,"href":"https:\/\/www.prismalife.com\/nl\/wp-json\/wp\/v2\/pages\/1227\/revisions\/24611"}],"up":[{"embeddable":true,"href":"https:\/\/www.prismalife.com\/nl\/wp-json\/wp\/v2\/pages\/10195"}],"wp:attachment":[{"href":"https:\/\/www.prismalife.com\/nl\/wp-json\/wp\/v2\/media?parent=1227"}],"curies":[{"name":"wp","href":"https:\/\/api.w.org\/{rel}","templated":true}]}}