{"id":18607,"date":"2022-03-04T16:10:38","date_gmt":"2022-03-04T15:10:38","guid":{"rendered":"https:\/\/www.prismalife.com\/?page_id=18607"},"modified":"2022-03-04T16:16:53","modified_gmt":"2022-03-04T15:16:53","slug":"raiffeisen280222","status":"publish","type":"page","link":"https:\/\/www.prismalife.com\/nl\/raiffeisen280222\/","title":{"rendered":"Raiffeisen280222"},"content":{"rendered":"<p><div class=\"fusion-fullwidth fullwidth-box fusion-builder-row-1 nonhundred-percent-fullwidth non-hundred-percent-height-scrolling\" style=\"--awb-border-radius-top-left:0px;--awb-border-radius-top-right:0px;--awb-border-radius-bottom-right:0px;--awb-border-radius-bottom-left:0px;--awb-padding-right:10px;--awb-padding-left:10px;--awb-flex-wrap:wrap;\" ><div class=\"fusion-builder-row fusion-row\"><div class=\"fusion-layout-column fusion_builder_column fusion-builder-column-0 fusion_builder_column_2_3 2_3 fusion-two-third fusion-column-first padding-content-datenschutz\" style=\"--awb-bg-size:cover;width:65.3333%; margin-right: 4%;\"><div class=\"fusion-column-wrapper fusion-column-has-shadow fusion-flex-column-wrapper-legacy\"><div class=\"fusion-text fusion-text-1\" style=\"--awb-text-transform:none;\"><p>28.02.2022<\/p>\n<\/div><div class=\"fusion-text fusion-text-2\" style=\"--awb-text-transform:none;\"><h1>Vor\u00fcbergehende Aussetzung der Fondspreisberechnung aufgrund Schliessung der B\u00f6rsen in Russland<\/h1>\n<\/div><div class=\"fusion-clearfix\"><\/div><\/div><\/div><div class=\"fusion-layout-column fusion_builder_column fusion-builder-column-1 fusion_builder_column_2_3 2_3 fusion-two-third fusion-column-first padding-content-datenschutz\" style=\"--awb-bg-size:cover;width:66.666666666667%;width:calc(66.666666666667% - ( ( 4% ) * 0.66666666666667 ) );margin-right: 4%;\"><div class=\"fusion-column-wrapper fusion-flex-column-wrapper-legacy\"><div class=\"fusion-text fusion-text-3\" style=\"--awb-text-transform:none;\"><table>\n<tbody>\n<tr>\n<td style=\"vertical-align: text-top; padding-right: 16px;\" width=\"30px\"><img class=\"lazyload\" decoding=\"async\" src=\"data:image\/svg+xml,%3Csvg%20xmlns%3D%27http%3A%2F%2Fwww.w3.org%2F2000%2Fsvg%27%20width%3D%27100%27%20height%3D%2730%27%20viewBox%3D%270%200%20100%2030%27%3E%3Crect%20width%3D%27100%27%20height%3D%2730%27%20fill-opacity%3D%220%22%2F%3E%3C%2Fsvg%3E\" data-orig-src=\"https:\/\/www.prismalife.com\/wp-content\/uploads\/2019\/03\/pfeil-content.png\" alt=\"\" width=\"100%\" height=\"30\" \/><\/td>\n<td>Aufgrund des Konflikts zwischen Russland und der Ukraine und den damit verbundenen Sanktionen wurde seit 28.02.2022 der Handel an der B\u00f6rse in Moskau ausgesetzt. Als Folge kann f\u00fcr Fonds mit mehr als 5% Verm\u00f6genswerten in russischen Aktien aktuell keine Preisberechnung vorgenommen werden. Die Ausgabe und R\u00fccknahme von Fondsanteilen der <a href=\"https:\/\/www.prismalife.com\/wp-content\/uploads\/2022\/03\/KIID_AT0000A07FS1.pdf\">Fonds Raiffeisen-Russland-Aktien (R) VT<\/a> (WKN A0M5MJ \/ ISIN AT0000A07FS1) und <a href=\"https:\/\/www.prismalife.com\/wp-content\/uploads\/2022\/03\/KIID_AT0000785241.pdf\">Raiffeisen-Osteuropa-Aktien (R) VT<\/a> (WKN 622904 \/ ISIN AT0000785241) musste aus diesem Grund bis auf weiteres ausgesetzt werden.<\/p>\n<p>Konkret bedeutet das:<\/p>\n<ul style=\"color: #000000;\">\n<li style=\"color: #000000;\">Der Kauf und Verkauf von Anteilen dieser beiden Fonds ist seit dem 28.02.2022 nicht mehr m\u00f6glich.<\/li>\n<li style=\"color: #000000;\">F\u00fcr das bestehende Anteilguthaben der betroffenen Fonds kann w\u00e4hrend der Aussetzung der Preisberechnung kein R\u00fcckkaufswert ermittelt oder ausbezahlt werden.<\/li>\n<\/ul>\n<p>Die offizielle Stellungnahme der Kapitalverwaltungsgesellschaft k\u00f6nnen Sie der <a href=\"https:\/\/www.prismalife.com\/wp-content\/uploads\/2022\/03\/20220228_Information-Raiffeisen.pdf\">Information von Raiffeisen Capital Management<\/a> entnehmen.<\/p>\n<p>F\u00fcr Kunden, die den Fonds <a href=\"https:\/\/www.prismalife.com\/wp-content\/uploads\/2022\/03\/KIID_AT0000A07FS1.pdf\">Raiffeisen-Russland-Aktien (R) VT<\/a> (WKN A0M5MJ \/ ISIN AT0000A07FS1) in der Anlagestrategie gew\u00e4hlt haben, hat unser Verantwortlicher Aktuar in Einklang mit den vertraglichen Grundlagen entschieden die Anlagestrategie anzupassen und k\u00fcnftige Beitr\u00e4ge ab 28.02.2022 in den Fonds <a href=\"https:\/\/www.prismalife.com\/wp-content\/uploads\/2022\/03\/KIID_LU0759999336.pdf\">JPMorgan Funds &#8211; Emerging Markets Opportunities Fund A (acc) &#8211; EUR<\/a> (WKN A1JVJZ \/ ISIN LU0759999336) umzuschichten.<\/p>\n<p>F\u00fcr Kunden, die den Fonds <a href=\"https:\/\/www.prismalife.com\/wp-content\/uploads\/2022\/03\/KIID_AT0000785241.pdf\">Raiffeisen-Osteuropa-Aktien (R) VT<\/a> (WKN 622904 \/ ISIN AT0000785241) in der Anlagestrategie gew\u00e4hlt haben, hat unser Verantwortlicher Aktuar in Einklang mit den vertraglichen Grundlagen entschieden die Anlagestrategie anzupassen und k\u00fcnftige Beitr\u00e4ge ab 28.02.2022 in den <a href=\"https:\/\/www.prismalife.com\/wp-content\/uploads\/2022\/03\/KIID_AT0000745872.pdf\">Fonds Raiffeisen-Eurasien-Aktien (R) VT<\/a> (WKN 622888 \/ ISIN AT0000745872) umzuschichten.<\/p>\n<p><strong>Wichtig f\u00fcr betroffene Kunden:<\/strong><\/p>\n<ul style=\"color: #000000;\">\n<li style=\"color: #000000;\">Beide Fonds verfolgen jeweils \u00e4hnliche Anlageziele und haben ein vergleichbares Risikoprofil.<\/li>\n<li style=\"color: #000000;\">Das bestehende Fondsverm\u00f6gen wird durch diese Anpassung nicht ver\u00e4ndert.<\/li>\n<li style=\"color: #000000;\">Diese Anpassung ist f\u00fcr Kunden selbstverst\u00e4ndlich kostenlos.<\/li>\n<li style=\"color: #000000;\">Kunden brauchen nichts zu unternehmen, wir nehmen alle erforderlichen Anpassungen vor.<\/li>\n<li style=\"color: #000000;\">Kunden k\u00f6nnen jederzeit ihre Fondsauswahl f\u00fcr den zuk\u00fcnftig zu zahlenden Beitrag \u00e4ndern. Hierf\u00fcr ist das entsprechende Formular im Kundenportal zu verwenden.<\/li>\n<\/ul>\n<p><strong>Sobald die Preisberechnung und der Handel wieder aufgenommen werden, informieren wir alle betroffenen Kunden erneut.<\/strong><\/td>\n<\/tr>\n<\/tbody>\n<\/table>\n<\/div><div class=\"fusion-clearfix\"><\/div><\/div><\/div><div class=\"fusion-layout-column fusion_builder_column fusion-builder-column-2 fusion_builder_column_1_3 1_3 fusion-one-third fusion-column-last\" style=\"--awb-padding-top:10px;--awb-padding-right:10px;--awb-padding-bottom:10px;--awb-padding-left:10px;--awb-bg-size:cover;--awb-border-color:#008c84;--awb-border-top:0;--awb-border-right:0;--awb-border-bottom:0;--awb-border-left:0;--awb-border-style:solid;width:33.333333333333%;width:calc(33.333333333333% - ( ( 4% ) * 0.33333333333333 ) );\"><div class=\"fusion-column-wrapper fusion-column-has-shadow fusion-flex-column-wrapper-legacy\"><div class=\"fusion-clearfix\"><\/div><\/div><\/div><\/div><\/div><div class=\"fusion-fullwidth fullwidth-box fusion-builder-row-2 nonhundred-percent-fullwidth non-hundred-percent-height-scrolling\" style=\"--awb-border-radius-top-left:0px;--awb-border-radius-top-right:0px;--awb-border-radius-bottom-right:0px;--awb-border-radius-bottom-left:0px;--awb-margin-bottom:50px;--awb-background-color:rgba(0,140,132,0.1);--awb-flex-wrap:wrap;\" ><div class=\"fusion-builder-row fusion-row\"><div class=\"fusion-layout-column fusion_builder_column fusion-builder-column-3 fusion_builder_column_1_1 1_1 fusion-one-full fusion-column-first fusion-column-last padding-content-datenschutz\" style=\"--awb-padding-top:40px;--awb-bg-size:cover;\"><div class=\"fusion-column-wrapper fusion-flex-column-wrapper-legacy\"><div class=\"accordian fusion-accordian\" style=\"--awb-border-size:0px;--awb-icon-size:30px;--awb-content-font-size:1.25em;--awb-icon-alignment:right;--awb-hover-color:#ffffff;--awb-border-color:#ffffff;--awb-background-color:#ffffff;--awb-divider-color:#e0dede;--awb-divider-hover-color:#e0dede;--awb-icon-color:rgba(0,140,132,0);--awb-title-color:#008c84;--awb-content-color:#020202;--awb-icon-box-color:#ffffff;--awb-toggle-hover-accent-color:#008c84;--awb-title-font-family:&quot;Source Sans Pro&quot;;--awb-title-font-weight:700;--awb-title-font-style:normal;--awb-title-font-size:0.8em;--awb-content-font-family:&quot;Source Serif Pro&quot;;--awb-content-font-style:normal;--awb-content-font-weight:300;\"><div class=\"panel-group fusion-toggle-icon-right fusion-toggle-icon-unboxed\" id=\"accordion-18607-1\"><div class=\"fusion-panel panel-default panel-505e4ea011eda26c5 fusion-toggle-no-divider\"><div class=\"panel-heading\"><h4 class=\"panel-title toggle\" id=\"toggle_505e4ea011eda26c5\"><a aria-expanded=\"false\" aria-controls=\"505e4ea011eda26c5\" role=\"button\" data-toggle=\"collapse\" data-parent=\"#accordion-18607-1\" data-target=\"#505e4ea011eda26c5\" href=\"#505e4ea011eda26c5\"><span class=\"fusion-toggle-icon-wrapper\" aria-hidden=\"true\"><i class=\"fa-fusion-box active-icon awb-icon-minus\" aria-hidden=\"true\"><\/i><i class=\"fa-fusion-box inactive-icon awb-icon-plus\" aria-hidden=\"true\"><\/i><\/span><span class=\"fusion-toggle-heading\">Download Dokumente<\/span><\/a><\/h4><\/div><div id=\"505e4ea011eda26c5\" class=\"panel-collapse collapse \" aria-labelledby=\"toggle_505e4ea011eda26c5\"><div class=\"panel-body toggle-content fusion-clearfix\"><a href=\"https:\/\/www.prismalife.com\/wp-content\/uploads\/2022\/03\/20220228_Information-Raiffeisen.pdf\" target=\"_blank\" rel=\"noopener noreferrer\"><img decoding=\"async\" class=\"lazyload text-link-pfeil1\" src=\"data:image\/svg+xml,%3Csvg%20xmlns%3D%27http%3A%2F%2Fwww.w3.org%2F2000%2Fsvg%27%20width%3D%2758%27%20height%3D%2715%27%20viewBox%3D%270%200%2058%2015%27%3E%3Crect%20width%3D%2758%27%20height%3D%2715%27%20fill-opacity%3D%220%22%2F%3E%3C%2Fsvg%3E\" data-orig-src=\"https:\/\/www.prismalife.com\/wp-content\/uploads\/2019\/04\/arrow_link@2x.png\" alt=\"\" width=\"58\" height=\"15\" \/> Offizielle Information von Raiffeisen Capital Management (PDF)<\/a><br \/>\n<a href=\"https:\/\/www.prismalife.com\/wp-content\/uploads\/2022\/03\/KIID_AT0000A07FS1.pdf\" target=\"_blank\" rel=\"noopener noreferrer\"><img decoding=\"async\" class=\"lazyload text-link-pfeil1\" src=\"data:image\/svg+xml,%3Csvg%20xmlns%3D%27http%3A%2F%2Fwww.w3.org%2F2000%2Fsvg%27%20width%3D%2758%27%20height%3D%2715%27%20viewBox%3D%270%200%2058%2015%27%3E%3Crect%20width%3D%2758%27%20height%3D%2715%27%20fill-opacity%3D%220%22%2F%3E%3C%2Fsvg%3E\" data-orig-src=\"https:\/\/www.prismalife.com\/wp-content\/uploads\/2019\/04\/arrow_link@2x.png\" alt=\"\" width=\"58\" height=\"15\" \/> Wesentliche Anlegerinformationen Raiffeisen-Russland-Aktien (R) VT (PDF)<\/a><br \/>\n<a href=\"https:\/\/www.prismalife.com\/wp-content\/uploads\/2022\/03\/KIID_AT0000785241.pdf\" target=\"_blank\" rel=\"noopener noreferrer\"><img decoding=\"async\" class=\"lazyload text-link-pfeil1\" src=\"data:image\/svg+xml,%3Csvg%20xmlns%3D%27http%3A%2F%2Fwww.w3.org%2F2000%2Fsvg%27%20width%3D%2758%27%20height%3D%2715%27%20viewBox%3D%270%200%2058%2015%27%3E%3Crect%20width%3D%2758%27%20height%3D%2715%27%20fill-opacity%3D%220%22%2F%3E%3C%2Fsvg%3E\" data-orig-src=\"https:\/\/www.prismalife.com\/wp-content\/uploads\/2019\/04\/arrow_link@2x.png\" alt=\"\" width=\"58\" height=\"15\" \/> Wesentliche Anlegerinformationen Raiffeisen-Osteuropa-Aktien (R) VT (PDF)<\/a><br \/>\n<a href=\"https:\/\/www.prismalife.com\/wp-content\/uploads\/2022\/03\/KIID_LU0759999336.pdf\" target=\"_blank\" rel=\"noopener noreferrer\"><img decoding=\"async\" class=\"lazyload text-link-pfeil1\" src=\"data:image\/svg+xml,%3Csvg%20xmlns%3D%27http%3A%2F%2Fwww.w3.org%2F2000%2Fsvg%27%20width%3D%2758%27%20height%3D%2715%27%20viewBox%3D%270%200%2058%2015%27%3E%3Crect%20width%3D%2758%27%20height%3D%2715%27%20fill-opacity%3D%220%22%2F%3E%3C%2Fsvg%3E\" data-orig-src=\"https:\/\/www.prismalife.com\/wp-content\/uploads\/2019\/04\/arrow_link@2x.png\" alt=\"\" width=\"58\" height=\"15\" \/> Wesentliche Anlegerinformationen JPMorgan Funds - Emerging Markets Opportunities Fund A (acc) - EUR (PDF)<\/a><br \/>\n<a href=\"https:\/\/www.prismalife.com\/wp-content\/uploads\/2022\/03\/KIID_AT0000745872.pdf\" target=\"_blank\" rel=\"noopener noreferrer\"><img decoding=\"async\" class=\"lazyload text-link-pfeil1\" src=\"data:image\/svg+xml,%3Csvg%20xmlns%3D%27http%3A%2F%2Fwww.w3.org%2F2000%2Fsvg%27%20width%3D%2758%27%20height%3D%2715%27%20viewBox%3D%270%200%2058%2015%27%3E%3Crect%20width%3D%2758%27%20height%3D%2715%27%20fill-opacity%3D%220%22%2F%3E%3C%2Fsvg%3E\" data-orig-src=\"https:\/\/www.prismalife.com\/wp-content\/uploads\/2019\/04\/arrow_link@2x.png\" alt=\"\" width=\"58\" height=\"15\" \/> Wesentliche Anlegerinformationen Raiffeisen-Eurasien-Aktien (R) VT (PDF)<\/a><\/div><\/div><\/div><\/div><\/div><div class=\"fusion-clearfix\"><\/div><\/div><\/div><\/div><\/div><\/p>","protected":false},"excerpt":{"rendered":"","protected":false},"author":7,"featured_media":0,"parent":0,"menu_order":0,"comment_status":"closed","ping_status":"closed","template":"100-width.php","meta":{"footnotes":""},"class_list":["post-18607","page","type-page","status-publish","hentry"],"_links":{"self":[{"href":"https:\/\/www.prismalife.com\/nl\/wp-json\/wp\/v2\/pages\/18607","targetHints":{"allow":["GET"]}}],"collection":[{"href":"https:\/\/www.prismalife.com\/nl\/wp-json\/wp\/v2\/pages"}],"about":[{"href":"https:\/\/www.prismalife.com\/nl\/wp-json\/wp\/v2\/types\/page"}],"author":[{"embeddable":true,"href":"https:\/\/www.prismalife.com\/nl\/wp-json\/wp\/v2\/users\/7"}],"replies":[{"embeddable":true,"href":"https:\/\/www.prismalife.com\/nl\/wp-json\/wp\/v2\/comments?post=18607"}],"version-history":[{"count":4,"href":"https:\/\/www.prismalife.com\/nl\/wp-json\/wp\/v2\/pages\/18607\/revisions"}],"predecessor-version":[{"id":19040,"href":"https:\/\/www.prismalife.com\/nl\/wp-json\/wp\/v2\/pages\/18607\/revisions\/19040"}],"wp:attachment":[{"href":"https:\/\/www.prismalife.com\/nl\/wp-json\/wp\/v2\/media?parent=18607"}],"curies":[{"name":"wp","href":"https:\/\/api.w.org\/{rel}","templated":true}]}}