{"id":26342,"date":"2025-01-13T16:16:14","date_gmt":"2025-01-13T15:16:14","guid":{"rendered":"https:\/\/www.prismalife.com\/?page_id=26342"},"modified":"2025-01-13T16:16:14","modified_gmt":"2025-01-13T15:16:14","slug":"dje020125","status":"publish","type":"page","link":"https:\/\/www.prismalife.com\/nl\/dje020125\/","title":{"rendered":"DJE020125"},"content":{"rendered":"<p><div class=\"fusion-fullwidth fullwidth-box fusion-builder-row-1 nonhundred-percent-fullwidth non-hundred-percent-height-scrolling\" style=\"--awb-border-radius-top-left:0px;--awb-border-radius-top-right:0px;--awb-border-radius-bottom-right:0px;--awb-border-radius-bottom-left:0px;--awb-padding-right:10px;--awb-padding-left:10px;--awb-flex-wrap:wrap;\" ><div class=\"fusion-builder-row fusion-row\"><div class=\"fusion-layout-column fusion_builder_column fusion-builder-column-0 fusion_builder_column_1_1 1_1 fusion-one-full fusion-column-first fusion-column-last padding-content-datenschutz\" style=\"--awb-bg-size:cover;\"><div class=\"fusion-column-wrapper fusion-column-has-shadow fusion-flex-column-wrapper-legacy\"><div class=\"fusion-text fusion-text-1\"><p><span data-mce-type=\"bookmark\" style=\"display: inline-block; width: 0px; overflow: hidden; line-height: 0;\" class=\"mce_SELRES_start\"><span data-mce-type=\"bookmark\" style=\"display: inline-block; width: 0px; overflow: hidden; line-height: 0;\" class=\"mce_SELRES_start\">\ufeff<\/span>\ufeff<\/span>02.01.2025<\/p>\n<\/div><div class=\"fusion-text fusion-text-2\"><h1><span data-mce-type=\"bookmark\" style=\"display: inline-block; width: 0px; overflow: hidden; line-height: 0;\" class=\"mce_SELRES_start\">\ufeff<\/span>Fondsschliessung des DJE &#8211; Agrar &#038; Ern\u00e4hrung I (EUR)<br \/>\nund \u00dcbertrag der Fondsanteile auf den DJE &#8211; Europa I (EUR)<\/h1>\n<\/div><div class=\"fusion-clearfix\"><\/div><\/div><\/div><div class=\"fusion-layout-column fusion_builder_column fusion-builder-column-1 fusion_builder_column_1_1 1_1 fusion-one-full fusion-column-first fusion-column-last padding-content-datenschutz\" style=\"--awb-bg-size:cover;\"><div class=\"fusion-column-wrapper fusion-flex-column-wrapper-legacy\"><div class=\"fusion-text fusion-text-3\"><div style=\"display: table-row;\">\n<div style=\"display: table-cell; width: 30px;\"><img decoding=\"async\" class=\"lazyload pfeil\" src=\"data:image\/svg+xml,%3Csvg%20xmlns%3D%27http%3A%2F%2Fwww.w3.org%2F2000%2Fsvg%27%20width%3D%2714%27%20height%3D%2728%27%20viewBox%3D%270%200%2014%2028%27%3E%3Crect%20width%3D%2714%27%20height%3D%2728%27%20fill-opacity%3D%220%22%2F%3E%3C%2Fsvg%3E\" data-orig-src=\"https:\/\/www.prismalife.com\/wp-content\/uploads\/2019\/03\/pfeil-content.png\" alt=\"\" \/><\/div>\n<div style=\"display: table-cell;\">\n<p>Die Verwaltungsgesellschaft des Fonds \u00ab<a href=\"https:\/\/www.prismalife.com\/wp-content\/uploads\/2025\/01\/KID-DJE-Agrar-Ernahrung-I-EUR.pdf\">DJE &#8211; Agrar &amp; Ern\u00e4hrung I (EUR)<\/a>\u00bb (WKN A0NGGD \/ ISIN LU0350836184) hat entschieden diesen per 02.01.2025 mit dem Fonds \u00ab<a href=\"https:\/\/www.prismalife.com\/wp-content\/uploads\/2025\/01\/KID-DJE-Europa-I-EUR.pdf\">DJE &#8211; Europa I (EUR)<\/a>\u00bb (WKN 164316 \/ ISIN LU0159550408) zu verschmelzen. Die Verschmelzung wurde von der Verwaltungsgesellschaft aus wirtschaftlichen und gesch\u00e4ftspolitischen Gr\u00fcnden sowie im Sinne der Produktstraffung beschlossen. Die Integration des \u00fcbertragenden Teilfonds in den \u00fcbernehmenden Teilfonds soll eine wirtschaftlich effizientere Verwaltung zu Gunsten der Anteilinhaber erm\u00f6glichen.<\/p>\n<p>Detaillierte Informationen zur Fondsaufl\u00f6sung und eine \u00dcbersicht \u00fcber die wichtigsten Unterschiede und Gemeinsamkeiten der beiden Fonds finden Sie im Schreiben der <a href=\"https:\/\/www.prismalife.com\/wp-content\/uploads\/2025\/01\/Mitteilung-an-die-Anteilseigner_DJE.pdf\">DJE Investment S.A.<\/a><\/p>\n<p>F\u00fcr bereits in den Fonds \u00abDJE &#8211; Agrar &amp; Ern\u00e4hrung I (EUR)\u00bb investierte Kunden hat unser Verantwortlicher Aktuar im Einklang mit den vertraglichen Grundlagen entschieden die Anlagestrategie anzupassen und das Fondsverm\u00f6gen im Fonds \u00abDJE &#8211; Agrar &amp; Ern\u00e4hrung I (EUR)\u00bb in den Fonds \u00abDJE &#8211; Europa I (EUR)\u00bb umzuschichten.<\/p>\n<p>Wichtig f\u00fcr betroffene Kunden:<\/p>\n<ul>\n<li>Beide Fonds haben ein vergleichbares Risikoprofil.<\/li>\n<li>Diese Anpassung ist f\u00fcr Kunden selbstverst\u00e4ndlich kostenlos.<\/li>\n<li>Kunden brauchen nichts zu unternehmen, wir nehmen alle erforderlichen Anpassungen vor.<\/li>\n<li>Kunden k\u00f6nnen jederzeit ihre Fondsauswahl \u00e4ndern. Hierf\u00fcr ist das entsprechende Formular im Kundenportal zu verwenden.<\/li>\n<\/ul>\n<\/div>\n<\/div>\n<\/div><div class=\"fusion-clearfix\"><\/div><\/div><\/div><\/div><\/div><div class=\"fusion-fullwidth fullwidth-box fusion-builder-row-2 nonhundred-percent-fullwidth non-hundred-percent-height-scrolling\" style=\"--awb-border-radius-top-left:0px;--awb-border-radius-top-right:0px;--awb-border-radius-bottom-right:0px;--awb-border-radius-bottom-left:0px;--awb-margin-bottom:50px;--awb-background-color:rgba(0,140,132,0.1);--awb-flex-wrap:wrap;\" ><div class=\"fusion-builder-row fusion-row\"><div class=\"fusion-layout-column fusion_builder_column fusion-builder-column-2 fusion_builder_column_1_1 1_1 fusion-one-full fusion-column-first fusion-column-last padding-content-datenschutz\" style=\"--awb-padding-top:40px;--awb-bg-size:cover;\"><div class=\"fusion-column-wrapper fusion-flex-column-wrapper-legacy\"><div class=\"accordian fusion-accordian\" style=\"--awb-border-size:0px;--awb-icon-size:30px;--awb-content-font-size:1.25em;--awb-icon-alignment:right;--awb-hover-color:#ffffff;--awb-border-color:#ffffff;--awb-background-color:#ffffff;--awb-divider-color:#e0dede;--awb-divider-hover-color:#e0dede;--awb-icon-color:rgba(0,140,132,0);--awb-title-color:#008c84;--awb-content-color:#020202;--awb-icon-box-color:#ffffff;--awb-toggle-hover-accent-color:#008c84;--awb-title-font-family:&quot;Source Sans Pro&quot;;--awb-title-font-weight:700;--awb-title-font-style:normal;--awb-title-font-size:0.8em;--awb-content-font-family:&quot;Source Serif Pro&quot;;--awb-content-font-style:normal;--awb-content-font-weight:300;\"><div class=\"panel-group fusion-toggle-icon-right fusion-toggle-icon-unboxed\" id=\"accordion-26342-1\"><div class=\"fusion-panel panel-default panel-f3854f903d4889d9d fusion-toggle-no-divider\" style=\"--awb-title-color:#008c84;--awb-content-color:#020202;\"><div class=\"panel-heading\"><h4 class=\"panel-title toggle\" id=\"toggle_f3854f903d4889d9d\"><a aria-expanded=\"false\" aria-controls=\"f3854f903d4889d9d\" role=\"button\" data-toggle=\"collapse\" data-parent=\"#accordion-26342-1\" data-target=\"#f3854f903d4889d9d\" href=\"#f3854f903d4889d9d\"><span class=\"fusion-toggle-icon-wrapper\" aria-hidden=\"true\"><i class=\"fa-fusion-box active-icon awb-icon-minus\" aria-hidden=\"true\"><\/i><i class=\"fa-fusion-box inactive-icon awb-icon-plus\" aria-hidden=\"true\"><\/i><\/span><span class=\"fusion-toggle-heading\">Download Dokumente<\/span><\/a><\/h4><\/div><div id=\"f3854f903d4889d9d\" class=\"panel-collapse collapse \" aria-labelledby=\"toggle_f3854f903d4889d9d\"><div class=\"panel-body toggle-content fusion-clearfix\"><a href=\"https:\/\/www.prismalife.com\/wp-content\/uploads\/2025\/01\/Mitteilung-an-die-Anteilseigner_DJE.pdf\" target=\"_blank\" rel=\"noopener noreferrer\"><span data-mce-type=\"bookmark\" style=\"display: inline-block; width: 0px; overflow: hidden; line-height: 0;\" class=\"mce_SELRES_start\">\ufeff<\/span><img decoding=\"async\" class=\"lazyload text-link-pfeil1\" src=\"data:image\/svg+xml,%3Csvg%20xmlns%3D%27http%3A%2F%2Fwww.w3.org%2F2000%2Fsvg%27%20width%3D%2758%27%20height%3D%2715%27%20viewBox%3D%270%200%2058%2015%27%3E%3Crect%20width%3D%2758%27%20height%3D%2715%27%20fill-opacity%3D%220%22%2F%3E%3C%2Fsvg%3E\" data-orig-src=\"https:\/\/www.prismalife.com\/wp-content\/uploads\/2019\/04\/arrow_link@2x.png\" alt=\"\" width=\"58\" height=\"15\"> Mitteilung an die Anteilsinhaber des DJE &#8211; Agrar &#038; Ern\u00e4hrung I (EUR)  (PDF)<\/a><\/p>\n<p><a href=\"https:\/\/www.prismalife.com\/wp-content\/uploads\/2025\/01\/KID-DJE-Agrar-Ernahrung-I-EUR.pdf\" target=\"_blank\" rel=\"noopener noreferrer\"><img decoding=\"async\" class=\"lazyload text-link-pfeil1\" src=\"data:image\/svg+xml,%3Csvg%20xmlns%3D%27http%3A%2F%2Fwww.w3.org%2F2000%2Fsvg%27%20width%3D%2758%27%20height%3D%2715%27%20viewBox%3D%270%200%2058%2015%27%3E%3Crect%20width%3D%2758%27%20height%3D%2715%27%20fill-opacity%3D%220%22%2F%3E%3C%2Fsvg%3E\" data-orig-src=\"https:\/\/www.prismalife.com\/wp-content\/uploads\/2019\/04\/arrow_link@2x.png\" alt=\"\" width=\"58\" height=\"15\"> Basisinformationsblatt des DJE &#8211; Agrar &#038; Ern\u00e4hrung I (EUR) (PDF)<\/a><\/p>\n<p><a href=\"https:\/\/www.prismalife.com\/wp-content\/uploads\/2025\/01\/KID-DJE-Europa-I-EUR.pdf\" target=\"_blank\" rel=\"noopener noreferrer\"><img decoding=\"async\" class=\"lazyload text-link-pfeil1\" src=\"data:image\/svg+xml,%3Csvg%20xmlns%3D%27http%3A%2F%2Fwww.w3.org%2F2000%2Fsvg%27%20width%3D%2758%27%20height%3D%2715%27%20viewBox%3D%270%200%2058%2015%27%3E%3Crect%20width%3D%2758%27%20height%3D%2715%27%20fill-opacity%3D%220%22%2F%3E%3C%2Fsvg%3E\" data-orig-src=\"https:\/\/www.prismalife.com\/wp-content\/uploads\/2019\/04\/arrow_link@2x.png\" alt=\"\" width=\"58\" height=\"15\"> Basisinformationsblatt des DJE &#8211; Europa I (EUR) (PDF)<\/a><\/div><\/div><\/div><\/div><\/div><div class=\"fusion-clearfix\"><\/div><\/div><\/div><\/div><\/div><\/p>","protected":false},"excerpt":{"rendered":"","protected":false},"author":7,"featured_media":0,"parent":0,"menu_order":0,"comment_status":"closed","ping_status":"closed","template":"100-width.php","meta":{"footnotes":""},"class_list":["post-26342","page","type-page","status-publish","hentry"],"_links":{"self":[{"href":"https:\/\/www.prismalife.com\/nl\/wp-json\/wp\/v2\/pages\/26342","targetHints":{"allow":["GET"]}}],"collection":[{"href":"https:\/\/www.prismalife.com\/nl\/wp-json\/wp\/v2\/pages"}],"about":[{"href":"https:\/\/www.prismalife.com\/nl\/wp-json\/wp\/v2\/types\/page"}],"author":[{"embeddable":true,"href":"https:\/\/www.prismalife.com\/nl\/wp-json\/wp\/v2\/users\/7"}],"replies":[{"embeddable":true,"href":"https:\/\/www.prismalife.com\/nl\/wp-json\/wp\/v2\/comments?post=26342"}],"version-history":[{"count":3,"href":"https:\/\/www.prismalife.com\/nl\/wp-json\/wp\/v2\/pages\/26342\/revisions"}],"predecessor-version":[{"id":26360,"href":"https:\/\/www.prismalife.com\/nl\/wp-json\/wp\/v2\/pages\/26342\/revisions\/26360"}],"wp:attachment":[{"href":"https:\/\/www.prismalife.com\/nl\/wp-json\/wp\/v2\/media?parent=26342"}],"curies":[{"name":"wp","href":"https:\/\/api.w.org\/{rel}","templated":true}]}}