{"id":26752,"date":"2025-06-11T14:14:41","date_gmt":"2025-06-11T12:14:41","guid":{"rendered":"https:\/\/www.prismalife.com\/?page_id=26752"},"modified":"2025-06-11T14:23:12","modified_gmt":"2025-06-11T12:23:12","slug":"cpct202505","status":"publish","type":"page","link":"https:\/\/www.prismalife.com\/nl\/cpct202505\/","title":{"rendered":"CPCT202505"},"content":{"rendered":"<p><div class=\"fusion-fullwidth fullwidth-box fusion-builder-row-1 nonhundred-percent-fullwidth non-hundred-percent-height-scrolling\" style=\"--awb-border-radius-top-left:0px;--awb-border-radius-top-right:0px;--awb-border-radius-bottom-right:0px;--awb-border-radius-bottom-left:0px;--awb-padding-right:10px;--awb-padding-left:10px;--awb-flex-wrap:wrap;\" ><div class=\"fusion-builder-row fusion-row\"><div class=\"fusion-layout-column fusion_builder_column fusion-builder-column-0 fusion_builder_column_1_1 1_1 fusion-one-full fusion-column-first fusion-column-last padding-content-datenschutz\" style=\"--awb-bg-size:cover;\"><div class=\"fusion-column-wrapper fusion-column-has-shadow fusion-flex-column-wrapper-legacy\"><div class=\"fusion-text fusion-text-1\"><p><span data-mce-type=\"bookmark\" style=\"display: inline-block; width: 0px; overflow: hidden; line-height: 0;\" class=\"\"><span data-mce-type=\"bookmark\" style=\"display: inline-block; width: 0px; overflow: hidden; line-height: 0;\" class=\"mce_SELRES_start\">\ufeff<\/span><span data-mce-type=\"bookmark\" style=\"display: inline-block; width: 0px; overflow: hidden; line-height: 0;\" class=\"mce_SELRES_start\">\ufeff<\/span>\ufeff<\/span>02.06.2025<span data-mce-type=\"bookmark\" style=\"display: inline-block; width: 0px; overflow: hidden; line-height: 0;\" class=\"mce_SELRES_start\">\ufeff<\/span><\/p>\n<\/div><div class=\"fusion-text fusion-text-2\"><h1><span data-mce-type=\"bookmark\" style=\"display: inline-block; width: 0px; overflow: hidden; line-height: 0;\" class=\"\">\ufeff<\/span><span data-mce-type=\"bookmark\" style=\"display: inline-block; width: 0px; overflow: hidden; line-height: 0;\" class=\"mce_SELRES_start\">\ufeff<\/span>Fondsschliessung des Carmignac Portfolio Climate Transition A EUR Acc und \u00dcbertrag der Fondsanteile auf den Amundi Funds &#8211; Global Equity Responsible E2 EUR (C)<br \/>\n<\/h1>\n<\/div><div class=\"fusion-clearfix\"><\/div><\/div><\/div><div class=\"fusion-layout-column fusion_builder_column fusion-builder-column-1 fusion_builder_column_1_1 1_1 fusion-one-full fusion-column-first fusion-column-last padding-content-datenschutz\" style=\"--awb-bg-size:cover;\"><div class=\"fusion-column-wrapper fusion-flex-column-wrapper-legacy\"><div class=\"fusion-text fusion-text-3\"><div style=\"display: table-row;\">\n<p>\u00a0<\/p>\n<p>\u00a0<\/p>\n<div style=\"display: table-cell; width: 30px;\"><img decoding=\"async\" class=\"lazyload pfeil\" src=\"data:image\/svg+xml,%3Csvg%20xmlns%3D%27http%3A%2F%2Fwww.w3.org%2F2000%2Fsvg%27%20width%3D%2714%27%20height%3D%2728%27%20viewBox%3D%270%200%2014%2028%27%3E%3Crect%20width%3D%2714%27%20height%3D%2728%27%20fill-opacity%3D%220%22%2F%3E%3C%2Fsvg%3E\" data-orig-src=\"https:\/\/www.prismalife.com\/wp-content\/uploads\/2019\/03\/pfeil-content.png\" alt=\"\" \/><\/div>\n<div style=\"display: table-cell;\">\n<p>Die Verwaltungsgesellschaft des Fonds <a href=\"https:\/\/www.prismalife.com\/wp-content\/uploads\/2025\/06\/PRIIP_KID_LU0164455502_Carmignac-Portfolio-Climate-Transition.pdf\">\u00abCarmignac Portfolio Climate Transition A EUR Acc\u00bb<\/a> (WKN 914233 \/ ISIN LU0164455502) hat entschieden diesen per 05.06.2025 mit dem Fonds \u00abCarmignac Portfolio Tech Solutions A EUR Acc\u00bb (WKN A40BRU \/ ISIN LU2809794220) zu verschmelzen. Die Verschmelzung wurde von der Verwaltungsgesellschaft aus wirtschaftlichen und gesch\u00e4ftspolitischen Gr\u00fcnden beschlossen.<\/p>\n<p>Detaillierte Informationen zur Fondsaufl\u00f6sung finden Sie im Schreiben der <a href=\"https:\/\/www.prismalife.com\/wp-content\/uploads\/2025\/06\/Mitteilung-an-die-Anteilsinhaber.pdf\">CARMIGNAC GESTION LUXEMBOURG<\/a>.<\/p>\n<p>Da der Fonds \u00abCarmignac Portfolio Tech Solutions &#8211; A EUR ACC\u00bb nicht Bestandteil unserer Fondspalette ist, hat unser Verantwortlicher Aktuar f\u00fcr bereits in den Fonds \u00abCarmignac Portfolio Climate Transition A EUR Acc\u00bb investierte Kunden entschieden die Anlagestrategie anzupassen und das Fondsverm\u00f6gen im Fonds \u00abCarmignac Portfolio Climate Transition A EUR Acc\u00bb in den Fonds unserer Fondspalette umzuschichten, der dem geschlossenen Fonds vom Anlageprofil her am n\u00e4chsten liegt. Die Umschichtung erfolgt in den Fonds <a href=\"https:\/\/www.prismalife.com\/wp-content\/uploads\/2025\/06\/PRIIP_KID_LU1883319714_AMUNDI-FUNDS-GLOBAL-EQUITY-RESPONSIBLE.pdf\">\u00abAmundi Funds &#8211; Global Equity Responsible E2 EUR (C)\u00bb<\/a> (WKN A2PCQ2 \/ ISIN LU1883319714).<\/p>\n<p>Die R\u00fcckgabe der Fondsanteile des \u00abCarmignac Portfolio Climate Transition A EUR Acc\u00bb erfolgte zum letzten m\u00f6glichen Datum vor der Aufl\u00f6sung des Fonds am 27.05.2025. Die Investition in den \u00abAmundi Funds &#8211; Global Equity Responsible E2 EUR (C)\u00bb erfolgte nach Gutschrift des Verkaufserl\u00f6ses per 02.06.2025.<\/p>\n<p>Wichtig f\u00fcr betroffene Kunden:<\/p>\n<ul>\n<li>Der geschlossene Fonds fiel in Risikoklasse SRI 5, der neue Fonds f\u00e4llt in Risikoklasse SRI 4.<\/li>\n<li>Beide Fonds haben eine vergleichbare Anlagestrategie.<\/li>\n<li>Diese Anpassung ist f\u00fcr Kunden selbstverst\u00e4ndlich kostenlos.<\/li>\n<li>Kunden brauchen nichts zu unternehmen, wir nehmen alle erforderlichen Anpassungen vor.<\/li>\n<li>Kunden k\u00f6nnen jederzeit ihre Fondsauswahl \u00e4ndern. Hierf\u00fcr ist das entsprechende Formular im Kundenportal zu verwenden.<\/li>\n<\/ul>\n<\/div>\n<\/div>\n<\/div><div class=\"fusion-clearfix\"><\/div><\/div><\/div><\/div><\/div><div class=\"fusion-fullwidth fullwidth-box fusion-builder-row-2 nonhundred-percent-fullwidth non-hundred-percent-height-scrolling\" style=\"--awb-border-radius-top-left:0px;--awb-border-radius-top-right:0px;--awb-border-radius-bottom-right:0px;--awb-border-radius-bottom-left:0px;--awb-margin-bottom:50px;--awb-background-color:rgba(0,140,132,0.1);--awb-flex-wrap:wrap;\" ><div class=\"fusion-builder-row fusion-row\"><div class=\"fusion-layout-column fusion_builder_column fusion-builder-column-2 fusion_builder_column_1_1 1_1 fusion-one-full fusion-column-first fusion-column-last padding-content-datenschutz\" style=\"--awb-padding-top:40px;--awb-bg-size:cover;\"><div class=\"fusion-column-wrapper fusion-flex-column-wrapper-legacy\"><div class=\"accordian fusion-accordian\" style=\"--awb-border-size:0px;--awb-icon-size:30px;--awb-content-font-size:1.25em;--awb-icon-alignment:right;--awb-hover-color:#ffffff;--awb-border-color:#ffffff;--awb-background-color:#ffffff;--awb-divider-color:#e0dede;--awb-divider-hover-color:#e0dede;--awb-icon-color:rgba(0,140,132,0);--awb-title-color:#008c84;--awb-content-color:#020202;--awb-icon-box-color:#ffffff;--awb-toggle-hover-accent-color:#008c84;--awb-title-font-family:&quot;Source Sans Pro&quot;;--awb-title-font-weight:700;--awb-title-font-style:normal;--awb-title-font-size:0.8em;--awb-content-font-family:&quot;Source Serif Pro&quot;;--awb-content-font-style:normal;--awb-content-font-weight:300;\"><div class=\"panel-group fusion-toggle-icon-right fusion-toggle-icon-unboxed\" id=\"accordion-26752-1\"><div class=\"fusion-panel panel-default panel-ed11d7adcfb3f3e94 fusion-toggle-no-divider\" style=\"--awb-title-color:#008c84;--awb-content-color:#020202;\"><div class=\"panel-heading\"><h4 class=\"panel-title toggle\" id=\"toggle_ed11d7adcfb3f3e94\"><a aria-expanded=\"false\" aria-controls=\"ed11d7adcfb3f3e94\" role=\"button\" data-toggle=\"collapse\" data-parent=\"#accordion-26752-1\" data-target=\"#ed11d7adcfb3f3e94\" href=\"#ed11d7adcfb3f3e94\"><span class=\"fusion-toggle-icon-wrapper\" aria-hidden=\"true\"><i class=\"fa-fusion-box active-icon awb-icon-minus\" aria-hidden=\"true\"><\/i><i class=\"fa-fusion-box inactive-icon awb-icon-plus\" aria-hidden=\"true\"><\/i><\/span><span class=\"fusion-toggle-heading\">Download Dokumente<\/span><\/a><\/h4><\/div><div id=\"ed11d7adcfb3f3e94\" class=\"panel-collapse collapse \" aria-labelledby=\"toggle_ed11d7adcfb3f3e94\"><div class=\"panel-body toggle-content fusion-clearfix\"><a href=\"https:\/\/www.prismalife.com\/wp-content\/uploads\/2025\/06\/Mitteilung-an-die-Anteilsinhaber.pdf\" target=\"_blank\" rel=\"noopener noreferrer\" style=\"white-space: nowrap; display: inline-flex; align-items: center;\"><br \/>\n    <img decoding=\"async\" class=\"lazyload text-link-pfeil1\" src=\"data:image\/svg+xml,%3Csvg%20xmlns%3D%27http%3A%2F%2Fwww.w3.org%2F2000%2Fsvg%27%20width%3D%2758%27%20height%3D%2715%27%20viewBox%3D%270%200%2058%2015%27%3E%3Crect%20width%3D%2758%27%20height%3D%2715%27%20fill-opacity%3D%220%22%2F%3E%3C%2Fsvg%3E\" data-orig-src=\"https:\/\/www.prismalife.com\/wp-content\/uploads\/2019\/04\/arrow_link@2x.png\" alt=\"\" width=\"58\" height=\"15\" style=\"margin-right: 5px; vertical-align: middle;\"><br \/>\n    Mitteilung an die Anteilsinhaber des Carmignac Portfolio Climate Transition A EUR Acc (PDF)<br \/>\n<\/a><\/p>\n<p><a href=\"https:\/\/www.prismalife.com\/wp-content\/uploads\/2025\/06\/PRIIP_KID_LU0164455502_Carmignac-Portfolio-Climate-Transition.pdf\" target=\"_blank\" rel=\"noopener noreferrer\" style=\"white-space: nowrap; display: inline-flex; align-items: center;\"><br \/>\n    <img decoding=\"async\" class=\"lazyload text-link-pfeil1\" src=\"data:image\/svg+xml,%3Csvg%20xmlns%3D%27http%3A%2F%2Fwww.w3.org%2F2000%2Fsvg%27%20width%3D%2758%27%20height%3D%2715%27%20viewBox%3D%270%200%2058%2015%27%3E%3Crect%20width%3D%2758%27%20height%3D%2715%27%20fill-opacity%3D%220%22%2F%3E%3C%2Fsvg%3E\" data-orig-src=\"https:\/\/www.prismalife.com\/wp-content\/uploads\/2019\/04\/arrow_link@2x.png\" alt=\"\" width=\"58\" height=\"15\" style=\"margin-right: 5px; vertical-align: middle;\"><br \/>\n    Basisinformationsblatt des Carmignac Portfolio Climate Transition A EUR Acc (PDF)<br \/>\n<\/a><\/p>\n<p><a href=\"https:\/\/www.prismalife.com\/wp-content\/uploads\/2025\/06\/SFDRPreContractualAnnex_LU0164455502_DE_marketALL_20250507.pdf\" target=\"_blank\" rel=\"noopener noreferrer\" style=\"white-space: nowrap; display: inline-flex; align-items: center;\"><br \/>\n    <img decoding=\"async\" class=\"lazyload text-link-pfeil1\" src=\"data:image\/svg+xml,%3Csvg%20xmlns%3D%27http%3A%2F%2Fwww.w3.org%2F2000%2Fsvg%27%20width%3D%2758%27%20height%3D%2715%27%20viewBox%3D%270%200%2058%2015%27%3E%3Crect%20width%3D%2758%27%20height%3D%2715%27%20fill-opacity%3D%220%22%2F%3E%3C%2Fsvg%3E\" data-orig-src=\"https:\/\/www.prismalife.com\/wp-content\/uploads\/2019\/04\/arrow_link@2x.png\" alt=\"\" width=\"58\" height=\"15\" style=\"margin-right: 5px; vertical-align: middle;\"><br \/>\n    Vorvertragliche ESG Informationen des Carmignac Portfolio Climate Transition A EUR Acc (PDF)<br \/>\n<\/a><\/p>\n<p><a href=\"https:\/\/www.prismalife.com\/wp-content\/uploads\/2025\/06\/SFDRPeriodicAnnex_LU0164455502_DE_coAnnualReport_20221231.pdf\" target=\"_blank\" rel=\"noopener noreferrer\" style=\"white-space: nowrap; display: inline-flex; align-items: center;\"><br \/>\n    <img decoding=\"async\" class=\"lazyload text-link-pfeil1\" src=\"data:image\/svg+xml,%3Csvg%20xmlns%3D%27http%3A%2F%2Fwww.w3.org%2F2000%2Fsvg%27%20width%3D%2758%27%20height%3D%2715%27%20viewBox%3D%270%200%2058%2015%27%3E%3Crect%20width%3D%2758%27%20height%3D%2715%27%20fill-opacity%3D%220%22%2F%3E%3C%2Fsvg%3E\" data-orig-src=\"https:\/\/www.prismalife.com\/wp-content\/uploads\/2019\/04\/arrow_link@2x.png\" alt=\"\" width=\"58\" height=\"15\" style=\"margin-right: 5px; vertical-align: middle;\"><br \/>\n    Regelm\u00e4ssige ESG Informationen des Carmignac Portfolio Climate Transition A EUR Acc (PDF)<br \/>\n<\/a><\/p>\n<p><a href=\"https:\/\/www.prismalife.com\/wp-content\/uploads\/2025\/06\/PRIIP_KID_LU1883319714_AMUNDI-FUNDS-GLOBAL-EQUITY-RESPONSIBLE.pdf\" target=\"_blank\" rel=\"noopener noreferrer\" style=\"white-space: nowrap; display: inline-flex; align-items: center;\"><br \/>\n    <img decoding=\"async\" class=\"lazyload text-link-pfeil1\" src=\"data:image\/svg+xml,%3Csvg%20xmlns%3D%27http%3A%2F%2Fwww.w3.org%2F2000%2Fsvg%27%20width%3D%2758%27%20height%3D%2715%27%20viewBox%3D%270%200%2058%2015%27%3E%3Crect%20width%3D%2758%27%20height%3D%2715%27%20fill-opacity%3D%220%22%2F%3E%3C%2Fsvg%3E\" data-orig-src=\"https:\/\/www.prismalife.com\/wp-content\/uploads\/2019\/04\/arrow_link@2x.png\" alt=\"\" width=\"58\" height=\"15\" style=\"margin-right: 5px; vertical-align: middle;\"><br \/>\n    Basisinformationsblatt des Amundi Funds &#8211; Global Equity Responsible E2 EUR (C) (PDF)<br \/>\n<\/a><\/p>\n<p><a href=\"https:\/\/www.prismalife.com\/wp-content\/uploads\/2025\/06\/SFDRPreContractualAnnex_LU1883319714_DE_coProspectus_20250505.pdf\" target=\"_blank\" rel=\"noopener noreferrer\" style=\"white-space: nowrap; display: inline-flex; align-items: center;\"><br \/>\n    <img decoding=\"async\" class=\"lazyload text-link-pfeil1\" src=\"data:image\/svg+xml,%3Csvg%20xmlns%3D%27http%3A%2F%2Fwww.w3.org%2F2000%2Fsvg%27%20width%3D%2758%27%20height%3D%2715%27%20viewBox%3D%270%200%2058%2015%27%3E%3Crect%20width%3D%2758%27%20height%3D%2715%27%20fill-opacity%3D%220%22%2F%3E%3C%2Fsvg%3E\" data-orig-src=\"https:\/\/www.prismalife.com\/wp-content\/uploads\/2019\/04\/arrow_link@2x.png\" alt=\"\" width=\"58\" height=\"15\" style=\"margin-right: 5px; vertical-align: middle;\"><br \/>\n    Vorvertragliche ESG Informationen des Amundi Funds &#8211; Global Equity Responsible E2 EUR (C) (PDF)<br \/>\n<\/a><\/p>\n<p><a href=\"https:\/\/www.prismalife.com\/wp-content\/uploads\/2025\/06\/SFDRPeriodicAnnex_LU1883319714_DE_marketALL_20230630.pdf\" target=\"_blank\" rel=\"noopener noreferrer\" style=\"white-space: nowrap; display: inline-flex; align-items: center;\"><br \/>\n    <img decoding=\"async\" class=\"lazyload text-link-pfeil1\" src=\"data:image\/svg+xml,%3Csvg%20xmlns%3D%27http%3A%2F%2Fwww.w3.org%2F2000%2Fsvg%27%20width%3D%2758%27%20height%3D%2715%27%20viewBox%3D%270%200%2058%2015%27%3E%3Crect%20width%3D%2758%27%20height%3D%2715%27%20fill-opacity%3D%220%22%2F%3E%3C%2Fsvg%3E\" data-orig-src=\"https:\/\/www.prismalife.com\/wp-content\/uploads\/2019\/04\/arrow_link@2x.png\" alt=\"\" width=\"58\" height=\"15\" style=\"margin-right: 5px; vertical-align: middle;\"><br \/>\n    Regelm\u00e4ssige ESG Informationen des Amundi Funds &#8211; Global Equity Responsible E2 EUR (C) (PDF)<br \/>\n<\/a><\/div><\/div><\/div><\/div><\/div><div class=\"fusion-clearfix\"><\/div><\/div><\/div><\/div><\/div><\/p>","protected":false},"excerpt":{"rendered":"","protected":false},"author":7,"featured_media":0,"parent":0,"menu_order":0,"comment_status":"closed","ping_status":"closed","template":"100-width.php","meta":{"footnotes":""},"class_list":["post-26752","page","type-page","status-publish","hentry"],"_links":{"self":[{"href":"https:\/\/www.prismalife.com\/nl\/wp-json\/wp\/v2\/pages\/26752","targetHints":{"allow":["GET"]}}],"collection":[{"href":"https:\/\/www.prismalife.com\/nl\/wp-json\/wp\/v2\/pages"}],"about":[{"href":"https:\/\/www.prismalife.com\/nl\/wp-json\/wp\/v2\/types\/page"}],"author":[{"embeddable":true,"href":"https:\/\/www.prismalife.com\/nl\/wp-json\/wp\/v2\/users\/7"}],"replies":[{"embeddable":true,"href":"https:\/\/www.prismalife.com\/nl\/wp-json\/wp\/v2\/comments?post=26752"}],"version-history":[{"count":4,"href":"https:\/\/www.prismalife.com\/nl\/wp-json\/wp\/v2\/pages\/26752\/revisions"}],"predecessor-version":[{"id":26796,"href":"https:\/\/www.prismalife.com\/nl\/wp-json\/wp\/v2\/pages\/26752\/revisions\/26796"}],"wp:attachment":[{"href":"https:\/\/www.prismalife.com\/nl\/wp-json\/wp\/v2\/media?parent=26752"}],"curies":[{"name":"wp","href":"https:\/\/api.w.org\/{rel}","templated":true}]}}