{"id":27002,"date":"2025-08-06T16:00:12","date_gmt":"2025-08-06T14:00:12","guid":{"rendered":"https:\/\/www.prismalife.com\/?page_id=27002"},"modified":"2025-11-05T10:37:54","modified_gmt":"2025-11-05T09:37:54","slug":"duurzaamheidsstrategie","status":"publish","type":"page","link":"https:\/\/www.prismalife.com\/nl\/duurzaamheidsstrategie\/","title":{"rendered":"Duurzaamheidsstrategie"},"content":{"rendered":"<p><div class=\"fusion-fullwidth fullwidth-box fusion-builder-row-1 nonhundred-percent-fullwidth non-hundred-percent-height-scrolling\" style=\"--awb-border-radius-top-left:0px;--awb-border-radius-top-right:0px;--awb-border-radius-bottom-right:0px;--awb-border-radius-bottom-left:0px;--awb-margin-bottom:30px;--awb-flex-wrap:wrap;\" ><div class=\"fusion-builder-row fusion-row\"><div class=\"fusion-layout-column fusion_builder_column fusion-builder-column-0 fusion_builder_column_1_1 1_1 fusion-one-full fusion-column-first fusion-column-last\" style=\"--awb-bg-size:cover;\"><div class=\"fusion-column-wrapper fusion-flex-column-wrapper-legacy\"><div class=\"fusion-builder-row fusion-builder-row-inner fusion-row\"><div class=\"fusion-layout-column fusion_builder_column_inner fusion-builder-nested-column-0 fusion_builder_column_inner_2_3 2_3 fusion-two-third fusion-column-first\" style=\"--awb-bg-size:cover;width:66.666666666667%;width:calc(66.666666666667% - ( ( 4% ) * 0.66666666666667 ) );margin-right: 4%;\"><div class=\"fusion-column-wrapper fusion-column-has-shadow fusion-flex-column-wrapper-legacy\"><div class=\"fusion-text fusion-text-1\"><h1>De Duurzaamheidsstrategie van PrismaLife<\/h1>\n<\/div><div class=\"fusion-text fusion-text-2\"><div id=\"flex-content\">\n<div class=\"img-content\"><img decoding=\"async\" class=\"lazyload pfeil\" src=\"data:image\/svg+xml,%3Csvg%20xmlns%3D%27http%3A%2F%2Fwww.w3.org%2F2000%2Fsvg%27%20width%3D%2714%27%20height%3D%2728%27%20viewBox%3D%270%200%2014%2028%27%3E%3Crect%20width%3D%2714%27%20height%3D%2728%27%20fill-opacity%3D%220%22%2F%3E%3C%2Fsvg%3E\" data-orig-src=\"https:\/\/www.prismalife.com\/wp-content\/uploads\/2019\/03\/pfeil-content.png\" alt=\"\" \/><\/div>\n<div class=\"text-content\">\n<p>De focus op duurzaamheid is een kernpijler van PrismaLife. Om klanten veelzijdige mogelijkheden te bieden om duurzaam te beleggen, breiden wij het aanbod van <a href=\"https:\/\/www.prismalife.com\/nl\/fondsen\">duurzaamheidsfondsen<\/a> systematisch uit. Ook heeft PrismaLife zich voor haar eigen <a href=\"https:\/\/www.prismalife.com\/nl\/duurzaam-investeren\/\">kapitaalinvesteringen<\/a> tot duurzaamheid verplicht. Tegelijkertijd wordt het thema duurzaamheid steeds belangrijker in de activiteiten van PrismaLife &#8211; naast <a href=\"https:\/\/www.prismalife.com\/nl\/esg\/#MilieuKlimaat\">milieuaspecten<\/a> gaat het hierbij ook om sociale kwesties en <a href=\"https:\/\/www.prismalife.com\/nl\/esg\/#CSR\">regels voor governance<\/a>.<\/p>\n<\/div>\n<\/div>\n<\/div><div class=\"fusion-clearfix\"><\/div><\/div><\/div><div class=\"fusion-layout-column fusion_builder_column_inner fusion-builder-nested-column-1 fusion_builder_column_inner_1_3 1_3 fusion-one-third fusion-column-last\" style=\"--awb-bg-size:cover;width:33.333333333333%;width:calc(33.333333333333% - ( ( 4% ) * 0.33333333333333 ) );\"><div class=\"fusion-column-wrapper fusion-column-has-shadow fusion-flex-column-wrapper-legacy\"><div class=\"fusion-image-element in-legacy-container\" style=\"--awb-caption-title-font-family:var(--h2_typography-font-family);--awb-caption-title-font-weight:var(--h2_typography-font-weight);--awb-caption-title-font-style:var(--h2_typography-font-style);--awb-caption-title-size:var(--h2_typography-font-size);--awb-caption-title-transform:var(--h2_typography-text-transform);--awb-caption-title-line-height:var(--h2_typography-line-height);--awb-caption-title-letter-spacing:var(--h2_typography-letter-spacing);\"><span class=\" fusion-imageframe imageframe-none imageframe-1 hover-type-none\"><img decoding=\"async\" width=\"446\" height=\"446\" title=\"img_teaser_02@2x\" src=\"https:\/\/www.prismalife.com\/wp-content\/uploads\/2019\/03\/img_teaser_02@2x.png\" data-orig-src=\"https:\/\/www.prismalife.com\/wp-content\/uploads\/2019\/03\/img_teaser_02@2x.png\" alt class=\"lazyload img-responsive wp-image-272\" srcset=\"data:image\/svg+xml,%3Csvg%20xmlns%3D%27http%3A%2F%2Fwww.w3.org%2F2000%2Fsvg%27%20width%3D%27446%27%20height%3D%27446%27%20viewBox%3D%270%200%20446%20446%27%3E%3Crect%20width%3D%27446%27%20height%3D%27446%27%20fill-opacity%3D%220%22%2F%3E%3C%2Fsvg%3E\" data-srcset=\"https:\/\/www.prismalife.com\/wp-content\/uploads\/2019\/03\/img_teaser_02@2x-200x200.png 200w, https:\/\/www.prismalife.com\/wp-content\/uploads\/2019\/03\/img_teaser_02@2x-400x400.png 400w, https:\/\/www.prismalife.com\/wp-content\/uploads\/2019\/03\/img_teaser_02@2x.png 446w\" data-sizes=\"auto\" data-orig-sizes=\"(max-width: 800px) 100vw, 446px\" \/><\/span><\/div><div class=\"fusion-clearfix\"><\/div><\/div><\/div><\/div><div class=\"fusion-clearfix\"><\/div><\/div><\/div><\/div><\/div><div class=\"fusion-fullwidth fullwidth-box fusion-builder-row-2 nonhundred-percent-fullwidth non-hundred-percent-height-scrolling\" style=\"--awb-border-radius-top-left:0px;--awb-border-radius-top-right:0px;--awb-border-radius-bottom-right:0px;--awb-border-radius-bottom-left:0px;--awb-margin-bottom:30px;--awb-flex-wrap:wrap;\" ><div class=\"fusion-builder-row fusion-row\"><div class=\"fusion-layout-column fusion_builder_column fusion-builder-column-1 fusion_builder_column_1_1 1_1 fusion-one-full fusion-column-first fusion-column-last\" style=\"--awb-bg-size:cover;\"><div class=\"fusion-column-wrapper fusion-flex-column-wrapper-legacy\"><div class=\"fusion-builder-row fusion-builder-row-inner fusion-row\"><div class=\"fusion-layout-column fusion_builder_column_inner fusion-builder-nested-column-2 fusion_builder_column_inner_1_2 1_2 fusion-one-half fusion-column-first\" style=\"--awb-padding-top:30px;--awb-padding-right:30px;--awb-padding-bottom:30px;--awb-padding-left:30px;--awb-bg-size:cover;--awb-border-color:#008c84;--awb-border-top:2px;--awb-border-right:2px;--awb-border-bottom:2px;--awb-border-left:2px;--awb-border-style:solid;width:50%;width:calc(50% - ( ( 4% ) * 0.5 ) );margin-right: 4%;\"><div class=\"fusion-column-wrapper fusion-column-has-shadow fusion-flex-column-wrapper-legacy\"><div class=\"fusion-title title fusion-title-1 fusion-sep-none fusion-title-text fusion-title-size-one\"><h1 class=\"fusion-title-heading title-heading-left fusion-responsive-typography-calculated\" style=\"margin:0;--fontSize:48.75;line-height:1.2;\"><h2><span data-mce-type=\"bookmark\" style=\"display: inline-block; width: 0px; overflow: hidden; line-height: 0;\" class=\"\">\ufeff<\/span>Duurzaamheidsverslag:<\/h2><\/h1><\/div><div class=\"fusion-text fusion-text-3\"><p><span data-mce-type=\"bookmark\" style=\"display: inline-block; width: 0px; overflow: hidden; line-height: 0;\" class=\"\">\ufeff<\/span>Vanaf het boekjaar 2024 wordt PrismaLife opgenomen in het duurzaamheidsverslag van de BarmeniaGothaer-groep. Het groepsverslag bevat een uitgebreide, geconsolideerde niet-financi\u00eble verklaring overeenkomstig de vereisten van de Corporate Sustainability Reporting Directive (CSRD) en de bepalingen van de Taxonomieverordening.<\/p>\n<\/div><div class=\"fusion-text fusion-text-4\"><p style=\"color: #008c84;\"><span data-mce-type=\"bookmark\" style=\"display: inline-block; width: 0px; overflow: hidden; line-height: 0;\" class=\"\">\ufeff<\/span><a class=\"textlink-teaser-vorteile\" title=\"Nachhaltigkeitsbericht\" href=\"https:\/\/www.prismalife.com\/wp-content\/uploads\/2025\/10\/BarmeniaGothaer-Nachhaltigkeitsbericht-2024.pdf\" target=\"_blank\" rel=\"noopener noreferrer\">BarmeniaGothaer Duurzaamheidsverslag 2024<img decoding=\"async\" class=\"lazyload text-link-pfeil\" src=\"data:image\/gif;base64,R0lGODlhAQABAAAAACH5BAEKAAEALAAAAAABAAEAAAICTAEAOw==\" data-orig-src=\"https:\/\/www.prismalife.com\/wp-content\/uploads\/2019\/04\/download@3x.svg\" alt=\"download\" \/><\/a><\/p>\n<\/div><div class=\"fusion-title title fusion-title-2 fusion-sep-none fusion-title-text fusion-title-size-one\"><h1 class=\"fusion-title-heading title-heading-left fusion-responsive-typography-calculated\" style=\"margin:0;--fontSize:48.75;line-height:1.2;\"><h2><span data-mce-type=\"bookmark\" style=\"display: inline-block; width: 0px; overflow: hidden; line-height: 0;\" class=\"\">\ufeff<\/span>ESG-magazine:<\/h2><\/h1><\/div><div class=\"fusion-text fusion-text-5\"><p><span data-mce-type=\"bookmark\" style=\"display: inline-block; width: 0px; overflow: hidden; line-height: 0;\" class=\"\">\ufeff<\/span><br \/>\nHet ESG-magazine beschrijft de visie van PrismaLife op \u00e9\u00e9n van haar strategische pijlers en wordt op vrijwillige basis opgesteld. <\/p>\n<p style=\"color: #008c84;\"><a class=\"textlink-teaser-vorteile\" title=\"ESG-Magazin\" href=\"https:\/\/www.prismalife.com\/wp-content\/uploads\/2025\/10\/25-10-27_2-PrismaLife-ESG-Magazin.pdf\" target=\"_blank\" rel=\"noopener noreferrer\">PrismaLife ESG-magazine<img decoding=\"async\" class=\"lazyload text-link-pfeil\" src=\"data:image\/gif;base64,R0lGODlhAQABAAAAACH5BAEKAAEALAAAAAABAAEAAAICTAEAOw==\" data-orig-src=\"https:\/\/www.prismalife.com\/wp-content\/uploads\/2019\/04\/download@3x.svg\" alt=\"download\" \/><\/a><\/p>\n<\/div><div class=\"fusion-clearfix\"><\/div><\/div><\/div><div class=\"fusion-layout-column fusion_builder_column_inner fusion-builder-nested-column-3 fusion_builder_column_inner_1_2 1_2 fusion-one-half fusion-column-last\" style=\"--awb-bg-size:cover;width:50%;width:calc(50% - ( ( 4% ) * 0.5 ) );\"><div class=\"fusion-column-wrapper fusion-column-has-shadow fusion-flex-column-wrapper-legacy\"><div class=\"fusion-clearfix\"><\/div><\/div><\/div><\/div><div class=\"fusion-clearfix\"><\/div><\/div><\/div><\/div><\/div><div class=\"fusion-fullwidth fullwidth-box fusion-builder-row-3 hideMyContent nonhundred-percent-fullwidth non-hundred-percent-height-scrolling\" style=\"--awb-border-radius-top-left:0px;--awb-border-radius-top-right:0px;--awb-border-radius-bottom-right:0px;--awb-border-radius-bottom-left:0px;--awb-padding-top:30px;--awb-padding-bottom:30px;--awb-margin-top:50px;--awb-margin-bottom:50px;--awb-background-color:rgba(0,140,132,0.1);--awb-flex-wrap:wrap;\" ><div class=\"fusion-builder-row fusion-row\"><div class=\"fusion-layout-column fusion_builder_column fusion-builder-column-2 fusion_builder_column_1_3 1_3 fusion-one-third fusion-column-first\" style=\"--awb-bg-size:cover;width:33.333333333333%;width:calc(33.333333333333% - ( ( 4% ) * 0.33333333333333 ) );margin-right: 4%;\"><div class=\"fusion-column-wrapper fusion-column-has-shadow fusion-flex-column-wrapper-legacy\"><div class=\"fusion-clearfix\"><\/div><\/div><\/div><div class=\"fusion-layout-column fusion_builder_column fusion-builder-column-3 fusion_builder_column_2_3 2_3 fusion-two-third fusion-column-last\" style=\"--awb-bg-size:cover;width:66.666666666667%;width:calc(66.666666666667% - ( ( 4% ) * 0.66666666666667 ) );\"><div class=\"fusion-column-wrapper fusion-column-has-shadow fusion-flex-column-wrapper-legacy\"><div class=\"fusion-text fusion-text-6\"><h2>Aktuelles: Treffen Sie uns auf dem Finance Forum Liechtenstein 2020<\/h2>\n<\/div><div class=\"fusion-clearfix\"><\/div><\/div><\/div><div class=\"fusion-layout-column fusion_builder_column fusion-builder-column-4 fusion_builder_column_1_3 1_3 fusion-one-third fusion-column-first\" style=\"--awb-bg-size:cover;width:33.333333333333%;width:calc(33.333333333333% - ( ( 4% ) * 0.33333333333333 ) );margin-right: 4%;\"><div class=\"fusion-column-wrapper fusion-flex-column-wrapper-legacy\"><div class=\"fusion-image-element fusion-image-align-center in-legacy-container\" style=\"text-align:center;--awb-caption-title-font-family:var(--h2_typography-font-family);--awb-caption-title-font-weight:var(--h2_typography-font-weight);--awb-caption-title-font-style:var(--h2_typography-font-style);--awb-caption-title-size:var(--h2_typography-font-size);--awb-caption-title-transform:var(--h2_typography-text-transform);--awb-caption-title-line-height:var(--h2_typography-line-height);--awb-caption-title-letter-spacing:var(--h2_typography-letter-spacing);\"><div class=\"imageframe-align-center\"><span class=\" fusion-imageframe imageframe-none imageframe-2 hover-type-none\"><a class=\"fusion-no-lightbox\" href=\"https:\/\/www.finance-forum.li\/\" target=\"_blank\" aria-label=\"finance-forum-liechtenstein-logo-2018\" rel=\"noopener noreferrer\"><img decoding=\"async\" width=\"5638\" height=\"1736\" src=\"https:\/\/www.prismalife.com\/wp-content\/uploads\/2020\/08\/finance-forum-liechtenstein-logo-2018.png\" data-orig-src=\"https:\/\/www.prismalife.com\/wp-content\/uploads\/2020\/08\/finance-forum-liechtenstein-logo-2018.png\" alt class=\"lazyload img-responsive wp-image-9717\" srcset=\"data:image\/svg+xml,%3Csvg%20xmlns%3D%27http%3A%2F%2Fwww.w3.org%2F2000%2Fsvg%27%20width%3D%275638%27%20height%3D%271736%27%20viewBox%3D%270%200%205638%201736%27%3E%3Crect%20width%3D%275638%27%20height%3D%271736%27%20fill-opacity%3D%220%22%2F%3E%3C%2Fsvg%3E\" data-srcset=\"https:\/\/www.prismalife.com\/wp-content\/uploads\/2020\/08\/finance-forum-liechtenstein-logo-2018-200x62.png 200w, https:\/\/www.prismalife.com\/wp-content\/uploads\/2020\/08\/finance-forum-liechtenstein-logo-2018-400x123.png 400w, https:\/\/www.prismalife.com\/wp-content\/uploads\/2020\/08\/finance-forum-liechtenstein-logo-2018-600x185.png 600w, https:\/\/www.prismalife.com\/wp-content\/uploads\/2020\/08\/finance-forum-liechtenstein-logo-2018-800x246.png 800w, https:\/\/www.prismalife.com\/wp-content\/uploads\/2020\/08\/finance-forum-liechtenstein-logo-2018-1200x369.png 1200w, https:\/\/www.prismalife.com\/wp-content\/uploads\/2020\/08\/finance-forum-liechtenstein-logo-2018.png 5638w\" data-sizes=\"auto\" data-orig-sizes=\"(max-width: 800px) 100vw, 600px\" \/><\/a><\/span><\/div><\/div><div class=\"fusion-clearfix\"><\/div><\/div><\/div><div class=\"fusion-layout-column fusion_builder_column fusion-builder-column-5 fusion_builder_column_2_3 2_3 fusion-two-third fusion-column-last\" style=\"--awb-bg-size:cover;width:66.666666666667%;width:calc(66.666666666667% - ( ( 4% ) * 0.66666666666667 ) );\"><div class=\"fusion-column-wrapper fusion-flex-column-wrapper-legacy\"><div class=\"fusion-text fusion-text-7\"><p>Die PrismaLife ist mit dabei: Die sechste Ausgabe des <a href=\"https:\/\/www.finance-forum.li\" target=\"_blank\" rel=\"noopener noreferrer\">Finance Forums Liechtenstein<\/a> findet unter dem Motto \u201eFuture of Finance\u201c am Dienstag, 1. September, an der Universit\u00e4t Liechtenstein in Vaduz statt.<\/p>\n<p>Die PrismaLife wird im Rahmen des Forums erstmals ihren Nachhaltigkeitsbericht pr\u00e4sentieren. In einem Workshop zur nachhaltigen Kapitalanlage diskutiert PrismaLife-CEO Holger Beitz mit den Teilnehmern die Chancen und Restriktionen, wie Unternehmen und Kunden mit ihren Anlagestrategien ESG-Kriterien ber\u00fccksichtigen und insbesondere zur Erreichung der Klimaziele beitragen k\u00f6nnen. An seiner Seite steht der Gastredner Prof. Anders Levermann aus Potsdam, Klimaforscher und Berater der Bundesregierung, der den wissenschaftlichen Aspekt zur nachhaltiger \u00d6konomie veranschaulichen wird. Der Versicherungsmanager Beitz ist mit dem Wissenschaftler Levermann vorab im Gespr\u00e4ch &#8211; nachzulesen in unserer <a href=\"https:\/\/www.prismalife.com\/wp-content\/uploads\/2020\/09\/PM_PrismaLife_FiFoLIE_200820.pdf\">Pressemitteilung<\/a>.<\/p>\n<p>Das <a href=\"https:\/\/www.finance-forum.li\" target=\"_blank\" rel=\"noopener noreferrer\">Finance Forum<\/a> ist die gr\u00f6\u00dfte Finanzmesse in Liechtenstein. PrismaLife unterst\u00fctzt das Forum als Goldpartner. Keynote-Speaker der Veranstaltung werden Liechtensteins Regierungschef Adrian Hasler sowie der ehemalige deutsche Vizekanzler und Aussenminister Joschka Fischer sein.<\/p>\n<\/div><div class=\"fusion-clearfix\"><\/div><\/div><\/div><\/div><\/div><div class=\"fusion-fullwidth fullwidth-box fusion-builder-row-4 nachhaltigkeit-box3 nonhundred-percent-fullwidth non-hundred-percent-height-scrolling\" style=\"--awb-border-radius-top-left:0px;--awb-border-radius-top-right:0px;--awb-border-radius-bottom-right:0px;--awb-border-radius-bottom-left:0px;--awb-padding-top:30px;--awb-padding-bottom:30px;--awb-margin-top:0px;--awb-margin-bottom:0px;--awb-background-color:rgba(0,140,132,0.1);--awb-flex-wrap:wrap;\" ><div class=\"fusion-builder-row fusion-row\"><div class=\"fusion-layout-column fusion_builder_column fusion-builder-column-6 fusion_builder_column_2_3 2_3 fusion-two-third fusion-column-first\" style=\"--awb-bg-size:cover;width:66.666666666667%;width:calc(66.666666666667% - ( ( 4% ) * 0.66666666666667 ) );margin-right: 4%;\"><div class=\"fusion-column-wrapper fusion-flex-column-wrapper-legacy\"><div class=\"fusion-text fusion-text-8\"><h2>Duurzaamheid als pijler van onze bedrijfsstrategie<\/h2>\n<\/div><div class=\"fusion-text fusion-text-9\"><p>De duurzaamheidsstrategie van PrismaLife is een belangrijke factor om het bedrijf op de markt te onderscheiden. Het fundamentele bedrijfsmodel is gericht op duurzame pensioenvoorziening en vermogensvorming voor de klanten. De duurzaamheidsstrategie richt zich ook expliciet op andere onderwerpen om een holistische duurzame ori\u00ebntatie voor PrismaLife te bereiken. Daarbij staan de belangen van klanten en tussenpersonen, werknemers en de onderneming op evenwichtige wijze centraal.<\/p>\n<\/div><div class=\"fusion-clearfix\"><\/div><\/div><\/div><div class=\"fusion-layout-column fusion_builder_column fusion-builder-column-7 fusion_builder_column_1_3 1_3 fusion-one-third fusion-column-last\" style=\"--awb-bg-size:cover;width:33.333333333333%;width:calc(33.333333333333% - ( ( 4% ) * 0.33333333333333 ) );\"><div class=\"fusion-column-wrapper fusion-flex-column-wrapper-legacy\"><div class=\"fusion-image-element in-legacy-container\" style=\"--awb-caption-title-font-family:var(--h2_typography-font-family);--awb-caption-title-font-weight:var(--h2_typography-font-weight);--awb-caption-title-font-style:var(--h2_typography-font-style);--awb-caption-title-size:var(--h2_typography-font-size);--awb-caption-title-transform:var(--h2_typography-text-transform);--awb-caption-title-line-height:var(--h2_typography-line-height);--awb-caption-title-letter-spacing:var(--h2_typography-letter-spacing);\"><span class=\" fusion-imageframe imageframe-none imageframe-3 hover-type-none\"><img decoding=\"async\" width=\"800\" height=\"800\" alt=\"Aussicht mit Weitblick\" title=\"Risikoabsicherung mit PrismaLife\" src=\"https:\/\/www.prismalife.com\/wp-content\/uploads\/2019\/04\/RisikoProdukte_Seite.jpg\" data-orig-src=\"https:\/\/www.prismalife.com\/wp-content\/uploads\/2019\/04\/RisikoProdukte_Seite.jpg\" class=\"lazyload img-responsive wp-image-2796\" srcset=\"data:image\/svg+xml,%3Csvg%20xmlns%3D%27http%3A%2F%2Fwww.w3.org%2F2000%2Fsvg%27%20width%3D%27800%27%20height%3D%27800%27%20viewBox%3D%270%200%20800%20800%27%3E%3Crect%20width%3D%27800%27%20height%3D%27800%27%20fill-opacity%3D%220%22%2F%3E%3C%2Fsvg%3E\" data-srcset=\"https:\/\/www.prismalife.com\/wp-content\/uploads\/2019\/04\/RisikoProdukte_Seite-200x200.jpg 200w, https:\/\/www.prismalife.com\/wp-content\/uploads\/2019\/04\/RisikoProdukte_Seite-400x400.jpg 400w, https:\/\/www.prismalife.com\/wp-content\/uploads\/2019\/04\/RisikoProdukte_Seite-600x600.jpg 600w, https:\/\/www.prismalife.com\/wp-content\/uploads\/2019\/04\/RisikoProdukte_Seite.jpg 800w\" data-sizes=\"auto\" data-orig-sizes=\"(max-width: 800px) 100vw, 600px\" \/><\/span><\/div><div class=\"fusion-clearfix\"><\/div><\/div><\/div><\/div><\/div><div class=\"fusion-fullwidth fullwidth-box fusion-builder-row-5 nachhaltigkeit-box3 nonhundred-percent-fullwidth non-hundred-percent-height-scrolling\" style=\"--awb-border-radius-top-left:0px;--awb-border-radius-top-right:0px;--awb-border-radius-bottom-right:0px;--awb-border-radius-bottom-left:0px;--awb-padding-top:30px;--awb-padding-bottom:30px;--awb-margin-top:0px;--awb-margin-bottom:0px;--awb-flex-wrap:wrap;\" ><div class=\"fusion-builder-row fusion-row\"><div class=\"fusion-layout-column fusion_builder_column fusion-builder-column-8 fusion_builder_column_1_1 1_1 fusion-one-full fusion-column-first fusion-column-last\" style=\"--awb-bg-size:cover;\"><div class=\"fusion-column-wrapper fusion-column-has-shadow fusion-flex-column-wrapper-legacy\"><div class=\"fusion-text fusion-text-10\"><h3>Kernelementen van de duurzaamheidsstrategie van PrismaLife zijn:<\/h3>\n<\/div><div class=\"fusion-text fusion-text-11\"><ul>\n<li style=\"color: black;\">PrismaLife biedt duurzame beleggingsmogelijkheden voor klanten om hun pensioenvoorziening en vermogensopbouw vorm te geven.<\/li>\n<li style=\"color: black;\">De eigen <a href=\"https:\/\/www.prismalife.com\/nl\/duurzaam-investeren\/\">beleggingen<\/a> van de onderneming om de garanties veilig te stellen (dekkingspool) zijn duurzaam geori\u00ebnteerd.<\/li>\n<li style=\"color: black;\">Rekening houden met werknemersbelangen wordt beschouwd als een essenti\u00eble basis voor het succes van de onderneming.<\/li>\n<li style=\"color: black;\">In de <a href=\"https:\/\/www.prismalife.com\/nl\/esg\/\">dagelijkse praktijk<\/a> wordt bewust rekening gehouden met duurzaamheidsaspecten.<\/li>\n<li style=\"color: black;\">PrismaLife is sociaal en maatschappelijk betrokken in Liechtenstein.<\/li>\n<li style=\"color: black;\">De onderneming wordt geleid door een duidelijk <a href=\"https:\/\/www.prismalife.com\/nl\/esg\/\">waardensysteem<\/a> en houdt zich aan de normen van goed ondernemingsbestuur.<\/li>\n<\/ul>\n<\/div><div class=\"fusion-clearfix\"><\/div><\/div><\/div><\/div><\/div><div class=\"fusion-fullwidth fullwidth-box fusion-builder-row-6 nachhaltigkeit-box4 nonhundred-percent-fullwidth non-hundred-percent-height-scrolling fusion-equal-height-columns\" style=\"--awb-border-radius-top-left:0px;--awb-border-radius-top-right:0px;--awb-border-radius-bottom-right:0px;--awb-border-radius-bottom-left:0px;--awb-margin-top:0px;--awb-margin-bottom:0px;--awb-flex-wrap:wrap;\" ><div class=\"fusion-builder-row fusion-row\"><div class=\"fusion-layout-column fusion_builder_column fusion-builder-column-9 fusion_builder_column_1_4 1_4 fusion-one-fourth fusion-column-first\" style=\"--awb-padding-top:15px;--awb-padding-right:15px;--awb-padding-bottom:15px;--awb-padding-left:15px;--awb-bg-size:cover;width:25%;width:calc(25% - ( ( 4% ) * 0.25 ) );margin-right: 4%;\"><div class=\"fusion-column-wrapper fusion-column-has-shadow fusion-flex-column-wrapper-legacy\"><div class=\"fusion-clearfix\"><\/div><\/div><\/div><div class=\"fusion-layout-column fusion_builder_column fusion-builder-column-10 fusion_builder_column_1_4 1_4 fusion-one-fourth fusion-column-last\" style=\"--awb-padding-top:15px;--awb-padding-right:15px;--awb-padding-bottom:15px;--awb-padding-left:15px;--awb-bg-size:cover;width:25%;width:calc(25% - ( ( 4% ) * 0.25 ) );\"><div class=\"fusion-column-wrapper fusion-column-has-shadow fusion-flex-column-wrapper-legacy\"><div class=\"fusion-clearfix\"><\/div><\/div><\/div><\/div><\/div><div class=\"fusion-fullwidth fullwidth-box fusion-builder-row-7 nachhaltigkeit-box4 nonhundred-percent-fullwidth non-hundred-percent-height-scrolling fusion-equal-height-columns\" style=\"--awb-border-radius-top-left:0px;--awb-border-radius-top-right:0px;--awb-border-radius-bottom-right:0px;--awb-border-radius-bottom-left:0px;--awb-flex-wrap:wrap;\" ><div class=\"fusion-builder-row fusion-row\"><div class=\"fusion-layout-column fusion_builder_column fusion-builder-column-11 fusion_builder_column_1_2 1_2 fusion-one-half fusion-column-first fusion-column-inner-bg-wrapper\" style=\"--awb-padding-top:15px;--awb-padding-right:15px;--awb-padding-bottom:15px;--awb-padding-left:15px;--awb-inner-bg-color:#e5f3f2;--awb-inner-bg-color-hover:#e5f3f2;--awb-inner-bg-size:cover;width:50%;width:calc(50% - ( ( 4% ) * 0.5 ) );margin-right: 4%;\" data-scroll-devices=\"small-visibility,medium-visibility,large-visibility\"><span class=\"fusion-column-inner-bg hover-type-none\"><a class=\"fusion-column-anchor\" href=\"https:\/\/www.prismalife.com\/nl\/duurzaam-investeren\"><span class=\"fusion-column-inner-bg-image\"><\/span><\/a><\/span><div class=\"fusion-column-wrapper fusion-column-has-shadow fusion-flex-column-wrapper-legacy\"><div class=\"fusion-text fusion-text-12\"><h6>Duurzaam investeren<\/h6>\n<\/div><div class=\"fusion-text fusion-text-13\"><p>PrismaLife staat voor duurzaamheid bij de vermogensopbouw van haar klanten en bij haar eigen kapitaalinvesteringen &#8211; meer over \u201cDuurzaam investeren\u201d.<\/p>\n<\/div><div class=\"fusion-clearfix\"><\/div><\/div><\/div><div class=\"fusion-layout-column fusion_builder_column fusion-builder-column-12 fusion_builder_column_1_2 1_2 fusion-one-half fusion-column-last fusion-column-inner-bg-wrapper\" style=\"--awb-padding-top:15px;--awb-padding-right:15px;--awb-padding-bottom:15px;--awb-padding-left:15px;--awb-inner-bg-size:cover;--awb-border-color:#008c84;--awb-border-top:2px;--awb-border-right:2px;--awb-border-bottom:2px;--awb-border-left:2px;--awb-border-style:solid;width:50%;width:calc(50% - ( ( 4% ) * 0.5 ) );\" data-scroll-devices=\"small-visibility,medium-visibility,large-visibility\"><span class=\"fusion-column-inner-bg hover-type-none\"><a class=\"fusion-column-anchor\" href=\"https:\/\/www.prismalife.com\/nl\/esg\/\"><span class=\"fusion-column-inner-bg-image\"><\/span><\/a><\/span><div class=\"fusion-column-wrapper fusion-column-has-shadow fusion-flex-column-wrapper-legacy\"><div class=\"fusion-text fusion-text-14\"><h6>ESG bij PrismaLife<\/h6>\n<\/div><div class=\"fusion-text fusion-text-15\"><p>Onze bedrijfsverantwoordelijkheid strekt zich uit tot vele gebieden van \u201cEnvironment, Social, Governance\u201d &#8211; meer over \u201cESG bij PrismaLife\u201d.<\/p>\n<\/div><div class=\"fusion-clearfix\"><\/div><\/div><\/div><\/div><\/div><\/p>","protected":false},"excerpt":{"rendered":"","protected":false},"author":7,"featured_media":0,"parent":0,"menu_order":0,"comment_status":"closed","ping_status":"closed","template":"100-width.php","meta":{"footnotes":""},"class_list":["post-27002","page","type-page","status-publish","hentry"],"_links":{"self":[{"href":"https:\/\/www.prismalife.com\/nl\/wp-json\/wp\/v2\/pages\/27002","targetHints":{"allow":["GET"]}}],"collection":[{"href":"https:\/\/www.prismalife.com\/nl\/wp-json\/wp\/v2\/pages"}],"about":[{"href":"https:\/\/www.prismalife.com\/nl\/wp-json\/wp\/v2\/types\/page"}],"author":[{"embeddable":true,"href":"https:\/\/www.prismalife.com\/nl\/wp-json\/wp\/v2\/users\/7"}],"replies":[{"embeddable":true,"href":"https:\/\/www.prismalife.com\/nl\/wp-json\/wp\/v2\/comments?post=27002"}],"version-history":[{"count":7,"href":"https:\/\/www.prismalife.com\/nl\/wp-json\/wp\/v2\/pages\/27002\/revisions"}],"predecessor-version":[{"id":27753,"href":"https:\/\/www.prismalife.com\/nl\/wp-json\/wp\/v2\/pages\/27002\/revisions\/27753"}],"wp:attachment":[{"href":"https:\/\/www.prismalife.com\/nl\/wp-json\/wp\/v2\/media?parent=27002"}],"curies":[{"name":"wp","href":"https:\/\/api.w.org\/{rel}","templated":true}]}}