{"id":27731,"date":"2025-11-05T09:35:04","date_gmt":"2025-11-05T08:35:04","guid":{"rendered":"https:\/\/www.prismalife.com\/?page_id=27731"},"modified":"2025-11-05T09:43:11","modified_gmt":"2025-11-05T08:43:11","slug":"amundi202511","status":"publish","type":"page","link":"https:\/\/www.prismalife.com\/nl\/amundi202511\/","title":{"rendered":"Amundi202511"},"content":{"rendered":"<p><div class=\"fusion-fullwidth fullwidth-box fusion-builder-row-1 nonhundred-percent-fullwidth non-hundred-percent-height-scrolling\" style=\"--awb-border-radius-top-left:0px;--awb-border-radius-top-right:0px;--awb-border-radius-bottom-right:0px;--awb-border-radius-bottom-left:0px;--awb-padding-right:10px;--awb-padding-left:10px;--awb-flex-wrap:wrap;\" ><div class=\"fusion-builder-row fusion-row\"><div class=\"fusion-layout-column fusion_builder_column fusion-builder-column-0 fusion_builder_column_1_1 1_1 fusion-one-full fusion-column-first fusion-column-last padding-content-datenschutz\" style=\"--awb-bg-size:cover;\"><div class=\"fusion-column-wrapper fusion-column-has-shadow fusion-flex-column-wrapper-legacy\"><div class=\"fusion-text fusion-text-1\"><p><span data-mce-type=\"bookmark\" style=\"display: inline-block; width: 0px; overflow: hidden; line-height: 0;\" class=\"\">\ufeff<\/span>01.11.2025<\/p>\n<\/div><div class=\"fusion-text fusion-text-2\"><h1>Fondsschliessung des Amundi Funds &#8211; US Pioneer Fund C EUR und Umwandlung der Anteilsklasse<\/h1>\n<\/div><div class=\"fusion-clearfix\"><\/div><\/div><\/div><div class=\"fusion-layout-column fusion_builder_column fusion-builder-column-1 fusion_builder_column_1_1 1_1 fusion-one-full fusion-column-first fusion-column-last padding-content-datenschutz\" style=\"--awb-bg-size:cover;\"><div class=\"fusion-column-wrapper fusion-flex-column-wrapper-legacy\"><div class=\"fusion-text fusion-text-3\"><div style=\"display: table-row;\">\n<p>\u00a0<\/p>\n<div style=\"display: table-cell; width: 30px;\"><img decoding=\"async\" class=\"lazyload pfeil\" src=\"data:image\/svg+xml,%3Csvg%20xmlns%3D%27http%3A%2F%2Fwww.w3.org%2F2000%2Fsvg%27%20width%3D%2714%27%20height%3D%2728%27%20viewBox%3D%270%200%2014%2028%27%3E%3Crect%20width%3D%2714%27%20height%3D%2728%27%20fill-opacity%3D%220%22%2F%3E%3C%2Fsvg%3E\" data-orig-src=\"https:\/\/www.prismalife.com\/wp-content\/uploads\/2019\/03\/pfeil-content.png\" alt=\"\" \/><\/div>\n<div style=\"display: table-cell;\">\n<p>Die Verwaltungsgesellschaft des Fonds <a href=\"https:\/\/www.prismalife.com\/wp-content\/uploads\/2025\/11\/PRIIP_KID_LU1883872688.pdf\">\u00abAmundi Funds &#8211; US Pioneer Fund C EUR\u00bb<\/a> (WKN A2PDAH \/ ISIN LU1883872688) hat entschieden, diese Anteile der Anteilsklasse C per 28.11.2025 in Anteile der Anteilsklasse A \u00abAmundi Funds &#8211; US Pioneer Fund A2 EUR (C)\u00bb (WKN A2PUWB \/ ISIN LU2070308726) umzuwandeln. Es handelt sich dabei um eine andere Anteilsklasse desselben Teilfonds.<\/p>\n<p>Detaillierte Informationen zur Umwandlung der Anteile finden Sie im <a href=\"https:\/\/www.prismalife.com\/wp-content\/uploads\/2025\/11\/Amundi-Funds_SHN_C-Shares_DEU_DEU.pdf\">Schreiben der Amundi Luxemburg S.A.<\/a><\/p>\n<p>Nach dem 31.10.2025 werden keine neuen Zeichnungen der Anteilsklasse C mehr angenommen. Aus diesem Grund hat unser Verantwortlicher Aktuar im Einklang mit den vertraglichen Grundlagen entschieden, die Anlagestrategie f\u00fcr bereits in den Fonds \u00abAmundi Funds &#8211; US Pioneer Fund C EUR\u00bb investierte Kunden anzupassen und laufende Beitr\u00e4ge ab sofort in den Fonds <a href=\"https:\/\/www.prismalife.com\/wp-content\/uploads\/2025\/11\/PRIIP_KID_LU2070308726.pdf\">\u00abAmundi Funds &#8211; US Pioneer Fund A2 EUR (C)\u00bb<\/a> (WKN A2PUWB \/ ISIN LU2070308726) zu investieren. Die Umwandlung von vorhandenem Fondsverm\u00f6gen in die neue Anteilsklasse erfolgt per 28.11.2025.<\/p>\n<p>Wichtig f\u00fcr betroffene Kunden:<\/p>\n<ul>\n<li>Es handelt sich um eine andere Anteilsklasse desselben Teilfonds.<\/li>\n<li>Beide Fonds haben das gleiche Risikoprofil (SRI 4).<\/li>\n<li>Beide Fonds haben eine identische Anlagestrategie.<\/li>\n<li>Die neue Anteilsklasse hat geringere laufende Kosten. Ausgabeaufschl\u00e4ge fallen im Versicherungsvertrag derzeit nicht an.<\/li>\n<li>Diese Anpassung ist f\u00fcr Kunden selbstverst\u00e4ndlich kostenlos.<\/li>\n<li>Kunden brauchen nichts zu unternehmen, wir nehmen alle erforderlichen Anpassungen vor.<\/li>\n<li>Kunden k\u00f6nnen jederzeit ihre Fondsauswahl \u00e4ndern. Hierf\u00fcr ist das entsprechende Formular im Kundenportal zu verwenden.<\/li>\n<\/ul>\n<\/div>\n<\/div>\n<\/div><div class=\"fusion-clearfix\"><\/div><\/div><\/div><\/div><\/div><div class=\"fusion-fullwidth fullwidth-box fusion-builder-row-2 nonhundred-percent-fullwidth non-hundred-percent-height-scrolling\" style=\"--awb-border-radius-top-left:0px;--awb-border-radius-top-right:0px;--awb-border-radius-bottom-right:0px;--awb-border-radius-bottom-left:0px;--awb-margin-bottom:50px;--awb-background-color:rgba(0,140,132,0.1);--awb-flex-wrap:wrap;\" ><div class=\"fusion-builder-row fusion-row\"><div class=\"fusion-layout-column fusion_builder_column fusion-builder-column-2 fusion_builder_column_1_1 1_1 fusion-one-full fusion-column-first fusion-column-last padding-content-datenschutz\" style=\"--awb-padding-top:40px;--awb-bg-size:cover;\"><div class=\"fusion-column-wrapper fusion-flex-column-wrapper-legacy\"><div class=\"accordian fusion-accordian\" style=\"--awb-border-size:0px;--awb-icon-size:30px;--awb-content-font-size:1.25em;--awb-icon-alignment:right;--awb-hover-color:#ffffff;--awb-border-color:#ffffff;--awb-background-color:#ffffff;--awb-divider-color:#e0dede;--awb-divider-hover-color:#e0dede;--awb-icon-color:rgba(0,140,132,0);--awb-title-color:#008c84;--awb-content-color:#020202;--awb-icon-box-color:#ffffff;--awb-toggle-hover-accent-color:#008c84;--awb-title-font-family:&quot;Source Sans Pro&quot;;--awb-title-font-weight:700;--awb-title-font-style:normal;--awb-title-font-size:0.8em;--awb-content-font-family:&quot;Source Serif Pro&quot;;--awb-content-font-style:normal;--awb-content-font-weight:300;\"><div class=\"panel-group fusion-toggle-icon-right fusion-toggle-icon-unboxed\" id=\"accordion-27731-1\"><div class=\"fusion-panel panel-default panel-ec2a7f7ba29153d2c fusion-toggle-no-divider\" style=\"--awb-title-color:#008c84;--awb-content-color:#020202;\"><div class=\"panel-heading\"><h4 class=\"panel-title toggle\" id=\"toggle_ec2a7f7ba29153d2c\"><a aria-expanded=\"false\" aria-controls=\"ec2a7f7ba29153d2c\" role=\"button\" data-toggle=\"collapse\" data-parent=\"#accordion-27731-1\" data-target=\"#ec2a7f7ba29153d2c\" href=\"#ec2a7f7ba29153d2c\"><span class=\"fusion-toggle-icon-wrapper\" aria-hidden=\"true\"><i class=\"fa-fusion-box active-icon awb-icon-minus\" aria-hidden=\"true\"><\/i><i class=\"fa-fusion-box inactive-icon awb-icon-plus\" aria-hidden=\"true\"><\/i><\/span><span class=\"fusion-toggle-heading\">Download Dokumente<\/span><\/a><\/h4><\/div><div id=\"ec2a7f7ba29153d2c\" class=\"panel-collapse collapse \" aria-labelledby=\"toggle_ec2a7f7ba29153d2c\"><div class=\"panel-body toggle-content fusion-clearfix\"><a href=\"https:\/\/www.prismalife.com\/wp-content\/uploads\/2025\/11\/Amundi-Funds_SHN_C-Shares_DEU_DEU.pdf\" target=\"_blank\" rel=\"noopener noreferrer\"><span data-mce-type=\"bookmark\" style=\"display: inline-block; width: 0px; overflow: hidden; line-height: 0;\" class=\"\">\ufeff<\/span><img decoding=\"async\" class=\"lazyload text-link-pfeil1\" src=\"data:image\/svg+xml,%3Csvg%20xmlns%3D%27http%3A%2F%2Fwww.w3.org%2F2000%2Fsvg%27%20width%3D%2758%27%20height%3D%2715%27%20viewBox%3D%270%200%2058%2015%27%3E%3Crect%20width%3D%2758%27%20height%3D%2715%27%20fill-opacity%3D%220%22%2F%3E%3C%2Fsvg%3E\" data-orig-src=\"https:\/\/www.prismalife.com\/wp-content\/uploads\/2019\/04\/arrow_link@2x.png\" alt=\"\" width=\"58\" height=\"15\"> Mitteilung an die Anteilsinhaber des Amundi Funds &#8211; US Pioneer Fund C EUR (PDF)<\/a><br \/>\n<a href=\"https:\/\/www.prismalife.com\/wp-content\/uploads\/2025\/11\/PRIIP_KID_LU1883872688.pdf\" target=\"_blank\" rel=\"noopener noreferrer\"><img decoding=\"async\" class=\"lazyload text-link-pfeil1\" src=\"data:image\/svg+xml,%3Csvg%20xmlns%3D%27http%3A%2F%2Fwww.w3.org%2F2000%2Fsvg%27%20width%3D%2758%27%20height%3D%2715%27%20viewBox%3D%270%200%2058%2015%27%3E%3Crect%20width%3D%2758%27%20height%3D%2715%27%20fill-opacity%3D%220%22%2F%3E%3C%2Fsvg%3E\" data-orig-src=\"https:\/\/www.prismalife.com\/wp-content\/uploads\/2019\/04\/arrow_link@2x.png\" alt=\"\" width=\"58\" height=\"15\"> Basisinformationsblatt des Amundi Funds &#8211; US Pioneer Fund C EUR (PDF)<\/a><br \/>\n<a href=\"https:\/\/www.prismalife.com\/wp-content\/uploads\/2025\/11\/PRIIP_KID_LU2070308726.pdf\" target=\"_blank\" rel=\"noopener noreferrer\"><img decoding=\"async\" class=\"lazyload text-link-pfeil1\" src=\"data:image\/svg+xml,%3Csvg%20xmlns%3D%27http%3A%2F%2Fwww.w3.org%2F2000%2Fsvg%27%20width%3D%2758%27%20height%3D%2715%27%20viewBox%3D%270%200%2058%2015%27%3E%3Crect%20width%3D%2758%27%20height%3D%2715%27%20fill-opacity%3D%220%22%2F%3E%3C%2Fsvg%3E\" data-orig-src=\"https:\/\/www.prismalife.com\/wp-content\/uploads\/2019\/04\/arrow_link@2x.png\" alt=\"\" width=\"58\" height=\"15\"> Basisinformationsblatt des Amundi Funds &#8211; US Pioneer Fund A2 EUR (C) (PDF)<\/a><span data-mce-type=\"bookmark\" style=\"display: inline-block; width: 0px; overflow: hidden; line-height: 0;\" class=\"mce_SELRES_start\">\ufeff<\/span><\/div><\/div><\/div><\/div><\/div><div class=\"fusion-clearfix\"><\/div><\/div><\/div><\/div><\/div><\/p>","protected":false},"excerpt":{"rendered":"","protected":false},"author":7,"featured_media":0,"parent":0,"menu_order":0,"comment_status":"closed","ping_status":"closed","template":"100-width.php","meta":{"footnotes":""},"class_list":["post-27731","page","type-page","status-publish","hentry"],"_links":{"self":[{"href":"https:\/\/www.prismalife.com\/nl\/wp-json\/wp\/v2\/pages\/27731","targetHints":{"allow":["GET"]}}],"collection":[{"href":"https:\/\/www.prismalife.com\/nl\/wp-json\/wp\/v2\/pages"}],"about":[{"href":"https:\/\/www.prismalife.com\/nl\/wp-json\/wp\/v2\/types\/page"}],"author":[{"embeddable":true,"href":"https:\/\/www.prismalife.com\/nl\/wp-json\/wp\/v2\/users\/7"}],"replies":[{"embeddable":true,"href":"https:\/\/www.prismalife.com\/nl\/wp-json\/wp\/v2\/comments?post=27731"}],"version-history":[{"count":3,"href":"https:\/\/www.prismalife.com\/nl\/wp-json\/wp\/v2\/pages\/27731\/revisions"}],"predecessor-version":[{"id":27749,"href":"https:\/\/www.prismalife.com\/nl\/wp-json\/wp\/v2\/pages\/27731\/revisions\/27749"}],"wp:attachment":[{"href":"https:\/\/www.prismalife.com\/nl\/wp-json\/wp\/v2\/media?parent=27731"}],"curies":[{"name":"wp","href":"https:\/\/api.w.org\/{rel}","templated":true}]}}