{"id":738,"date":"2019-03-28T09:46:47","date_gmt":"2019-03-28T09:46:47","guid":{"rendered":"http:\/\/185.44.157.231\/?page_id=738"},"modified":"2020-12-23T11:32:26","modified_gmt":"2020-12-23T10:32:26","slug":"cookies-kundenportal","status":"publish","type":"page","link":"https:\/\/www.prismalife.com\/nl\/cookies-kundenportal\/","title":{"rendered":"Cookies Kundenportal"},"content":{"rendered":"<p><div class=\"fusion-fullwidth fullwidth-box fusion-builder-row-1 nonhundred-percent-fullwidth non-hundred-percent-height-scrolling\" style=\"--awb-border-radius-top-left:0px;--awb-border-radius-top-right:0px;--awb-border-radius-bottom-right:0px;--awb-border-radius-bottom-left:0px;--awb-flex-wrap:wrap;\" ><div class=\"fusion-builder-row fusion-row\"><div class=\"fusion-layout-column fusion_builder_column fusion-builder-column-0 fusion_builder_column_1_1 1_1 fusion-one-full fusion-column-first fusion-column-last\" style=\"--awb-bg-size:cover;\"><div class=\"fusion-column-wrapper fusion-flex-column-wrapper-legacy\"><div class=\"fusion-text fusion-text-1\"><p class=\"datenschutz-subheadliner\">Hinweis zur Cookie-Verarbeitung im Kundenportal myPrismaLife<\/p>\n<\/div><div class=\"fusion-clearfix\"><\/div><\/div><\/div><\/div><\/div><div class=\"fusion-fullwidth fullwidth-box fusion-builder-row-2 nonhundred-percent-fullwidth non-hundred-percent-height-scrolling\" style=\"--awb-border-radius-top-left:0px;--awb-border-radius-top-right:0px;--awb-border-radius-bottom-right:0px;--awb-border-radius-bottom-left:0px;--awb-flex-wrap:wrap;\" ><div class=\"fusion-builder-row fusion-row\"><div class=\"fusion-layout-column fusion_builder_column fusion-builder-column-1 fusion_builder_column_1_1 1_1 fusion-one-full fusion-column-first fusion-column-last\" style=\"--awb-bg-size:cover;\"><div class=\"fusion-column-wrapper fusion-flex-column-wrapper-legacy\"><div class=\"fusion-text fusion-text-2\"><p class=\"datenschutz-subheadliner\">1. Allgemeine Informationen zu Cookies<\/p>\n<p>Cookies sind Textdateien, die im Zwischenspeicher Ihres Internetbrowsers (z. B. Internet Explorer oder Firefox) abgelegt werden, wenn Sie das Kundenportal besuchen. Cookies speichern keine personenbezogenen Daten. Wir verwenden sie nur f\u00fcr statistische Auswertungen, um den Erfolg unseres Internetauftritts zu kontrollieren. Die Auswertung erfolgt anonym.<\/p>\n<p>Sie k\u00f6nnen Ihren Browser so einstellen, dass Sie \u00fcber das Setzen von Cookies informiert werden und Cookies nur im Einzelfall erlauben, die Annahme von Cookies f\u00fcr bestimmte F\u00e4lle oder generell ausschlie\u00dfen sowie das automatische L\u00f6schen der Cookies beim Schlie\u00dfen des Browsers aktivieren. Bei der Deaktivierung von Cookies kann die Funktionalit\u00e4t im Kundenportal eingeschr\u00e4nkt sein.<\/p>\n<p>Weitere Informationen hierzu finden Sie \u00fcber die Hilfe-Funktion des Internetbrowsers, den Sie auf Ihrem Rechner f\u00fcr den Zugang zum Internet verwenden.<\/p>\n<p>Wir haben Verst\u00e4ndnis daf\u00fcr, dass Sie als Internet-Benutzer Vorbehalte gegen\u00fcber Cookies haben k\u00f6nnten. Vorsorglich m\u00f6chten wir Sie \u00fcber einige Irrt\u00fcmer informieren:<\/p>\n<ul>\n<li>Cookies k\u00f6nnen keine Viren \u00fcbertragen<\/li>\n<li>Cookies k\u00f6nnen keinen Schaden an Ihrem Rechner verursachen<\/li>\n<li>Cookies k\u00f6nnen keine E-Mail-Adressen auslesen<\/li>\n<li>Cookies k\u00f6nnen Ihre History-Datei nicht \u00fcbertragen<\/li>\n<li>Cookies k\u00f6nnen keine unbemerkten E-Mails versenden<\/li>\n<li>Cookies k\u00f6nnen Ihnen nicht die gesamte Festplatte vollschreiben oder l\u00f6schen<\/li>\n<\/ul>\n<\/div><div class=\"fusion-clearfix\"><\/div><\/div><\/div><\/div><\/div><div class=\"fusion-fullwidth fullwidth-box fusion-builder-row-3 nonhundred-percent-fullwidth non-hundred-percent-height-scrolling\" style=\"--awb-border-radius-top-left:0px;--awb-border-radius-top-right:0px;--awb-border-radius-bottom-right:0px;--awb-border-radius-bottom-left:0px;--awb-flex-wrap:wrap;\" ><div class=\"fusion-builder-row fusion-row\"><div class=\"fusion-layout-column fusion_builder_column fusion-builder-column-2 fusion_builder_column_1_1 1_1 fusion-one-full fusion-column-first fusion-column-last\" style=\"--awb-bg-size:cover;\"><div class=\"fusion-column-wrapper fusion-flex-column-wrapper-legacy\"><div class=\"fusion-text fusion-text-3\"><p class=\"datenschutz-subheadliner\">2. Cookie-Nutzung im Kundenportal myPrismaLife<\/p>\n<p>Beim Besuch des Kundenportals werden je nach Bereich sogenannte &#8220;Cookies&#8221; auf Ihrem Rechner gespeichert, in denen wir als Anbieter des Kundenportals f\u00fcr uns relevante Daten abspeichern, um unser Angebot nutzerfreundlicher, effektiver und sicherer zu machen.<br \/>\nEs gibt grunds\u00e4tzlich zwei verschiedene Arten von Cookies:<\/p>\n<ul>\n<li>Session Cookies speichern Informationen, die w\u00e4hrend Ihrer aktuellen Browser-Sitzung verwendet werden. Sobald Sie den Browser schlie\u00dfen, werden diese Cookies automatisch gel\u00f6scht.<\/li>\n<li>Persistent Cookies speichern Informationen zwischen mehreren Besuchen im Kundenportal, so dass Sie bei einem weiteren Besuch als wiederkehrender Nutzer erkannt werden. Das hat f\u00fcr Sie den Vorteil, dass Ihr Rechner beim wiederholten Besuch einer verschl\u00fcsselten Seite nicht erneut angemeldet werden muss. Diese Cookies bleiben auf Ihrem Endger\u00e4t gespeichert bis Sie diese l\u00f6schen.<\/li>\n<\/ul>\n<p>Zudem m\u00f6chten wir Sie entsprechend den einschl\u00e4gigen Vorgaben der DSGVO \u00fcber die Verarbeitung Ihrer Daten im Rahmen der Cookie-Nutzung nachfolgend informieren:<\/p>\n<\/div><div class=\"fusion-text fusion-text-4\"><p class=\"datenschutz-subheadliner-second\">a) Generell erforderliche Cookies (Session Cookies)<\/p>\n<p>Generell erforderliche Cookies (Session Cookies) verwenden wir f\u00fcr die allgemeine Nutzung des Kundenportals. So werden bestimmte ausgef\u00fchrte Aktionen von Ihnen gespeichert. Diese Cookies sind notwendig f\u00fcr eine funktionsf\u00e4hige Navigation in das Kundenportal und zur Nutzung bestimmter Funktionen im Kundenportal. Ihnen als Nutzer wird damit der Besuch des Kundenportals erleichtert, da Sie bequem verschiedene Bereiche auf unserer Seite optimal nutzen k\u00f6nnen. Teilweise ist die Nutzung dieser Cookies f\u00fcr die Funktionalit\u00e4t des Kundenportals erforderlich, d.h. bei Deaktivierung k\u00f6nnen einzelne Funktionen nicht verwendet werden.<\/p>\n<p>Die Verarbeitung erfolgt im Regelfall auf Grund unserer berechtigten Interessen gem\u00e4\u00df Art.\u00a06 Abs.\u00a01 Buchstabe f) DSGVO. Unser berechtigtes Interesse besteht darin, das Kundenportal mit entsprechenden Funktionalit\u00e4ten und f\u00fcr allgemeine Informations- und Kommunikationszwecken sowie zur Darstellung unseres Unternehmens zu betreiben.<\/p>\n<p>Soweit Sie unser Kundenportal besuchen, um sich z.B. \u00fcber Vertragsbedingungen zu informieren oder um einen bestehenden Vertrag zu verwalten oder zu k\u00fcndigen, ist abweichend hiervon Rechtsgrundlage f\u00fcr die Verarbeitung Ihrer Daten Art.\u00a06 Abs.\u00a01 Buchstabe b) DSGVO (Anbahnung bzw. Durchf\u00fchrung eines Vertrages).<\/p>\n<p>Sobald Sie den Browser schlie\u00dfen, werden diese Cookies automatisch gel\u00f6scht.<\/p>\n<\/div><div class=\"fusion-text fusion-text-5\"><p class=\"datenschutz-subheadliner-second\">b) Funktionsbezogene Cookies (Persistent Cookies)<\/p>\n<p>Funktionsbezogene Cookies (Persistent Cookies) erm\u00f6glichen es uns, unser Kundenportal auf Ihre pers\u00f6nlichen Pr\u00e4ferenzen auszurichten, indem wir Ihre get\u00e4tigten Eingaben und Auswahlen speichern. Diese Einstellungen sind nur f\u00fcr den Besuch unseres Kundenportals g\u00fcltig und k\u00f6nnen von anderen Internetpr\u00e4senzen nicht verwendet werden. Dies dient dazu, eine vollst\u00e4ndige Nutzung des Kundenportals und eine bessere Ausrichtung auf Ihre pers\u00f6nlichen Pr\u00e4ferenzen zu erm\u00f6glichen.<\/p>\n<p>Die Verarbeitung erfolgt auf Grund unserer berechtigten Interessen gem\u00e4\u00df Art.\u00a06 Abs.\u00a01 Buchstabe f) DSGVO. Unser berechtigtes Interesse besteht darin, zur Verbesserung Ihres Nutzererlebnisses entsprechende Techniken einzusetzen.<\/p>\n<p>Sollten Sie dies nicht w\u00fcnschen, k\u00f6nnen Sie Ihren Browser so einrichten, dass Sie \u00fcber das Setzen von Cookies informiert werden und diese im Einzelfall erlauben k\u00f6nnen. Bitte beachten Sie, dass eine Deaktivierung eine Einschr\u00e4nkung der Funktionalit\u00e4t des Kundenportals bewirken kann.<\/p>\n<p>Die maximale Speicherdauer dieser Cookies betr\u00e4gt <bold>ein Jahr.<\/bold> Nach Ablauf dieser Frist erfolgt eine automatische L\u00f6schung.<\/p>\n<\/div><div class=\"fusion-text fusion-text-6\"><p class=\"datenschutz-subheadliner-second\">c) Leistungsbezogene Cookies (Persistent Cookies)<\/p>\n<p>Leistungsbezogene Cookies (Persistent Cookies) helfen uns, den Datenverkehr und die technische Funktionalit\u00e4t unseres Kundenportals zu messen. Dadurch k\u00f6nnen wir erkennen, welche Bereiche Sie auf unserer Seite am h\u00e4ufigsten aufsuchen und ob eventuelle Fehlermeldungen auf diesen Seiten erscheinen. So schaffen wir einen h\u00f6heren Nutzungskomfort f\u00fcr die Nutzung unseres Kundenportals. Zweck der Verarbeitung ist also die Verbesserung der Qualit\u00e4t des Kundenportals und die technische Optimierung.<\/p>\n<p>Die Verarbeitung erfolgt auf Grund unserer berechtigten Interessen gem\u00e4\u00df Art. 6 Abs. 1 Buchstabe f) DSGVO. Unser berechtigtes Interesse besteht darin, zur Verbesserung Ihres Nutzererlebnisses und hierf\u00fcr entsprechende Techniken einzusetzen.<\/p>\n<p>Sollten Sie dies nicht w\u00fcnschen, k\u00f6nnen Sie Ihren Browser so einrichten, dass Sie \u00fcber das Setzen von Cookies informiert werden und diese im Einzelfall erlauben k\u00f6nnen. Bitte beachten Sie, dass eine Deaktivierung eine Einschr\u00e4nkung der Funktionalit\u00e4t des Kundenportals bewirken kann.<\/p>\n<p>Die maximale Speicherdauer dieser Cookies betr\u00e4gt <bold>zwei Jahre.<\/bold> Nach Ablauf dieser Fristen, erfolgt eine automatische L\u00f6schung.<\/p>\n<\/div><div class=\"fusion-clearfix\"><\/div><\/div><\/div><\/div><\/div><div class=\"fusion-fullwidth fullwidth-box fusion-builder-row-4 nonhundred-percent-fullwidth non-hundred-percent-height-scrolling\" style=\"--awb-border-radius-top-left:0px;--awb-border-radius-top-right:0px;--awb-border-radius-bottom-right:0px;--awb-border-radius-bottom-left:0px;--awb-flex-wrap:wrap;\" ><div class=\"fusion-builder-row fusion-row\"><div class=\"fusion-layout-column fusion_builder_column fusion-builder-column-3 fusion_builder_column_1_1 1_1 fusion-one-full fusion-column-first fusion-column-last\" style=\"--awb-bg-size:cover;\"><div class=\"fusion-column-wrapper fusion-flex-column-wrapper-legacy\"><div class=\"fusion-text fusion-text-7\"><p class=\"datenschutz-subheadliner\">3. \u00dcbersicht der verwendeten Cookies im Kundenportal myPrismaLife<\/p>\n<\/div>\n<div class=\"table-1\">\n<table width=\"100%\">\n<thead>\n<tr>\n<th align=\"left\">Name<\/th>\n<th align=\"left\">Speicherdauer<\/th>\n<th align=\"left\">Zweck der Verarbeitung<\/th>\n<\/tr>\n<\/thead>\n<tbody>\n<tr>\n<td align=\"left\">sessionKey<\/td>\n<td align=\"left\">Session Zeit<\/td>\n<td align=\"left\">aktive Session-Erkennung f\u00fcr Sicherheit und Zuweisung<\/td>\n<\/tr>\n<tr>\n<td align=\"left\">loginKey<\/td>\n<td align=\"left\">Session Zeit<\/td>\n<td align=\"left\">aktive Session-Erkennung f\u00fcr Sicherheit und Zuweisung<\/td>\n<\/tr>\n<tr>\n<td align=\"left\">security<\/td>\n<td align=\"left\">Session Zeit<\/td>\n<td align=\"left\">aktive Session-Erkennung f\u00fcr Sicherheit und Zuweisung<\/td>\n<\/tr>\n<\/tbody>\n<\/table>\n<\/div>\n<div class=\"fusion-clearfix\"><\/div><\/div><\/div><\/div><\/div><\/p>","protected":false},"excerpt":{"rendered":"","protected":false},"author":1,"featured_media":0,"parent":0,"menu_order":0,"comment_status":"closed","ping_status":"closed","template":"","meta":{"footnotes":""},"class_list":["post-738","page","type-page","status-publish","hentry"],"_links":{"self":[{"href":"https:\/\/www.prismalife.com\/nl\/wp-json\/wp\/v2\/pages\/738","targetHints":{"allow":["GET"]}}],"collection":[{"href":"https:\/\/www.prismalife.com\/nl\/wp-json\/wp\/v2\/pages"}],"about":[{"href":"https:\/\/www.prismalife.com\/nl\/wp-json\/wp\/v2\/types\/page"}],"author":[{"embeddable":true,"href":"https:\/\/www.prismalife.com\/nl\/wp-json\/wp\/v2\/users\/1"}],"replies":[{"embeddable":true,"href":"https:\/\/www.prismalife.com\/nl\/wp-json\/wp\/v2\/comments?post=738"}],"version-history":[{"count":3,"href":"https:\/\/www.prismalife.com\/nl\/wp-json\/wp\/v2\/pages\/738\/revisions"}],"predecessor-version":[{"id":11669,"href":"https:\/\/www.prismalife.com\/nl\/wp-json\/wp\/v2\/pages\/738\/revisions\/11669"}],"wp:attachment":[{"href":"https:\/\/www.prismalife.com\/nl\/wp-json\/wp\/v2\/media?parent=738"}],"curies":[{"name":"wp","href":"https:\/\/api.w.org\/{rel}","templated":true}]}}